{"id":11542,"date":"2026-01-28T23:43:34","date_gmt":"2026-01-28T23:43:34","guid":{"rendered":"https:\/\/sjalfsbjorg.is\/?page_id=11542"},"modified":"2026-04-09T09:56:30","modified_gmt":"2026-04-09T09:56:30","slug":"fyrir-fjolmidla","status":"publish","type":"page","link":"https:\/\/sjalfsbjorg.is\/en\/um-okkur\/fyrir-fjolmidla\/","title":{"rendered":"For the media"},"content":{"rendered":"<div data-elementor-type=\"wp-page\" data-elementor-id=\"11542\" class=\"elementor elementor-11542\" data-elementor-post-type=\"page\">\n\t\t\t\t<div class=\"elementor-element elementor-element-46c38108 e-flex e-con-boxed e-con e-parent\" data-id=\"46c38108\" data-element_type=\"container\" data-e-type=\"container\">\n\t\t\t\t\t<div class=\"e-con-inner\">\n\t\t<div class=\"elementor-element elementor-element-418881d8 e-con-full elementor-hidden-mobile e-flex e-con e-child\" data-id=\"418881d8\" data-element_type=\"container\" data-e-type=\"container\">\n\t\t\t\t<div class=\"elementor-element elementor-element-3bbafcf9 elementor-invisible elementor-widget elementor-widget-nav-menu\" data-id=\"3bbafcf9\" data-element_type=\"widget\" data-e-type=\"widget\" data-settings=\"{&quot;layout&quot;:&quot;dropdown&quot;,&quot;_animation&quot;:&quot;fadeIn&quot;,&quot;submenu_icon&quot;:{&quot;value&quot;:&quot;&lt;svg aria-hidden=\\&quot;true\\&quot; class=\\&quot;e-font-icon-svg e-fas-caret-down\\&quot; viewBox=\\&quot;0 0 320 512\\&quot; xmlns=\\&quot;http:\\\/\\\/www.w3.org\\\/2000\\\/svg\\&quot;&gt;&lt;path d=\\&quot;M31.3 192h257.3c17.8 0 26.7 21.5 14.1 34.1L174.1 354.8c-7.8 7.8-20.5 7.8-28.3 0L17.2 226.1C4.6 213.5 13.5 192 31.3 192z\\&quot;&gt;&lt;\\\/path&gt;&lt;\\\/svg&gt;&quot;,&quot;library&quot;:&quot;fa-solid&quot;}}\" data-widget_type=\"nav-menu.default\">\n\t\t\t\t\t\t\t\t<nav class=\"elementor-nav-menu--dropdown elementor-nav-menu__container\" aria-hidden=\"true\">\n\t\t\t\t<ul id=\"menu-2-3bbafcf9\" class=\"elementor-nav-menu\"><li class=\"menu-item menu-item-type-post_type menu-item-object-page menu-item-12526\"><a href=\"https:\/\/sjalfsbjorg.is\/en\/um-okkur\/starfsfolk\/\" class=\"elementor-item\" tabindex=\"-1\">Staff<\/a><\/li>\n<li class=\"menu-item menu-item-type-post_type menu-item-object-page menu-item-2028\"><a href=\"https:\/\/sjalfsbjorg.is\/en\/um-okkur\/stjorn-og-starfsfolk\/\" class=\"elementor-item\" tabindex=\"-1\">Board and committees<\/a><\/li>\n<li class=\"menu-item menu-item-type-post_type menu-item-object-page menu-item-12532\"><a href=\"https:\/\/sjalfsbjorg.is\/en\/um-okkur\/stefna\/\" class=\"elementor-item\" tabindex=\"-1\">Stefna Sj\u00e1lfsbjargar<\/a><\/li>\n<li class=\"menu-item menu-item-type-post_type menu-item-object-page menu-item-12533\"><a href=\"https:\/\/sjalfsbjorg.is\/en\/um-okkur\/log-sjalfsbjargar\/\" class=\"elementor-item\" tabindex=\"-1\">Laws of Self-Reliance<\/a><\/li>\n<li class=\"menu-item menu-item-type-post_type menu-item-object-page menu-item-12534\"><a href=\"https:\/\/sjalfsbjorg.is\/en\/um-okkur\/adildarfelogin\/\" class=\"elementor-item\" tabindex=\"-1\">Member associations<\/a><\/li>\n<li class=\"menu-item menu-item-type-post_type menu-item-object-page menu-item-12536\"><a href=\"https:\/\/sjalfsbjorg.is\/en\/starfsemin\/sagan\/\" class=\"elementor-item\" tabindex=\"-1\">The story<\/a><\/li>\n<li class=\"menu-item menu-item-type-post_type menu-item-object-page menu-item-2216\"><a href=\"https:\/\/sjalfsbjorg.is\/en\/um-okkur\/samstarfsadilar\/\" class=\"elementor-item\" tabindex=\"-1\">Partners<\/a><\/li>\n<li class=\"menu-item menu-item-type-post_type menu-item-object-page menu-item-12535\"><a href=\"https:\/\/sjalfsbjorg.is\/en\/um-okkur\/fyrir-fjolmidla\/\" class=\"elementor-item\" tabindex=\"-1\">For the media<\/a><\/li>\n<li class=\"menu-item menu-item-type-post_type menu-item-object-page menu-item-2148\"><a href=\"https:\/\/sjalfsbjorg.is\/en\/um-okkur\/skrifstofan\/\" class=\"elementor-item\" tabindex=\"-1\">The office<\/a><\/li>\n<li class=\"menu-item menu-item-type-post_type menu-item-object-page menu-item-12744\"><a href=\"https:\/\/sjalfsbjorg.is\/en\/um-okkur\/algengar-spurningar\/\" class=\"elementor-item\" tabindex=\"-1\">Frequently Asked Questions<\/a><\/li>\n<\/ul>\t\t\t<\/nav>\n\t\t\t\t\t\t<\/div>\n\t\t\t\t<\/div>\n\t\t<div class=\"elementor-element elementor-element-558ba7e4 e-con-full e-flex elementor-invisible e-con e-child\" data-id=\"558ba7e4\" data-element_type=\"container\" data-e-type=\"container\" data-settings=\"{&quot;animation&quot;:&quot;fadeIn&quot;}\">\n\t\t\t\t<div class=\"elementor-element elementor-element-4aae01cc elementor-widget elementor-widget-text-editor\" data-id=\"4aae01cc\" data-element_type=\"widget\" data-e-type=\"widget\" data-widget_type=\"text-editor.default\">\n\t\t\t\t\t\t\t\t\t<div class=\"intro\"><p data-block-key=\"kqy0m\">\u00deessi s\u00ed\u00f0a er \u00ed vinnslu&#8230;<\/p><\/div>\t\t\t\t\t\t\t\t<\/div>\n\t\t\t\t<\/div>\n\t\t\t\t\t<\/div>\n\t\t\t\t<\/div>\n\t\t\t\t<\/div>","protected":false},"excerpt":{"rendered":"<p>\u00deessi s\u00ed\u00f0a er \u00ed vinnslu&#8230;<\/p>","protected":false},"author":1,"featured_media":0,"parent":86,"menu_order":0,"comment_status":"closed","ping_status":"closed","template":"elementor_theme","meta":{"footnotes":""},"class_list":["post-11542","page","type-page","status-publish","hentry"],"_links":{"self":[{"href":"https:\/\/sjalfsbjorg.is\/en\/wp-json\/wp\/v2\/pages\/11542","targetHints":{"allow":["GET"]}}],"collection":[{"href":"https:\/\/sjalfsbjorg.is\/en\/wp-json\/wp\/v2\/pages"}],"about":[{"href":"https:\/\/sjalfsbjorg.is\/en\/wp-json\/wp\/v2\/types\/page"}],"author":[{"embeddable":true,"href":"https:\/\/sjalfsbjorg.is\/en\/wp-json\/wp\/v2\/users\/1"}],"replies":[{"embeddable":true,"href":"https:\/\/sjalfsbjorg.is\/en\/wp-json\/wp\/v2\/comments?post=11542"}],"version-history":[{"count":0,"href":"https:\/\/sjalfsbjorg.is\/en\/wp-json\/wp\/v2\/pages\/11542\/revisions"}],"up":[{"embeddable":true,"href":"https:\/\/sjalfsbjorg.is\/en\/wp-json\/wp\/v2\/pages\/86"}],"wp:attachment":[{"href":"https:\/\/sjalfsbjorg.is\/en\/wp-json\/wp\/v2\/media?parent=11542"}],"curies":[{"name":"wp","href":"https:\/\/api.w.org\/{rel}","templated":true}]}}