{"id":12409,"date":"2026-03-30T13:33:13","date_gmt":"2026-03-30T13:33:13","guid":{"rendered":"https:\/\/sjalfsbjorg.is\/?page_id=12409"},"modified":"2026-03-31T17:40:38","modified_gmt":"2026-03-31T17:40:38","slug":"rettindi","status":"publish","type":"page","link":"https:\/\/sjalfsbjorg.is\/en\/rettindi\/","title":{"rendered":"Rights"},"content":{"rendered":"<div data-elementor-type=\"wp-page\" data-elementor-id=\"12409\" class=\"elementor elementor-12409\" data-elementor-post-type=\"page\">\n\t\t\t\t<div class=\"elementor-element elementor-element-c2cec94 e-flex e-con-boxed e-con e-parent\" data-id=\"c2cec94\" data-element_type=\"container\" data-e-type=\"container\">\n\t\t\t\t\t<div class=\"e-con-inner\">\n\t\t\t\t<div class=\"elementor-element elementor-element-a485cba elementor-widget elementor-widget-spacer\" data-id=\"a485cba\" data-element_type=\"widget\" data-e-type=\"widget\" data-widget_type=\"spacer.default\">\n\t\t\t\t\t\t\t<div class=\"elementor-spacer\">\n\t\t\t<div class=\"elementor-spacer-inner\"><\/div>\n\t\t<\/div>\n\t\t\t\t\t\t<\/div>\n\t\t\t\t\t<\/div>\n\t\t\t\t<\/div>\n\t\t<div class=\"elementor-element elementor-element-10b013a e-flex e-con-boxed e-con e-parent\" data-id=\"10b013a\" data-element_type=\"container\" data-e-type=\"container\">\n\t\t\t\t\t<div class=\"e-con-inner\">\n\t\t\t\t\t<\/div>\n\t\t\t\t<\/div>\n\t\t<div class=\"elementor-element elementor-element-ea3266d e-flex e-con-boxed e-con e-parent\" data-id=\"ea3266d\" data-element_type=\"container\" data-e-type=\"container\">\n\t\t\t\t\t<div class=\"e-con-inner\">\n\t\t\t\t<div class=\"elementor-element elementor-element-e539fc4 elementor-widget elementor-widget-text-editor\" data-id=\"e539fc4\" data-element_type=\"widget\" data-e-type=\"widget\" data-widget_type=\"text-editor.default\">\n\t\t\t\t\t\t\t\t\t<p>Would you like to know what your rights are, for example regarding pensions, car issues or housing issues? Do you need information regarding finances? Here is a lot of useful information regarding these rights issues for people with disabilities. Click on the issue category listed here on the left and see if you can find the information regarding your rights that you are looking for.<\/p>\t\t\t\t\t\t\t\t<\/div>\n\t\t\t\t\t<\/div>\n\t\t\t\t<\/div>\n\t\t<div class=\"elementor-element elementor-element-3d337dd e-flex e-con-boxed e-con e-parent\" data-id=\"3d337dd\" data-element_type=\"container\" data-e-type=\"container\">\n\t\t\t\t\t<div class=\"e-con-inner\">\n\t\t<div class=\"elementor-element elementor-element-2c2956ed e-con-full e-flex e-con e-child\" data-id=\"2c2956ed\" data-element_type=\"container\" data-e-type=\"container\">\n\t\t<div class=\"elementor-element elementor-element-4a484a5d e-con-full e-grid e-con e-child\" data-id=\"4a484a5d\" data-element_type=\"container\" data-e-type=\"container\">\n\t\t<div class=\"elementor-element elementor-element-65b2a123 e-con-full animated-slow e-transform e-flex elementor-invisible e-con e-child\" data-id=\"65b2a123\" data-element_type=\"container\" data-e-type=\"container\" data-settings=\"{&quot;animation&quot;:&quot;fadeInUp&quot;,&quot;animation_delay&quot;:300,&quot;_transform_translateY_effect_hover&quot;:{&quot;unit&quot;:&quot;px&quot;,&quot;size&quot;:-10,&quot;sizes&quot;:[]},&quot;_transform_translateX_effect_hover&quot;:{&quot;unit&quot;:&quot;px&quot;,&quot;size&quot;:&quot;&quot;,&quot;sizes&quot;:[]},&quot;_transform_translateX_effect_hover_tablet&quot;:{&quot;unit&quot;:&quot;px&quot;,&quot;size&quot;:&quot;&quot;,&quot;sizes&quot;:[]},&quot;_transform_translateX_effect_hover_mobile&quot;:{&quot;unit&quot;:&quot;px&quot;,&quot;size&quot;:&quot;&quot;,&quot;sizes&quot;:[]},&quot;_transform_translateY_effect_hover_tablet&quot;:{&quot;unit&quot;:&quot;px&quot;,&quot;size&quot;:&quot;&quot;,&quot;sizes&quot;:[]},&quot;_transform_translateY_effect_hover_mobile&quot;:{&quot;unit&quot;:&quot;px&quot;,&quot;size&quot;:&quot;&quot;,&quot;sizes&quot;:[]}}\">\n\t\t\t\t<div class=\"elementor-element elementor-element-50b89b7d elementor-view-stacked elementor-shape-rounded elementor-widget__width-initial elementor-position-block-start elementor-widget elementor-widget-icon-box\" data-id=\"50b89b7d\" data-element_type=\"widget\" data-e-type=\"widget\" data-widget_type=\"icon-box.default\">\n\t\t\t\t\t\t\t<div class=\"elementor-icon-box-wrapper\">\n\n\t\t\t\t\t\t<div class=\"elementor-icon-box-icon\">\n\t\t\t\t<a href=\"https:\/\/sjalfsbjorg.is\/en\/thekkingarmidstod\/rettindi\/p-merkip-staedi\/\" class=\"elementor-icon\" tabindex=\"-1\" aria-label=\"P-merki\">\n\t\t\t\t<svg aria-hidden=\"true\" class=\"e-font-icon-svg e-fas-wheelchair\" viewbox=\"0 0 512 512\" xmlns=\"http:\/\/www.w3.org\/2000\/svg\"><path d=\"M496.101 385.669l14.227 28.663c3.929 7.915.697 17.516-7.218 21.445l-65.465 32.886c-16.049 7.967-35.556 1.194-43.189-15.055L331.679 320H192c-15.925 0-29.426-11.71-31.679-27.475C126.433 55.308 128.38 70.044 128 64c0-36.358 30.318-65.635 67.052-63.929 33.271 1.545 60.048 28.905 60.925 62.201.868 32.933-23.152 60.423-54.608 65.039l4.67 32.69H336c8.837 0 16 7.163 16 16v32c0 8.837-7.163 16-16 16H215.182l4.572 32H352a32 32 0 0 1 28.962 18.392L438.477 396.8l36.178-18.349c7.915-3.929 17.517-.697 21.446 7.218zM311.358 352h-24.506c-7.788 54.204-54.528 96-110.852 96-61.757 0-112-50.243-112-112 0-41.505 22.694-77.809 56.324-97.156-3.712-25.965-6.844-47.86-9.488-66.333C45.956 198.464 0 261.963 0 336c0 97.047 78.953 176 176 176 71.87 0 133.806-43.308 161.11-105.192L311.358 352z\"><\/path><\/svg>\t\t\t\t<\/a>\n\t\t\t<\/div>\n\t\t\t\n\t\t\t\t\t\t<div class=\"elementor-icon-box-content\">\n\n\t\t\t\t\t\t\t\t\t<h3 class=\"elementor-icon-box-title\">\n\t\t\t\t\t\t<a href=\"https:\/\/sjalfsbjorg.is\/en\/thekkingarmidstod\/rettindi\/p-merkip-staedi\/\" >\n\t\t\t\t\t\t\tP-merki\t\t\t\t\t\t<\/a>\n\t\t\t\t\t<\/h3>\n\t\t\t\t\n\t\t\t\t\t\t\t\t\t<p class=\"elementor-icon-box-description\">\n\t\t\t\t\t\t<span>Sk\u00edrteini sem fatla\u00f0ir setja vi\u00f0 framr\u00fa\u00f0una \u00ed bifrei\u00f0 sinni og gefur \u00feeim leyfi til a\u00f0 leggja \u00ed s\u00e9rmerkt st\u00e6\u00f0i fyrir hreyfihamla\u00f0a.<\/span>\n\t\t\t\t\t<\/p>\n\t\t\t\t\n\t\t\t<\/div>\n\t\t\t\n\t\t<\/div>\n\t\t\t\t\t\t<\/div>\n\t\t\t\t<div class=\"elementor-element elementor-element-5729172e elementor-align-left elementor-widget elementor-widget-elementskit-button\" data-id=\"5729172e\" data-element_type=\"widget\" data-e-type=\"widget\" data-widget_type=\"elementskit-button.default\">\n\t\t\t\t\t<div class=\"ekit-wid-con\" >\t\t<div class=\"ekit-btn-wraper\">\n\t\t\t\t\t\t\t<a href=\"https:\/\/sjalfsbjorg.is\/en\/thekkingarmidstod\/rettindi\/p-merkip-staedi\/\" class=\"elementskit-btn  whitespace--normal\" id=\"\">\n\t\t\t\t\tRead more\t\t\t\t<\/a>\n\t\t\t\t\t<\/div>\n        <\/div>\t\t\t\t<\/div>\n\t\t\t\t<\/div>\n\t\t<div class=\"elementor-element elementor-element-7e99ea2e e-con-full animated-slow e-transform e-flex elementor-invisible e-con e-child\" data-id=\"7e99ea2e\" data-element_type=\"container\" data-e-type=\"container\" data-settings=\"{&quot;animation&quot;:&quot;fadeInUp&quot;,&quot;animation_delay&quot;:300,&quot;_transform_translateY_effect_hover&quot;:{&quot;unit&quot;:&quot;px&quot;,&quot;size&quot;:-10,&quot;sizes&quot;:[]},&quot;_transform_translateX_effect_hover&quot;:{&quot;unit&quot;:&quot;px&quot;,&quot;size&quot;:&quot;&quot;,&quot;sizes&quot;:[]},&quot;_transform_translateX_effect_hover_tablet&quot;:{&quot;unit&quot;:&quot;px&quot;,&quot;size&quot;:&quot;&quot;,&quot;sizes&quot;:[]},&quot;_transform_translateX_effect_hover_mobile&quot;:{&quot;unit&quot;:&quot;px&quot;,&quot;size&quot;:&quot;&quot;,&quot;sizes&quot;:[]},&quot;_transform_translateY_effect_hover_tablet&quot;:{&quot;unit&quot;:&quot;px&quot;,&quot;size&quot;:&quot;&quot;,&quot;sizes&quot;:[]},&quot;_transform_translateY_effect_hover_mobile&quot;:{&quot;unit&quot;:&quot;px&quot;,&quot;size&quot;:&quot;&quot;,&quot;sizes&quot;:[]}}\">\n\t\t\t\t<div class=\"elementor-element elementor-element-1e506f47 elementor-view-stacked elementor-shape-rounded elementor-widget__width-initial elementor-position-block-start elementor-widget elementor-widget-icon-box\" data-id=\"1e506f47\" data-element_type=\"widget\" data-e-type=\"widget\" data-widget_type=\"icon-box.default\">\n\t\t\t\t\t\t\t<div class=\"elementor-icon-box-wrapper\">\n\n\t\t\t\t\t\t<div class=\"elementor-icon-box-icon\">\n\t\t\t\t<a href=\"https:\/\/sjalfsbjorg.is\/en\/thekkingarmidstod\/rettindi\/bifreidamal\/kaup-a-bifreid-styrkir\/\" class=\"elementor-icon\" tabindex=\"-1\" aria-label=\"Bifrei\u00f0akaup\">\n\t\t\t\t<svg aria-hidden=\"true\" class=\"e-font-icon-svg e-fas-car-side\" viewbox=\"0 0 640 512\" xmlns=\"http:\/\/www.w3.org\/2000\/svg\"><path d=\"M544 192h-16L419.22 56.02A64.025 64.025 0 0 0 369.24 32H155.33c-26.17 0-49.7 15.93-59.42 40.23L48 194.26C20.44 201.4 0 226.21 0 256v112c0 8.84 7.16 16 16 16h48c0 53.02 42.98 96 96 96s96-42.98 96-96h128c0 53.02 42.98 96 96 96s96-42.98 96-96h48c8.84 0 16-7.16 16-16v-80c0-53.02-42.98-96-96-96zM160 432c-26.47 0-48-21.53-48-48s21.53-48 48-48 48 21.53 48 48-21.53 48-48 48zm72-240H116.93l38.4-96H232v96zm48 0V96h89.24l76.8 96H280zm200 240c-26.47 0-48-21.53-48-48s21.53-48 48-48 48 21.53 48 48-21.53 48-48 48z\"><\/path><\/svg>\t\t\t\t<\/a>\n\t\t\t<\/div>\n\t\t\t\n\t\t\t\t\t\t<div class=\"elementor-icon-box-content\">\n\n\t\t\t\t\t\t\t\t\t<h3 class=\"elementor-icon-box-title\">\n\t\t\t\t\t\t<a href=\"https:\/\/sjalfsbjorg.is\/en\/thekkingarmidstod\/rettindi\/bifreidamal\/kaup-a-bifreid-styrkir\/\" >\n\t\t\t\t\t\t\tBifrei\u00f0akaup\t\t\t\t\t\t<\/a>\n\t\t\t\t\t<\/h3>\n\t\t\t\t\n\t\t\t\t\t\t\t\t\t<p class=\"elementor-icon-box-description\">\n\t\t\t\t\t\t<span>Tryggingingastofnun r\u00edkisins b\u00fd\u00f0ur f\u00f3lki me\u00f0 hreyfih\u00f6mlun, blindum og l\u00edfeyris\u00feegum upp \u00e1 styrk til kaupa og reksturs bifrei\u00f0a.<\/span>\t\t\t\t\t<\/p>\n\t\t\t\t\n\t\t\t<\/div>\n\t\t\t\n\t\t<\/div>\n\t\t\t\t\t\t<\/div>\n\t\t\t\t<div class=\"elementor-element elementor-element-4f282f43 elementor-align-left elementor-widget elementor-widget-elementskit-button\" data-id=\"4f282f43\" data-element_type=\"widget\" data-e-type=\"widget\" data-widget_type=\"elementskit-button.default\">\n\t\t\t\t\t<div class=\"ekit-wid-con\" >\t\t<div class=\"ekit-btn-wraper\">\n\t\t\t\t\t\t\t<a href=\"https:\/\/sjalfsbjorg.is\/en\/thekkingarmidstod\/rettindi\/bifreidamal\/kaup-a-bifreid-styrkir\/\" class=\"elementskit-btn  whitespace--normal\" id=\"\">\n\t\t\t\t\tRead more\t\t\t\t<\/a>\n\t\t\t\t\t<\/div>\n        <\/div>\t\t\t\t<\/div>\n\t\t\t\t<\/div>\n\t\t<div class=\"elementor-element elementor-element-5e60b9b0 e-con-full animated-slow e-transform e-flex elementor-invisible e-con e-child\" data-id=\"5e60b9b0\" data-element_type=\"container\" data-e-type=\"container\" data-settings=\"{&quot;animation&quot;:&quot;fadeInUp&quot;,&quot;animation_delay&quot;:300,&quot;_transform_translateY_effect_hover&quot;:{&quot;unit&quot;:&quot;px&quot;,&quot;size&quot;:-10,&quot;sizes&quot;:[]},&quot;_transform_translateX_effect_hover&quot;:{&quot;unit&quot;:&quot;px&quot;,&quot;size&quot;:&quot;&quot;,&quot;sizes&quot;:[]},&quot;_transform_translateX_effect_hover_tablet&quot;:{&quot;unit&quot;:&quot;px&quot;,&quot;size&quot;:&quot;&quot;,&quot;sizes&quot;:[]},&quot;_transform_translateX_effect_hover_mobile&quot;:{&quot;unit&quot;:&quot;px&quot;,&quot;size&quot;:&quot;&quot;,&quot;sizes&quot;:[]},&quot;_transform_translateY_effect_hover_tablet&quot;:{&quot;unit&quot;:&quot;px&quot;,&quot;size&quot;:&quot;&quot;,&quot;sizes&quot;:[]},&quot;_transform_translateY_effect_hover_mobile&quot;:{&quot;unit&quot;:&quot;px&quot;,&quot;size&quot;:&quot;&quot;,&quot;sizes&quot;:[]}}\">\n\t\t\t\t<div class=\"elementor-element elementor-element-4596d4a4 elementor-view-stacked elementor-shape-rounded elementor-widget__width-initial elementor-position-block-start elementor-widget elementor-widget-icon-box\" data-id=\"4596d4a4\" data-element_type=\"widget\" data-e-type=\"widget\" data-widget_type=\"icon-box.default\">\n\t\t\t\t\t\t\t<div class=\"elementor-icon-box-wrapper\">\n\n\t\t\t\t\t\t<div class=\"elementor-icon-box-icon\">\n\t\t\t\t<a href=\"https:\/\/sjalfsbjorg.is\/en\/thekkingarmidstod\/rettindi\/neydarthjonusta-fyrir-rafkniin-hjalpartaeki\/\" class=\"elementor-icon\" tabindex=\"-1\" aria-label=\"Ney\u00f0ar\u00fej\u00f3nusta\">\n\t\t\t\t<svg aria-hidden=\"true\" class=\"e-font-icon-svg e-far-bell\" viewbox=\"0 0 448 512\" xmlns=\"http:\/\/www.w3.org\/2000\/svg\"><path d=\"M439.39 362.29c-19.32-20.76-55.47-51.99-55.47-154.29 0-77.7-54.48-139.9-127.94-155.16V32c0-17.67-14.32-32-31.98-32s-31.98 14.33-31.98 32v20.84C118.56 68.1 64.08 130.3 64.08 208c0 102.3-36.15 133.53-55.47 154.29-6 6.45-8.66 14.16-8.61 21.71.11 16.4 12.98 32 32.1 32h383.8c19.12 0 32-15.6 32.1-32 .05-7.55-2.61-15.27-8.61-21.71zM67.53 368c21.22-27.97 44.42-74.33 44.53-159.42 0-.2-.06-.38-.06-.58 0-61.86 50.14-112 112-112s112 50.14 112 112c0 .2-.06.38-.06.58.11 85.1 23.31 131.46 44.53 159.42H67.53zM224 512c35.32 0 63.97-28.65 63.97-64H160.03c0 35.35 28.65 64 63.97 64z\"><\/path><\/svg>\t\t\t\t<\/a>\n\t\t\t<\/div>\n\t\t\t\n\t\t\t\t\t\t<div class=\"elementor-icon-box-content\">\n\n\t\t\t\t\t\t\t\t\t<h3 class=\"elementor-icon-box-title\">\n\t\t\t\t\t\t<a href=\"https:\/\/sjalfsbjorg.is\/en\/thekkingarmidstod\/rettindi\/neydarthjonusta-fyrir-rafkniin-hjalpartaeki\/\" >\n\t\t\t\t\t\t\tNey\u00f0ar\u00fej\u00f3nusta\t\t\t\t\t\t<\/a>\n\t\t\t\t\t<\/h3>\n\t\t\t\t\n\t\t\t\t\t\t\t\t\t<p class=\"elementor-icon-box-description\">\n\t\t\t\t\t\tEmergency service for electric assistive devices<br><br>\t\t\t\t\t<\/p>\n\t\t\t\t\n\t\t\t<\/div>\n\t\t\t\n\t\t<\/div>\n\t\t\t\t\t\t<\/div>\n\t\t\t\t<div class=\"elementor-element elementor-element-4c532f73 elementor-align-left elementor-widget elementor-widget-elementskit-button\" data-id=\"4c532f73\" data-element_type=\"widget\" data-e-type=\"widget\" data-widget_type=\"elementskit-button.default\">\n\t\t\t\t\t<div class=\"ekit-wid-con\" >\t\t<div class=\"ekit-btn-wraper\">\n\t\t\t\t\t\t\t<a href=\"https:\/\/sjalfsbjorg.is\/en\/thekkingarmidstod\/rettindi\/neydarthjonusta-fyrir-rafkniin-hjalpartaeki\/\" class=\"elementskit-btn  whitespace--normal\" id=\"\">\n\t\t\t\t\tRead more\t\t\t\t<\/a>\n\t\t\t\t\t<\/div>\n        <\/div>\t\t\t\t<\/div>\n\t\t\t\t<\/div>\n\t\t<div class=\"elementor-element elementor-element-86232be e-con-full animated-slow e-transform e-flex elementor-invisible e-con e-child\" data-id=\"86232be\" data-element_type=\"container\" data-e-type=\"container\" data-settings=\"{&quot;animation&quot;:&quot;fadeInUp&quot;,&quot;animation_delay&quot;:300,&quot;_transform_translateY_effect_hover&quot;:{&quot;unit&quot;:&quot;px&quot;,&quot;size&quot;:-10,&quot;sizes&quot;:[]},&quot;_transform_translateX_effect_hover&quot;:{&quot;unit&quot;:&quot;px&quot;,&quot;size&quot;:&quot;&quot;,&quot;sizes&quot;:[]},&quot;_transform_translateX_effect_hover_tablet&quot;:{&quot;unit&quot;:&quot;px&quot;,&quot;size&quot;:&quot;&quot;,&quot;sizes&quot;:[]},&quot;_transform_translateX_effect_hover_mobile&quot;:{&quot;unit&quot;:&quot;px&quot;,&quot;size&quot;:&quot;&quot;,&quot;sizes&quot;:[]},&quot;_transform_translateY_effect_hover_tablet&quot;:{&quot;unit&quot;:&quot;px&quot;,&quot;size&quot;:&quot;&quot;,&quot;sizes&quot;:[]},&quot;_transform_translateY_effect_hover_mobile&quot;:{&quot;unit&quot;:&quot;px&quot;,&quot;size&quot;:&quot;&quot;,&quot;sizes&quot;:[]}}\">\n\t\t\t\t<div class=\"elementor-element elementor-element-4f033713 elementor-view-stacked elementor-shape-rounded elementor-widget__width-initial elementor-position-block-start elementor-widget elementor-widget-icon-box\" data-id=\"4f033713\" data-element_type=\"widget\" data-e-type=\"widget\" data-widget_type=\"icon-box.default\">\n\t\t\t\t\t\t\t<div class=\"elementor-icon-box-wrapper\">\n\n\t\t\t\t\t\t<div class=\"elementor-icon-box-icon\">\n\t\t\t\t<a href=\"https:\/\/sjalfsbjorg.is\/en\/thekkingarmidstod\/rettindi\/logfraedithjonusta-og-rettindagaesla\/\" class=\"elementor-icon\" tabindex=\"-1\" aria-label=\"L\u00f6gfr\u00e6\u00f0i a\u00f0sto\u00f0\">\n\t\t\t\t<svg aria-hidden=\"true\" class=\"e-font-icon-svg e-fas-balance-scale\" viewbox=\"0 0 640 512\" xmlns=\"http:\/\/www.w3.org\/2000\/svg\"><path d=\"M256 336h-.02c0-16.18 1.34-8.73-85.05-181.51-17.65-35.29-68.19-35.36-85.87 0C-2.06 328.75.02 320.33.02 336H0c0 44.18 57.31 80 128 80s128-35.82 128-80zM128 176l72 144H56l72-144zm511.98 160c0-16.18 1.34-8.73-85.05-181.51-17.65-35.29-68.19-35.36-85.87 0-87.12 174.26-85.04 165.84-85.04 181.51H384c0 44.18 57.31 80 128 80s128-35.82 128-80h-.02zM440 320l72-144 72 144H440zm88 128H352V153.25c23.51-10.29 41.16-31.48 46.39-57.25H528c8.84 0 16-7.16 16-16V48c0-8.84-7.16-16-16-16H383.64C369.04 12.68 346.09 0 320 0s-49.04 12.68-63.64 32H112c-8.84 0-16 7.16-16 16v32c0 8.84 7.16 16 16 16h129.61c5.23 25.76 22.87 46.96 46.39 57.25V448H112c-8.84 0-16 7.16-16 16v32c0 8.84 7.16 16 16 16h416c8.84 0 16-7.16 16-16v-32c0-8.84-7.16-16-16-16z\"><\/path><\/svg>\t\t\t\t<\/a>\n\t\t\t<\/div>\n\t\t\t\n\t\t\t\t\t\t<div class=\"elementor-icon-box-content\">\n\n\t\t\t\t\t\t\t\t\t<h3 class=\"elementor-icon-box-title\">\n\t\t\t\t\t\t<a href=\"https:\/\/sjalfsbjorg.is\/en\/thekkingarmidstod\/rettindi\/logfraedithjonusta-og-rettindagaesla\/\" >\n\t\t\t\t\t\t\tL\u00f6gfr\u00e6\u00f0i a\u00f0sto\u00f0\t\t\t\t\t\t<\/a>\n\t\t\t\t\t<\/h3>\n\t\t\t\t\n\t\t\t\t\t\t\t\t\t<p class=\"elementor-icon-box-description\">\n\t\t\t\t\t\t<span>Ef einstaklingur me\u00f0 hreyfih\u00f6mlun er \u00f3s\u00e1ttur vi\u00f0 me\u00f0fer\u00f0 m\u00e1la sinna hj\u00e1 stj\u00f3rns\u00fdslunni eru nokkrar lei\u00f0ir til a\u00f0 k\u00e6ra m\u00e1li\u00f0.<\/span>\t\t\t\t\t<\/p>\n\t\t\t\t\n\t\t\t<\/div>\n\t\t\t\n\t\t<\/div>\n\t\t\t\t\t\t<\/div>\n\t\t\t\t<div class=\"elementor-element elementor-element-7065a9af elementor-align-left elementor-widget elementor-widget-elementskit-button\" data-id=\"7065a9af\" data-element_type=\"widget\" data-e-type=\"widget\" data-widget_type=\"elementskit-button.default\">\n\t\t\t\t\t<div class=\"ekit-wid-con\" >\t\t<div class=\"ekit-btn-wraper\">\n\t\t\t\t\t\t\t<a href=\"https:\/\/sjalfsbjorg.is\/en\/thekkingarmidstod\/rettindi\/logfraedithjonusta-og-rettindagaesla\/\" class=\"elementskit-btn  whitespace--normal\" id=\"\">\n\t\t\t\t\tRead more\t\t\t\t<\/a>\n\t\t\t\t\t<\/div>\n        <\/div>\t\t\t\t<\/div>\n\t\t\t\t<\/div>\n\t\t<div class=\"elementor-element elementor-element-1a255067 e-con-full animated-slow e-transform e-flex elementor-invisible e-con e-child\" data-id=\"1a255067\" data-element_type=\"container\" data-e-type=\"container\" data-settings=\"{&quot;animation&quot;:&quot;fadeInUp&quot;,&quot;animation_delay&quot;:300,&quot;_transform_translateY_effect_hover&quot;:{&quot;unit&quot;:&quot;px&quot;,&quot;size&quot;:-10,&quot;sizes&quot;:[]},&quot;_transform_translateX_effect_hover&quot;:{&quot;unit&quot;:&quot;px&quot;,&quot;size&quot;:&quot;&quot;,&quot;sizes&quot;:[]},&quot;_transform_translateX_effect_hover_tablet&quot;:{&quot;unit&quot;:&quot;px&quot;,&quot;size&quot;:&quot;&quot;,&quot;sizes&quot;:[]},&quot;_transform_translateX_effect_hover_mobile&quot;:{&quot;unit&quot;:&quot;px&quot;,&quot;size&quot;:&quot;&quot;,&quot;sizes&quot;:[]},&quot;_transform_translateY_effect_hover_tablet&quot;:{&quot;unit&quot;:&quot;px&quot;,&quot;size&quot;:&quot;&quot;,&quot;sizes&quot;:[]},&quot;_transform_translateY_effect_hover_mobile&quot;:{&quot;unit&quot;:&quot;px&quot;,&quot;size&quot;:&quot;&quot;,&quot;sizes&quot;:[]}}\">\n\t\t\t\t<div class=\"elementor-element elementor-element-2a973cc1 elementor-view-stacked elementor-shape-rounded elementor-widget__width-initial elementor-position-block-start elementor-widget elementor-widget-icon-box\" data-id=\"2a973cc1\" data-element_type=\"widget\" data-e-type=\"widget\" data-widget_type=\"icon-box.default\">\n\t\t\t\t\t\t\t<div class=\"elementor-icon-box-wrapper\">\n\n\t\t\t\t\t\t<div class=\"elementor-icon-box-icon\">\n\t\t\t\t<a href=\"https:\/\/sjalfsbjorg.is\/en\/thekkingarmidstod\/rettindi\/almannatryggingar\/\" class=\"elementor-icon\" tabindex=\"-1\" aria-label=\"Social security\">\n\t\t\t\t<svg aria-hidden=\"true\" class=\"e-font-icon-svg e-far-address-card\" viewbox=\"0 0 576 512\" xmlns=\"http:\/\/www.w3.org\/2000\/svg\"><path d=\"M528 32H48C21.5 32 0 53.5 0 80v352c0 26.5 21.5 48 48 48h480c26.5 0 48-21.5 48-48V80c0-26.5-21.5-48-48-48zm0 400H48V80h480v352zM208 256c35.3 0 64-28.7 64-64s-28.7-64-64-64-64 28.7-64 64 28.7 64 64 64zm-89.6 128h179.2c12.4 0 22.4-8.6 22.4-19.2v-19.2c0-31.8-30.1-57.6-67.2-57.6-10.8 0-18.7 8-44.8 8-26.9 0-33.4-8-44.8-8-37.1 0-67.2 25.8-67.2 57.6v19.2c0 10.6 10 19.2 22.4 19.2zM360 320h112c4.4 0 8-3.6 8-8v-16c0-4.4-3.6-8-8-8H360c-4.4 0-8 3.6-8 8v16c0 4.4 3.6 8 8 8zm0-64h112c4.4 0 8-3.6 8-8v-16c0-4.4-3.6-8-8-8H360c-4.4 0-8 3.6-8 8v16c0 4.4 3.6 8 8 8zm0-64h112c4.4 0 8-3.6 8-8v-16c0-4.4-3.6-8-8-8H360c-4.4 0-8 3.6-8 8v16c0 4.4 3.6 8 8 8z\"><\/path><\/svg>\t\t\t\t<\/a>\n\t\t\t<\/div>\n\t\t\t\n\t\t\t\t\t\t<div class=\"elementor-icon-box-content\">\n\n\t\t\t\t\t\t\t\t\t<h3 class=\"elementor-icon-box-title\">\n\t\t\t\t\t\t<a href=\"https:\/\/sjalfsbjorg.is\/en\/thekkingarmidstod\/rettindi\/almannatryggingar\/\" >\n\t\t\t\t\t\t\tSocial security\t\t\t\t\t\t<\/a>\n\t\t\t\t\t<\/h3>\n\t\t\t\t\n\t\t\t\t\t\t\t\t\t<p class=\"elementor-icon-box-description\">\n\t\t\t\t\t\t<span>Almannatryggingar er opinbert tryggingakerfi sem allir landsmenn eiga a\u00f0ild a\u00f0 og grei\u00f0a fyrir me\u00f0 sk\u00f6ttum s\u00ednum.<\/span>\t\t\t\t\t<\/p>\n\t\t\t\t\n\t\t\t<\/div>\n\t\t\t\n\t\t<\/div>\n\t\t\t\t\t\t<\/div>\n\t\t\t\t<div class=\"elementor-element elementor-element-2251271b elementor-align-left elementor-widget elementor-widget-elementskit-button\" data-id=\"2251271b\" data-element_type=\"widget\" data-e-type=\"widget\" data-widget_type=\"elementskit-button.default\">\n\t\t\t\t\t<div class=\"ekit-wid-con\" >\t\t<div class=\"ekit-btn-wraper\">\n\t\t\t\t\t\t\t<a href=\"https:\/\/sjalfsbjorg.is\/en\/thekkingarmidstod\/rettindi\/almannatryggingar\/\" class=\"elementskit-btn  whitespace--normal\" id=\"\">\n\t\t\t\t\tRead more\t\t\t\t<\/a>\n\t\t\t\t\t<\/div>\n        <\/div>\t\t\t\t<\/div>\n\t\t\t\t<\/div>\n\t\t<div class=\"elementor-element elementor-element-d9db068 e-con-full e-flex e-con e-child\" data-id=\"d9db068\" data-element_type=\"container\" data-e-type=\"container\">\n\t\t\t\t<\/div>\n\t\t<div class=\"elementor-element elementor-element-3ad9b685 e-con-full e-flex e-con e-child\" data-id=\"3ad9b685\" data-element_type=\"container\" data-e-type=\"container\">\n\t\t<div class=\"elementor-element elementor-element-57e05995 e-con-full e-flex e-con e-child\" data-id=\"57e05995\" data-element_type=\"container\" data-e-type=\"container\">\n\t\t\t\t<\/div>\n\t\t\t\t<\/div>\n\t\t\t\t<\/div>\n\t\t\t\t<\/div>\n\t\t\t\t\t<\/div>\n\t\t\t\t<\/div>\n\t\t\t\t<\/div>","protected":false},"excerpt":{"rendered":"<p>Vilt \u00fe\u00fa vita hver r\u00e9ttindi \u00fe\u00edn eru t.d. var\u00f0andi l\u00edfeyri, bifrei\u00f0am\u00e1l e\u00f0a h\u00fasn\u00e6\u00f0ism\u00e1l? Vantar \u00feig uppl\u00fdsingar er var\u00f0a fj\u00e1rm\u00e1l? H\u00e9r eru fj\u00f6lmargar nytsamlegar uppl\u00fdsingar hva\u00f0 \u00feessi r\u00e9ttindam\u00e1l hreyfihamla\u00f0ra var\u00f0ar. Smelltu \u00e1 \u00feann m\u00e1laflokk sem upplista\u00f0ur er h\u00e9r til vinstri og sj\u00e1\u00f0u hvort \u00fe\u00fa finnir \u00fe\u00e6r uppl\u00fdsingar var\u00f0andi \u00fe\u00edn r\u00e9ttindi sem \u00fe\u00fa leitar. P-merki Sk\u00edrteini sem [&hellip;]<\/p>\n","protected":false},"author":1,"featured_media":0,"parent":0,"menu_order":0,"comment_status":"closed","ping_status":"closed","template":"elementor_theme","meta":{"footnotes":""},"class_list":["post-12409","page","type-page","status-publish","hentry"],"_links":{"self":[{"href":"https:\/\/sjalfsbjorg.is\/en\/wp-json\/wp\/v2\/pages\/12409","targetHints":{"allow":["GET"]}}],"collection":[{"href":"https:\/\/sjalfsbjorg.is\/en\/wp-json\/wp\/v2\/pages"}],"about":[{"href":"https:\/\/sjalfsbjorg.is\/en\/wp-json\/wp\/v2\/types\/page"}],"author":[{"embeddable":true,"href":"https:\/\/sjalfsbjorg.is\/en\/wp-json\/wp\/v2\/users\/1"}],"replies":[{"embeddable":true,"href":"https:\/\/sjalfsbjorg.is\/en\/wp-json\/wp\/v2\/comments?post=12409"}],"version-history":[{"count":14,"href":"https:\/\/sjalfsbjorg.is\/en\/wp-json\/wp\/v2\/pages\/12409\/revisions"}],"predecessor-version":[{"id":12518,"href":"https:\/\/sjalfsbjorg.is\/en\/wp-json\/wp\/v2\/pages\/12409\/revisions\/12518"}],"wp:attachment":[{"href":"https:\/\/sjalfsbjorg.is\/en\/wp-json\/wp\/v2\/media?parent=12409"}],"curies":[{"name":"wp","href":"https:\/\/api.w.org\/{rel}","templated":true}]}}