{"id":12451,"date":"2026-03-31T11:41:16","date_gmt":"2026-03-31T11:41:16","guid":{"rendered":"https:\/\/sjalfsbjorg.is\/?page_id=12451"},"modified":"2026-03-31T12:12:35","modified_gmt":"2026-03-31T12:12:35","slug":"adgengi","status":"publish","type":"page","link":"https:\/\/sjalfsbjorg.is\/en\/adgengi\/","title":{"rendered":"Accessibility"},"content":{"rendered":"<div data-elementor-type=\"wp-page\" data-elementor-id=\"12451\" class=\"elementor elementor-12451\" data-elementor-post-type=\"page\">\n\t\t\t\t<div class=\"elementor-element elementor-element-dad2b0e e-flex e-con-boxed e-con e-parent\" data-id=\"dad2b0e\" data-element_type=\"container\" data-e-type=\"container\">\n\t\t\t\t\t<div class=\"e-con-inner\">\n\t\t\t\t<div class=\"elementor-element elementor-element-a5bea20 elementor-widget elementor-widget-spacer\" data-id=\"a5bea20\" data-element_type=\"widget\" data-e-type=\"widget\" data-widget_type=\"spacer.default\">\n\t\t\t\t\t\t\t<div class=\"elementor-spacer\">\n\t\t\t<div class=\"elementor-spacer-inner\"><\/div>\n\t\t<\/div>\n\t\t\t\t\t\t<\/div>\n\t\t\t\t\t<\/div>\n\t\t\t\t<\/div>\n\t\t<div class=\"elementor-element elementor-element-369ed005 e-flex e-con-boxed e-con e-parent\" data-id=\"369ed005\" data-element_type=\"container\" data-e-type=\"container\">\n\t\t\t\t\t<div class=\"e-con-inner\">\n\t\t\t\t<div class=\"elementor-element elementor-element-16f0ccad elementor-widget elementor-widget-text-editor\" data-id=\"16f0ccad\" data-element_type=\"widget\" data-e-type=\"widget\" data-widget_type=\"text-editor.default\">\n\t\t\t\t\t\t\t\t\t<h4>Almennt um a\u00f0gengi<\/h4>\n<p><br \/>Gott a\u00f0gengi er lykillinn a\u00f0 \u00fev\u00ed a\u00f0 hreyfihamla\u00f0 f\u00f3lk geti veri\u00f0 fullgildir \u00fe\u00e1tttakendur \u00ed samf\u00e9laginu. F\u00f6tlun f\u00f3lks getur veri\u00f0 margv\u00edsleg, svo sem skert hreyfigeta handa e\u00f0a f\u00f3tleggja e\u00f0a sj\u00f3nsker\u00f0ing. Ennfremur \u00feurfa flestir \u00e1 s\u00e9rst\u00f6ku a\u00f0gengi a\u00f0 halda einhvern t\u00edmann \u00e1 \u00e6vinni vegna t\u00edmabundinna a\u00f0st\u00e6\u00f0na eins og handleggsbrots, \u00feungunar og \u00feegar f\u00f3lk er me\u00f0 b\u00f6rn \u00ed kerru. Margir eldri borgarar \u00feurfa l\u00edka \u00e1 s\u00e9rst\u00f6ku a\u00f0gengi a\u00f0 halda vegna skertrar hreyfigetu fyrir aldurs sakir.<\/p>\n<p>H\u00e9r erum vi\u00f0 fyrst og fremst a\u00f0 fjalla um a\u00f0gengi hreyfihamla\u00f0s f\u00f3lks \u00fe\u00f3 e\u00f0lilega megi yfirf\u00e6ra \u00fea\u00f0 \u00e1 margv\u00edslega f\u00f6tlun.<\/p>\n<p>Betra a\u00f0gengi er \u00f6llum \u00ed hag!<\/p>\n<h4>A\u00f0gengi og mannvirki<\/h4>\n<p>H\u00e9r getur \u00fe\u00fa me\u00f0al annars fengi\u00f0 uppl\u00fdsingar um byggingarregluger\u00f0 . HMS, H\u00fasn\u00e6\u00f0is- og mannvirkjastofnun, hefur gefi\u00f0 \u00fat lei\u00f0beiningar vi\u00f0 byggingarregluger\u00f0 sem var fyrst sam\u00feykkt \u00e1ri\u00f0 2012 og lei\u00f0beiningar um hvernig h\u00e6gt er a\u00f0 haga a\u00f0gengi me\u00f0 tilliti til algildrar h\u00f6nnunar. \u00cd lei\u00f0beiningunum m\u00e1 t.d. finna hagn\u00fdtar uppl\u00fdsingar um b\u00edlast\u00e6\u00f0i hreyfihamla\u00f0ra s.s. st\u00e6r\u00f0 og fj\u00f6lda sem hlutfall af almennum b\u00edlast\u00e6\u00f0um. Anna\u00f0 d\u00e6mi eru uppl\u00fdsingar um snyrtingu sem h\u00f6nnu\u00f0 er \u00e1 grundvelli algildrar h\u00f6nnunar, \u00fear m\u00e1 sj\u00e1 \u00ed hva\u00f0a h\u00e6\u00f0 t\u00e6ki og fylgihlutir \u00e1 snyrtingum eiga a\u00f0 vera auk fleiri \u00fe\u00e1tta.<\/p>\n<p><em>Athugi\u00f0 a\u00f0 efni h\u00e9r fyrir ofan er fengi\u00f0 af vef vi\u00f0komandi stofnana\/fyrirt\u00e6kja<\/em><\/p>\t\t\t\t\t\t\t\t<\/div>\n\t\t\t\t\t<\/div>\n\t\t\t\t<\/div>\n\t\t<div class=\"elementor-element elementor-element-1726660e e-flex e-con-boxed e-con e-parent\" data-id=\"1726660e\" data-element_type=\"container\" data-e-type=\"container\">\n\t\t\t\t\t<div class=\"e-con-inner\">\n\t\t<div class=\"elementor-element elementor-element-37b52ec0 e-con-full e-flex e-con e-child\" data-id=\"37b52ec0\" data-element_type=\"container\" data-e-type=\"container\">\n\t\t<div class=\"elementor-element elementor-element-2ddbf39e e-con-full e-grid e-con e-child\" data-id=\"2ddbf39e\" data-element_type=\"container\" data-e-type=\"container\">\n\t\t<div class=\"elementor-element elementor-element-46b69e69 e-con-full animated-slow e-transform e-flex elementor-invisible e-con e-child\" data-id=\"46b69e69\" data-element_type=\"container\" data-e-type=\"container\" data-settings=\"{&quot;animation&quot;:&quot;fadeInUp&quot;,&quot;animation_delay&quot;:300,&quot;_transform_translateY_effect_hover&quot;:{&quot;unit&quot;:&quot;px&quot;,&quot;size&quot;:-10,&quot;sizes&quot;:[]},&quot;_transform_translateX_effect_hover&quot;:{&quot;unit&quot;:&quot;px&quot;,&quot;size&quot;:&quot;&quot;,&quot;sizes&quot;:[]},&quot;_transform_translateX_effect_hover_tablet&quot;:{&quot;unit&quot;:&quot;px&quot;,&quot;size&quot;:&quot;&quot;,&quot;sizes&quot;:[]},&quot;_transform_translateX_effect_hover_mobile&quot;:{&quot;unit&quot;:&quot;px&quot;,&quot;size&quot;:&quot;&quot;,&quot;sizes&quot;:[]},&quot;_transform_translateY_effect_hover_tablet&quot;:{&quot;unit&quot;:&quot;px&quot;,&quot;size&quot;:&quot;&quot;,&quot;sizes&quot;:[]},&quot;_transform_translateY_effect_hover_mobile&quot;:{&quot;unit&quot;:&quot;px&quot;,&quot;size&quot;:&quot;&quot;,&quot;sizes&quot;:[]}}\">\n\t\t\t\t<div class=\"elementor-element elementor-element-1e29a8b0 elementor-view-stacked elementor-shape-rounded elementor-widget__width-initial elementor-position-block-start elementor-widget elementor-widget-icon-box\" data-id=\"1e29a8b0\" data-element_type=\"widget\" data-e-type=\"widget\" data-widget_type=\"icon-box.default\">\n\t\t\t\t\t\t\t<div class=\"elementor-icon-box-wrapper\">\n\n\t\t\t\t\t\t<div class=\"elementor-icon-box-icon\">\n\t\t\t\t<a href=\"https:\/\/sjalfsbjorg.is\/en\/thekkingarmidstod\/rettindi\/p-merkip-staedi\/\" class=\"elementor-icon\" tabindex=\"-1\" aria-label=\"P-merki\">\n\t\t\t\t<svg aria-hidden=\"true\" class=\"e-font-icon-svg e-fas-wheelchair\" viewbox=\"0 0 512 512\" xmlns=\"http:\/\/www.w3.org\/2000\/svg\"><path d=\"M496.101 385.669l14.227 28.663c3.929 7.915.697 17.516-7.218 21.445l-65.465 32.886c-16.049 7.967-35.556 1.194-43.189-15.055L331.679 320H192c-15.925 0-29.426-11.71-31.679-27.475C126.433 55.308 128.38 70.044 128 64c0-36.358 30.318-65.635 67.052-63.929 33.271 1.545 60.048 28.905 60.925 62.201.868 32.933-23.152 60.423-54.608 65.039l4.67 32.69H336c8.837 0 16 7.163 16 16v32c0 8.837-7.163 16-16 16H215.182l4.572 32H352a32 32 0 0 1 28.962 18.392L438.477 396.8l36.178-18.349c7.915-3.929 17.517-.697 21.446 7.218zM311.358 352h-24.506c-7.788 54.204-54.528 96-110.852 96-61.757 0-112-50.243-112-112 0-41.505 22.694-77.809 56.324-97.156-3.712-25.965-6.844-47.86-9.488-66.333C45.956 198.464 0 261.963 0 336c0 97.047 78.953 176 176 176 71.87 0 133.806-43.308 161.11-105.192L311.358 352z\"><\/path><\/svg>\t\t\t\t<\/a>\n\t\t\t<\/div>\n\t\t\t\n\t\t\t\t\t\t<div class=\"elementor-icon-box-content\">\n\n\t\t\t\t\t\t\t\t\t<h3 class=\"elementor-icon-box-title\">\n\t\t\t\t\t\t<a href=\"https:\/\/sjalfsbjorg.is\/en\/thekkingarmidstod\/rettindi\/p-merkip-staedi\/\" >\n\t\t\t\t\t\t\tP-merki\t\t\t\t\t\t<\/a>\n\t\t\t\t\t<\/h3>\n\t\t\t\t\n\t\t\t\t\t\t\t\t\t<p class=\"elementor-icon-box-description\">\n\t\t\t\t\t\t<span>Sk\u00edrteini sem fatla\u00f0ir setja vi\u00f0 framr\u00fa\u00f0una \u00ed bifrei\u00f0 sinni og gefur \u00feeim leyfi til a\u00f0 leggja \u00ed s\u00e9rmerkt st\u00e6\u00f0i fyrir hreyfihamla\u00f0a.<\/span>\n\t\t\t\t\t<\/p>\n\t\t\t\t\n\t\t\t<\/div>\n\t\t\t\n\t\t<\/div>\n\t\t\t\t\t\t<\/div>\n\t\t\t\t<div class=\"elementor-element elementor-element-77ce858f elementor-align-left elementor-widget elementor-widget-elementskit-button\" data-id=\"77ce858f\" data-element_type=\"widget\" data-e-type=\"widget\" data-widget_type=\"elementskit-button.default\">\n\t\t\t\t\t<div class=\"ekit-wid-con\" >\t\t<div class=\"ekit-btn-wraper\">\n\t\t\t\t\t\t\t<a href=\"https:\/\/sjalfsbjorg.is\/en\/thekkingarmidstod\/rettindi\/p-merkip-staedi\/\" class=\"elementskit-btn  whitespace--normal\" id=\"\">\n\t\t\t\t\tRead more\t\t\t\t<\/a>\n\t\t\t\t\t<\/div>\n        <\/div>\t\t\t\t<\/div>\n\t\t\t\t<\/div>\n\t\t<div class=\"elementor-element elementor-element-43ae1b98 e-con-full animated-slow e-transform e-flex elementor-invisible e-con e-child\" data-id=\"43ae1b98\" data-element_type=\"container\" data-e-type=\"container\" data-settings=\"{&quot;animation&quot;:&quot;fadeInUp&quot;,&quot;animation_delay&quot;:300,&quot;_transform_translateY_effect_hover&quot;:{&quot;unit&quot;:&quot;px&quot;,&quot;size&quot;:-10,&quot;sizes&quot;:[]},&quot;_transform_translateX_effect_hover&quot;:{&quot;unit&quot;:&quot;px&quot;,&quot;size&quot;:&quot;&quot;,&quot;sizes&quot;:[]},&quot;_transform_translateX_effect_hover_tablet&quot;:{&quot;unit&quot;:&quot;px&quot;,&quot;size&quot;:&quot;&quot;,&quot;sizes&quot;:[]},&quot;_transform_translateX_effect_hover_mobile&quot;:{&quot;unit&quot;:&quot;px&quot;,&quot;size&quot;:&quot;&quot;,&quot;sizes&quot;:[]},&quot;_transform_translateY_effect_hover_tablet&quot;:{&quot;unit&quot;:&quot;px&quot;,&quot;size&quot;:&quot;&quot;,&quot;sizes&quot;:[]},&quot;_transform_translateY_effect_hover_mobile&quot;:{&quot;unit&quot;:&quot;px&quot;,&quot;size&quot;:&quot;&quot;,&quot;sizes&quot;:[]}}\">\n\t\t\t\t<div class=\"elementor-element elementor-element-4bfa6fb3 elementor-view-stacked elementor-shape-rounded elementor-widget__width-initial elementor-position-block-start elementor-widget elementor-widget-icon-box\" data-id=\"4bfa6fb3\" data-element_type=\"widget\" data-e-type=\"widget\" data-widget_type=\"icon-box.default\">\n\t\t\t\t\t\t\t<div class=\"elementor-icon-box-wrapper\">\n\n\t\t\t\t\t\t<div class=\"elementor-icon-box-icon\">\n\t\t\t\t<a href=\"https:\/\/sjalfsbjorg.is\/en\/adgengi\/kosningar\/\" class=\"elementor-icon\" tabindex=\"-1\" aria-label=\"Elections\">\n\t\t\t\t<svg aria-hidden=\"true\" class=\"e-font-icon-svg e-fas-vote-yea\" viewbox=\"0 0 640 512\" xmlns=\"http:\/\/www.w3.org\/2000\/svg\"><path d=\"M608 320h-64v64h22.4c5.3 0 9.6 3.6 9.6 8v16c0 4.4-4.3 8-9.6 8H73.6c-5.3 0-9.6-3.6-9.6-8v-16c0-4.4 4.3-8 9.6-8H96v-64H32c-17.7 0-32 14.3-32 32v96c0 17.7 14.3 32 32 32h576c17.7 0 32-14.3 32-32v-96c0-17.7-14.3-32-32-32zm-96 64V64.3c0-17.9-14.5-32.3-32.3-32.3H160.4C142.5 32 128 46.5 128 64.3V384h384zM211.2 202l25.5-25.3c4.2-4.2 11-4.2 15.2.1l41.3 41.6 95.2-94.4c4.2-4.2 11-4.2 15.2.1l25.3 25.5c4.2 4.2 4.2 11-.1 15.2L300.5 292c-4.2 4.2-11 4.2-15.2-.1l-74.1-74.7c-4.3-4.2-4.2-11 0-15.2z\"><\/path><\/svg>\t\t\t\t<\/a>\n\t\t\t<\/div>\n\t\t\t\n\t\t\t\t\t\t<div class=\"elementor-icon-box-content\">\n\n\t\t\t\t\t\t\t\t\t<h3 class=\"elementor-icon-box-title\">\n\t\t\t\t\t\t<a href=\"https:\/\/sjalfsbjorg.is\/en\/adgengi\/kosningar\/\" >\n\t\t\t\t\t\t\tElections\t\t\t\t\t\t<\/a>\n\t\t\t\t\t<\/h3>\n\t\t\t\t\n\t\t\t\t\t\t\t\t\t<p class=\"elementor-icon-box-description\">\n\t\t\t\t\t\t\u00dearftu a\u00f0sto\u00f0 vi\u00f0 a\u00f0 fara \u00ed kj\u00f6rklega e\u00f0a \u00e1ritun kj\u00f6rse\u00f0ils? A\u00f0gengi hreyfihamla\u00f0ra er tryggt. H\u00e9r f\u00e6r\u00f0u allar uppl\u00fdsingar.\t\t\t\t\t<\/p>\n\t\t\t\t\n\t\t\t<\/div>\n\t\t\t\n\t\t<\/div>\n\t\t\t\t\t\t<\/div>\n\t\t\t\t<div class=\"elementor-element elementor-element-6f73af83 elementor-align-left elementor-widget elementor-widget-elementskit-button\" data-id=\"6f73af83\" data-element_type=\"widget\" data-e-type=\"widget\" data-widget_type=\"elementskit-button.default\">\n\t\t\t\t\t<div class=\"ekit-wid-con\" >\t\t<div class=\"ekit-btn-wraper\">\n\t\t\t\t\t\t\t<a href=\"https:\/\/sjalfsbjorg.is\/en\/adgengi\/kosningar\/\" class=\"elementskit-btn  whitespace--normal\" id=\"\">\n\t\t\t\t\tRead more\t\t\t\t<\/a>\n\t\t\t\t\t<\/div>\n        <\/div>\t\t\t\t<\/div>\n\t\t\t\t<\/div>\n\t\t<div class=\"elementor-element elementor-element-2440fa99 e-con-full e-flex e-con e-child\" data-id=\"2440fa99\" data-element_type=\"container\" data-e-type=\"container\">\n\t\t\t\t<\/div>\n\t\t<div class=\"elementor-element elementor-element-6a909ff0 e-con-full e-flex e-con e-child\" data-id=\"6a909ff0\" data-element_type=\"container\" data-e-type=\"container\">\n\t\t<div class=\"elementor-element elementor-element-32baa12a e-con-full e-flex e-con e-child\" data-id=\"32baa12a\" data-element_type=\"container\" data-e-type=\"container\">\n\t\t\t\t<\/div>\n\t\t\t\t<\/div>\n\t\t\t\t<\/div>\n\t\t\t\t<\/div>\n\t\t\t\t\t<\/div>\n\t\t\t\t<\/div>\n\t\t\t\t<\/div>","protected":false},"excerpt":{"rendered":"<p>Almennt um a\u00f0gengi Gott a\u00f0gengi er lykillinn a\u00f0 \u00fev\u00ed a\u00f0 hreyfihamla\u00f0 f\u00f3lk geti veri\u00f0 fullgildir \u00fe\u00e1tttakendur \u00ed samf\u00e9laginu. F\u00f6tlun f\u00f3lks getur veri\u00f0 margv\u00edsleg, svo sem skert hreyfigeta handa e\u00f0a f\u00f3tleggja e\u00f0a sj\u00f3nsker\u00f0ing. Ennfremur \u00feurfa flestir \u00e1 s\u00e9rst\u00f6ku a\u00f0gengi a\u00f0 halda einhvern t\u00edmann \u00e1 \u00e6vinni vegna t\u00edmabundinna a\u00f0st\u00e6\u00f0na eins og handleggsbrots, \u00feungunar og \u00feegar f\u00f3lk er [&hellip;]<\/p>\n","protected":false},"author":1,"featured_media":0,"parent":0,"menu_order":0,"comment_status":"closed","ping_status":"closed","template":"elementor_theme","meta":{"footnotes":""},"class_list":["post-12451","page","type-page","status-publish","hentry"],"_links":{"self":[{"href":"https:\/\/sjalfsbjorg.is\/en\/wp-json\/wp\/v2\/pages\/12451","targetHints":{"allow":["GET"]}}],"collection":[{"href":"https:\/\/sjalfsbjorg.is\/en\/wp-json\/wp\/v2\/pages"}],"about":[{"href":"https:\/\/sjalfsbjorg.is\/en\/wp-json\/wp\/v2\/types\/page"}],"author":[{"embeddable":true,"href":"https:\/\/sjalfsbjorg.is\/en\/wp-json\/wp\/v2\/users\/1"}],"replies":[{"embeddable":true,"href":"https:\/\/sjalfsbjorg.is\/en\/wp-json\/wp\/v2\/comments?post=12451"}],"version-history":[{"count":17,"href":"https:\/\/sjalfsbjorg.is\/en\/wp-json\/wp\/v2\/pages\/12451\/revisions"}],"predecessor-version":[{"id":12476,"href":"https:\/\/sjalfsbjorg.is\/en\/wp-json\/wp\/v2\/pages\/12451\/revisions\/12476"}],"wp:attachment":[{"href":"https:\/\/sjalfsbjorg.is\/en\/wp-json\/wp\/v2\/media?parent=12451"}],"curies":[{"name":"wp","href":"https:\/\/api.w.org\/{rel}","templated":true}]}}