{"id":12462,"date":"2026-03-31T11:59:36","date_gmt":"2026-03-31T11:59:36","guid":{"rendered":"https:\/\/sjalfsbjorg.is\/?page_id=12462"},"modified":"2026-03-31T12:14:32","modified_gmt":"2026-03-31T12:14:32","slug":"kosningar","status":"publish","type":"page","link":"https:\/\/sjalfsbjorg.is\/en\/adgengi\/kosningar\/","title":{"rendered":"Elections"},"content":{"rendered":"<div data-elementor-type=\"wp-page\" data-elementor-id=\"12462\" class=\"elementor elementor-12462\" data-elementor-post-type=\"page\">\n\t\t\t\t<div class=\"elementor-element elementor-element-8dea481 e-flex e-con-boxed e-con e-parent\" data-id=\"8dea481\" data-element_type=\"container\" data-e-type=\"container\">\n\t\t\t\t\t<div class=\"e-con-inner\">\n\t\t\t\t<div class=\"elementor-element elementor-element-f6d5570 elementor-widget elementor-widget-spacer\" data-id=\"f6d5570\" data-element_type=\"widget\" data-e-type=\"widget\" data-widget_type=\"spacer.default\">\n\t\t\t\t\t\t\t<div class=\"elementor-spacer\">\n\t\t\t<div class=\"elementor-spacer-inner\"><\/div>\n\t\t<\/div>\n\t\t\t\t\t\t<\/div>\n\t\t\t\t<div class=\"elementor-element elementor-element-a1fe47b elementor-widget elementor-widget-text-editor\" data-id=\"a1fe47b\" data-element_type=\"widget\" data-e-type=\"widget\" data-widget_type=\"text-editor.default\">\n\t\t\t\t\t\t\t\t\t<h4>A\u00f0sto\u00f0 vi\u00f0 kosningu<\/h4><p>\u00deeir einstaklingar sem \u00feurfa a\u00f0sto\u00f0 vi\u00f0 a\u00f0 fara \u00ed kj\u00f6rklefa og \u00e1rita kj\u00f6rse\u00f0la geta fengi\u00f0 a\u00f0sto\u00f0 vi\u00f0 sl\u00edkt samkv\u00e6mt \u00e1kve\u00f0nu verklagi. A\u00f0gengi hreyfihamla\u00f0ra er tryggt \u00e1 \u00f6llum kj\u00f6rst\u00f6\u00f0um auk \u00feess sem hj\u00f3last\u00f3lar \u00e6ttu a\u00f0 vera til taks \u00e1 \u00f6llum st\u00f6\u00f0um. H\u00e6gt er a\u00f0 lesa n\u00e1nar um \u00fea\u00f0 \u00e1 vefs\u00ed\u00f0unni <a href=\"http:\/\/www.island.is\">Iceland.is<\/a><\/p><p>\u00a0<\/p><h4 class=\"e-n-accordion-item-title-text\">A\u00f0 f\u00e1 akstur og a\u00f0sto\u00f0 \u00e1 kj\u00f6rsta\u00f0<\/h4><div class=\"elementor-element elementor-element-7b00a52 e-con-full e-flex e-con e-child\" role=\"region\" aria-labelledby=\"e-n-accordion-item-2450\" data-id=\"7b00a52\" data-element_type=\"container\" data-e-type=\"container\"><div class=\"elementor-element elementor-element-f20a5cc elementor-widget elementor-widget-text-editor\" data-id=\"f20a5cc\" data-element_type=\"widget\" data-e-type=\"widget\" data-widget_type=\"text-editor.default\">Flest frambo\u00f0 bj\u00f3\u00f0a upp \u00e1 akstur \u00e1 kj\u00f6rsta\u00f0. Best er a\u00f0 hafa samband vi\u00f0 kosningaskrifstofu hvers frambj\u00f3\u00f0anda\/flokks \u00ed kj\u00f6rd\u00e6mi vi\u00f0komandi til a\u00f0 \u00f3ska eftir keyrslu. \u00de\u00e1 er a\u00f0gengi hreyfihamla\u00f0ra tryggt \u00e1 \u00f6llum kj\u00f6rst\u00f6\u00f0um auk .ess sem hj\u00f3last\u00f3lar \u00e6ttu a\u00f0 vera til taks \u00e1 \u00f6llum st\u00f6\u00f0um.<\/div><\/div>\t\t\t\t\t\t\t\t<\/div>\n\t\t\t\t\t<\/div>\n\t\t\t\t<\/div>\n\t\t<div class=\"elementor-element elementor-element-4df321ec e-flex e-con-boxed e-con e-parent\" data-id=\"4df321ec\" data-element_type=\"container\" data-e-type=\"container\">\n\t\t\t\t\t<div class=\"e-con-inner\">\n\t\t<div class=\"elementor-element elementor-element-754b782f e-con-full e-flex e-con e-child\" data-id=\"754b782f\" data-element_type=\"container\" data-e-type=\"container\">\n\t\t<div class=\"elementor-element elementor-element-36cc4263 e-con-full e-grid e-con e-child\" data-id=\"36cc4263\" data-element_type=\"container\" data-e-type=\"container\">\n\t\t<div class=\"elementor-element elementor-element-850c1b5 e-con-full e-flex e-con e-child\" data-id=\"850c1b5\" data-element_type=\"container\" data-e-type=\"container\">\n\t\t\t\t<\/div>\n\t\t<div class=\"elementor-element elementor-element-800b564 e-con-full e-flex e-con e-child\" data-id=\"800b564\" data-element_type=\"container\" data-e-type=\"container\">\n\t\t<div class=\"elementor-element elementor-element-75298674 e-con-full e-flex e-con e-child\" data-id=\"75298674\" data-element_type=\"container\" data-e-type=\"container\">\n\t\t\t\t<\/div>\n\t\t\t\t<\/div>\n\t\t\t\t<\/div>\n\t\t\t\t<\/div>\n\t\t\t\t\t<\/div>\n\t\t\t\t<\/div>\n\t\t\t\t<\/div>","protected":false},"excerpt":{"rendered":"<p>A\u00f0sto\u00f0 vi\u00f0 kosningu \u00deeir einstaklingar sem \u00feurfa a\u00f0sto\u00f0 vi\u00f0 a\u00f0 fara \u00ed kj\u00f6rklefa og \u00e1rita kj\u00f6rse\u00f0la geta fengi\u00f0 a\u00f0sto\u00f0 vi\u00f0 sl\u00edkt samkv\u00e6mt \u00e1kve\u00f0nu verklagi. A\u00f0gengi hreyfihamla\u00f0ra er tryggt \u00e1 \u00f6llum kj\u00f6rst\u00f6\u00f0um auk \u00feess sem hj\u00f3last\u00f3lar \u00e6ttu a\u00f0 vera til taks \u00e1 \u00f6llum st\u00f6\u00f0um. H\u00e6gt er a\u00f0 lesa n\u00e1nar um \u00fea\u00f0 \u00e1 vefs\u00ed\u00f0unni \u00cdsland.is \u00a0 A\u00f0 [&hellip;]<\/p>\n","protected":false},"author":1,"featured_media":0,"parent":12451,"menu_order":0,"comment_status":"closed","ping_status":"closed","template":"elementor_theme","meta":{"footnotes":""},"class_list":["post-12462","page","type-page","status-publish","hentry"],"_links":{"self":[{"href":"https:\/\/sjalfsbjorg.is\/en\/wp-json\/wp\/v2\/pages\/12462","targetHints":{"allow":["GET"]}}],"collection":[{"href":"https:\/\/sjalfsbjorg.is\/en\/wp-json\/wp\/v2\/pages"}],"about":[{"href":"https:\/\/sjalfsbjorg.is\/en\/wp-json\/wp\/v2\/types\/page"}],"author":[{"embeddable":true,"href":"https:\/\/sjalfsbjorg.is\/en\/wp-json\/wp\/v2\/users\/1"}],"replies":[{"embeddable":true,"href":"https:\/\/sjalfsbjorg.is\/en\/wp-json\/wp\/v2\/comments?post=12462"}],"version-history":[{"count":7,"href":"https:\/\/sjalfsbjorg.is\/en\/wp-json\/wp\/v2\/pages\/12462\/revisions"}],"predecessor-version":[{"id":12479,"href":"https:\/\/sjalfsbjorg.is\/en\/wp-json\/wp\/v2\/pages\/12462\/revisions\/12479"}],"up":[{"embeddable":true,"href":"https:\/\/sjalfsbjorg.is\/en\/wp-json\/wp\/v2\/pages\/12451"}],"wp:attachment":[{"href":"https:\/\/sjalfsbjorg.is\/en\/wp-json\/wp\/v2\/media?parent=12462"}],"curies":[{"name":"wp","href":"https:\/\/api.w.org\/{rel}","templated":true}]}}