{"id":12563,"date":"2026-04-04T17:49:42","date_gmt":"2026-04-04T17:49:42","guid":{"rendered":"https:\/\/sjalfsbjorg.is\/?page_id=12563"},"modified":"2026-04-04T18:03:48","modified_gmt":"2026-04-04T18:03:48","slug":"hjalparlidasjodur-sjalfsbjargar","status":"publish","type":"page","link":"https:\/\/sjalfsbjorg.is\/en\/starfsemin\/styrkir\/hjalparlidasjodur-sjalfsbjargar\/","title":{"rendered":"Hj\u00e1lparli\u00f0asj\u00f3\u00f0ur Sj\u00e1lfsbjargar"},"content":{"rendered":"<div data-elementor-type=\"wp-page\" data-elementor-id=\"12563\" class=\"elementor elementor-12563\" data-elementor-post-type=\"page\">\n\t\t\t\t<div class=\"elementor-element elementor-element-73b0ae4b e-flex e-con-boxed e-con e-parent\" data-id=\"73b0ae4b\" data-element_type=\"container\" data-e-type=\"container\">\n\t\t\t\t\t<div class=\"e-con-inner\">\n\t\t<div class=\"elementor-element elementor-element-11088ed7 e-con-full elementor-hidden-mobile e-flex e-con e-child\" data-id=\"11088ed7\" data-element_type=\"container\" data-e-type=\"container\">\n\t\t\t\t<div class=\"elementor-element elementor-element-50bf0eb5 elementor-invisible elementor-widget elementor-widget-nav-menu\" data-id=\"50bf0eb5\" data-element_type=\"widget\" data-e-type=\"widget\" data-settings=\"{&quot;layout&quot;:&quot;dropdown&quot;,&quot;_animation&quot;:&quot;fadeIn&quot;,&quot;submenu_icon&quot;:{&quot;value&quot;:&quot;&lt;svg aria-hidden=\\&quot;true\\&quot; class=\\&quot;e-font-icon-svg e-fas-caret-down\\&quot; viewBox=\\&quot;0 0 320 512\\&quot; xmlns=\\&quot;http:\\\/\\\/www.w3.org\\\/2000\\\/svg\\&quot;&gt;&lt;path d=\\&quot;M31.3 192h257.3c17.8 0 26.7 21.5 14.1 34.1L174.1 354.8c-7.8 7.8-20.5 7.8-28.3 0L17.2 226.1C4.6 213.5 13.5 192 31.3 192z\\&quot;&gt;&lt;\\\/path&gt;&lt;\\\/svg&gt;&quot;,&quot;library&quot;:&quot;fa-solid&quot;}}\" data-widget_type=\"nav-menu.default\">\n\t\t\t\t\t\t\t\t<nav class=\"elementor-nav-menu--dropdown elementor-nav-menu__container\" aria-hidden=\"true\">\n\t\t\t\t<ul id=\"menu-2-50bf0eb5\" class=\"elementor-nav-menu\"><li class=\"menu-item menu-item-type-post_type menu-item-object-page menu-item-12567\"><a href=\"https:\/\/sjalfsbjorg.is\/en\/starfsemin\/styrkir\/hjalparlidasjodur-sjalfsbjargar\/\" class=\"elementor-item\" tabindex=\"-1\">Hj\u00e1lparli\u00f0asj\u00f3\u00f0ur Sj\u00e1lfsbjargar<\/a><\/li>\n<li class=\"menu-item menu-item-type-post_type menu-item-object-page menu-item-12588\"><a href=\"https:\/\/sjalfsbjorg.is\/en\/starfsemin\/styrkir\/hjalparsjodur-sjalfsbjargar-a-akureyri\/\" class=\"elementor-item\" tabindex=\"-1\">Hj\u00e1lparsj\u00f3\u00f0ur Sj\u00e1lfsbjargar \u00e1 Akureyri<\/a><\/li>\n<li class=\"menu-item menu-item-type-post_type menu-item-object-page menu-item-12594\"><a href=\"https:\/\/sjalfsbjorg.is\/en\/starfsemin\/styrkir\/minningarsjodur-johanns-peturs\/\" class=\"elementor-item\" tabindex=\"-1\">Minningarsj\u00f3\u00f0ur J\u00f3hanns P\u00e9turs<\/a><\/li>\n<\/ul>\t\t\t<\/nav>\n\t\t\t\t\t\t<\/div>\n\t\t\t\t<\/div>\n\t\t<div class=\"elementor-element elementor-element-4c0518d7 e-con-full e-flex elementor-invisible e-con e-child\" data-id=\"4c0518d7\" data-element_type=\"container\" data-e-type=\"container\" data-settings=\"{&quot;animation&quot;:&quot;fadeIn&quot;}\">\n\t\t\t\t<div class=\"elementor-element elementor-element-7533ec2b elementor-widget elementor-widget-text-editor\" data-id=\"7533ec2b\" data-element_type=\"widget\" data-e-type=\"widget\" data-widget_type=\"text-editor.default\">\n\t\t\t\t\t\t\t\t\t<p data-block-key=\"b3euk\">Hj\u00e1lparli\u00f0asj\u00f3\u00f0ur Sj\u00e1lfsbjargar landssambands hreyfihamla\u00f0ra, var stofna\u00f0ur \u00e1ri\u00f0 1997 me\u00f0 \u00fea\u00f0 a\u00f0 markmi\u00f0i a\u00f0 au\u00f0velda hreyfih\u00f6mlu\u00f0um a\u00f0 fer\u00f0ast. Markmi\u00f0 sj\u00f3\u00f0sins er a\u00f0 gera hreyfih\u00f6mlu\u00f0um Sj\u00e1lfsbjargarf\u00e9l\u00f6gum kleift a\u00f0 fer\u00f0ast innanlands og utan \u00e1 jafnr\u00e9ttisgrundvelli. Sj\u00f3\u00f0urinn veitir ums\u00e6kjendum styrk vegna&nbsp;<b>hj\u00e1lparli\u00f0a<\/b>&nbsp;(a\u00f0sto\u00f0arf\u00f3lks) \u00e1 fer\u00f0al\u00f6gum.<\/p>\n<p data-block-key=\"fce49\">Skilafrestur ums\u00f3kna \u00ed sj\u00f3\u00f0inn er til 1. apr\u00edl \u00e1r hvert og veitt \u00far sj\u00f3\u00f0num&nbsp;<b>einu sinni \u00e1 \u00e1ri<\/b>&nbsp;ef fj\u00e1rmagn leyfir.<\/p>\n<p data-block-key=\"900td\">Berist ums\u00f3kn \u00e1 \u00e1rinu b\u00ed\u00f0ur h\u00fan til fyrrnefnds t\u00edma. Ni\u00f0ursta\u00f0a stj\u00f3rnar sj\u00f3\u00f0sins um \u00fathlutun ver\u00f0ur tilkynnt styrk\u00feegum me\u00f0&nbsp;<strong>t\u00f6lvu<\/strong><b>p\u00f3sti<\/b>&nbsp;eigi s\u00ed\u00f0ar en 7 vikum eftir a\u00f0 ums\u00f3knarfrestur rennur \u00fat.<\/p>\n<p data-block-key=\"80ble\">Vinsamlegast skili\u00f0 ums\u00f3kninni&nbsp;<a href=\"mailto:hjalparlidasjodur@sjalfsbjorg.is\"><b>me\u00f0 t\u00f6lvup\u00f3sti<\/b><\/a> (ef kostur er) \u00e1 netfangi\u00f0: <a href=\"mailto:hjalparlidasjodur@sjalfsbjorg.is\">hjalparlidasjodur@sjalfsbjorg.is<\/a>&nbsp;<\/p>\n<h4 data-block-key=\"6gmdo\"><a href=\"https:\/\/sjalfsbjorg.is\/wp-content\/uploads\/2025\/10\/Hjalparlidasjodur_template_umsokn_mars2025.pdf\">Ums\u00f3kn til Hj\u00e1lparli\u00f0asj\u00f3\u00f0sins<\/a><\/h4>\n<h4 data-block-key=\"2fok6\"><a href=\"https:\/\/sjalfsbjorg.is\/wp-content\/uploads\/2025\/10\/2019-Reglur-Hjalparlidasjodur.docx.pdf\">Reglur um hj\u00e1lparli\u00f0asj\u00f3\u00f0 Sj\u00e1lfsbjargar finnur \u00fe\u00fa h\u00e9r<\/a><\/h4><div><br><\/div>\n<p data-block-key=\"7dac\">Sumari\u00f0 2005 f\u00f3r&nbsp;<b>Kjartan Jakob Hauksson<\/b>&nbsp;\u00ed hringfer\u00f0 \u00ed kringum landi\u00f0 \u00e1 \u00e1rab\u00e1t og safna\u00f0i hann \u00e1heitum sem s\u00ed\u00f0an runnu \u00ed Hj\u00e1lparli\u00f0asj\u00f3\u00f0 Sj\u00e1lfsbjargar. Sj\u00f3\u00f0urinn var \u00e1 \u00feessum t\u00edmapunkti or\u00f0inn ansi l\u00edtill og r\u00e9tti hann verulega vel \u00far k\u00fatnum vi\u00f0 \u00feetta.<\/p>\n<p data-block-key=\"4js2\">\u00de\u00e1 hlj\u00f3p&nbsp;<b>Bj\u00f6rgvin Ingi \u00d3lafsson<\/b>&nbsp;\u00ed&nbsp;<b>Reykjav\u00edkurmara\u00feoninu<\/b>&nbsp;2016 \u00ed nafni sj\u00f3\u00f0sins og skila\u00f0i \u00fea\u00f0 sj\u00f3\u00f0anum&nbsp;<b>kr. 356.899.<\/b>\u2013 og hlj\u00f3p hann einnig 2017 og 2018.<\/p>\t\t\t\t\t\t\t\t<\/div>\n\t\t\t\t<\/div>\n\t\t\t\t\t<\/div>\n\t\t\t\t<\/div>\n\t\t\t\t<\/div>","protected":false},"excerpt":{"rendered":"<p>Hj\u00e1lparli\u00f0asj\u00f3\u00f0ur Sj\u00e1lfsbjargar landssambands hreyfihamla\u00f0ra, var stofna\u00f0ur \u00e1ri\u00f0 1997 me\u00f0 \u00fea\u00f0 a\u00f0 markmi\u00f0i a\u00f0 au\u00f0velda hreyfih\u00f6mlu\u00f0um a\u00f0 fer\u00f0ast. Markmi\u00f0 sj\u00f3\u00f0sins er a\u00f0 gera hreyfih\u00f6mlu\u00f0um Sj\u00e1lfsbjargarf\u00e9l\u00f6gum kleift a\u00f0 fer\u00f0ast innanlands og utan \u00e1 jafnr\u00e9ttisgrundvelli. Sj\u00f3\u00f0urinn veitir ums\u00e6kjendum styrk vegna&nbsp;hj\u00e1lparli\u00f0a&nbsp;(a\u00f0sto\u00f0arf\u00f3lks) \u00e1 fer\u00f0al\u00f6gum. Skilafrestur ums\u00f3kna \u00ed sj\u00f3\u00f0inn er til 1. apr\u00edl \u00e1r hvert og veitt \u00far sj\u00f3\u00f0num&nbsp;einu sinni \u00e1 [&hellip;]<\/p>\n","protected":false},"author":1,"featured_media":0,"parent":12554,"menu_order":0,"comment_status":"closed","ping_status":"closed","template":"elementor_theme","meta":{"footnotes":""},"class_list":["post-12563","page","type-page","status-publish","hentry"],"_links":{"self":[{"href":"https:\/\/sjalfsbjorg.is\/en\/wp-json\/wp\/v2\/pages\/12563","targetHints":{"allow":["GET"]}}],"collection":[{"href":"https:\/\/sjalfsbjorg.is\/en\/wp-json\/wp\/v2\/pages"}],"about":[{"href":"https:\/\/sjalfsbjorg.is\/en\/wp-json\/wp\/v2\/types\/page"}],"author":[{"embeddable":true,"href":"https:\/\/sjalfsbjorg.is\/en\/wp-json\/wp\/v2\/users\/1"}],"replies":[{"embeddable":true,"href":"https:\/\/sjalfsbjorg.is\/en\/wp-json\/wp\/v2\/comments?post=12563"}],"version-history":[{"count":11,"href":"https:\/\/sjalfsbjorg.is\/en\/wp-json\/wp\/v2\/pages\/12563\/revisions"}],"predecessor-version":[{"id":12584,"href":"https:\/\/sjalfsbjorg.is\/en\/wp-json\/wp\/v2\/pages\/12563\/revisions\/12584"}],"up":[{"embeddable":true,"href":"https:\/\/sjalfsbjorg.is\/en\/wp-json\/wp\/v2\/pages\/12554"}],"wp:attachment":[{"href":"https:\/\/sjalfsbjorg.is\/en\/wp-json\/wp\/v2\/media?parent=12563"}],"curies":[{"name":"wp","href":"https:\/\/api.w.org\/{rel}","templated":true}]}}