{"id":12579,"date":"2026-04-04T18:04:46","date_gmt":"2026-04-04T18:04:46","guid":{"rendered":"https:\/\/sjalfsbjorg.is\/?page_id=12579"},"modified":"2026-05-12T11:43:02","modified_gmt":"2026-05-12T11:43:02","slug":"hjalparsjodur-sjalfsbjargar-a-akureyri","status":"publish","type":"page","link":"https:\/\/sjalfsbjorg.is\/en\/starfsemin\/styrkir\/hjalparsjodur-sjalfsbjargar-a-akureyri\/","title":{"rendered":"Hj\u00e1lparsj\u00f3\u00f0ur Sj\u00e1lfsbjargar \u00e1 Akureyri"},"content":{"rendered":"<div data-elementor-type=\"wp-page\" data-elementor-id=\"12579\" class=\"elementor elementor-12579\" data-elementor-post-type=\"page\">\n\t\t\t\t<div class=\"elementor-element elementor-element-4d8d39ee e-flex e-con-boxed e-con e-parent\" data-id=\"4d8d39ee\" data-element_type=\"container\" data-e-type=\"container\">\n\t\t\t\t\t<div class=\"e-con-inner\">\n\t\t<div class=\"elementor-element elementor-element-1086e296 e-con-full e-flex elementor-invisible e-con e-child\" data-id=\"1086e296\" data-element_type=\"container\" data-e-type=\"container\" data-settings=\"{&quot;animation&quot;:&quot;fadeIn&quot;}\">\n\t\t\t\t<div class=\"elementor-element elementor-element-1615c77f elementor-widget elementor-widget-text-editor\" data-id=\"1615c77f\" data-element_type=\"widget\" data-e-type=\"widget\" data-widget_type=\"text-editor.default\">\n\t\t\t\t\t\t\t\t\t<p>Hj\u00e1lparsj\u00f3\u00f0urinn er \u00e1 vegum Sj\u00e1lfsbjargar \u00e1 Akureyri og n\u00e1grenni. Styrk\u00feegar skulu vera f\u00e9lagsmenn \u00fear og hafa greitt f\u00e9lagsgj\u00f6ld til f\u00e9lagsins.\u00a0<\/p><p>Sj\u00f3\u00f0urinn veitir styrki til:<\/p><ul><li>h\u00e1sk\u00f3lan\u00e1ms.<\/li><li><em>a\u00f0l\u00f6gunar \u00e1 umhverfi og t\u00e6kjakaupa vegna atvinnu, n\u00e1ms , t\u00f3mstunda e\u00f0a til bo\u00f0skipta.<\/em><\/li><li><em>fer\u00f0alaga innanlands e\u00f0a erlendis vegna aukakostna\u00f0ar<\/em><\/li><li><em>annarra \u00feeirra verkefna sem stj\u00f3rn sj\u00f3\u00f0sins metur h\u00e6f svo sem til n\u00fdsk\u00f6punar-og\u00a0 sprotaverkefna.<\/em><\/li><\/ul><p>\u00a0<\/p><p>Ums\u00f3knum skal skila\u00f0 til stj\u00f3rnar sj\u00f3\u00f0sins \u00e1 \u00fear til ger\u00f0um ey\u00f0ubl\u00f6\u00f0um.\u00a0 \u00d6llum ums\u00f3knum skal svara\u00f0 skriflega.\u00a0 \u00dathlutun fer fram \u00e1 degi fatla\u00f0ra \u00feann 03. desember \u00e1r hvert.<\/p><h4 data-block-key=\"6gmdo\"><a href=\"https:\/\/bjargendurhaefing.is\/hjalparsjodur\/\">Ums\u00f3kn til Hj\u00e1lparsj\u00f3\u00f0sins<\/a><\/h4><p>\u00a0<\/p>\t\t\t\t\t\t\t\t<\/div>\n\t\t\t\t<\/div>\n\t\t\t\t\t<\/div>\n\t\t\t\t<\/div>\n\t\t\t\t<\/div>","protected":false},"excerpt":{"rendered":"<p>Hj\u00e1lparsj\u00f3\u00f0urinn er \u00e1 vegum Sj\u00e1lfsbjargar \u00e1 Akureyri og n\u00e1grenni. Styrk\u00feegar skulu vera f\u00e9lagsmenn \u00fear og hafa greitt f\u00e9lagsgj\u00f6ld til f\u00e9lagsins.\u00a0 Sj\u00f3\u00f0urinn veitir styrki til: h\u00e1sk\u00f3lan\u00e1ms. a\u00f0l\u00f6gunar \u00e1 umhverfi og t\u00e6kjakaupa vegna atvinnu, n\u00e1ms , t\u00f3mstunda e\u00f0a til bo\u00f0skipta. fer\u00f0alaga innanlands e\u00f0a erlendis vegna aukakostna\u00f0ar annarra \u00feeirra verkefna sem stj\u00f3rn sj\u00f3\u00f0sins metur h\u00e6f svo sem til [&hellip;]<\/p>\n","protected":false},"author":1,"featured_media":0,"parent":12554,"menu_order":0,"comment_status":"closed","ping_status":"closed","template":"elementor_theme","meta":{"footnotes":""},"class_list":["post-12579","page","type-page","status-publish","hentry"],"_links":{"self":[{"href":"https:\/\/sjalfsbjorg.is\/en\/wp-json\/wp\/v2\/pages\/12579","targetHints":{"allow":["GET"]}}],"collection":[{"href":"https:\/\/sjalfsbjorg.is\/en\/wp-json\/wp\/v2\/pages"}],"about":[{"href":"https:\/\/sjalfsbjorg.is\/en\/wp-json\/wp\/v2\/types\/page"}],"author":[{"embeddable":true,"href":"https:\/\/sjalfsbjorg.is\/en\/wp-json\/wp\/v2\/users\/1"}],"replies":[{"embeddable":true,"href":"https:\/\/sjalfsbjorg.is\/en\/wp-json\/wp\/v2\/comments?post=12579"}],"version-history":[{"count":3,"href":"https:\/\/sjalfsbjorg.is\/en\/wp-json\/wp\/v2\/pages\/12579\/revisions"}],"predecessor-version":[{"id":14008,"href":"https:\/\/sjalfsbjorg.is\/en\/wp-json\/wp\/v2\/pages\/12579\/revisions\/14008"}],"up":[{"embeddable":true,"href":"https:\/\/sjalfsbjorg.is\/en\/wp-json\/wp\/v2\/pages\/12554"}],"wp:attachment":[{"href":"https:\/\/sjalfsbjorg.is\/en\/wp-json\/wp\/v2\/media?parent=12579"}],"curies":[{"name":"wp","href":"https:\/\/api.w.org\/{rel}","templated":true}]}}