{"id":12592,"date":"2026-04-04T18:14:50","date_gmt":"2026-04-04T18:14:50","guid":{"rendered":"https:\/\/sjalfsbjorg.is\/?page_id=12592"},"modified":"2026-04-04T18:18:24","modified_gmt":"2026-04-04T18:18:24","slug":"minningarsjodur-johanns-peturs","status":"publish","type":"page","link":"https:\/\/sjalfsbjorg.is\/en\/starfsemin\/styrkir\/minningarsjodur-johanns-peturs\/","title":{"rendered":"Minningarsj\u00f3\u00f0ur J\u00f3hanns P\u00e9turs"},"content":{"rendered":"<div data-elementor-type=\"wp-page\" data-elementor-id=\"12592\" class=\"elementor elementor-12592\" data-elementor-post-type=\"page\">\n\t\t\t\t<div class=\"elementor-element elementor-element-301f53f8 e-flex e-con-boxed e-con e-parent\" data-id=\"301f53f8\" data-element_type=\"container\" data-e-type=\"container\">\n\t\t\t\t\t<div class=\"e-con-inner\">\n\t\t<div class=\"elementor-element elementor-element-4c8d5076 e-con-full elementor-hidden-mobile e-flex e-con e-child\" data-id=\"4c8d5076\" data-element_type=\"container\" data-e-type=\"container\">\n\t\t\t\t<div class=\"elementor-element elementor-element-59cc6807 elementor-invisible elementor-widget elementor-widget-nav-menu\" data-id=\"59cc6807\" data-element_type=\"widget\" data-e-type=\"widget\" data-settings=\"{&quot;layout&quot;:&quot;dropdown&quot;,&quot;_animation&quot;:&quot;fadeIn&quot;,&quot;submenu_icon&quot;:{&quot;value&quot;:&quot;&lt;svg aria-hidden=\\&quot;true\\&quot; class=\\&quot;e-font-icon-svg e-fas-caret-down\\&quot; viewBox=\\&quot;0 0 320 512\\&quot; xmlns=\\&quot;http:\\\/\\\/www.w3.org\\\/2000\\\/svg\\&quot;&gt;&lt;path d=\\&quot;M31.3 192h257.3c17.8 0 26.7 21.5 14.1 34.1L174.1 354.8c-7.8 7.8-20.5 7.8-28.3 0L17.2 226.1C4.6 213.5 13.5 192 31.3 192z\\&quot;&gt;&lt;\\\/path&gt;&lt;\\\/svg&gt;&quot;,&quot;library&quot;:&quot;fa-solid&quot;}}\" data-widget_type=\"nav-menu.default\">\n\t\t\t\t\t\t\t\t<nav class=\"elementor-nav-menu--dropdown elementor-nav-menu__container\" aria-hidden=\"true\">\n\t\t\t\t<ul id=\"menu-2-59cc6807\" class=\"elementor-nav-menu\"><li class=\"menu-item menu-item-type-post_type menu-item-object-page menu-item-12567\"><a href=\"https:\/\/sjalfsbjorg.is\/en\/starfsemin\/styrkir\/hjalparlidasjodur-sjalfsbjargar\/\" class=\"elementor-item\" tabindex=\"-1\">Hj\u00e1lparli\u00f0asj\u00f3\u00f0ur Sj\u00e1lfsbjargar<\/a><\/li>\n<li class=\"menu-item menu-item-type-post_type menu-item-object-page menu-item-12588\"><a href=\"https:\/\/sjalfsbjorg.is\/en\/starfsemin\/styrkir\/hjalparsjodur-sjalfsbjargar-a-akureyri\/\" class=\"elementor-item\" tabindex=\"-1\">Hj\u00e1lparsj\u00f3\u00f0ur Sj\u00e1lfsbjargar \u00e1 Akureyri<\/a><\/li>\n<li class=\"menu-item menu-item-type-post_type menu-item-object-page menu-item-12594\"><a href=\"https:\/\/sjalfsbjorg.is\/en\/starfsemin\/styrkir\/minningarsjodur-johanns-peturs\/\" class=\"elementor-item\" tabindex=\"-1\">Minningarsj\u00f3\u00f0ur J\u00f3hanns P\u00e9turs<\/a><\/li>\n<\/ul>\t\t\t<\/nav>\n\t\t\t\t\t\t<\/div>\n\t\t\t\t<\/div>\n\t\t<div class=\"elementor-element elementor-element-5e540cbd e-con-full e-flex elementor-invisible e-con e-child\" data-id=\"5e540cbd\" data-element_type=\"container\" data-e-type=\"container\" data-settings=\"{&quot;animation&quot;:&quot;fadeIn&quot;}\">\n\t\t\t\t<div class=\"elementor-element elementor-element-486de923 elementor-widget elementor-widget-text-editor\" data-id=\"486de923\" data-element_type=\"widget\" data-e-type=\"widget\" data-widget_type=\"text-editor.default\">\n\t\t\t\t\t\t\t\t\t<p data-block-key=\"twvhy\"><b>J\u00f3hann P\u00e9tur Sveinsson Memorial Fund<\/b>\u00a0veitir annars vegar styrki til hreyfihamla\u00f0ra einstaklinga til n\u00e1ms og hins vegar til verkefna sem tengjast \u00farb\u00f3tum \u00e1 a\u00f0gengi fatla\u00f0s f\u00f3lks. \u00dea\u00f0 er ekki fyllt \u00fat s\u00e9rstakt ums\u00f3knarey\u00f0ubla\u00f0 en \u00ed\u00a0 ums\u00f3kn \u00fearf a\u00f0 koma fram hver s\u00e6kir um styrkinn (nafn, kennitala, heimilisfang, s\u00edman\u00famer, netfang) og hverslags styrk s\u00f3tt er um. \u00deeir sem s\u00e6kja um n\u00e1msstyrk \u00feurfa a\u00f0 s\u00fdna fram \u00e1 a\u00f0 \u00feeir s\u00e9u skr\u00e1\u00f0ir \u00ed n\u00e1m. \u00deeir a\u00f0ilar sem eru a\u00f0 s\u00e6kja um styrk vegna \u00farb\u00f3ta \u00ed a\u00f0gengism\u00e1lum \u00feurfa a\u00f0 gefa sk\u00fdringu \u00e1 tilgangi verkefnisins, hvernig \u00fea\u00f0 er framkv\u00e6mt, \u00e1 hva\u00f0a h\u00e1tt \u00fea\u00f0 n\u00fdtist \u00ed framt\u00ed\u00f0inni og gera kostna\u00f0ar\u00e1\u00e6tlun.<\/p><p data-block-key=\"ar31k\">\u00c1vallt er best a\u00f0 hafa greinarg\u00f3\u00f0ar l\u00fdsingar \u00e1 a\u00f0st\u00e6\u00f0um. Fyrirspurnir um \u00fea\u00f0 hvort s\u00e9 veri\u00f0 a\u00f0 veita styrki \u00far sj\u00f3\u00f0num og s\u00ed\u00f0an ums\u00f3knir \u00ed framhaldi skulu sendast \u00e1 netfangi\u00f0: <a href=\"mailto:sjalfsbjorg@sjalfsbjorg.is\">sjalfsbjorg@sjalfsbjorg.is\u00a0<\/a><\/p><p data-block-key=\"ar31k\">\u00cd\u00a0<strong><a href=\"https:\/\/sjalfsbjorg.is\/wp-content\/uploads\/2025\/10\/Skipulagsskra-Minningarsjods-Johanns-Peturs-Sveinssonar.pdf\">Skipulagsskr\u00e1 minningarsj\u00f3\u00f0s J\u00f3hanns P\u00e9turs<\/a><\/strong>\u00a0f\u00e1st n\u00e1nari uppl\u00fdsingar um tilgang sj\u00f3\u00f0sins. Ekki er veitt \u00far sj\u00f3\u00f0num \u00e1rlega<\/p>\t\t\t\t\t\t\t\t<\/div>\n\t\t\t\t<\/div>\n\t\t\t\t\t<\/div>\n\t\t\t\t<\/div>\n\t\t\t\t<\/div>","protected":false},"excerpt":{"rendered":"<p>Minningarsj\u00f3\u00f0ur J\u00f3hanns P\u00e9turs Sveinssonar\u00a0veitir annars vegar styrki til hreyfihamla\u00f0ra einstaklinga til n\u00e1ms og hins vegar til verkefna sem tengjast \u00farb\u00f3tum \u00e1 a\u00f0gengi fatla\u00f0s f\u00f3lks. \u00dea\u00f0 er ekki fyllt \u00fat s\u00e9rstakt ums\u00f3knarey\u00f0ubla\u00f0 en \u00ed\u00a0 ums\u00f3kn \u00fearf a\u00f0 koma fram hver s\u00e6kir um styrkinn (nafn, kennitala, heimilisfang, s\u00edman\u00famer, netfang) og hverslags styrk s\u00f3tt er um. \u00deeir sem [&hellip;]<\/p>\n","protected":false},"author":1,"featured_media":0,"parent":12554,"menu_order":0,"comment_status":"closed","ping_status":"closed","template":"elementor_theme","meta":{"footnotes":""},"class_list":["post-12592","page","type-page","status-publish","hentry"],"_links":{"self":[{"href":"https:\/\/sjalfsbjorg.is\/en\/wp-json\/wp\/v2\/pages\/12592","targetHints":{"allow":["GET"]}}],"collection":[{"href":"https:\/\/sjalfsbjorg.is\/en\/wp-json\/wp\/v2\/pages"}],"about":[{"href":"https:\/\/sjalfsbjorg.is\/en\/wp-json\/wp\/v2\/types\/page"}],"author":[{"embeddable":true,"href":"https:\/\/sjalfsbjorg.is\/en\/wp-json\/wp\/v2\/users\/1"}],"replies":[{"embeddable":true,"href":"https:\/\/sjalfsbjorg.is\/en\/wp-json\/wp\/v2\/comments?post=12592"}],"version-history":[{"count":10,"href":"https:\/\/sjalfsbjorg.is\/en\/wp-json\/wp\/v2\/pages\/12592\/revisions"}],"predecessor-version":[{"id":12603,"href":"https:\/\/sjalfsbjorg.is\/en\/wp-json\/wp\/v2\/pages\/12592\/revisions\/12603"}],"up":[{"embeddable":true,"href":"https:\/\/sjalfsbjorg.is\/en\/wp-json\/wp\/v2\/pages\/12554"}],"wp:attachment":[{"href":"https:\/\/sjalfsbjorg.is\/en\/wp-json\/wp\/v2\/media?parent=12592"}],"curies":[{"name":"wp","href":"https:\/\/api.w.org\/{rel}","templated":true}]}}