{"id":12621,"date":"2026-04-07T12:25:46","date_gmt":"2026-04-07T12:25:46","guid":{"rendered":"https:\/\/sjalfsbjorg.is\/?page_id=12621"},"modified":"2026-04-07T13:26:15","modified_gmt":"2026-04-07T13:26:15","slug":"happdraetti","status":"publish","type":"page","link":"https:\/\/sjalfsbjorg.is\/en\/starfsemin\/happdraetti\/","title":{"rendered":"Lottery"},"content":{"rendered":"\t\t<div data-elementor-type=\"wp-page\" data-elementor-id=\"12621\" class=\"elementor elementor-12621\" data-elementor-post-type=\"page\">\n\t\t\t\t<div class=\"elementor-element elementor-element-14ee359 e-flex e-con-boxed e-con e-parent\" data-id=\"14ee359\" data-element_type=\"container\" data-e-type=\"container\">\n\t\t\t\t\t<div class=\"e-con-inner\">\n\t\t<div class=\"elementor-element elementor-element-6ce1c06f e-con-full elementor-hidden-mobile e-flex e-con e-child\" data-id=\"6ce1c06f\" data-element_type=\"container\" data-e-type=\"container\">\n\t\t\t\t<div class=\"elementor-element elementor-element-f0f87ef elementor-invisible elementor-widget elementor-widget-nav-menu\" data-id=\"f0f87ef\" data-element_type=\"widget\" data-e-type=\"widget\" data-settings=\"{&quot;layout&quot;:&quot;dropdown&quot;,&quot;_animation&quot;:&quot;fadeIn&quot;,&quot;submenu_icon&quot;:{&quot;value&quot;:&quot;&lt;svg aria-hidden=\\&quot;true\\&quot; class=\\&quot;e-font-icon-svg e-fas-caret-down\\&quot; viewBox=\\&quot;0 0 320 512\\&quot; xmlns=\\&quot;http:\\\/\\\/www.w3.org\\\/2000\\\/svg\\&quot;&gt;&lt;path d=\\&quot;M31.3 192h257.3c17.8 0 26.7 21.5 14.1 34.1L174.1 354.8c-7.8 7.8-20.5 7.8-28.3 0L17.2 226.1C4.6 213.5 13.5 192 31.3 192z\\&quot;&gt;&lt;\\\/path&gt;&lt;\\\/svg&gt;&quot;,&quot;library&quot;:&quot;fa-solid&quot;}}\" data-widget_type=\"nav-menu.default\">\n\t\t\t\t\t\t\t\t<nav class=\"elementor-nav-menu--dropdown elementor-nav-menu__container\" aria-hidden=\"true\">\n\t\t\t\t<ul id=\"menu-2-f0f87ef\" class=\"elementor-nav-menu\"><li class=\"menu-item menu-item-type-post_type menu-item-object-page menu-item-841\"><a href=\"https:\/\/sjalfsbjorg.is\/en\/starfsemin\/landsfundir\/\" class=\"elementor-item\" tabindex=\"-1\">Landsfundir<\/a><\/li>\n<li class=\"menu-item menu-item-type-post_type menu-item-object-page menu-item-836\"><a href=\"https:\/\/sjalfsbjorg.is\/en\/starfsemin\/alyktanir\/\" class=\"elementor-item\" tabindex=\"-1\">\u00c1lyktanir<\/a><\/li>\n<li class=\"menu-item menu-item-type-post_type menu-item-object-page menu-item-12638\"><a href=\"https:\/\/sjalfsbjorg.is\/en\/starfsemin\/happdraetti\/\" class=\"elementor-item\" tabindex=\"-1\">Happdr\u00e6tti<\/a><\/li>\n<li class=\"menu-item menu-item-type-post_type menu-item-object-page menu-item-840\"><a href=\"https:\/\/sjalfsbjorg.is\/en\/starfsemin\/klifur-timarit\/\" class=\"elementor-item\" tabindex=\"-1\">Klifur t\u00edmarit<\/a><\/li>\n<li class=\"menu-item menu-item-type-post_type menu-item-object-page menu-item-12520\"><a href=\"https:\/\/sjalfsbjorg.is\/en\/starfsemin\/personuverndarstefna-sjalfsbjargar\/\" class=\"elementor-item\" tabindex=\"-1\">Pers\u00f3nuverndarstefna<\/a><\/li>\n<li class=\"menu-item menu-item-type-post_type menu-item-object-page menu-item-12521\"><a href=\"https:\/\/sjalfsbjorg.is\/en\/starfsemin\/sidareglur-sjalfsbjargar\/\" class=\"elementor-item\" tabindex=\"-1\">Si\u00f0areglur<\/a><\/li>\n<li class=\"menu-item menu-item-type-post_type menu-item-object-page menu-item-12522\"><a href=\"https:\/\/sjalfsbjorg.is\/en\/starfsemin\/starfsreglur-stjornar\/\" class=\"elementor-item\" tabindex=\"-1\">Starfsreglur<\/a><\/li>\n<li class=\"menu-item menu-item-type-post_type menu-item-object-page menu-item-12523\"><a href=\"https:\/\/sjalfsbjorg.is\/en\/starfsemin\/salfraedithjonusta\/\" class=\"elementor-item\" tabindex=\"-1\">S\u00e1lfr\u00e6\u00f0i\u00fej\u00f3nusta<\/a><\/li>\n<li class=\"menu-item menu-item-type-post_type menu-item-object-page menu-item-12524\"><a href=\"https:\/\/sjalfsbjorg.is\/en\/starfsemin\/adgengis-uttektir\/\" class=\"elementor-item\" tabindex=\"-1\">A\u00f0gengis\u00fattektir<\/a><\/li>\n<li class=\"menu-item menu-item-type-post_type menu-item-object-page menu-item-12613\"><a href=\"https:\/\/sjalfsbjorg.is\/en\/starfsemin\/styrkir\/\" class=\"elementor-item\" tabindex=\"-1\">Styrkir<\/a><\/li>\n<\/ul>\t\t\t<\/nav>\n\t\t\t\t\t\t<\/div>\n\t\t\t\t<\/div>\n\t\t<div class=\"elementor-element elementor-element-4fb48493 e-con-full e-flex elementor-invisible e-con e-child\" data-id=\"4fb48493\" data-element_type=\"container\" data-e-type=\"container\" data-settings=\"{&quot;animation&quot;:&quot;fadeIn&quot;}\">\n\t\t\t\t<div class=\"elementor-element elementor-element-7995751e elementor-widget elementor-widget-text-editor\" data-id=\"7995751e\" data-element_type=\"widget\" data-e-type=\"widget\" data-widget_type=\"text-editor.default\">\n\t\t\t\t\t\t\t\t\t<div class=\"intro\"><p>Ein a\u00f0altekjulind Sj\u00e1lfsbjargar eru happdr\u00e6tti samtakanna. \u00c1rlega erum vi\u00f0 me\u00f0 tv\u00f6 happdr\u00e6tti, anna\u00f0 \u00ed byrjun sumars sem dregi\u00f0 er \u00ed \u00e1 J\u00f3nsmessunni 24. j\u00fan\u00ed, hitt er \u00ed lok \u00e1rs og dregi\u00f0 31. desember.<\/p><div class=\"elementor-element elementor-element-9b0f331 elementor-widget elementor-widget-text-editor\" data-id=\"9b0f331\" data-element_type=\"widget\" data-e-type=\"widget\" data-widget_type=\"text-editor.default\"><div class=\"intro text-center\"><div class=\"description\"><section><div class=\"container-fluid clamped\"><div class=\"row justify-content-center justify-content-md-start\"><div class=\"col-xl-7 col-md-9 offset-xl-1 col-14\"><div class=\"paragraph-block -text\"><p>Happdr\u00e6ttismi\u00f0arnir eru sendir tilteknum markh\u00f3pi hverju sinni. Jafnframt fara mi\u00f0arnir inn \u00ed heimabanka vi\u00f0takenda sem \u00a0valkrafa sem gerir \u00feeim unnt a\u00f0 grei\u00f0a mi\u00f0ann \u00ed gegnum heimabankann. Kr\u00f6fun\u00famer er mi\u00f0an\u00famer vi\u00f0komandi a\u00f0ila. Afrakstur af s\u00f6lu happdr\u00e6ttismi\u00f0anna er nota\u00f0 \u00ed m\u00e1lefnastarf Sj\u00e1lfsbjargar.<\/p><\/div><div class=\"paragraph-block -text\"><p data-block-key=\"qogqt\"><strong>Sj\u00e1lfsbj\u00f6rg \u00feakkar \u00feeim hafa keypt happdr\u00e6ttismi\u00f0a okkar veittan stu\u00f0ning og g\u00f3\u00f0an hug.<\/strong><\/p><p data-block-key=\"ngkxp\">Handhafar vinningsmi\u00f0a eru vinsamlega be\u00f0nir um a\u00f0 framv\u00edsa \u00feeim \u00e1 skrifstofu Sj\u00e1lfsbjargar landssambands hreyfihamla\u00f0ra a\u00f0 H\u00e1t\u00fani 12 vesturinngangi (inngangur 4), 105 Reykjav\u00edk. Opi\u00f0 milli kl. 10:00 og 14:00 alla virka daga. S\u00edmi: 550 0360.<\/p><div class=\"elementor-element elementor-element-b37de76 elementor-widget elementor-widget-text-editor\" data-id=\"b37de76\" data-element_type=\"widget\" data-e-type=\"widget\" data-widget_type=\"text-editor.default\"><div class=\"intro text-center\"><div class=\"description\"><div class=\"intro text-center\"><div class=\"description\"><p data-block-key=\"8rmqb\"><strong>\u00c1ram\u00f3tahappdr\u00e6tti Sj\u00e1lfsbjargar 2025<\/strong> <br \/>dregi\u00f0 \u00fat \u00feann 31. desember 2025 <a href=\"https:\/\/sjalfsbjorg.is\/wp-content\/uploads\/2026\/03\/Vinningaskra-til-birtingar-II20252.docx\">[s\u00e6kja vinningaskr\u00e1]<\/a><\/p><a href=\"https:\/\/sjalfsbjorg.is\/wp-content\/uploads\/2026\/04\/vefur_happdraetti_aramot2025.png\"><img fetchpriority=\"high\" decoding=\"async\" class=\"alignnone size-medium wp-image-12665\" src=\"https:\/\/sjalfsbjorg.is\/wp-content\/uploads\/2026\/04\/vefur_happdraetti_aramot2025-212x300.png\" alt=\"\" width=\"212\" height=\"300\" srcset=\"https:\/\/sjalfsbjorg.is\/wp-content\/uploads\/2026\/04\/vefur_happdraetti_aramot2025-212x300.png 212w, https:\/\/sjalfsbjorg.is\/wp-content\/uploads\/2026\/04\/vefur_happdraetti_aramot2025-723x1024.png 723w, https:\/\/sjalfsbjorg.is\/wp-content\/uploads\/2026\/04\/vefur_happdraetti_aramot2025-768x1088.png 768w, https:\/\/sjalfsbjorg.is\/wp-content\/uploads\/2026\/04\/vefur_happdraetti_aramot2025-8x12.png 8w, https:\/\/sjalfsbjorg.is\/wp-content\/uploads\/2026\/04\/vefur_happdraetti_aramot2025-600x850.png 600w, https:\/\/sjalfsbjorg.is\/wp-content\/uploads\/2026\/04\/vefur_happdraetti_aramot2025-64x91.png 64w, https:\/\/sjalfsbjorg.is\/wp-content\/uploads\/2026\/04\/vefur_happdraetti_aramot2025.png 774w\" sizes=\"(max-width: 212px) 100vw, 212px\" \/><\/a><br \/><p data-block-key=\"7bggs\"><strong>J\u00f3nsmessuhappdr\u00e6tti Sj\u00e1lfsbjargar 2025<\/strong> <br \/>dregi\u00f0 \u00fat \u00feann 24. j\u00fan\u00ed 2025 <a href=\"https:\/\/sjalfsbjorg.is\/wp-content\/uploads\/2025\/10\/Vinningaskra_til_utprentunar_og_i_blodin_I2025.pdf\">[s\u00e6kja vinningaskr\u00e1]<\/a><\/p><p data-block-key=\"7bggs\"><a href=\"https:\/\/sjalfsbjorg.is\/wp-content\/uploads\/2026\/04\/vefur_happdraetti_jonsmessa2025.png\"><img decoding=\"async\" class=\"alignnone size-medium wp-image-12655\" src=\"https:\/\/sjalfsbjorg.is\/wp-content\/uploads\/2026\/04\/vefur_happdraetti_jonsmessa2025-212x300.png\" alt=\"\" width=\"212\" height=\"300\" srcset=\"https:\/\/sjalfsbjorg.is\/wp-content\/uploads\/2026\/04\/vefur_happdraetti_jonsmessa2025-212x300.png 212w, https:\/\/sjalfsbjorg.is\/wp-content\/uploads\/2026\/04\/vefur_happdraetti_jonsmessa2025-723x1024.png 723w, https:\/\/sjalfsbjorg.is\/wp-content\/uploads\/2026\/04\/vefur_happdraetti_jonsmessa2025-8x12.png 8w, https:\/\/sjalfsbjorg.is\/wp-content\/uploads\/2026\/04\/vefur_happdraetti_jonsmessa2025-600x850.png 600w, https:\/\/sjalfsbjorg.is\/wp-content\/uploads\/2026\/04\/vefur_happdraetti_jonsmessa2025-64x91.png 64w, https:\/\/sjalfsbjorg.is\/wp-content\/uploads\/2026\/04\/vefur_happdraetti_jonsmessa2025.png 729w\" sizes=\"(max-width: 212px) 100vw, 212px\" \/><\/a><\/p><\/div><p data-block-key=\"7bggs\">\u00a0<\/p><\/div><\/div><\/div><\/div><\/div><\/div><\/div><\/div><\/section><\/div><\/div><\/div><\/div>\t\t\t\t\t\t\t\t<\/div>\n\t\t\t\t<\/div>\n\t\t\t\t\t<\/div>\n\t\t\t\t<\/div>\n\t\t\t\t<\/div>\n\t\t","protected":false},"excerpt":{"rendered":"<p>Ein a\u00f0altekjulind Sj\u00e1lfsbjargar eru happdr\u00e6tti samtakanna. \u00c1rlega erum vi\u00f0 me\u00f0 tv\u00f6 happdr\u00e6tti, anna\u00f0 \u00ed byrjun sumars sem dregi\u00f0 er \u00ed \u00e1 J\u00f3nsmessunni 24. j\u00fan\u00ed, hitt er \u00ed lok \u00e1rs og dregi\u00f0 31. desember. Happdr\u00e6ttismi\u00f0arnir eru sendir tilteknum markh\u00f3pi hverju sinni. Jafnframt fara mi\u00f0arnir inn \u00ed heimabanka vi\u00f0takenda sem \u00a0valkrafa sem gerir \u00feeim unnt a\u00f0 grei\u00f0a [&hellip;]<\/p>\n","protected":false},"author":1,"featured_media":0,"parent":766,"menu_order":0,"comment_status":"closed","ping_status":"closed","template":"elementor_theme","meta":{"footnotes":""},"class_list":["post-12621","page","type-page","status-publish","hentry"],"_links":{"self":[{"href":"https:\/\/sjalfsbjorg.is\/en\/wp-json\/wp\/v2\/pages\/12621","targetHints":{"allow":["GET"]}}],"collection":[{"href":"https:\/\/sjalfsbjorg.is\/en\/wp-json\/wp\/v2\/pages"}],"about":[{"href":"https:\/\/sjalfsbjorg.is\/en\/wp-json\/wp\/v2\/types\/page"}],"author":[{"embeddable":true,"href":"https:\/\/sjalfsbjorg.is\/en\/wp-json\/wp\/v2\/users\/1"}],"replies":[{"embeddable":true,"href":"https:\/\/sjalfsbjorg.is\/en\/wp-json\/wp\/v2\/comments?post=12621"}],"version-history":[{"count":37,"href":"https:\/\/sjalfsbjorg.is\/en\/wp-json\/wp\/v2\/pages\/12621\/revisions"}],"predecessor-version":[{"id":12668,"href":"https:\/\/sjalfsbjorg.is\/en\/wp-json\/wp\/v2\/pages\/12621\/revisions\/12668"}],"up":[{"embeddable":true,"href":"https:\/\/sjalfsbjorg.is\/en\/wp-json\/wp\/v2\/pages\/766"}],"wp:attachment":[{"href":"https:\/\/sjalfsbjorg.is\/en\/wp-json\/wp\/v2\/media?parent=12621"}],"curies":[{"name":"wp","href":"https:\/\/api.w.org\/{rel}","templated":true}]}}