{"id":1803,"date":"2025-10-02T21:13:44","date_gmt":"2025-10-02T21:13:44","guid":{"rendered":"https:\/\/sjalfsbjorg.is\/?page_id=1803"},"modified":"2026-04-09T09:17:58","modified_gmt":"2026-04-09T09:17:58","slug":"sjalfsbjorg-a-akureyri-sagan","status":"publish","type":"page","link":"https:\/\/sjalfsbjorg.is\/en\/um-okkur\/adildarfelogin\/sjalfsbjorg-a-akureyri-sagan\/","title":{"rendered":"Sj\u00e1lfsbj\u00f6rg \u00e1 Akureyri &#8211; sagan"},"content":{"rendered":"<div data-elementor-type=\"wp-page\" data-elementor-id=\"1803\" class=\"elementor elementor-1803\" data-elementor-post-type=\"page\">\n\t\t\t\t<div class=\"elementor-element elementor-element-a663b20 e-flex e-con-boxed e-con e-parent\" data-id=\"a663b20\" data-element_type=\"container\" data-e-type=\"container\">\n\t\t\t\t\t<div class=\"e-con-inner\">\n\t\t<div class=\"elementor-element elementor-element-386411b e-con-full elementor-hidden-mobile e-flex e-con e-child\" data-id=\"386411b\" data-element_type=\"container\" data-e-type=\"container\">\n\t\t\t\t<div class=\"elementor-element elementor-element-f8063b0 elementor-invisible elementor-widget elementor-widget-nav-menu\" data-id=\"f8063b0\" data-element_type=\"widget\" data-e-type=\"widget\" data-settings=\"{&quot;layout&quot;:&quot;dropdown&quot;,&quot;_animation&quot;:&quot;fadeIn&quot;,&quot;submenu_icon&quot;:{&quot;value&quot;:&quot;&lt;svg aria-hidden=\\&quot;true\\&quot; class=\\&quot;e-font-icon-svg e-fas-caret-down\\&quot; viewBox=\\&quot;0 0 320 512\\&quot; xmlns=\\&quot;http:\\\/\\\/www.w3.org\\\/2000\\\/svg\\&quot;&gt;&lt;path d=\\&quot;M31.3 192h257.3c17.8 0 26.7 21.5 14.1 34.1L174.1 354.8c-7.8 7.8-20.5 7.8-28.3 0L17.2 226.1C4.6 213.5 13.5 192 31.3 192z\\&quot;&gt;&lt;\\\/path&gt;&lt;\\\/svg&gt;&quot;,&quot;library&quot;:&quot;fa-solid&quot;}}\" data-widget_type=\"nav-menu.default\">\n\t\t\t\t\t\t\t\t<nav class=\"elementor-nav-menu--dropdown elementor-nav-menu__container\" aria-hidden=\"true\">\n\t\t\t\t<ul id=\"menu-2-f8063b0\" class=\"elementor-nav-menu\"><li class=\"menu-item menu-item-type-post_type menu-item-object-page menu-item-841\"><a href=\"https:\/\/sjalfsbjorg.is\/en\/starfsemin\/landsfundir\/\" class=\"elementor-item\" tabindex=\"-1\">National meetings<\/a><\/li>\n<li class=\"menu-item menu-item-type-post_type menu-item-object-page menu-item-836\"><a href=\"https:\/\/sjalfsbjorg.is\/en\/starfsemin\/alyktanir\/\" class=\"elementor-item\" tabindex=\"-1\">Conclusions<\/a><\/li>\n<li class=\"menu-item menu-item-type-post_type menu-item-object-page menu-item-12638\"><a href=\"https:\/\/sjalfsbjorg.is\/en\/starfsemin\/happdraetti\/\" class=\"elementor-item\" tabindex=\"-1\">Lottery<\/a><\/li>\n<li class=\"menu-item menu-item-type-post_type menu-item-object-page menu-item-12895\"><a href=\"https:\/\/sjalfsbjorg.is\/en\/starfsemin\/klifur-timarit\/\" class=\"elementor-item\" tabindex=\"-1\">Climbing magazine<\/a><\/li>\n<li class=\"menu-item menu-item-type-post_type menu-item-object-page menu-item-12520\"><a href=\"https:\/\/sjalfsbjorg.is\/en\/starfsemin\/personuverndarstefna-sjalfsbjargar\/\" class=\"elementor-item\" tabindex=\"-1\">Privacy Policy<\/a><\/li>\n<li class=\"menu-item menu-item-type-post_type menu-item-object-page menu-item-12521\"><a href=\"https:\/\/sjalfsbjorg.is\/en\/starfsemin\/sidareglur-sjalfsbjargar\/\" class=\"elementor-item\" tabindex=\"-1\">Code of Conduct<\/a><\/li>\n<li class=\"menu-item menu-item-type-post_type menu-item-object-page menu-item-12522\"><a href=\"https:\/\/sjalfsbjorg.is\/en\/starfsemin\/starfsreglur-stjornar\/\" class=\"elementor-item\" tabindex=\"-1\">Starfsreglur<\/a><\/li>\n<li class=\"menu-item menu-item-type-post_type menu-item-object-page menu-item-12523\"><a href=\"https:\/\/sjalfsbjorg.is\/en\/starfsemin\/salfraedithjonusta\/\" class=\"elementor-item\" tabindex=\"-1\">Psychological services<\/a><\/li>\n<li class=\"menu-item menu-item-type-post_type menu-item-object-page menu-item-12524\"><a href=\"https:\/\/sjalfsbjorg.is\/en\/starfsemin\/adgengis-uttektir\/\" class=\"elementor-item\" tabindex=\"-1\">A\u00f0gengis\u00fattektir<\/a><\/li>\n<li class=\"menu-item menu-item-type-post_type menu-item-object-page menu-item-12613\"><a href=\"https:\/\/sjalfsbjorg.is\/en\/starfsemin\/styrkir\/\" class=\"elementor-item\" tabindex=\"-1\">Styrkir<\/a><\/li>\n<\/ul>\t\t\t<\/nav>\n\t\t\t\t\t\t<\/div>\n\t\t\t\t<\/div>\n\t\t<div class=\"elementor-element elementor-element-a4b00a3 e-con-full e-flex elementor-invisible e-con e-child\" data-id=\"a4b00a3\" data-element_type=\"container\" data-e-type=\"container\" data-settings=\"{&quot;animation&quot;:&quot;fadeIn&quot;}\">\n\t\t\t\t<div class=\"elementor-element elementor-element-fbe6534 elementor-widget elementor-widget-text-editor\" data-id=\"fbe6534\" data-element_type=\"widget\" data-e-type=\"widget\" data-widget_type=\"text-editor.default\">\n\t\t\t\t\t\t\t\t\t<div class=\"intro\"><p>Sj\u00e1lfsbj\u00f6rg, f\u00e9lag fatla\u00f0ra \u00e1 Akureyri var stofna\u00f0 \u00feann 8. okt\u00f3ber 1958 og hlaut nafni\u00f0 Sj\u00e1lfsbj\u00f6rg \u2013 f\u00e9lag fatla\u00f0ra \u00e1 Akureyri og n\u00e1grenni. Um hundra\u00f0 manns t\u00f6ldust stofnf\u00e9lagar en \u00fea\u00f0 voru \u00feeir sem skr\u00e1\u00f0u sig \u00ed f\u00e9lagi\u00f0 fyrir \u00e1ram\u00f3t. Milli fimmt\u00edu og sext\u00edu manns s\u00f3ttu stofnfundinn. Flj\u00f3tlega fj\u00f6lga\u00f0i \u00ed f\u00e9laginu og voru f\u00e9lagar or\u00f0nir um 140-150 s\u00ed\u00f0la \u00e1rs 1959. Fyrsti forma\u00f0ur f\u00e9lagsins var Emil Andersen. Hei\u00f0r\u00fan Steingr\u00edmsd\u00f3ttir var lengi forma\u00f0ur f\u00e9lagsins \u00e1 upphafs\u00e1runum.<\/p><p>F\u00e9lagi\u00f0 st\u00f3\u00f0 fyrir merkjas\u00f6lu og lag\u00f0i l\u00edkt og \u00f6nnur f\u00e9l\u00f6g helming hagna\u00f0arins \u00ed h\u00fasbyggingarsj\u00f3\u00f0 landssambandsins, en einnig var kaffisala, kvikmyndas\u00fdningar og dansleikir. F\u00f6ndur- og vinnukv\u00f6ld voru haldin vikulega og nutu mikilla vins\u00e6lda. Einnig voru haldnir fr\u00e6\u00f0slu- og skemmtifundir.<\/p><p>\u00deegar \u00e1 fyrsta starfs\u00e1ri var fari\u00f0 a\u00f0 huga a\u00f0 h\u00fasn\u00e6\u00f0i fyrir starfsemina fyrir vinnu- og f\u00e9lagsheimilis. Akureyrarb\u00e6r lag\u00f0i \u00feeim til l\u00f3\u00f0 vi\u00f0 Hvannavelli \u00e1 fyrsta starfs\u00e1rinu og framkv\u00e6mdir vi\u00f0 s\u00e9rteikna\u00f0 h\u00fas handa f\u00e9laginu h\u00f3fust \u00e1 \u00e1rinu 1959. \u00cd fyrsta \u00e1fanga var bygg\u00f0ur salur \u00e1samt eldh\u00fasi, skrifstofuherbergi og snyrtingum og dug\u00f0i \u00fea\u00f0 til fundahalda, f\u00f6ndurkv\u00f6lda og \u00feess konar starfsemi. F\u00e9kk h\u00fasi\u00f0 nafni\u00f0 Bjarg. Vi\u00f0 hli\u00f0ina \u00e1 \u00feessu r\u00fdmi var s\u00ed\u00f0an bygg\u00f0ur g\u00f3\u00f0ur vinnusalur og lauk byggingu hans \u00e1 tveimur \u00e1rum. B\u00ed\u00f0a \u00feurfti lengur eftir a\u00f0 taka vinnustofuna \u00ed notkun, einkum vegna \u00feess a\u00f0 veri\u00f0 var a\u00f0 leita a\u00f0 heppilegum i\u00f0na\u00f0i fyrir f\u00e9lagsmenn. Ni\u00f0ursta\u00f0an var\u00f0 a\u00f0 setja upp verksmi\u00f0ju sem framleiddi plasthluti af \u00fdmsu tagi. Hausti\u00f0 1967 var r\u00e1\u00f0inn verksmi\u00f0justj\u00f3ri, Gunnar Helgason, og kynnti hann s\u00e9r hli\u00f0st\u00e6\u00f0an rekstur erlendis og kom me\u00f0 v\u00e9lar \u00ed verksmi\u00f0juna me\u00f0 s\u00e9r heim, Plasti\u00f0juna Bjarg. A\u00f0alframlei\u00f0sluvaran voru tengid\u00f3sir fyrir raflagnir.<\/p><p>Endurh\u00e6fingarst\u00f6\u00f0 Bjargs var sett \u00e1 laggirnar \u00e1ri\u00f0 1970 og var Magn\u00fas \u00d3lafsson sj\u00fakra\u00fej\u00e1lfari r\u00e1\u00f0inn til st\u00f6\u00f0varinnar. \u00c1ri s\u00ed\u00f0ar h\u00f3f plasi\u00f0jan einnig framlei\u00f0slu \u00e1 fiskk\u00f6ssum.<\/p><p>\u00cd t\u00edmariti Sj\u00e1lfsbjargar m\u00e1 lesa um stu\u00f0ning sem veittur var til \u00feessa \u00fearfa framtaks \u00ed endurh\u00e6fingarm\u00e1lum:<\/p><p>,,\u00cd framhaldi af endurh\u00e6fingarl\u00f6gunum er m\u00e9r \u00e1n\u00e6gja a\u00f0 geta \u00feess, a\u00f0 Sj\u00e1lfsbj\u00f6rg \u00e1 Akureyri vinnur n\u00fa a\u00f0 stofnun endurh\u00e6fingarst\u00f6\u00f0var og er s\u00e1 undirb\u00faningur vel \u00e1 veg kominn. Kiwaniskl\u00fabburinn Kaldbakur mun styrkja f\u00e9lagi\u00f0 til t\u00e6kjakaupa og sj\u00fakra\u00fej\u00e1lfari hefur veri\u00f0 r\u00e1\u00f0inn. Er \u00feetta fyrsta f\u00e9lagi\u00f0 innan landssambandsins, sem kemur sl\u00edkri st\u00f6\u00f0 \u00e1 stofn, en vafalaust munu hin flj\u00f3tlega fylgja \u00ed kj\u00f6lfari\u00f0, \u00fev\u00ed a\u00f0 \u00fe\u00f6rfin er br\u00fdn.\u201d<\/p><p>\u00c1ri\u00f0 1972 var fari\u00f0 a\u00f0 huga a\u00f0 h\u00f6nnun n\u00fdrrar byggingar \u00e1 vegum Sj\u00e1lfsbjargar \u00e1 Akureyri, en \u00fea\u00f0 var aukin og endurb\u00e6tt endurh\u00e6fingarst\u00f6\u00f0 \u00e1 l\u00f3\u00f0 f\u00e9lagsins \u00ed Lundahverfi. Fyrsta sk\u00f3flustungan var tekin 21. \u00e1g\u00fast 1976. \u00deann 1. mars 1981 var kjallari h\u00fassins a\u00f0 mestu fullb\u00fainn og \u00feanga\u00f0 fluttist Plasti\u00f0jan Bjarg \u00fear sem 18-20 manns st\u00f6rfu\u00f0u um \u00fe\u00e6r mundir og vi\u00f0b\u00f3tarverkefni fengust \u00feegar samsetning \u00e1 rafmagnskl\u00f3m b\u00e6ttist vi\u00f0 framlei\u00f0sluna. S\u00f6mulei\u00f0is flutti skrifstofa f\u00e9lagsins \u00ed n\u00fdja h\u00fasn\u00e6\u00f0i\u00f0. Endurh\u00e6fingin fluttist \u00far gamla h\u00fasinu a\u00f0 hausti sama \u00e1rs. S\u00ed\u00f0ar var \u00ed\u00fer\u00f3ttasal og sundlaug b\u00e6tt vi\u00f0 h\u00fasn\u00e6\u00f0i\u00f0 og \u00f6flug endurh\u00e6fingarstarfsemi hefur veri\u00f0 a\u00f0 Bjargi \u00e6 s\u00ed\u00f0an.\u00a0 N\u00fdja \u00ed\u00fer\u00f3ttah\u00fasi\u00f0 var teki\u00f0 \u00ed notkun \u00e1ri\u00f0 1988 \u00e1 30 \u00e1ra afm\u00e6li f\u00e9lagsins. H\u00fasasm\u00ed\u00f0ameistari beggja h\u00fasanna var J\u00f3n G\u00edslason. \u00c1ri\u00f0 1997 voru tveir f\u00e9lagssalir teknir \u00ed notkun \u00ed kjallara Bjargs.<\/p><p>\u00c1 \u00e1runum 1992-1993 t\u00f3ku opinberir a\u00f0ilar, r\u00edki og Akureyrarb\u00e6r, vi\u00f0 hluta af h\u00fasn\u00e6\u00f0i og i\u00f0nrekstri Bjargs af Sj\u00e1lfsbj\u00f6rg \u00e1 Akureyri og \u00e1ri\u00f0 2001 t\u00f3k L\u00edkamsr\u00e6ktin Bjarg h\u00fasn\u00e6\u00f0i \u00e1 leigu hj\u00e1 f\u00e9laginu og yfirt\u00f3k rekstur l\u00edkamsr\u00e6ktarinnar. Sj\u00fakra\u00fej\u00e1lfunin var \u00e1fram \u00e1 vegum Sj\u00e1lfsbjargar \u00e1 Akureyri og f\u00e9lagi\u00f0 f\u00e9kk fyrsta sj\u00e1lfst\u00e6\u00f0a samning sinn vi\u00f0 Tryggingastofnun r\u00edkisins vegna sj\u00fakra\u00fej\u00e1lfunar \u00e1ri\u00f0 2002. Tveimur \u00e1rum s\u00ed\u00f0ar var \u00ed\u00fer\u00f3ttah\u00fasi\u00f0 selt til L\u00edkamsr\u00e6ktarinnar \u00e1 Bjargi ehf. en i\u00f0ju\u00fej\u00e1lfi er r\u00e1\u00f0inn me\u00f0 samningi vi\u00f0 Tryggingastofnun a\u00f0 Bjargi. \u00c1ri\u00f0 2007 var r\u00e1\u00f0ist \u00ed verulegar breytingar \u00e1 vegum f\u00e9lagsins \u00e1 h\u00fasn\u00e6\u00f0i \u00fev\u00ed sem tilheyr\u00f0i i\u00f0ju\u00fej\u00e1lfuninni. N\u00fa hafa eldri borgarar a\u00f0st\u00f6\u00f0u \u00ed kjallara h\u00fassins \u00e1 vegum Akureyrarb\u00e6jar.<\/p><p>Forma\u00f0ur Sj\u00e1lfsbjargar \u00e1 Akureyri \u00e1 50 \u00e1ra afm\u00e6lis\u00e1ri Sj\u00e1lfsbjargar lsf. (2009) og jafnframt \u00e1 60 \u00e1ra afm\u00e6li f\u00e9lagsins (2018) er Herd\u00eds Ingvad\u00f3ttir.<\/p><\/div><div class=\"image-block large\"><div class=\"img-container\"><img decoding=\"async\" src=\"https:\/\/sjalfsbjorg.overcastcdn.com\/images\/akbarattuferd.max-566x380.jpg\" srcset=\"\/\/sjalfsbjorg.overcastcdn.com\/images\/akbarattuferd.max-1132x760.jpg 2x\" alt=\"\" \/><br \/><span class=\"caption\">Mynd: Lagt upp fr\u00e1 Akureyri \u00ed bar\u00e1ttu- og \u00e1heitafer\u00f0 fj\u00f6gurra Sj\u00e1lfsbjargarf\u00e9laga \u00e1ri\u00f0 1989. \u00de\u00e1verandi forma\u00f0ur leggur, J\u00f3hann P\u00e9tur Sveinsson hefur fer\u00f0ina.<\/span><\/div><\/div>\t\t\t\t\t\t\t\t<\/div>\n\t\t\t\t<\/div>\n\t\t\t\t\t<\/div>\n\t\t\t\t<\/div>\n\t\t\t\t<\/div>","protected":false},"excerpt":{"rendered":"<p>Sj\u00e1lfsbj\u00f6rg, f\u00e9lag fatla\u00f0ra \u00e1 Akureyri var stofna\u00f0 \u00feann 8. okt\u00f3ber 1958 og hlaut nafni\u00f0 Sj\u00e1lfsbj\u00f6rg \u2013 f\u00e9lag fatla\u00f0ra \u00e1 Akureyri og n\u00e1grenni. Um hundra\u00f0 manns t\u00f6ldust stofnf\u00e9lagar en \u00fea\u00f0 voru \u00feeir sem skr\u00e1\u00f0u sig \u00ed f\u00e9lagi\u00f0 fyrir \u00e1ram\u00f3t. Milli fimmt\u00edu og sext\u00edu manns s\u00f3ttu stofnfundinn. Flj\u00f3tlega fj\u00f6lga\u00f0i \u00ed f\u00e9laginu og voru f\u00e9lagar or\u00f0nir um 140-150 [&hellip;]<\/p>\n","protected":false},"author":1,"featured_media":0,"parent":768,"menu_order":0,"comment_status":"closed","ping_status":"closed","template":"elementor_theme","meta":{"footnotes":""},"class_list":["post-1803","page","type-page","status-publish","hentry"],"_links":{"self":[{"href":"https:\/\/sjalfsbjorg.is\/en\/wp-json\/wp\/v2\/pages\/1803","targetHints":{"allow":["GET"]}}],"collection":[{"href":"https:\/\/sjalfsbjorg.is\/en\/wp-json\/wp\/v2\/pages"}],"about":[{"href":"https:\/\/sjalfsbjorg.is\/en\/wp-json\/wp\/v2\/types\/page"}],"author":[{"embeddable":true,"href":"https:\/\/sjalfsbjorg.is\/en\/wp-json\/wp\/v2\/users\/1"}],"replies":[{"embeddable":true,"href":"https:\/\/sjalfsbjorg.is\/en\/wp-json\/wp\/v2\/comments?post=1803"}],"version-history":[{"count":25,"href":"https:\/\/sjalfsbjorg.is\/en\/wp-json\/wp\/v2\/pages\/1803\/revisions"}],"predecessor-version":[{"id":12768,"href":"https:\/\/sjalfsbjorg.is\/en\/wp-json\/wp\/v2\/pages\/1803\/revisions\/12768"}],"up":[{"embeddable":true,"href":"https:\/\/sjalfsbjorg.is\/en\/wp-json\/wp\/v2\/pages\/768"}],"wp:attachment":[{"href":"https:\/\/sjalfsbjorg.is\/en\/wp-json\/wp\/v2\/media?parent=1803"}],"curies":[{"name":"wp","href":"https:\/\/api.w.org\/{rel}","templated":true}]}}