{"id":1819,"date":"2025-10-02T21:21:00","date_gmt":"2025-10-02T21:21:00","guid":{"rendered":"https:\/\/sjalfsbjorg.is\/?page_id=1819"},"modified":"2026-04-09T09:26:12","modified_gmt":"2026-04-09T09:26:12","slug":"sjalfsbjorg-i-austur-hunavatnssyslu-sagan","status":"publish","type":"page","link":"https:\/\/sjalfsbjorg.is\/en\/um-okkur\/adildarfelogin\/sjalfsbjorg-i-austur-hunavatnssyslu-sagan\/","title":{"rendered":"Sj\u00e1lfsbj\u00f6rg \u00ed Austur-H\u00fanavatnss\u00fdslu &#8211; Sagan"},"content":{"rendered":"<div data-elementor-type=\"wp-page\" data-elementor-id=\"1819\" class=\"elementor elementor-1819\" data-elementor-post-type=\"page\">\n\t\t\t\t<div class=\"elementor-element elementor-element-178deb9 e-flex e-con-boxed e-con e-parent\" data-id=\"178deb9\" data-element_type=\"container\" data-e-type=\"container\">\n\t\t\t\t\t<div class=\"e-con-inner\">\n\t\t<div class=\"elementor-element elementor-element-97ebd66 e-con-full elementor-hidden-mobile e-flex e-con e-child\" data-id=\"97ebd66\" data-element_type=\"container\" data-e-type=\"container\">\n\t\t\t\t<div class=\"elementor-element elementor-element-6488fde elementor-invisible elementor-widget elementor-widget-nav-menu\" data-id=\"6488fde\" data-element_type=\"widget\" data-e-type=\"widget\" data-settings=\"{&quot;layout&quot;:&quot;dropdown&quot;,&quot;_animation&quot;:&quot;fadeIn&quot;,&quot;submenu_icon&quot;:{&quot;value&quot;:&quot;&lt;svg aria-hidden=\\&quot;true\\&quot; class=\\&quot;e-font-icon-svg e-fas-caret-down\\&quot; viewBox=\\&quot;0 0 320 512\\&quot; xmlns=\\&quot;http:\\\/\\\/www.w3.org\\\/2000\\\/svg\\&quot;&gt;&lt;path d=\\&quot;M31.3 192h257.3c17.8 0 26.7 21.5 14.1 34.1L174.1 354.8c-7.8 7.8-20.5 7.8-28.3 0L17.2 226.1C4.6 213.5 13.5 192 31.3 192z\\&quot;&gt;&lt;\\\/path&gt;&lt;\\\/svg&gt;&quot;,&quot;library&quot;:&quot;fa-solid&quot;}}\" data-widget_type=\"nav-menu.default\">\n\t\t\t\t\t\t\t\t<nav class=\"elementor-nav-menu--dropdown elementor-nav-menu__container\" aria-hidden=\"true\">\n\t\t\t\t<ul id=\"menu-2-6488fde\" class=\"elementor-nav-menu\"><li class=\"menu-item menu-item-type-post_type menu-item-object-page menu-item-841\"><a href=\"https:\/\/sjalfsbjorg.is\/en\/starfsemin\/landsfundir\/\" class=\"elementor-item\" tabindex=\"-1\">National meetings<\/a><\/li>\n<li class=\"menu-item menu-item-type-post_type menu-item-object-page menu-item-836\"><a href=\"https:\/\/sjalfsbjorg.is\/en\/starfsemin\/alyktanir\/\" class=\"elementor-item\" tabindex=\"-1\">Conclusions<\/a><\/li>\n<li class=\"menu-item menu-item-type-post_type menu-item-object-page menu-item-12638\"><a href=\"https:\/\/sjalfsbjorg.is\/en\/starfsemin\/happdraetti\/\" class=\"elementor-item\" tabindex=\"-1\">Lottery<\/a><\/li>\n<li class=\"menu-item menu-item-type-post_type menu-item-object-page menu-item-12895\"><a href=\"https:\/\/sjalfsbjorg.is\/en\/starfsemin\/klifur-timarit\/\" class=\"elementor-item\" tabindex=\"-1\">Climbing magazine<\/a><\/li>\n<li class=\"menu-item menu-item-type-post_type menu-item-object-page menu-item-12520\"><a href=\"https:\/\/sjalfsbjorg.is\/en\/starfsemin\/personuverndarstefna-sjalfsbjargar\/\" class=\"elementor-item\" tabindex=\"-1\">Privacy Policy<\/a><\/li>\n<li class=\"menu-item menu-item-type-post_type menu-item-object-page menu-item-12521\"><a href=\"https:\/\/sjalfsbjorg.is\/en\/starfsemin\/sidareglur-sjalfsbjargar\/\" class=\"elementor-item\" tabindex=\"-1\">Code of Conduct<\/a><\/li>\n<li class=\"menu-item menu-item-type-post_type menu-item-object-page menu-item-12522\"><a href=\"https:\/\/sjalfsbjorg.is\/en\/starfsemin\/starfsreglur-stjornar\/\" class=\"elementor-item\" tabindex=\"-1\">Starfsreglur<\/a><\/li>\n<li class=\"menu-item menu-item-type-post_type menu-item-object-page menu-item-12523\"><a href=\"https:\/\/sjalfsbjorg.is\/en\/starfsemin\/salfraedithjonusta\/\" class=\"elementor-item\" tabindex=\"-1\">Psychological services<\/a><\/li>\n<li class=\"menu-item menu-item-type-post_type menu-item-object-page menu-item-12524\"><a href=\"https:\/\/sjalfsbjorg.is\/en\/starfsemin\/adgengis-uttektir\/\" class=\"elementor-item\" tabindex=\"-1\">A\u00f0gengis\u00fattektir<\/a><\/li>\n<li class=\"menu-item menu-item-type-post_type menu-item-object-page menu-item-12613\"><a href=\"https:\/\/sjalfsbjorg.is\/en\/starfsemin\/styrkir\/\" class=\"elementor-item\" tabindex=\"-1\">Styrkir<\/a><\/li>\n<\/ul>\t\t\t<\/nav>\n\t\t\t\t\t\t<\/div>\n\t\t\t\t<\/div>\n\t\t<div class=\"elementor-element elementor-element-e0af23a e-con-full e-flex elementor-invisible e-con e-child\" data-id=\"e0af23a\" data-element_type=\"container\" data-e-type=\"container\" data-settings=\"{&quot;animation&quot;:&quot;fadeIn&quot;}\">\n\t\t\t\t<div class=\"elementor-element elementor-element-4e15082 elementor-widget elementor-widget-text-editor\" data-id=\"4e15082\" data-element_type=\"widget\" data-e-type=\"widget\" data-widget_type=\"text-editor.default\">\n\t\t\t\t\t\t\t\t\t<div class=\"intro\"><section><div class=\"container-fluid clamped\"><div class=\"row justify-content-center justify-content-md-start\"><div class=\"col-xl-7 col-md-9 offset-xl-1 col-14\"><div class=\"intro\"><p>Sj\u00e1lfsbjargarf\u00e9lag var stofna\u00f0 \u00ed Austur \u2013 H\u00fanavatnss\u00fdslu \u00feann 2. apr\u00edl \u00e1ri\u00f0 1981. Fyrsti forma\u00f0ur f\u00e9lagsins var Gu\u00f0mundur Klemensson. Stofnfundurinn var haldinn \u00ed framhaldi af kynningarfundi sem starfsnefnd \u00e1 vegum J.C. H\u00fanabygg\u00f0 og Samband austur-h\u00fanvetnskra kvenna (SAHK) efndu til. \u00d3l\u00f6f R\u00edkar\u00f0sd\u00f3ttir m\u00e6tti \u00e1 stofnfundinn og sag\u00f0i fr\u00e1 starfsemi Sj\u00e1lfsbjargar. \u00c1 framhaldsstofnfundi 25. ma\u00ed sama \u00e1r f\u00e9kk hi\u00f0 n\u00fdstofna\u00f0a f\u00e9lag g\u00f3\u00f0ar gjafir.<br \/><br \/>\u00c1ri\u00f0 1982 gaf f\u00e9lagi\u00f0 H\u00e9ra\u00f0sh\u00e6linu \u00e1 Bl\u00f6ndu\u00f3si \u00fej\u00e1lfunarbekk og st\u00f3l. Fyrirkomulag og a\u00f0sta\u00f0a til sj\u00fakra\u00fej\u00e1lfunar var \u00fe\u00e1 til umr\u00e6\u00f0u. F\u00e9lagi\u00f0 hefur haldi\u00f0 \u00e1fram a\u00f0 styrkja heilbrig\u00f0isstofnun h\u00e9ra\u00f0sins og f\u00e6r\u00f0i H\u00e9ra\u00f0ssj\u00fakrah\u00fasinu \u00e1 Bl\u00f6ndu\u00f3si a\u00f0 gj\u00f6f tvo hj\u00f3last\u00f3la \u00e1ri\u00f0 2000 \u00ed minningu Gu\u00f0mundar Klemenssonar, sem \u00fe\u00e1 var l\u00e1tinn. Fleiri gjafir hafa veri\u00f0 gefnar til sj\u00fakrah\u00fassins \u00e1 umli\u00f0num \u00e1rum.<br \/><br \/>Hausti\u00f0 1989 er J\u00f3hann P\u00e9tur Sveinsson og fleiri f\u00f3ru \u00e1 rafmagnshj\u00f3last\u00f3lum fr\u00e1 Akureyri til Reykjav\u00edkur komu \u00feeir vi\u00f0 \u00e1 Bl\u00f6ndu\u00f3si og var teki\u00f0 \u00e1 m\u00f3ti \u00feeim me\u00f0 kaffisams\u00e6ti.<br \/><br \/>\u00cd febr\u00faar \u00e1ri\u00f0 2000 var be\u00f0i\u00f0 um a\u00f0sto\u00f0 fr\u00e1 Sj\u00e1lfsbj\u00f6rg, landssambandi fatla\u00f0ra, vi\u00f0 a\u00f0 hj\u00e1lpa til vi\u00f0 a\u00f0 \u00fer\u00fdsta \u00e1 b\u00e6tt a\u00f0gengi inn \u00e1 s\u00fdsluskrifstofu Austur \u2013 H\u00fanvetninga. Bei\u00f0nin kom fr\u00e1 \u00fe\u00e1verandi s\u00fdslumanni, Kjartani \u00deorkelssyni og t\u00edmasetning bei\u00f0ninnar var ef til vill ekki tilviljun, \u00fev\u00ed Arn\u00f3r P\u00e9tursson forma\u00f0ur Sj\u00e1lfsbjargar og Sigur\u00f0ur Einarsson framkv\u00e6mdastj\u00f3ri voru \u00fe\u00e1 \u00ed heims\u00f3kn \u00e1 Bl\u00f6ndu\u00f3si. Fyrir h\u00f6nd Sj\u00e1lfsbjargar \u00ed Austur \u2013 H\u00fanavatnss\u00fdslu var Gu\u00f0finna Einarsd\u00f3ttir \u00ed forsvari og s\u00fdsluma\u00f0ur s\u00e1 er t\u00f3k vi\u00f0 af Kjartani \u00e1samt fleirum. \u00deetta er a\u00f0eins eitt af nokkrum d\u00e6mum um \u00e1tak \u00ed ferlim\u00e1lum \u00ed Austur \u2013 H\u00fanavatnss\u00fdslu, en ferlim\u00e1lin hafa gjarnan veri\u00f0 a\u00f0albar\u00e1ttum\u00e1l f\u00e9lagsins.<br \/><br \/>Forma\u00f0ur Sj\u00e1lfsbjargar, Austur-H\u00fanavatnss\u00fdslu \u00e1 50 \u00e1ra afm\u00e6lis\u00e1ri Sj\u00e1lfsbjargar lsf. (2009) sem og \u00e1 60 \u00e1ra afm\u00e6lis\u00e1ri landssambandsins 2019 var Ingunn Mar\u00eda Bj\u00f6rnsd\u00f3ttir.<\/p><\/div><div class=\"image-block  large\"><div class=\"img-container\"><img decoding=\"async\" src=\"https:\/\/sjalfsbjorg.overcastcdn.com\/images\/skaustuhun.max-566x380.jpg\" srcset=\"\/\/sjalfsbjorg.overcastcdn.com\/images\/skaustuhun.max-1132x760.jpg 2x\" alt=\"\" \/>\u00a0<\/div><h6 class=\"img-container\"><span class=\"caption\">Sj\u00e1lfsbjargarf\u00e9lagar \u00ed Austur H\u00fanavatnss\u00fdslu gefa hjartastu\u00f0t\u00e6ki, \u00far Morgunbla\u00f0inu 24. jan\u00faar 2003.<\/span><\/h6><\/div><\/div><\/div><\/div><\/section><\/div>\t\t\t\t\t\t\t\t<\/div>\n\t\t\t\t<\/div>\n\t\t\t\t\t<\/div>\n\t\t\t\t<\/div>\n\t\t\t\t<\/div>","protected":false},"excerpt":{"rendered":"<p>Sj\u00e1lfsbjargarf\u00e9lag var stofna\u00f0 \u00ed Austur \u2013 H\u00fanavatnss\u00fdslu \u00feann 2. apr\u00edl \u00e1ri\u00f0 1981. Fyrsti forma\u00f0ur f\u00e9lagsins var Gu\u00f0mundur Klemensson. Stofnfundurinn var haldinn \u00ed framhaldi af kynningarfundi sem starfsnefnd \u00e1 vegum J.C. H\u00fanabygg\u00f0 og Samband austur-h\u00fanvetnskra kvenna (SAHK) efndu til. \u00d3l\u00f6f R\u00edkar\u00f0sd\u00f3ttir m\u00e6tti \u00e1 stofnfundinn og sag\u00f0i fr\u00e1 starfsemi Sj\u00e1lfsbjargar. \u00c1 framhaldsstofnfundi 25. ma\u00ed sama \u00e1r f\u00e9kk [&hellip;]<\/p>\n","protected":false},"author":1,"featured_media":0,"parent":768,"menu_order":0,"comment_status":"closed","ping_status":"closed","template":"elementor_theme","meta":{"footnotes":""},"class_list":["post-1819","page","type-page","status-publish","hentry"],"_links":{"self":[{"href":"https:\/\/sjalfsbjorg.is\/en\/wp-json\/wp\/v2\/pages\/1819","targetHints":{"allow":["GET"]}}],"collection":[{"href":"https:\/\/sjalfsbjorg.is\/en\/wp-json\/wp\/v2\/pages"}],"about":[{"href":"https:\/\/sjalfsbjorg.is\/en\/wp-json\/wp\/v2\/types\/page"}],"author":[{"embeddable":true,"href":"https:\/\/sjalfsbjorg.is\/en\/wp-json\/wp\/v2\/users\/1"}],"replies":[{"embeddable":true,"href":"https:\/\/sjalfsbjorg.is\/en\/wp-json\/wp\/v2\/comments?post=1819"}],"version-history":[{"count":17,"href":"https:\/\/sjalfsbjorg.is\/en\/wp-json\/wp\/v2\/pages\/1819\/revisions"}],"predecessor-version":[{"id":12803,"href":"https:\/\/sjalfsbjorg.is\/en\/wp-json\/wp\/v2\/pages\/1819\/revisions\/12803"}],"up":[{"embeddable":true,"href":"https:\/\/sjalfsbjorg.is\/en\/wp-json\/wp\/v2\/pages\/768"}],"wp:attachment":[{"href":"https:\/\/sjalfsbjorg.is\/en\/wp-json\/wp\/v2\/media?parent=1819"}],"curies":[{"name":"wp","href":"https:\/\/api.w.org\/{rel}","templated":true}]}}