{"id":1921,"date":"2025-10-02T22:33:54","date_gmt":"2025-10-02T22:33:54","guid":{"rendered":"https:\/\/sjalfsbjorg.is\/?page_id=1921"},"modified":"2026-04-09T09:21:20","modified_gmt":"2026-04-09T09:21:20","slug":"sjalfsbjorg-i-bolungarvik-sagan","status":"publish","type":"page","link":"https:\/\/sjalfsbjorg.is\/en\/um-okkur\/adildarfelogin\/sjalfsbjorg-i-bolungarvik-sagan\/","title":{"rendered":"Sj\u00e1lfsbj\u00f6rg \u00ed Bolungarv\u00edk &#8211; Sagan"},"content":{"rendered":"<div data-elementor-type=\"wp-page\" data-elementor-id=\"1921\" class=\"elementor elementor-1921\" data-elementor-post-type=\"page\">\n\t\t\t\t<div class=\"elementor-element elementor-element-38759d8 e-flex e-con-boxed e-con e-parent\" data-id=\"38759d8\" data-element_type=\"container\" data-e-type=\"container\">\n\t\t\t\t\t<div class=\"e-con-inner\">\n\t\t<div class=\"elementor-element elementor-element-94e88b5 e-con-full elementor-hidden-mobile e-flex e-con e-child\" data-id=\"94e88b5\" data-element_type=\"container\" data-e-type=\"container\">\n\t\t\t\t<div class=\"elementor-element elementor-element-2f65c68 elementor-invisible elementor-widget elementor-widget-nav-menu\" data-id=\"2f65c68\" data-element_type=\"widget\" data-e-type=\"widget\" data-settings=\"{&quot;layout&quot;:&quot;dropdown&quot;,&quot;_animation&quot;:&quot;fadeIn&quot;,&quot;submenu_icon&quot;:{&quot;value&quot;:&quot;&lt;svg aria-hidden=\\&quot;true\\&quot; class=\\&quot;e-font-icon-svg e-fas-caret-down\\&quot; viewBox=\\&quot;0 0 320 512\\&quot; xmlns=\\&quot;http:\\\/\\\/www.w3.org\\\/2000\\\/svg\\&quot;&gt;&lt;path d=\\&quot;M31.3 192h257.3c17.8 0 26.7 21.5 14.1 34.1L174.1 354.8c-7.8 7.8-20.5 7.8-28.3 0L17.2 226.1C4.6 213.5 13.5 192 31.3 192z\\&quot;&gt;&lt;\\\/path&gt;&lt;\\\/svg&gt;&quot;,&quot;library&quot;:&quot;fa-solid&quot;}}\" data-widget_type=\"nav-menu.default\">\n\t\t\t\t\t\t\t\t<nav class=\"elementor-nav-menu--dropdown elementor-nav-menu__container\" aria-hidden=\"true\">\n\t\t\t\t<ul id=\"menu-2-2f65c68\" class=\"elementor-nav-menu\"><li class=\"menu-item menu-item-type-post_type menu-item-object-page menu-item-841\"><a href=\"https:\/\/sjalfsbjorg.is\/en\/starfsemin\/landsfundir\/\" class=\"elementor-item\" tabindex=\"-1\">National meetings<\/a><\/li>\n<li class=\"menu-item menu-item-type-post_type menu-item-object-page menu-item-836\"><a href=\"https:\/\/sjalfsbjorg.is\/en\/starfsemin\/alyktanir\/\" class=\"elementor-item\" tabindex=\"-1\">Conclusions<\/a><\/li>\n<li class=\"menu-item menu-item-type-post_type menu-item-object-page menu-item-12638\"><a href=\"https:\/\/sjalfsbjorg.is\/en\/starfsemin\/happdraetti\/\" class=\"elementor-item\" tabindex=\"-1\">Lottery<\/a><\/li>\n<li class=\"menu-item menu-item-type-post_type menu-item-object-page menu-item-12895\"><a href=\"https:\/\/sjalfsbjorg.is\/en\/starfsemin\/klifur-timarit\/\" class=\"elementor-item\" tabindex=\"-1\">Climbing magazine<\/a><\/li>\n<li class=\"menu-item menu-item-type-post_type menu-item-object-page menu-item-12520\"><a href=\"https:\/\/sjalfsbjorg.is\/en\/starfsemin\/personuverndarstefna-sjalfsbjargar\/\" class=\"elementor-item\" tabindex=\"-1\">Privacy Policy<\/a><\/li>\n<li class=\"menu-item menu-item-type-post_type menu-item-object-page menu-item-12521\"><a href=\"https:\/\/sjalfsbjorg.is\/en\/starfsemin\/sidareglur-sjalfsbjargar\/\" class=\"elementor-item\" tabindex=\"-1\">Code of Conduct<\/a><\/li>\n<li class=\"menu-item menu-item-type-post_type menu-item-object-page menu-item-12522\"><a href=\"https:\/\/sjalfsbjorg.is\/en\/starfsemin\/starfsreglur-stjornar\/\" class=\"elementor-item\" tabindex=\"-1\">Starfsreglur<\/a><\/li>\n<li class=\"menu-item menu-item-type-post_type menu-item-object-page menu-item-12523\"><a href=\"https:\/\/sjalfsbjorg.is\/en\/starfsemin\/salfraedithjonusta\/\" class=\"elementor-item\" tabindex=\"-1\">Psychological services<\/a><\/li>\n<li class=\"menu-item menu-item-type-post_type menu-item-object-page menu-item-12524\"><a href=\"https:\/\/sjalfsbjorg.is\/en\/starfsemin\/adgengis-uttektir\/\" class=\"elementor-item\" tabindex=\"-1\">A\u00f0gengis\u00fattektir<\/a><\/li>\n<li class=\"menu-item menu-item-type-post_type menu-item-object-page menu-item-12613\"><a href=\"https:\/\/sjalfsbjorg.is\/en\/starfsemin\/styrkir\/\" class=\"elementor-item\" tabindex=\"-1\">Styrkir<\/a><\/li>\n<\/ul>\t\t\t<\/nav>\n\t\t\t\t\t\t<\/div>\n\t\t\t\t<\/div>\n\t\t<div class=\"elementor-element elementor-element-fa84b6c e-con-full e-flex elementor-invisible e-con e-child\" data-id=\"fa84b6c\" data-element_type=\"container\" data-e-type=\"container\" data-settings=\"{&quot;animation&quot;:&quot;fadeIn&quot;}\">\n\t\t\t\t<div class=\"elementor-element elementor-element-6987401 elementor-widget elementor-widget-text-editor\" data-id=\"6987401\" data-element_type=\"widget\" data-e-type=\"widget\" data-widget_type=\"text-editor.default\">\n\t\t\t\t\t\t\t\t\t<p>Sj\u00e1lfsbjargarf\u00e9lagi\u00f0 \u00ed Bolungarv\u00edk var stofna\u00f0 \u00e1ri\u00f0 1959. Fyrstu \u00e1rin einbeitti f\u00e9lagi\u00f0 s\u00e9r a\u00f0 f\u00e9lagsstarfi fyrir f\u00e9lagsmenn. Fyrsti forma\u00f0ur f\u00e9lagsins var Kristj\u00e1n J\u00fal\u00edusson.<\/p><p>\u00c1ri\u00f0 1962 voru fullgildir f\u00e9lagar or\u00f0nir fimmt\u00e1n og styrktarf\u00e9lagar voru \u00e1tj\u00e1n. Einn haf\u00f0i \u00fe\u00e1 veri\u00f0 ger\u00f0ur a\u00f0 \u00e6vif\u00e9laga.<\/p><p>1968 voru haldin vikuleg vinnukv\u00f6ld \u00ed Bolungarvik en h\u00fasn\u00e6\u00f0isskortur h\u00e1ir starfseminni.<\/p><p>Sj\u00e1lfsbj\u00f6rg \u00e1 Bolungarv\u00edk t\u00f3k upp sama si\u00f0 og f\u00e9lagi\u00f0 \u00e1 Siglufi\u00f0ri og baka\u00f0i s\u00f3larp\u00f6nnuk\u00f6kur, en p\u00f6nnuk\u00f6kusalan f\u00f3r fram 23.-25. jan\u00faar \u00feegar s\u00f3lin birtist Bolv\u00edkingum. F\u00e9lagi\u00f0 hefur gefi\u00f0 peninga sem safnast \u00ed s\u00f3larkaffinu og \u00e1 \u00fatimarka\u00f0i,\u00a0 j\u00f3labasar og \u00f6\u00f0rum fj\u00e1r\u00f6flunard\u00f6gum til t\u00e6kjakaupa \u00e1 sj\u00fakra\u00fej\u00e1lfunarst\u00f6\u00f0 Bolungarv\u00edkur. Flest \u00f6ll t\u00e6kin sem hafa veri\u00f0 keypt \u00feanga\u00f0 fr\u00e1 \u00e1rinu 1982 hafa Sj\u00e1lfsbjargarf\u00e9lagar afla\u00f0 fj\u00e1r til. \u00c1ri\u00f0 1993 var einnig \u00e1kve\u00f0i\u00f0 a\u00f0 gefa kirkjunni t\u00f3nm\u00f6skva fyrir heyrnaskerta. \u00deegar bygg\u00f0ar voru \u00fej\u00f3nustu\u00edb\u00fa\u00f0ir \u00ed Bolungarv\u00edk, snemma \u00e1 t\u00edunda \u00e1ratugnum haf\u00f0i Sj\u00e1lfsbj\u00f6rg \u00ed Bolungarv\u00edk r\u00e1\u00f0st\u00f6funarr\u00e9tt yfir \u00feremur \u00feeirra.<\/p><p>Starfsemi Sj\u00e1lfsbjargar \u00ed Bolungarv\u00edk er enn \u00e1 f\u00e9lagslegum n\u00f3tum eins og sj\u00e1 m\u00e1 \u00e1 \u00fev\u00ed a\u00f0 f\u00e9lagi\u00f0 h\u00e9lt umfangsmikla spurningakeppni \u00e1ri\u00f0 2005.<\/p><p>Forma\u00f0ur Sj\u00e1lfsbjargar \u00ed Bolungarv\u00edk \u00e1 50 \u00e1ra afm\u00e6lis\u00e1ri Sj\u00e1lfsbjargar lsf. (2009) var Anna Torfad\u00f3ttir. \u00c1 60 \u00e1ra afm\u00e6lis\u00e1ri f\u00e9lagsins 2019 var forma\u00f0ur Kristj\u00e1n Karl J\u00fal\u00edusson.<\/p>\t\t\t\t\t\t\t\t<\/div>\n\t\t\t\t<\/div>\n\t\t\t\t\t<\/div>\n\t\t\t\t<\/div>\n\t\t\t\t<\/div>","protected":false},"excerpt":{"rendered":"<p>Sj\u00e1lfsbjargarf\u00e9lagi\u00f0 \u00ed Bolungarv\u00edk var stofna\u00f0 \u00e1ri\u00f0 1959. Fyrstu \u00e1rin einbeitti f\u00e9lagi\u00f0 s\u00e9r a\u00f0 f\u00e9lagsstarfi fyrir f\u00e9lagsmenn. Fyrsti forma\u00f0ur f\u00e9lagsins var Kristj\u00e1n J\u00fal\u00edusson. \u00c1ri\u00f0 1962 voru fullgildir f\u00e9lagar or\u00f0nir fimmt\u00e1n og styrktarf\u00e9lagar voru \u00e1tj\u00e1n. Einn haf\u00f0i \u00fe\u00e1 veri\u00f0 ger\u00f0ur a\u00f0 \u00e6vif\u00e9laga. 1968 voru haldin vikuleg vinnukv\u00f6ld \u00ed Bolungarvik en h\u00fasn\u00e6\u00f0isskortur h\u00e1ir starfseminni. Sj\u00e1lfsbj\u00f6rg \u00e1 Bolungarv\u00edk t\u00f3k [&hellip;]<\/p>\n","protected":false},"author":1,"featured_media":0,"parent":768,"menu_order":0,"comment_status":"closed","ping_status":"closed","template":"elementor_theme","meta":{"footnotes":""},"class_list":["post-1921","page","type-page","status-publish","hentry"],"_links":{"self":[{"href":"https:\/\/sjalfsbjorg.is\/en\/wp-json\/wp\/v2\/pages\/1921","targetHints":{"allow":["GET"]}}],"collection":[{"href":"https:\/\/sjalfsbjorg.is\/en\/wp-json\/wp\/v2\/pages"}],"about":[{"href":"https:\/\/sjalfsbjorg.is\/en\/wp-json\/wp\/v2\/types\/page"}],"author":[{"embeddable":true,"href":"https:\/\/sjalfsbjorg.is\/en\/wp-json\/wp\/v2\/users\/1"}],"replies":[{"embeddable":true,"href":"https:\/\/sjalfsbjorg.is\/en\/wp-json\/wp\/v2\/comments?post=1921"}],"version-history":[{"count":16,"href":"https:\/\/sjalfsbjorg.is\/en\/wp-json\/wp\/v2\/pages\/1921\/revisions"}],"predecessor-version":[{"id":12780,"href":"https:\/\/sjalfsbjorg.is\/en\/wp-json\/wp\/v2\/pages\/1921\/revisions\/12780"}],"up":[{"embeddable":true,"href":"https:\/\/sjalfsbjorg.is\/en\/wp-json\/wp\/v2\/pages\/768"}],"wp:attachment":[{"href":"https:\/\/sjalfsbjorg.is\/en\/wp-json\/wp\/v2\/media?parent=1921"}],"curies":[{"name":"wp","href":"https:\/\/api.w.org\/{rel}","templated":true}]}}