{"id":2224,"date":"2025-10-03T22:07:31","date_gmt":"2025-10-03T22:07:31","guid":{"rendered":"https:\/\/sjalfsbjorg.is\/?page_id=2224"},"modified":"2026-04-07T14:45:49","modified_gmt":"2026-04-07T14:45:49","slug":"sidareglur-sjalfsbjargar","status":"publish","type":"page","link":"https:\/\/sjalfsbjorg.is\/en\/starfsemin\/sidareglur-sjalfsbjargar\/","title":{"rendered":"Code of Conduct"},"content":{"rendered":"<div data-elementor-type=\"wp-page\" data-elementor-id=\"2224\" class=\"elementor elementor-2224\" data-elementor-post-type=\"page\">\n\t\t\t\t<div class=\"elementor-element elementor-element-74b5cad e-flex e-con-boxed e-con e-parent\" data-id=\"74b5cad\" data-element_type=\"container\" data-e-type=\"container\">\n\t\t\t\t\t<div class=\"e-con-inner\">\n\t\t<div class=\"elementor-element elementor-element-0fff7fa e-con-full elementor-hidden-mobile e-flex e-con e-child\" data-id=\"0fff7fa\" data-element_type=\"container\" data-e-type=\"container\">\n\t\t\t\t<div class=\"elementor-element elementor-element-597336a elementor-invisible elementor-widget elementor-widget-nav-menu\" data-id=\"597336a\" data-element_type=\"widget\" data-e-type=\"widget\" data-settings=\"{&quot;layout&quot;:&quot;dropdown&quot;,&quot;_animation&quot;:&quot;fadeIn&quot;,&quot;submenu_icon&quot;:{&quot;value&quot;:&quot;&lt;svg aria-hidden=\\&quot;true\\&quot; class=\\&quot;e-font-icon-svg e-fas-caret-down\\&quot; viewBox=\\&quot;0 0 320 512\\&quot; xmlns=\\&quot;http:\\\/\\\/www.w3.org\\\/2000\\\/svg\\&quot;&gt;&lt;path d=\\&quot;M31.3 192h257.3c17.8 0 26.7 21.5 14.1 34.1L174.1 354.8c-7.8 7.8-20.5 7.8-28.3 0L17.2 226.1C4.6 213.5 13.5 192 31.3 192z\\&quot;&gt;&lt;\\\/path&gt;&lt;\\\/svg&gt;&quot;,&quot;library&quot;:&quot;fa-solid&quot;}}\" data-widget_type=\"nav-menu.default\">\n\t\t\t\t\t\t\t\t<nav class=\"elementor-nav-menu--dropdown elementor-nav-menu__container\" aria-hidden=\"true\">\n\t\t\t\t<ul id=\"menu-2-597336a\" class=\"elementor-nav-menu\"><li class=\"menu-item menu-item-type-post_type menu-item-object-page menu-item-841\"><a href=\"https:\/\/sjalfsbjorg.is\/en\/starfsemin\/landsfundir\/\" class=\"elementor-item\" tabindex=\"-1\">National meetings<\/a><\/li>\n<li class=\"menu-item menu-item-type-post_type menu-item-object-page menu-item-836\"><a href=\"https:\/\/sjalfsbjorg.is\/en\/starfsemin\/alyktanir\/\" class=\"elementor-item\" tabindex=\"-1\">Conclusions<\/a><\/li>\n<li class=\"menu-item menu-item-type-post_type menu-item-object-page menu-item-12638\"><a href=\"https:\/\/sjalfsbjorg.is\/en\/starfsemin\/happdraetti\/\" class=\"elementor-item\" tabindex=\"-1\">Lottery<\/a><\/li>\n<li class=\"menu-item menu-item-type-post_type menu-item-object-page menu-item-840\"><a href=\"https:\/\/sjalfsbjorg.is\/en\/starfsemin\/klifur-timarit\/\" class=\"elementor-item\" tabindex=\"-1\">Climbing magazine<\/a><\/li>\n<li class=\"menu-item menu-item-type-post_type menu-item-object-page menu-item-12520\"><a href=\"https:\/\/sjalfsbjorg.is\/en\/starfsemin\/personuverndarstefna-sjalfsbjargar\/\" class=\"elementor-item\" tabindex=\"-1\">Privacy Policy<\/a><\/li>\n<li class=\"menu-item menu-item-type-post_type menu-item-object-page menu-item-12521\"><a href=\"https:\/\/sjalfsbjorg.is\/en\/starfsemin\/sidareglur-sjalfsbjargar\/\" class=\"elementor-item\" tabindex=\"-1\">Code of Conduct<\/a><\/li>\n<li class=\"menu-item menu-item-type-post_type menu-item-object-page menu-item-12522\"><a href=\"https:\/\/sjalfsbjorg.is\/en\/starfsemin\/starfsreglur-stjornar\/\" class=\"elementor-item\" tabindex=\"-1\">Starfsreglur<\/a><\/li>\n<li class=\"menu-item menu-item-type-post_type menu-item-object-page menu-item-12523\"><a href=\"https:\/\/sjalfsbjorg.is\/en\/starfsemin\/salfraedithjonusta\/\" class=\"elementor-item\" tabindex=\"-1\">Psychological services<\/a><\/li>\n<li class=\"menu-item menu-item-type-post_type menu-item-object-page menu-item-12524\"><a href=\"https:\/\/sjalfsbjorg.is\/en\/starfsemin\/adgengis-uttektir\/\" class=\"elementor-item\" tabindex=\"-1\">A\u00f0gengis\u00fattektir<\/a><\/li>\n<li class=\"menu-item menu-item-type-post_type menu-item-object-page menu-item-12613\"><a href=\"https:\/\/sjalfsbjorg.is\/en\/starfsemin\/styrkir\/\" class=\"elementor-item\" tabindex=\"-1\">Styrkir<\/a><\/li>\n<\/ul>\t\t\t<\/nav>\n\t\t\t\t\t\t<\/div>\n\t\t\t\t<\/div>\n\t\t<div class=\"elementor-element elementor-element-e27ac27 e-con-full e-flex elementor-invisible e-con e-child\" data-id=\"e27ac27\" data-element_type=\"container\" data-e-type=\"container\" data-settings=\"{&quot;animation&quot;:&quot;fadeIn&quot;}\">\n\t\t\t\t<div class=\"elementor-element elementor-element-83610af elementor-widget elementor-widget-text-editor\" data-id=\"83610af\" data-element_type=\"widget\" data-e-type=\"widget\" data-widget_type=\"text-editor.default\">\n\t\t\t\t\t\t\t\t\t<h5><strong>1. gr. Markmi\u00f0 si\u00f0areglna<\/strong><\/h5><p>Markmi\u00f0 \u00feessara reglna er a\u00f0 skilgreina \u00fea\u00f0 vi\u00f0m\u00f3t \u00ed samskiptum sem, fulltr\u00faum Sj\u00e1lfsbjargar landssambands hreyfihamla\u00f0ra (h\u00e9r eftir Sj\u00e1lfsbj\u00f6rg), ber a\u00f0 s\u00fdna vi\u00f0 st\u00f6rf \u00e1 vegum landssambandsins. Me\u00f0 fulltr\u00faum Sj\u00e1lfsbjargar er h\u00e9r \u00e1tt vi\u00f0 fulltr\u00faa \u00ed stj\u00f3rn, stj\u00f3rnendur, starfsf\u00f3lk skrifstofu, fulltr\u00faa \u00ed nefndum Sj\u00e1lfsbjargar auk undirverktaka sem taka a\u00f0 s\u00e9r verkefni fyrir h\u00f6nd Sj\u00e1lfsbjargar sem landssambandi\u00f0 hefur stj\u00f3rnunarlega \u00e1byrg\u00f0 \u00e1.<\/p><p>Si\u00f0areglur \u00feessar ber ekki a\u00f0 sko\u00f0a sem t\u00e6mandi l\u00fdsingu \u00e1 g\u00f3\u00f0um starfsh\u00e1ttum og skulu fulltr\u00faar \u00e1vallt beita d\u00f3mgreind sinni \u00ed samr\u00e6mi vi\u00f0 a\u00f0st\u00e6\u00f0ur.<\/p><h5><strong>2. gr. L\u00f6g og reglur<\/strong><\/h5><p>Vi\u00f0 g\u00e6tum \u00feess \u00ed st\u00f6rfum okkar a\u00f0 fylgja stefnu, l\u00f6gum, reglum og sam\u00feykktum Sj\u00e1lfsbjargar. Vi\u00f0 g\u00e6tum hagsmuna landssambandsins og setjum \u00fe\u00e1 ofar s\u00e9rhagsmunum.<\/p><h5><strong>3. gr. \u00c1byrg\u00f0 \u00ed samskiptum<\/strong><\/h5><p>Vi\u00f0 gegnum st\u00f6rfum okkar af al\u00fa\u00f0 og samviskusemi, g\u00e6tum kurteisi, lipur\u00f0ar og r\u00e9tts\u00fdni og veitum \u00feeim sem til okkar leita a\u00f0sto\u00f0 og lei\u00f0beiningar.<\/p><p>Vi\u00f0 s\u00fdnum hvert \u00f6\u00f0ru \u00e1vallt kurteisi og vir\u00f0ingu \u00ed samskiptum.<\/p><p>Vi\u00f0 komum fram vi\u00f0 f\u00f3lk af ford\u00f3maleysi og tillitssemi.<\/p><p>Vi\u00f0 berum vir\u00f0ingu fyrir margbreytileika f\u00f3lks hva\u00f0 var\u00f0ar f\u00f6tlun \u00ed v\u00ed\u00f0um skilningi, f\u00e9lagslega st\u00f6\u00f0u, kyn\u00fe\u00e1tt, \u00fej\u00f3\u00f0ernisuppruna, tr\u00fa, l\u00edfssko\u00f0un, aldur, \u00fatlit, kynhneig\u00f0, kynvitund, kyneinkenni e\u00f0a kyntj\u00e1ningu \u00e1 \u00f6llum svi\u00f0um samf\u00e9lagsins.<\/p><p>Vi\u00f0 g\u00e6tum jafnr\u00e6\u00f0is milli mismunandi f\u00f6tlunar- og sj\u00faklingah\u00f3pa. Vi\u00f0 for\u00f0umst hvers konar mismunun \u00ed framkomu, r\u00e6\u00f0u og riti.<\/p><p>Vi\u00f0 vir\u00f0um fundask\u00f6p, m\u00e6tum stundv\u00edslega og h\u00f6ldum okkur vi\u00f0 efni\u00f0.<\/p><p>Vi\u00f0 v\u00f6rumst forr\u00e6\u00f0ishyggju, vir\u00f0um r\u00e9tt hvers annars til \u00f3l\u00edkra sko\u00f0ana og leggjum \u00e1herslu \u00e1 m\u00e1lefnalega umr\u00e6\u00f0u.<\/p><p>Vi\u00f0 gagnr\u00fdnum m\u00e1lefnalega, hlustum og t\u00f6kum gagnr\u00fdni.<\/p><p>Vi\u00f0 gr\u00edpum ekki fram \u00ed \u00feegar a\u00f0rir tala og gefum \u00f6llum t\u00e6kif\u00e6ri til \u00feess a\u00f0 kl\u00e1ra m\u00e1l sitt.<\/p><p>Vi\u00f0 bi\u00f0jum f\u00f3lk a\u00f0 endurtaka sig ef vi\u00f0 heyrum e\u00f0a skiljum ekki.<\/p><p>Vi\u00f0 vir\u00f0um mismunandi tj\u00e1skiptalei\u00f0ir og beinum m\u00e1li okkar a\u00f0 einstaklingnum sem vi\u00f0 erum \u00ed samskiptum vi\u00f0 en ekki t\u00falki e\u00f0a a\u00f0sto\u00f0armanni.<\/p><p>Vi\u00f0 segjum \u00fea\u00f0 sem okkur b\u00fdr \u00ed brj\u00f3sti \u00e1n \u00feess a\u00f0 mei\u00f0a a\u00f0ra, spyrjum, uppl\u00fdsum og mi\u00f0lum.<\/p><h5><strong>4. gr. Einelti, kynfer\u00f0isleg \u00e1reitni og anna\u00f0 ofbeldi<\/strong><\/h5><p>Einelti, kynfer\u00f0isleg \u00e1reitni og anna\u00f0 ofbeldi er ekki li\u00f0i\u00f0. Vi\u00f0 erum \u00e1vallt \u00e1 var\u00f0bergi og okkur ber a\u00f0 breg\u00f0ast vi\u00f0 ef vi\u00f0 ver\u00f0um vitni a\u00f0 sl\u00edkri h\u00e1ttsemi.<\/p><h5><strong>5. gr. R\u00e1\u00f0deild \u00ed fj\u00e1rm\u00e1lum<\/strong><\/h5><p>Vi\u00f0 vir\u00f0um fj\u00e1rhags\u00e1\u00e6tlanir og a\u00f0h\u00f6fumst ekkert sem felur \u00ed s\u00e9r misnotkun \u00e1 eignum og fj\u00e1rmunum landssambandsins. Vi\u00f0 vir\u00f0um eftirlit og \u00fattektir, sem framkv\u00e6mdar eru af sko\u00f0unarm\u00f6nnum og endursko\u00f0endum landssambandsins og leggjum okkar af m\u00f6rkum til \u00feess a\u00f0 markmi\u00f0 \u00feess n\u00e1ist.<\/p><h5><strong>6. gr. Gjafir og fr\u00ed\u00f0indi<\/strong><\/h5><p>Vi\u00f0 \u00feiggjum ekki gjafir, sem t\u00falka m\u00e1 sem pers\u00f3nulega \u00fe\u00f3knun fyrir grei\u00f0a e\u00f0a \u00edvilnun.<\/p><h5><strong>7. gr. Samskipti vi\u00f0 fj\u00f6lmi\u00f0la og framkoma \u00e1 opinberum vettvangi<\/strong><\/h5><p>A\u00f0 jafna\u00f0i kemur forma\u00f0ur Sj\u00e1lfsbjargar fram fyrir h\u00f6nd landssambandsins \u00ed fj\u00f6lmi\u00f0lum nema anna\u00f0 s\u00e9 \u00e1kve\u00f0i\u00f0. \u00cd samskiptum vi\u00f0 fj\u00f6lmi\u00f0la og \u00e1 opinberum vettvangi h\u00f6gum vi\u00f0 m\u00e1lflutning okkar \u00ed samr\u00e6mi vi\u00f0 stefnu Sj\u00e1lfsbjargar og hugmyndafr\u00e6\u00f0i Samnings Sameinu\u00f0u \u00fej\u00f3\u00f0anna um r\u00e9ttindi fatla\u00f0s f\u00f3lks. Vi\u00f0 veitum r\u00e9ttar uppl\u00fdsingar, fullyr\u00f0um ekki meira en vitneskja gefur tilefni til og g\u00e6tum tr\u00fana\u00f0ar.<\/p><h5><strong>8. gr. Mi\u00f0lun og endursko\u00f0un<\/strong><\/h5><p>Forma\u00f0ur og framkv\u00e6mdastj\u00f3ri bera \u00e1byrg\u00f0 \u00e1 a\u00f0 kynna si\u00f0areglur Sj\u00e1lfsbjargar fyrir n\u00fdjum fulltr\u00faum landssambandsins. Si\u00f0areglurnar skulu teknar til umr\u00e6\u00f0u \u00ed stj\u00f3rn eftir \u00e1rlegan landsfund og endursko\u00f0a\u00f0ar ef \u00feurfa \u00feykir.<\/p><h5><strong>9. gr. Tr\u00fana\u00f0ur<\/strong><\/h5><p>Okkur ber a\u00f0 g\u00e6ta \u00feagm\u00e6lsku um m\u00e1lefni sem vi\u00f0 f\u00e1um vitneskju um \u00ed starfi okkar og tr\u00fana\u00f0ur \u00e1 a\u00f0 r\u00edkja um eftir e\u00f0li m\u00e1ls e\u00f0a samkv\u00e6mt l\u00f6gum. Tr\u00fana\u00f0arskylda helst \u00fe\u00f3 l\u00e1ti\u00f0 s\u00e9 af st\u00f6rfum. Si\u00f0areglurnar eru birtar \u00e1 heimas\u00ed\u00f0u Sj\u00e1lfsbjargar www.sjalfsbjorg.is<\/p><h5><strong>10. gr. Brot \u00e1 si\u00f0areglum<\/strong><\/h5><p>Ver\u00f0i fulltr\u00faar Sj\u00e1lfsbjargar \u00feess \u00e1skynja a\u00f0 tiltekin h\u00e1ttsemi str\u00ed\u00f0i gegn si\u00f0areglunum, er r\u00e9tt a\u00f0 vekja athygli stj\u00f3rnanda \u00e1 \u00fev\u00ed. \u00cd \u00feessu samhengi er stj\u00f3rnandi eftir atvikum framkv\u00e6mdastj\u00f3ri e\u00f0a forma\u00f0ur Sj\u00e1lfsbjargar. Ef alvarlegt brot \u00e1 si\u00f0areglum \u00feessum \u00e1 s\u00e9r sta\u00f0 ver\u00f0ur leita\u00f0 til vi\u00f0eigandi utana\u00f0komandi a\u00f0ila.<\/p><p>Reglur \u00feessar voru sam\u00feykktar af stj\u00f3rn Sj\u00e1lfsbjargar \u00feann 19. \u00e1g\u00fast 2024.<\/p>\t\t\t\t\t\t\t\t<\/div>\n\t\t\t\t<\/div>\n\t\t\t\t\t<\/div>\n\t\t\t\t<\/div>\n\t\t\t\t<\/div>","protected":false},"excerpt":{"rendered":"<p>1. gr. Markmi\u00f0 si\u00f0areglna Markmi\u00f0 \u00feessara reglna er a\u00f0 skilgreina \u00fea\u00f0 vi\u00f0m\u00f3t \u00ed samskiptum sem, fulltr\u00faum Sj\u00e1lfsbjargar landssambands hreyfihamla\u00f0ra (h\u00e9r eftir Sj\u00e1lfsbj\u00f6rg), ber a\u00f0 s\u00fdna vi\u00f0 st\u00f6rf \u00e1 vegum landssambandsins. Me\u00f0 fulltr\u00faum Sj\u00e1lfsbjargar er h\u00e9r \u00e1tt vi\u00f0 fulltr\u00faa \u00ed stj\u00f3rn, stj\u00f3rnendur, starfsf\u00f3lk skrifstofu, fulltr\u00faa \u00ed nefndum Sj\u00e1lfsbjargar auk undirverktaka sem taka a\u00f0 s\u00e9r verkefni fyrir [&hellip;]<\/p>\n","protected":false},"author":1,"featured_media":0,"parent":766,"menu_order":0,"comment_status":"closed","ping_status":"closed","template":"elementor_theme","meta":{"footnotes":""},"class_list":["post-2224","page","type-page","status-publish","hentry"],"_links":{"self":[{"href":"https:\/\/sjalfsbjorg.is\/en\/wp-json\/wp\/v2\/pages\/2224","targetHints":{"allow":["GET"]}}],"collection":[{"href":"https:\/\/sjalfsbjorg.is\/en\/wp-json\/wp\/v2\/pages"}],"about":[{"href":"https:\/\/sjalfsbjorg.is\/en\/wp-json\/wp\/v2\/types\/page"}],"author":[{"embeddable":true,"href":"https:\/\/sjalfsbjorg.is\/en\/wp-json\/wp\/v2\/users\/1"}],"replies":[{"embeddable":true,"href":"https:\/\/sjalfsbjorg.is\/en\/wp-json\/wp\/v2\/comments?post=2224"}],"version-history":[{"count":13,"href":"https:\/\/sjalfsbjorg.is\/en\/wp-json\/wp\/v2\/pages\/2224\/revisions"}],"predecessor-version":[{"id":12714,"href":"https:\/\/sjalfsbjorg.is\/en\/wp-json\/wp\/v2\/pages\/2224\/revisions\/12714"}],"up":[{"embeddable":true,"href":"https:\/\/sjalfsbjorg.is\/en\/wp-json\/wp\/v2\/pages\/766"}],"wp:attachment":[{"href":"https:\/\/sjalfsbjorg.is\/en\/wp-json\/wp\/v2\/media?parent=2224"}],"curies":[{"name":"wp","href":"https:\/\/api.w.org\/{rel}","templated":true}]}}