{"id":2777,"date":"2025-10-06T18:07:53","date_gmt":"2025-10-06T18:07:53","guid":{"rendered":"https:\/\/sjalfsbjorg.is\/?page_id=2777"},"modified":"2026-04-09T09:21:39","modified_gmt":"2026-04-09T09:21:39","slug":"sjalfsbjorg-a-isafirdi-sagan","status":"publish","type":"page","link":"https:\/\/sjalfsbjorg.is\/en\/um-okkur\/adildarfelogin\/sjalfsbjorg-a-isafirdi-sagan\/","title":{"rendered":"Sj\u00e1lfsbj\u00f6rg \u00e1 \u00cdsafir\u00f0i &#8211; Sagan"},"content":{"rendered":"<div data-elementor-type=\"wp-page\" data-elementor-id=\"2777\" class=\"elementor elementor-2777\" data-elementor-post-type=\"page\">\n\t\t\t\t<div class=\"elementor-element elementor-element-8161ea0 e-flex e-con-boxed e-con e-parent\" data-id=\"8161ea0\" data-element_type=\"container\" data-e-type=\"container\">\n\t\t\t\t\t<div class=\"e-con-inner\">\n\t\t<div class=\"elementor-element elementor-element-6094673 e-con-full elementor-hidden-mobile e-flex e-con e-child\" data-id=\"6094673\" data-element_type=\"container\" data-e-type=\"container\">\n\t\t\t\t<div class=\"elementor-element elementor-element-bfbd028 elementor-invisible elementor-widget elementor-widget-nav-menu\" data-id=\"bfbd028\" data-element_type=\"widget\" data-e-type=\"widget\" data-settings=\"{&quot;layout&quot;:&quot;dropdown&quot;,&quot;_animation&quot;:&quot;fadeIn&quot;,&quot;submenu_icon&quot;:{&quot;value&quot;:&quot;&lt;svg aria-hidden=\\&quot;true\\&quot; class=\\&quot;e-font-icon-svg e-fas-caret-down\\&quot; viewBox=\\&quot;0 0 320 512\\&quot; xmlns=\\&quot;http:\\\/\\\/www.w3.org\\\/2000\\\/svg\\&quot;&gt;&lt;path d=\\&quot;M31.3 192h257.3c17.8 0 26.7 21.5 14.1 34.1L174.1 354.8c-7.8 7.8-20.5 7.8-28.3 0L17.2 226.1C4.6 213.5 13.5 192 31.3 192z\\&quot;&gt;&lt;\\\/path&gt;&lt;\\\/svg&gt;&quot;,&quot;library&quot;:&quot;fa-solid&quot;}}\" data-widget_type=\"nav-menu.default\">\n\t\t\t\t\t\t\t\t<nav class=\"elementor-nav-menu--dropdown elementor-nav-menu__container\" aria-hidden=\"true\">\n\t\t\t\t<ul id=\"menu-2-bfbd028\" class=\"elementor-nav-menu\"><li class=\"menu-item menu-item-type-post_type menu-item-object-page menu-item-841\"><a href=\"https:\/\/sjalfsbjorg.is\/en\/starfsemin\/landsfundir\/\" class=\"elementor-item\" tabindex=\"-1\">National meetings<\/a><\/li>\n<li class=\"menu-item menu-item-type-post_type menu-item-object-page menu-item-836\"><a href=\"https:\/\/sjalfsbjorg.is\/en\/starfsemin\/alyktanir\/\" class=\"elementor-item\" tabindex=\"-1\">Conclusions<\/a><\/li>\n<li class=\"menu-item menu-item-type-post_type menu-item-object-page menu-item-12638\"><a href=\"https:\/\/sjalfsbjorg.is\/en\/starfsemin\/happdraetti\/\" class=\"elementor-item\" tabindex=\"-1\">Lottery<\/a><\/li>\n<li class=\"menu-item menu-item-type-post_type menu-item-object-page menu-item-12895\"><a href=\"https:\/\/sjalfsbjorg.is\/en\/starfsemin\/klifur-timarit\/\" class=\"elementor-item\" tabindex=\"-1\">Climbing magazine<\/a><\/li>\n<li class=\"menu-item menu-item-type-post_type menu-item-object-page menu-item-12520\"><a href=\"https:\/\/sjalfsbjorg.is\/en\/starfsemin\/personuverndarstefna-sjalfsbjargar\/\" class=\"elementor-item\" tabindex=\"-1\">Privacy Policy<\/a><\/li>\n<li class=\"menu-item menu-item-type-post_type menu-item-object-page menu-item-12521\"><a href=\"https:\/\/sjalfsbjorg.is\/en\/starfsemin\/sidareglur-sjalfsbjargar\/\" class=\"elementor-item\" tabindex=\"-1\">Code of Conduct<\/a><\/li>\n<li class=\"menu-item menu-item-type-post_type menu-item-object-page menu-item-12522\"><a href=\"https:\/\/sjalfsbjorg.is\/en\/starfsemin\/starfsreglur-stjornar\/\" class=\"elementor-item\" tabindex=\"-1\">Starfsreglur<\/a><\/li>\n<li class=\"menu-item menu-item-type-post_type menu-item-object-page menu-item-12523\"><a href=\"https:\/\/sjalfsbjorg.is\/en\/starfsemin\/salfraedithjonusta\/\" class=\"elementor-item\" tabindex=\"-1\">Psychological services<\/a><\/li>\n<li class=\"menu-item menu-item-type-post_type menu-item-object-page menu-item-12524\"><a href=\"https:\/\/sjalfsbjorg.is\/en\/starfsemin\/adgengis-uttektir\/\" class=\"elementor-item\" tabindex=\"-1\">A\u00f0gengis\u00fattektir<\/a><\/li>\n<li class=\"menu-item menu-item-type-post_type menu-item-object-page menu-item-12613\"><a href=\"https:\/\/sjalfsbjorg.is\/en\/starfsemin\/styrkir\/\" class=\"elementor-item\" tabindex=\"-1\">Styrkir<\/a><\/li>\n<\/ul>\t\t\t<\/nav>\n\t\t\t\t\t\t<\/div>\n\t\t\t\t<\/div>\n\t\t<div class=\"elementor-element elementor-element-5e002f2 e-con-full e-flex elementor-invisible e-con e-child\" data-id=\"5e002f2\" data-element_type=\"container\" data-e-type=\"container\" data-settings=\"{&quot;animation&quot;:&quot;fadeIn&quot;}\">\n\t\t\t\t<div class=\"elementor-element elementor-element-bbfd5f2 elementor-widget elementor-widget-heading\" data-id=\"bbfd5f2\" data-element_type=\"widget\" data-e-type=\"widget\" data-widget_type=\"heading.default\">\n\t\t\t\t\t<h2 class=\"elementor-heading-title elementor-size-default\">\n\n<\/h2>\t\t\t\t<\/div>\n\t\t\t\t<div class=\"elementor-element elementor-element-dbfbb27 elementor-widget elementor-widget-text-editor\" data-id=\"dbfbb27\" data-element_type=\"widget\" data-e-type=\"widget\" data-widget_type=\"text-editor.default\">\n\t\t\t\t\t\t\t\t\t<div class=\"intro\"><div class=\"intro\"><p>Sj\u00e1lfsbj\u00f6rg \u00e1 \u00cdsafir\u00f0i var stofnu\u00f0 \u00feann 29. september 1958. T\u00e6plega fj\u00f6rut\u00edu manns s\u00f3ttu stofnfundinn, \u00fear af nokkrir styrktarf\u00e9lagar og einn \u00e6vif\u00e9lagi. \u00c1ri s\u00ed\u00f0ar voru f\u00e9lagarnir or\u00f0nir um \u00e1ttat\u00edu. Fyrsti forma\u00f0ur f\u00e9lagsins var kj\u00f6rinn Trausti Sigurlaugsson. Ingibj\u00f6rg Magn\u00fasd\u00f3ttir t\u00f3k vi\u00f0 formennsku \u00e1ri\u00f0 1961 en h\u00fan l\u00e9st eftir nokkrra \u00e1ra formennsku langt um aldur fram. Me\u00f0al \u00feeirra bar\u00e1ttum\u00e1la sem stofnfundurinn fjalla\u00f0 um var h\u00e6kkun \u00f6rorkustyrks og a\u00f0 sker\u00f0ing hans h\u00e6fist ekki fyrr en tekjur l\u00edfeyris\u00feega n\u00e6mu tekjum verkamanns. \u00c1skorun \u00feessa efnis var send al\u00feingi. \u00deegar var fari\u00f0 \u00ed fj\u00e1r\u00f6flun \u00e1 vegum f\u00e9lagsins, me\u00f0al annars merkjas\u00f6lu. Helmingur \u00e1g\u00f3\u00f0ans rann beint til h\u00fasbyggingarsj\u00f3\u00f0s landssambandsins eins og hj\u00e1 fleiri f\u00e9l\u00f6gum. M\u00e1na\u00f0arlega voru haldnir skemmtifundir og fari\u00f0 var a\u00f0 r\u00e6\u00f0a um a\u00f0 koma \u00e1 f\u00f3t l\u00e9ttri vinnu fyrir f\u00e9lagana.<\/p><p>Um skemmtifundina segir \u00ed sk\u00fdrslu Ingibjargar Magn\u00fasd\u00f3ttur ritara f\u00e9lagsins til landssambandsins: ,,f\u00f3ru \u00feeir \u00feannig fram, a\u00f0 fyrst voru r\u00e6dd \u00e1hugam\u00e1l f\u00e9laganna, og s\u00ed\u00f0an hl\u00fdtt \u00e1 skemmtiatri\u00f0in, me\u00f0an drukki\u00f0 var \u00far kaffibollunum.\u201d<\/p><p>\u00c1ri\u00f0 1961 var sett \u00e1 laggirnar prj\u00f3nastofa \u00e1 vegum f\u00e9lagsins \u00fear og f\u00e9kk h\u00fan a\u00f0setur \u00ed sundlaugarkjallaranum til a\u00f0 byrja me\u00f0. \u00dea\u00f0 var fyrsta atvinnutengda starfsemin fyrir f\u00e9lagsmenn \u00e1 sv\u00e6\u00f0inu. Prj\u00f3na\u00f0ar voru ,,gamm\u00f3s\u00edur\u201d \u00ed m\u00f6rgum litum sem nutu gr\u00ed\u00f0arlegra vins\u00e6lda. Vegna fj\u00e1rhagserfi\u00f0leika var \u00fe\u00f3 ekki h\u00e6gt a\u00f0 reka vinnustofuna allan \u00e1rsins hring.<\/p><p>\u00c1ri s\u00ed\u00f0ar, 1962, var r\u00e1\u00f0ist \u00ed mikla fj\u00e1r\u00f6flun og f\u00e9lagi\u00f0 eigna\u00f0ist \u00fe\u00e1 eigi\u00f0 h\u00fasn\u00e6\u00f0i, Mjallarg\u00f6tu 5, \u00e1samt ,,Berklav\u00f6rn\u201d \u00e1 \u00cdsafir\u00f0i. F\u00e9lagar voru \u00fe\u00e1 or\u00f0nir 48, styrktarf\u00e9lagar 44 og einn \u00e6vif\u00e9lagi. H\u00fasn\u00e6\u00f0i\u00f0 var \u00e1 tveimur h\u00e6\u00f0um og eing\u00f6ngu stigi \u00e1 milli h\u00e6\u00f0a en a\u00f0sta\u00f0an \u00e1 efri h\u00e6\u00f0inni var engu a\u00f0 s\u00ed\u00f0ur miki\u00f0 notu\u00f0 af f\u00f6tlu\u00f0um sem \u00f3f\u00f6tlu\u00f0um. \u00c1 \u00feessu \u00e1ri, 1962, var lands\u00feing Sj\u00e1lfsbjargar haldi\u00f0 \u00e1 \u00cdsafir\u00f0i og \u00fev\u00ed miki\u00f0 um a\u00f0 vera. \u00cd n\u00fdja h\u00fasn\u00e6\u00f0inu var stofnu\u00f0 verslun og auk \u00feess var umbo\u00f0 S\u00cdBS \u00ed b\u00e6num \u00ed h\u00fasinu og trygg\u00f0i talsver\u00f0a umfer\u00f0 \u00ed h\u00fasi\u00f0.<\/p><p>R\u00e9tt fyrir j\u00f3lin \u00e1ri\u00f0 1966 f\u00f3r h\u00fas Sj\u00e1lfsbjargar og Berklavarnar illa \u00ed bruna. Endurbygging var engu a\u00f0 s\u00ed\u00f0ur \u00e1kve\u00f0in en var ekki loki\u00f0 fyrr en \u00e1ri\u00f0 1968. \u00de\u00e1 var einkum huga\u00f0 a\u00f0 \u00fev\u00ed a\u00f0 endurbyggja verslunina og vinnustofuna Vinnuver. Verslunin h\u00e9lt \u00e1fram en vinnustofan haf\u00f0i \u00fe\u00e1 veri\u00f0 l\u00f6g\u00f0 ni\u00f0ur. Hins vegar voru vikuleg vinnukv\u00f6ld haldin \u00fea\u00f0 \u00e1r.<\/p><p>Forma\u00f0ur Sj\u00e1lfsbjargar \u00e1 \u00cdsafir\u00f0i 2009, \u00e1 50 \u00e1ra afm\u00e6li Sj\u00e1lfsbjargar lsf. var Stef\u00e1n Bj\u00f6rgvin Gu\u00f0mundsson en \u00e1 60 \u00e1ra afm\u00e6li\u00e1ri landssambandsins 2019 var Hafsteinn Vilhj\u00e1lmsson.<\/p><\/div><div class=\"image-block small\"><div class=\"img-container\"><img decoding=\"async\" src=\"https:\/\/sjalfsbjorg.overcastcdn.com\/images\/skvinnuver_isafirdi.max-566x380.jpg\" srcset=\"\/\/sjalfsbjorg.overcastcdn.com\/images\/skvinnuver_isafirdi.max-1132x760.jpg 2x\" alt=\"\" \/>\u00a0<\/div><h6 class=\"img-container\"><strong><span class=\"caption\">Vinnuver \u00e1 \u00cdsafir\u00f0i vi\u00f0 Mjallarg\u00f6tu 5<\/span><\/strong><\/h6><\/div><\/div>\t\t\t\t\t\t\t\t<\/div>\n\t\t\t\t<\/div>\n\t\t\t\t\t<\/div>\n\t\t\t\t<\/div>\n\t\t\t\t<\/div>","protected":false},"excerpt":{"rendered":"<p>Sj\u00e1lfsbj\u00f6rg \u00e1 \u00cdsafir\u00f0i var stofnu\u00f0 \u00feann 29. september 1958. T\u00e6plega fj\u00f6rut\u00edu manns s\u00f3ttu stofnfundinn, \u00fear af nokkrir styrktarf\u00e9lagar og einn \u00e6vif\u00e9lagi. \u00c1ri s\u00ed\u00f0ar voru f\u00e9lagarnir or\u00f0nir um \u00e1ttat\u00edu. Fyrsti forma\u00f0ur f\u00e9lagsins var kj\u00f6rinn Trausti Sigurlaugsson. Ingibj\u00f6rg Magn\u00fasd\u00f3ttir t\u00f3k vi\u00f0 formennsku \u00e1ri\u00f0 1961 en h\u00fan l\u00e9st eftir nokkrra \u00e1ra formennsku langt um aldur fram. Me\u00f0al \u00feeirra [&hellip;]<\/p>\n","protected":false},"author":1,"featured_media":0,"parent":768,"menu_order":0,"comment_status":"closed","ping_status":"closed","template":"elementor_theme","meta":{"footnotes":""},"class_list":["post-2777","page","type-page","status-publish","hentry"],"_links":{"self":[{"href":"https:\/\/sjalfsbjorg.is\/en\/wp-json\/wp\/v2\/pages\/2777","targetHints":{"allow":["GET"]}}],"collection":[{"href":"https:\/\/sjalfsbjorg.is\/en\/wp-json\/wp\/v2\/pages"}],"about":[{"href":"https:\/\/sjalfsbjorg.is\/en\/wp-json\/wp\/v2\/types\/page"}],"author":[{"embeddable":true,"href":"https:\/\/sjalfsbjorg.is\/en\/wp-json\/wp\/v2\/users\/1"}],"replies":[{"embeddable":true,"href":"https:\/\/sjalfsbjorg.is\/en\/wp-json\/wp\/v2\/comments?post=2777"}],"version-history":[{"count":19,"href":"https:\/\/sjalfsbjorg.is\/en\/wp-json\/wp\/v2\/pages\/2777\/revisions"}],"predecessor-version":[{"id":12783,"href":"https:\/\/sjalfsbjorg.is\/en\/wp-json\/wp\/v2\/pages\/2777\/revisions\/12783"}],"up":[{"embeddable":true,"href":"https:\/\/sjalfsbjorg.is\/en\/wp-json\/wp\/v2\/pages\/768"}],"wp:attachment":[{"href":"https:\/\/sjalfsbjorg.is\/en\/wp-json\/wp\/v2\/media?parent=2777"}],"curies":[{"name":"wp","href":"https:\/\/api.w.org\/{rel}","templated":true}]}}