{"id":2808,"date":"2025-10-06T18:27:30","date_gmt":"2025-10-06T18:27:30","guid":{"rendered":"https:\/\/sjalfsbjorg.is\/?page_id=2808"},"modified":"2026-04-09T09:26:57","modified_gmt":"2026-04-09T09:26:57","slug":"sjalfsbjorg-a-mid-austurlandi","status":"publish","type":"page","link":"https:\/\/sjalfsbjorg.is\/en\/um-okkur\/adildarfelogin\/sjalfsbjorg-a-mid-austurlandi\/","title":{"rendered":"Sj\u00e1lfsbj\u00f6rg \u00e1 mi\u00f0-Austurlandi &#8211; Sagan"},"content":{"rendered":"<div data-elementor-type=\"wp-page\" data-elementor-id=\"2808\" class=\"elementor elementor-2808\" data-elementor-post-type=\"page\">\n\t\t\t\t<div class=\"elementor-element elementor-element-ee8dcba e-flex e-con-boxed e-con e-parent\" data-id=\"ee8dcba\" data-element_type=\"container\" data-e-type=\"container\">\n\t\t\t\t\t<div class=\"e-con-inner\">\n\t\t<div class=\"elementor-element elementor-element-2cfa07d e-con-full elementor-hidden-mobile e-flex e-con e-child\" data-id=\"2cfa07d\" data-element_type=\"container\" data-e-type=\"container\">\n\t\t\t\t<div class=\"elementor-element elementor-element-0687944 elementor-invisible elementor-widget elementor-widget-nav-menu\" data-id=\"0687944\" data-element_type=\"widget\" data-e-type=\"widget\" data-settings=\"{&quot;layout&quot;:&quot;dropdown&quot;,&quot;_animation&quot;:&quot;fadeIn&quot;,&quot;submenu_icon&quot;:{&quot;value&quot;:&quot;&lt;svg aria-hidden=\\&quot;true\\&quot; class=\\&quot;e-font-icon-svg e-fas-caret-down\\&quot; viewBox=\\&quot;0 0 320 512\\&quot; xmlns=\\&quot;http:\\\/\\\/www.w3.org\\\/2000\\\/svg\\&quot;&gt;&lt;path d=\\&quot;M31.3 192h257.3c17.8 0 26.7 21.5 14.1 34.1L174.1 354.8c-7.8 7.8-20.5 7.8-28.3 0L17.2 226.1C4.6 213.5 13.5 192 31.3 192z\\&quot;&gt;&lt;\\\/path&gt;&lt;\\\/svg&gt;&quot;,&quot;library&quot;:&quot;fa-solid&quot;}}\" data-widget_type=\"nav-menu.default\">\n\t\t\t\t\t\t\t\t<nav class=\"elementor-nav-menu--dropdown elementor-nav-menu__container\" aria-hidden=\"true\">\n\t\t\t\t<ul id=\"menu-2-0687944\" class=\"elementor-nav-menu\"><li class=\"menu-item menu-item-type-post_type menu-item-object-page menu-item-841\"><a href=\"https:\/\/sjalfsbjorg.is\/en\/starfsemin\/landsfundir\/\" class=\"elementor-item\" tabindex=\"-1\">National meetings<\/a><\/li>\n<li class=\"menu-item menu-item-type-post_type menu-item-object-page menu-item-836\"><a href=\"https:\/\/sjalfsbjorg.is\/en\/starfsemin\/alyktanir\/\" class=\"elementor-item\" tabindex=\"-1\">Conclusions<\/a><\/li>\n<li class=\"menu-item menu-item-type-post_type menu-item-object-page menu-item-12638\"><a href=\"https:\/\/sjalfsbjorg.is\/en\/starfsemin\/happdraetti\/\" class=\"elementor-item\" tabindex=\"-1\">Lottery<\/a><\/li>\n<li class=\"menu-item menu-item-type-post_type menu-item-object-page menu-item-12895\"><a href=\"https:\/\/sjalfsbjorg.is\/en\/starfsemin\/klifur-timarit\/\" class=\"elementor-item\" tabindex=\"-1\">Climbing magazine<\/a><\/li>\n<li class=\"menu-item menu-item-type-post_type menu-item-object-page menu-item-12520\"><a href=\"https:\/\/sjalfsbjorg.is\/en\/starfsemin\/personuverndarstefna-sjalfsbjargar\/\" class=\"elementor-item\" tabindex=\"-1\">Privacy Policy<\/a><\/li>\n<li class=\"menu-item menu-item-type-post_type menu-item-object-page menu-item-12521\"><a href=\"https:\/\/sjalfsbjorg.is\/en\/starfsemin\/sidareglur-sjalfsbjargar\/\" class=\"elementor-item\" tabindex=\"-1\">Code of Conduct<\/a><\/li>\n<li class=\"menu-item menu-item-type-post_type menu-item-object-page menu-item-12522\"><a href=\"https:\/\/sjalfsbjorg.is\/en\/starfsemin\/starfsreglur-stjornar\/\" class=\"elementor-item\" tabindex=\"-1\">Starfsreglur<\/a><\/li>\n<li class=\"menu-item menu-item-type-post_type menu-item-object-page menu-item-12523\"><a href=\"https:\/\/sjalfsbjorg.is\/en\/starfsemin\/salfraedithjonusta\/\" class=\"elementor-item\" tabindex=\"-1\">Psychological services<\/a><\/li>\n<li class=\"menu-item menu-item-type-post_type menu-item-object-page menu-item-12524\"><a href=\"https:\/\/sjalfsbjorg.is\/en\/starfsemin\/adgengis-uttektir\/\" class=\"elementor-item\" tabindex=\"-1\">A\u00f0gengis\u00fattektir<\/a><\/li>\n<li class=\"menu-item menu-item-type-post_type menu-item-object-page menu-item-12613\"><a href=\"https:\/\/sjalfsbjorg.is\/en\/starfsemin\/styrkir\/\" class=\"elementor-item\" tabindex=\"-1\">Styrkir<\/a><\/li>\n<\/ul>\t\t\t<\/nav>\n\t\t\t\t\t\t<\/div>\n\t\t\t\t<\/div>\n\t\t<div class=\"elementor-element elementor-element-cf60414 e-con-full e-flex elementor-invisible e-con e-child\" data-id=\"cf60414\" data-element_type=\"container\" data-e-type=\"container\" data-settings=\"{&quot;animation&quot;:&quot;fadeIn&quot;}\">\n\t\t\t\t<div class=\"elementor-element elementor-element-2848b03 elementor-widget elementor-widget-text-editor\" data-id=\"2848b03\" data-element_type=\"widget\" data-e-type=\"widget\" data-widget_type=\"text-editor.default\">\n\t\t\t\t\t\t\t\t\t<p>\u00c1ri\u00f0 1974 var Sj\u00e1lfsbjargarf\u00e9lag stofna\u00f0 \u00ed Neskaupsta\u00f0. F\u00e9lagi\u00f0 hefur sinnt \u00fdmsum verkefnum ein einkum f\u00e9lagsm\u00e1lum, f\u00e9lagsvist og \u00fdmsum n\u00e1mskei\u00f0um og gefi\u00f0 g\u00f3\u00f0ar gjafir til endurh\u00e6fingarst\u00f6\u00f0varinnar \u00ed Neskaupssta\u00f0.<\/p><p>\u00c1 \u00e1rinu 1994 komu \u00fdmsir fulltr\u00faar Sj\u00e1lfsbjargar \u00ed heimss\u00f3kn til f\u00e9lagsins \u00ed tilefni \u00feess a\u00f0 \u00ed ma\u00ed var sett upp s\u00fdningin ,,\u00dej\u00f3\u00f0f\u00e9lag \u00e1n \u00fer\u00f6skulda\u201d. Me\u00f0al \u00feeirra sem komu af \u00fev\u00ed tilefni til Neskaupssta\u00f0ar var J\u00f3hann P\u00e9tur Sveinsson fv. forma\u00f0ur Sj\u00e1lfsbjargar.<\/p><p>Forma\u00f0ur Sj\u00e1lfsbjargar \u00ed Fjar\u00f0abygg\u00f0 \u00e1 50 \u00e1ra afm\u00e6lis\u00e1ri Sj\u00e1lfsbjargar lsf. 2009 var Unnur J\u00f3nsd\u00f3ttir og \u00e1 afm\u00e6lis\u00e1ri landssambandsins 2019 var Hafd\u00eds Eyland G\u00edslad\u00f3ttir forma\u00f0ur f\u00e9lagsins.<\/p>\t\t\t\t\t\t\t\t<\/div>\n\t\t\t\t<\/div>\n\t\t\t\t\t<\/div>\n\t\t\t\t<\/div>\n\t\t\t\t<\/div>","protected":false},"excerpt":{"rendered":"<p>\u00c1ri\u00f0 1974 var Sj\u00e1lfsbjargarf\u00e9lag stofna\u00f0 \u00ed Neskaupsta\u00f0. F\u00e9lagi\u00f0 hefur sinnt \u00fdmsum verkefnum ein einkum f\u00e9lagsm\u00e1lum, f\u00e9lagsvist og \u00fdmsum n\u00e1mskei\u00f0um og gefi\u00f0 g\u00f3\u00f0ar gjafir til endurh\u00e6fingarst\u00f6\u00f0varinnar \u00ed Neskaupssta\u00f0. \u00c1 \u00e1rinu 1994 komu \u00fdmsir fulltr\u00faar Sj\u00e1lfsbjargar \u00ed heimss\u00f3kn til f\u00e9lagsins \u00ed tilefni \u00feess a\u00f0 \u00ed ma\u00ed var sett upp s\u00fdningin ,,\u00dej\u00f3\u00f0f\u00e9lag \u00e1n \u00fer\u00f6skulda\u201d. Me\u00f0al \u00feeirra sem komu [&hellip;]<\/p>\n","protected":false},"author":1,"featured_media":0,"parent":768,"menu_order":0,"comment_status":"closed","ping_status":"closed","template":"elementor_theme","meta":{"footnotes":""},"class_list":["post-2808","page","type-page","status-publish","hentry"],"_links":{"self":[{"href":"https:\/\/sjalfsbjorg.is\/en\/wp-json\/wp\/v2\/pages\/2808","targetHints":{"allow":["GET"]}}],"collection":[{"href":"https:\/\/sjalfsbjorg.is\/en\/wp-json\/wp\/v2\/pages"}],"about":[{"href":"https:\/\/sjalfsbjorg.is\/en\/wp-json\/wp\/v2\/types\/page"}],"author":[{"embeddable":true,"href":"https:\/\/sjalfsbjorg.is\/en\/wp-json\/wp\/v2\/users\/1"}],"replies":[{"embeddable":true,"href":"https:\/\/sjalfsbjorg.is\/en\/wp-json\/wp\/v2\/comments?post=2808"}],"version-history":[{"count":17,"href":"https:\/\/sjalfsbjorg.is\/en\/wp-json\/wp\/v2\/pages\/2808\/revisions"}],"predecessor-version":[{"id":12804,"href":"https:\/\/sjalfsbjorg.is\/en\/wp-json\/wp\/v2\/pages\/2808\/revisions\/12804"}],"up":[{"embeddable":true,"href":"https:\/\/sjalfsbjorg.is\/en\/wp-json\/wp\/v2\/pages\/768"}],"wp:attachment":[{"href":"https:\/\/sjalfsbjorg.is\/en\/wp-json\/wp\/v2\/media?parent=2808"}],"curies":[{"name":"wp","href":"https:\/\/api.w.org\/{rel}","templated":true}]}}