{"id":2848,"date":"2025-10-06T18:40:27","date_gmt":"2025-10-06T18:40:27","guid":{"rendered":"https:\/\/sjalfsbjorg.is\/?page_id=2848"},"modified":"2026-04-09T09:27:25","modified_gmt":"2026-04-09T09:27:25","slug":"sjalfsbjorg-a-siglufirdi","status":"publish","type":"page","link":"https:\/\/sjalfsbjorg.is\/en\/um-okkur\/adildarfelogin\/sjalfsbjorg-a-siglufirdi\/","title":{"rendered":"Sj\u00e1lfsbj\u00f6rg \u00e1 Siglufir\u00f0i &#8211; Sagan"},"content":{"rendered":"<div data-elementor-type=\"wp-page\" data-elementor-id=\"2848\" class=\"elementor elementor-2848\" data-elementor-post-type=\"page\">\n\t\t\t\t<div class=\"elementor-element elementor-element-ccd9a4f e-flex e-con-boxed e-con e-parent\" data-id=\"ccd9a4f\" data-element_type=\"container\" data-e-type=\"container\">\n\t\t\t\t\t<div class=\"e-con-inner\">\n\t\t<div class=\"elementor-element elementor-element-54a7055 e-con-full elementor-hidden-mobile e-flex e-con e-child\" data-id=\"54a7055\" data-element_type=\"container\" data-e-type=\"container\">\n\t\t\t\t<div class=\"elementor-element elementor-element-87a9153 elementor-invisible elementor-widget elementor-widget-nav-menu\" data-id=\"87a9153\" data-element_type=\"widget\" data-e-type=\"widget\" data-settings=\"{&quot;layout&quot;:&quot;dropdown&quot;,&quot;_animation&quot;:&quot;fadeIn&quot;,&quot;submenu_icon&quot;:{&quot;value&quot;:&quot;&lt;svg aria-hidden=\\&quot;true\\&quot; class=\\&quot;e-font-icon-svg e-fas-caret-down\\&quot; viewBox=\\&quot;0 0 320 512\\&quot; xmlns=\\&quot;http:\\\/\\\/www.w3.org\\\/2000\\\/svg\\&quot;&gt;&lt;path d=\\&quot;M31.3 192h257.3c17.8 0 26.7 21.5 14.1 34.1L174.1 354.8c-7.8 7.8-20.5 7.8-28.3 0L17.2 226.1C4.6 213.5 13.5 192 31.3 192z\\&quot;&gt;&lt;\\\/path&gt;&lt;\\\/svg&gt;&quot;,&quot;library&quot;:&quot;fa-solid&quot;}}\" data-widget_type=\"nav-menu.default\">\n\t\t\t\t\t\t\t\t<nav class=\"elementor-nav-menu--dropdown elementor-nav-menu__container\" aria-hidden=\"true\">\n\t\t\t\t<ul id=\"menu-2-87a9153\" class=\"elementor-nav-menu\"><li class=\"menu-item menu-item-type-post_type menu-item-object-page menu-item-841\"><a href=\"https:\/\/sjalfsbjorg.is\/en\/starfsemin\/landsfundir\/\" class=\"elementor-item\" tabindex=\"-1\">National meetings<\/a><\/li>\n<li class=\"menu-item menu-item-type-post_type menu-item-object-page menu-item-836\"><a href=\"https:\/\/sjalfsbjorg.is\/en\/starfsemin\/alyktanir\/\" class=\"elementor-item\" tabindex=\"-1\">Conclusions<\/a><\/li>\n<li class=\"menu-item menu-item-type-post_type menu-item-object-page menu-item-12638\"><a href=\"https:\/\/sjalfsbjorg.is\/en\/starfsemin\/happdraetti\/\" class=\"elementor-item\" tabindex=\"-1\">Lottery<\/a><\/li>\n<li class=\"menu-item menu-item-type-post_type menu-item-object-page menu-item-12895\"><a href=\"https:\/\/sjalfsbjorg.is\/en\/starfsemin\/klifur-timarit\/\" class=\"elementor-item\" tabindex=\"-1\">Climbing magazine<\/a><\/li>\n<li class=\"menu-item menu-item-type-post_type menu-item-object-page menu-item-12520\"><a href=\"https:\/\/sjalfsbjorg.is\/en\/starfsemin\/personuverndarstefna-sjalfsbjargar\/\" class=\"elementor-item\" tabindex=\"-1\">Privacy Policy<\/a><\/li>\n<li class=\"menu-item menu-item-type-post_type menu-item-object-page menu-item-12521\"><a href=\"https:\/\/sjalfsbjorg.is\/en\/starfsemin\/sidareglur-sjalfsbjargar\/\" class=\"elementor-item\" tabindex=\"-1\">Code of Conduct<\/a><\/li>\n<li class=\"menu-item menu-item-type-post_type menu-item-object-page menu-item-12522\"><a href=\"https:\/\/sjalfsbjorg.is\/en\/starfsemin\/starfsreglur-stjornar\/\" class=\"elementor-item\" tabindex=\"-1\">Starfsreglur<\/a><\/li>\n<li class=\"menu-item menu-item-type-post_type menu-item-object-page menu-item-12523\"><a href=\"https:\/\/sjalfsbjorg.is\/en\/starfsemin\/salfraedithjonusta\/\" class=\"elementor-item\" tabindex=\"-1\">Psychological services<\/a><\/li>\n<li class=\"menu-item menu-item-type-post_type menu-item-object-page menu-item-12524\"><a href=\"https:\/\/sjalfsbjorg.is\/en\/starfsemin\/adgengis-uttektir\/\" class=\"elementor-item\" tabindex=\"-1\">A\u00f0gengis\u00fattektir<\/a><\/li>\n<li class=\"menu-item menu-item-type-post_type menu-item-object-page menu-item-12613\"><a href=\"https:\/\/sjalfsbjorg.is\/en\/starfsemin\/styrkir\/\" class=\"elementor-item\" tabindex=\"-1\">Styrkir<\/a><\/li>\n<\/ul>\t\t\t<\/nav>\n\t\t\t\t\t\t<\/div>\n\t\t\t\t<\/div>\n\t\t<div class=\"elementor-element elementor-element-f2d10ad e-con-full e-flex elementor-invisible e-con e-child\" data-id=\"f2d10ad\" data-element_type=\"container\" data-e-type=\"container\" data-settings=\"{&quot;animation&quot;:&quot;fadeIn&quot;}\">\n\t\t\t\t<div class=\"elementor-element elementor-element-7c90430 elementor-widget elementor-widget-text-editor\" data-id=\"7c90430\" data-element_type=\"widget\" data-e-type=\"widget\" data-widget_type=\"text-editor.default\">\n\t\t\t\t\t\t\t\t\t<p>Sj\u00e1lfsbjargarf\u00e9lagi\u00f0 \u00e1 Siglufir\u00f0i er elsta f\u00e9lag Sj\u00e1lfsbjargar \u00e1 \u00cdslandi. \u00dea\u00f0 var stofna\u00f0 9. j\u00fan\u00ed 1958 og hefur veri\u00f0 vi\u00f0 l\u00fd\u00f0i \u00f3sliti\u00f0 s\u00ed\u00f0an \u00fe\u00e1. Fj\u00f3rt\u00e1n manns voru m\u00e6tt a\u00f0 Gr\u00e1nug\u00f6tu 14 \u00e1 Siglufir\u00f0i \u00feetta m\u00e1nudagskv\u00f6ld ,,til \u00feess a\u00f0 r\u00e6\u00f0a m\u00f6guleika \u00e1 stofnun f\u00e9lags lama\u00f0ra og fatla\u00f0ra \u00ed Siglufir\u00f0i,\u201c eins og greinir fr\u00e1 \u00ed fyrstu fundarger\u00f0 f\u00e9lagsins. Forg\u00f6nguma\u00f0ur um m\u00e1li\u00f0 var Sigursveinn D. Kristinsson t\u00f3nsk\u00e1ld. Fj\u00f3rt\u00e1nmenningarnir stofnu\u00f0u f\u00e9lagi\u00f0 \u00feetta kv\u00f6ld, enda var til \u00feess teki\u00f0 a\u00f0 mikill \u00e1hugi v\u00e6ri innan h\u00f3psins a\u00f0 stofna f\u00e9lag sem hef\u00f0i svo mikilla sameiginlegra hagsmuna a\u00f0 g\u00e6ta. Fyrsti forma\u00f0ur f\u00e9lagsins var Valey J\u00f3nasd\u00f3ttir. Fyrsta starfs\u00e1ri\u00f0 voru haldin spilakv\u00f6ld, vinnufundir, bazar og einn dansleikur var fyrsta \u00e1ri\u00f0.<\/p><p>,,Vi\u00f0 fundum strax mikinn velvilja og hl\u00fdhug streyma til samtakanna okkar h\u00e9r, og margir gengu snemma \u00ed f\u00e9lagi\u00f0, sem styrktarme\u00f0limir\u201d segir \u00ed sk\u00fdrslu stj\u00f3rnarinnar til landssambandsins eftir fyrsta starfs\u00e1ri\u00f0.<\/p><p>F\u00e9lagi\u00f0 efndi til skemmtifer\u00f0ar sumari\u00f0 1959 og er \u00fea\u00f0 ein fyrsta af fj\u00f6lm\u00f6rgum fer\u00f0um Sj\u00e1lfsbjargar sem fleiri en eitt f\u00e9lag t\u00f3k \u00fe\u00e1tt \u00ed, en mi\u00f0ja vegu hitti h\u00f3purinn, sj\u00f6t\u00edu manna h\u00f3p fr\u00e1 Akureyrarf\u00e9laginu. Lei\u00f0in l\u00e1 um Skagafj\u00f6r\u00f0 og \u00fe\u00f3tti s\u00e9rlega vel heppnu\u00f0.<\/p>\t\t\t\t\t\t\t\t<\/div>\n\t\t\t\t<\/div>\n\t\t\t\t\t<\/div>\n\t\t\t\t<\/div>\n\t\t\t\t<\/div>","protected":false},"excerpt":{"rendered":"<p>Sj\u00e1lfsbjargarf\u00e9lagi\u00f0 \u00e1 Siglufir\u00f0i er elsta f\u00e9lag Sj\u00e1lfsbjargar \u00e1 \u00cdslandi. \u00dea\u00f0 var stofna\u00f0 9. j\u00fan\u00ed 1958 og hefur veri\u00f0 vi\u00f0 l\u00fd\u00f0i \u00f3sliti\u00f0 s\u00ed\u00f0an \u00fe\u00e1. Fj\u00f3rt\u00e1n manns voru m\u00e6tt a\u00f0 Gr\u00e1nug\u00f6tu 14 \u00e1 Siglufir\u00f0i \u00feetta m\u00e1nudagskv\u00f6ld ,,til \u00feess a\u00f0 r\u00e6\u00f0a m\u00f6guleika \u00e1 stofnun f\u00e9lags lama\u00f0ra og fatla\u00f0ra \u00ed Siglufir\u00f0i,\u201c eins og greinir fr\u00e1 \u00ed fyrstu fundarger\u00f0 f\u00e9lagsins. [&hellip;]<\/p>\n","protected":false},"author":1,"featured_media":0,"parent":768,"menu_order":0,"comment_status":"closed","ping_status":"closed","template":"elementor_theme","meta":{"footnotes":""},"class_list":["post-2848","page","type-page","status-publish","hentry"],"_links":{"self":[{"href":"https:\/\/sjalfsbjorg.is\/en\/wp-json\/wp\/v2\/pages\/2848","targetHints":{"allow":["GET"]}}],"collection":[{"href":"https:\/\/sjalfsbjorg.is\/en\/wp-json\/wp\/v2\/pages"}],"about":[{"href":"https:\/\/sjalfsbjorg.is\/en\/wp-json\/wp\/v2\/types\/page"}],"author":[{"embeddable":true,"href":"https:\/\/sjalfsbjorg.is\/en\/wp-json\/wp\/v2\/users\/1"}],"replies":[{"embeddable":true,"href":"https:\/\/sjalfsbjorg.is\/en\/wp-json\/wp\/v2\/comments?post=2848"}],"version-history":[{"count":11,"href":"https:\/\/sjalfsbjorg.is\/en\/wp-json\/wp\/v2\/pages\/2848\/revisions"}],"predecessor-version":[{"id":12805,"href":"https:\/\/sjalfsbjorg.is\/en\/wp-json\/wp\/v2\/pages\/2848\/revisions\/12805"}],"up":[{"embeddable":true,"href":"https:\/\/sjalfsbjorg.is\/en\/wp-json\/wp\/v2\/pages\/768"}],"wp:attachment":[{"href":"https:\/\/sjalfsbjorg.is\/en\/wp-json\/wp\/v2\/media?parent=2848"}],"curies":[{"name":"wp","href":"https:\/\/api.w.org\/{rel}","templated":true}]}}