{"id":2867,"date":"2025-10-06T18:45:20","date_gmt":"2025-10-06T18:45:20","guid":{"rendered":"https:\/\/sjalfsbjorg.is\/?page_id=2867"},"modified":"2026-04-09T09:29:43","modified_gmt":"2026-04-09T09:29:43","slug":"sjalfsbjorg-a-saudarkrokii-skagafirdi","status":"publish","type":"page","link":"https:\/\/sjalfsbjorg.is\/en\/um-okkur\/adildarfelogin\/sjalfsbjorg-a-saudarkrokii-skagafirdi\/","title":{"rendered":"Sj\u00e1lfsbj\u00f6rg \u00ed Skagafir\u00f0i &#8211; Sagan"},"content":{"rendered":"<div data-elementor-type=\"wp-page\" data-elementor-id=\"2867\" class=\"elementor elementor-2867\" data-elementor-post-type=\"page\">\n\t\t\t\t<div class=\"elementor-element elementor-element-9fe0183 e-flex e-con-boxed e-con e-parent\" data-id=\"9fe0183\" data-element_type=\"container\" data-e-type=\"container\">\n\t\t\t\t\t<div class=\"e-con-inner\">\n\t\t<div class=\"elementor-element elementor-element-bdcd4cc e-con-full elementor-hidden-mobile e-flex e-con e-child\" data-id=\"bdcd4cc\" data-element_type=\"container\" data-e-type=\"container\">\n\t\t\t\t<div class=\"elementor-element elementor-element-75e92f3 elementor-invisible elementor-widget elementor-widget-nav-menu\" data-id=\"75e92f3\" data-element_type=\"widget\" data-e-type=\"widget\" data-settings=\"{&quot;layout&quot;:&quot;dropdown&quot;,&quot;_animation&quot;:&quot;fadeIn&quot;,&quot;submenu_icon&quot;:{&quot;value&quot;:&quot;&lt;svg aria-hidden=\\&quot;true\\&quot; class=\\&quot;e-font-icon-svg e-fas-caret-down\\&quot; viewBox=\\&quot;0 0 320 512\\&quot; xmlns=\\&quot;http:\\\/\\\/www.w3.org\\\/2000\\\/svg\\&quot;&gt;&lt;path d=\\&quot;M31.3 192h257.3c17.8 0 26.7 21.5 14.1 34.1L174.1 354.8c-7.8 7.8-20.5 7.8-28.3 0L17.2 226.1C4.6 213.5 13.5 192 31.3 192z\\&quot;&gt;&lt;\\\/path&gt;&lt;\\\/svg&gt;&quot;,&quot;library&quot;:&quot;fa-solid&quot;}}\" data-widget_type=\"nav-menu.default\">\n\t\t\t\t\t\t\t\t<nav class=\"elementor-nav-menu--dropdown elementor-nav-menu__container\" aria-hidden=\"true\">\n\t\t\t\t<ul id=\"menu-2-75e92f3\" class=\"elementor-nav-menu\"><li class=\"menu-item menu-item-type-post_type menu-item-object-page menu-item-841\"><a href=\"https:\/\/sjalfsbjorg.is\/en\/starfsemin\/landsfundir\/\" class=\"elementor-item\" tabindex=\"-1\">National meetings<\/a><\/li>\n<li class=\"menu-item menu-item-type-post_type menu-item-object-page menu-item-836\"><a href=\"https:\/\/sjalfsbjorg.is\/en\/starfsemin\/alyktanir\/\" class=\"elementor-item\" tabindex=\"-1\">Conclusions<\/a><\/li>\n<li class=\"menu-item menu-item-type-post_type menu-item-object-page menu-item-12638\"><a href=\"https:\/\/sjalfsbjorg.is\/en\/starfsemin\/happdraetti\/\" class=\"elementor-item\" tabindex=\"-1\">Lottery<\/a><\/li>\n<li class=\"menu-item menu-item-type-post_type menu-item-object-page menu-item-12895\"><a href=\"https:\/\/sjalfsbjorg.is\/en\/starfsemin\/klifur-timarit\/\" class=\"elementor-item\" tabindex=\"-1\">Climbing magazine<\/a><\/li>\n<li class=\"menu-item menu-item-type-post_type menu-item-object-page menu-item-12520\"><a href=\"https:\/\/sjalfsbjorg.is\/en\/starfsemin\/personuverndarstefna-sjalfsbjargar\/\" class=\"elementor-item\" tabindex=\"-1\">Privacy Policy<\/a><\/li>\n<li class=\"menu-item menu-item-type-post_type menu-item-object-page menu-item-12521\"><a href=\"https:\/\/sjalfsbjorg.is\/en\/starfsemin\/sidareglur-sjalfsbjargar\/\" class=\"elementor-item\" tabindex=\"-1\">Code of Conduct<\/a><\/li>\n<li class=\"menu-item menu-item-type-post_type menu-item-object-page menu-item-12522\"><a href=\"https:\/\/sjalfsbjorg.is\/en\/starfsemin\/starfsreglur-stjornar\/\" class=\"elementor-item\" tabindex=\"-1\">Starfsreglur<\/a><\/li>\n<li class=\"menu-item menu-item-type-post_type menu-item-object-page menu-item-12523\"><a href=\"https:\/\/sjalfsbjorg.is\/en\/starfsemin\/salfraedithjonusta\/\" class=\"elementor-item\" tabindex=\"-1\">Psychological services<\/a><\/li>\n<li class=\"menu-item menu-item-type-post_type menu-item-object-page menu-item-12524\"><a href=\"https:\/\/sjalfsbjorg.is\/en\/starfsemin\/adgengis-uttektir\/\" class=\"elementor-item\" tabindex=\"-1\">A\u00f0gengis\u00fattektir<\/a><\/li>\n<li class=\"menu-item menu-item-type-post_type menu-item-object-page menu-item-12613\"><a href=\"https:\/\/sjalfsbjorg.is\/en\/starfsemin\/styrkir\/\" class=\"elementor-item\" tabindex=\"-1\">Styrkir<\/a><\/li>\n<\/ul>\t\t\t<\/nav>\n\t\t\t\t\t\t<\/div>\n\t\t\t\t<\/div>\n\t\t<div class=\"elementor-element elementor-element-176fec6 e-con-full e-flex elementor-invisible e-con e-child\" data-id=\"176fec6\" data-element_type=\"container\" data-e-type=\"container\" data-settings=\"{&quot;animation&quot;:&quot;fadeIn&quot;}\">\n\t\t\t\t<div class=\"elementor-element elementor-element-8a2a0d5 elementor-widget elementor-widget-text-editor\" data-id=\"8a2a0d5\" data-element_type=\"widget\" data-e-type=\"widget\" data-widget_type=\"text-editor.default\">\n\t\t\t\t\t\t\t\t\t<p>\u00deann 11. mars \u00e1ri\u00f0 1962 var stofna\u00f0 Sj\u00e1lfsbjargarf\u00e9lag \u00e1 Sau\u00f0\u00e1rkr\u00f3ki. \u00de\u00e1 voru f\u00e9l\u00f6gin innan landssambandsins or\u00f0in t\u00edu a\u00f0 t\u00f6lu. Fyrsti forma\u00f0ur f\u00e9lagsins var Konr\u00e1\u00f0 \u00deorsteinsson. F\u00e9lagi\u00f0 var\u00f0 strax fj\u00f6lmennt og styrkarf\u00e9lagar svo margir a\u00f0 ekkert anna\u00f0 Sj\u00e1lfsbjargarf\u00e9lag komst \u00ed h\u00e1lfkvisti vi\u00f0 \u00fea\u00f0, eins og segir \u00ed fyrstu sk\u00fdrslu f\u00e9lagsins til landssambandsins. Tala f\u00e9laga er hins vegar ekki tilgreind fyrir \u00feetta fyrsta \u00e1r, en \u00e1ri s\u00ed\u00f0ar voru \u00feeir 62 og \u00e1ri\u00f0 1964 var uppl\u00fdst um fj\u00f6lda styrktarf\u00e9laga, en \u00feeir voru \u00fe\u00e1 um 200 talsins.<\/p><p>Fyrsta starfs\u00e1ri\u00f0 voru haldnir fundir og r\u00e6tt um undirb\u00faning a\u00f0 stofnun hj\u00e1lparsj\u00f3\u00f0s \u00e1 vegum f\u00e9lagsins. B\u00e6jarstj\u00f3rn Sau\u00f0\u00e1rkr\u00f3ks studdi myndarlega vi\u00f0 baki\u00f0 \u00e1 f\u00e9laginu og fj\u00e1r\u00f6flun var einnig mj\u00f6g vel heppnu\u00f0, en haldi\u00f0 var b\u00f6gglauppbo\u00f0 sem skila\u00f0i drj\u00fagum \u00e1g\u00f3\u00f0a.<\/p><p>\u00c1ri\u00f0 1963 festi f\u00e9lagi\u00f0 s\u00ed\u00f0an kaup \u00e1 g\u00f6mlu h\u00fasi sem flutt var \u00e1 grunn sem Kaupf\u00e9lag Skagfir\u00f0inga gaf f\u00e9laginu. \u00c1 \u00fev\u00ed \u00e1ri var unni\u00f0 a\u00f0 \u00fev\u00ed a\u00f0 st\u00e6kka h\u00fasi\u00f0 og fullgera, en h\u00fasbygging var \u00ed b\u00edger\u00f0 hj\u00e1 f\u00e9laginu. H\u00fasi\u00f0 skemmdist af eldi \u00e1ri\u00f0 1964 en vi\u00f0ger\u00f0 var loki\u00f0 sama \u00e1r.<\/p><p>Forma\u00f0ur Sj\u00e1lfsbjargar \u00ed Skagafir\u00f0i \u00e1 50 \u00e1ra afm\u00e6lis\u00e1ri Sj\u00e1lfsbjargar lsf. 2009 var Anna \u00de\u00f3r\u00f0ard\u00f3ttir. \u00c1 60 \u00e1ra afm\u00e6lis\u00e1ri landssambandsins 2019 var forma\u00f0ur f\u00e9lagsins Magn\u00fas G. J\u00f3hannesson.<\/p>\t\t\t\t\t\t\t\t<\/div>\n\t\t\t\t<\/div>\n\t\t\t\t\t<\/div>\n\t\t\t\t<\/div>\n\t\t\t\t<\/div>","protected":false},"excerpt":{"rendered":"<p>\u00deann 11. mars \u00e1ri\u00f0 1962 var stofna\u00f0 Sj\u00e1lfsbjargarf\u00e9lag \u00e1 Sau\u00f0\u00e1rkr\u00f3ki. \u00de\u00e1 voru f\u00e9l\u00f6gin innan landssambandsins or\u00f0in t\u00edu a\u00f0 t\u00f6lu. Fyrsti forma\u00f0ur f\u00e9lagsins var Konr\u00e1\u00f0 \u00deorsteinsson. F\u00e9lagi\u00f0 var\u00f0 strax fj\u00f6lmennt og styrkarf\u00e9lagar svo margir a\u00f0 ekkert anna\u00f0 Sj\u00e1lfsbjargarf\u00e9lag komst \u00ed h\u00e1lfkvisti vi\u00f0 \u00fea\u00f0, eins og segir \u00ed fyrstu sk\u00fdrslu f\u00e9lagsins til landssambandsins. Tala f\u00e9laga er hins [&hellip;]<\/p>\n","protected":false},"author":1,"featured_media":0,"parent":768,"menu_order":0,"comment_status":"closed","ping_status":"closed","template":"elementor_theme","meta":{"footnotes":""},"class_list":["post-2867","page","type-page","status-publish","hentry"],"_links":{"self":[{"href":"https:\/\/sjalfsbjorg.is\/en\/wp-json\/wp\/v2\/pages\/2867","targetHints":{"allow":["GET"]}}],"collection":[{"href":"https:\/\/sjalfsbjorg.is\/en\/wp-json\/wp\/v2\/pages"}],"about":[{"href":"https:\/\/sjalfsbjorg.is\/en\/wp-json\/wp\/v2\/types\/page"}],"author":[{"embeddable":true,"href":"https:\/\/sjalfsbjorg.is\/en\/wp-json\/wp\/v2\/users\/1"}],"replies":[{"embeddable":true,"href":"https:\/\/sjalfsbjorg.is\/en\/wp-json\/wp\/v2\/comments?post=2867"}],"version-history":[{"count":14,"href":"https:\/\/sjalfsbjorg.is\/en\/wp-json\/wp\/v2\/pages\/2867\/revisions"}],"predecessor-version":[{"id":12806,"href":"https:\/\/sjalfsbjorg.is\/en\/wp-json\/wp\/v2\/pages\/2867\/revisions\/12806"}],"up":[{"embeddable":true,"href":"https:\/\/sjalfsbjorg.is\/en\/wp-json\/wp\/v2\/pages\/768"}],"wp:attachment":[{"href":"https:\/\/sjalfsbjorg.is\/en\/wp-json\/wp\/v2\/media?parent=2867"}],"curies":[{"name":"wp","href":"https:\/\/api.w.org\/{rel}","templated":true}]}}