{"id":2885,"date":"2025-10-06T18:54:36","date_gmt":"2025-10-06T18:54:36","guid":{"rendered":"https:\/\/sjalfsbjorg.is\/?page_id=2885"},"modified":"2026-04-09T09:31:08","modified_gmt":"2026-04-09T09:31:08","slug":"sjalfsbjorg-i-arnessyslu-a-sudurlandi","status":"publish","type":"page","link":"https:\/\/sjalfsbjorg.is\/en\/um-okkur\/adildarfelogin\/sjalfsbjorg-i-arnessyslu-a-sudurlandi\/","title":{"rendered":"Sj\u00e1lfsbj\u00f6rg \u00e1 Su\u00f0urlandi &#8211; Sagan"},"content":{"rendered":"<div data-elementor-type=\"wp-page\" data-elementor-id=\"2885\" class=\"elementor elementor-2885\" data-elementor-post-type=\"page\">\n\t\t\t\t<div class=\"elementor-element elementor-element-2176172 e-flex e-con-boxed e-con e-parent\" data-id=\"2176172\" data-element_type=\"container\" data-e-type=\"container\">\n\t\t\t\t\t<div class=\"e-con-inner\">\n\t\t<div class=\"elementor-element elementor-element-169608e e-con-full elementor-hidden-mobile e-flex e-con e-child\" data-id=\"169608e\" data-element_type=\"container\" data-e-type=\"container\">\n\t\t\t\t<div class=\"elementor-element elementor-element-f5f3f78 elementor-invisible elementor-widget elementor-widget-nav-menu\" data-id=\"f5f3f78\" data-element_type=\"widget\" data-e-type=\"widget\" data-settings=\"{&quot;layout&quot;:&quot;dropdown&quot;,&quot;_animation&quot;:&quot;fadeIn&quot;,&quot;submenu_icon&quot;:{&quot;value&quot;:&quot;&lt;svg aria-hidden=\\&quot;true\\&quot; class=\\&quot;e-font-icon-svg e-fas-caret-down\\&quot; viewBox=\\&quot;0 0 320 512\\&quot; xmlns=\\&quot;http:\\\/\\\/www.w3.org\\\/2000\\\/svg\\&quot;&gt;&lt;path d=\\&quot;M31.3 192h257.3c17.8 0 26.7 21.5 14.1 34.1L174.1 354.8c-7.8 7.8-20.5 7.8-28.3 0L17.2 226.1C4.6 213.5 13.5 192 31.3 192z\\&quot;&gt;&lt;\\\/path&gt;&lt;\\\/svg&gt;&quot;,&quot;library&quot;:&quot;fa-solid&quot;}}\" data-widget_type=\"nav-menu.default\">\n\t\t\t\t\t\t\t\t<nav class=\"elementor-nav-menu--dropdown elementor-nav-menu__container\" aria-hidden=\"true\">\n\t\t\t\t<ul id=\"menu-2-f5f3f78\" class=\"elementor-nav-menu\"><li class=\"menu-item menu-item-type-post_type menu-item-object-page menu-item-841\"><a href=\"https:\/\/sjalfsbjorg.is\/en\/starfsemin\/landsfundir\/\" class=\"elementor-item\" tabindex=\"-1\">National meetings<\/a><\/li>\n<li class=\"menu-item menu-item-type-post_type menu-item-object-page menu-item-836\"><a href=\"https:\/\/sjalfsbjorg.is\/en\/starfsemin\/alyktanir\/\" class=\"elementor-item\" tabindex=\"-1\">Conclusions<\/a><\/li>\n<li class=\"menu-item menu-item-type-post_type menu-item-object-page menu-item-12638\"><a href=\"https:\/\/sjalfsbjorg.is\/en\/starfsemin\/happdraetti\/\" class=\"elementor-item\" tabindex=\"-1\">Lottery<\/a><\/li>\n<li class=\"menu-item menu-item-type-post_type menu-item-object-page menu-item-12895\"><a href=\"https:\/\/sjalfsbjorg.is\/en\/starfsemin\/klifur-timarit\/\" class=\"elementor-item\" tabindex=\"-1\">Climbing magazine<\/a><\/li>\n<li class=\"menu-item menu-item-type-post_type menu-item-object-page menu-item-12520\"><a href=\"https:\/\/sjalfsbjorg.is\/en\/starfsemin\/personuverndarstefna-sjalfsbjargar\/\" class=\"elementor-item\" tabindex=\"-1\">Privacy Policy<\/a><\/li>\n<li class=\"menu-item menu-item-type-post_type menu-item-object-page menu-item-12521\"><a href=\"https:\/\/sjalfsbjorg.is\/en\/starfsemin\/sidareglur-sjalfsbjargar\/\" class=\"elementor-item\" tabindex=\"-1\">Code of Conduct<\/a><\/li>\n<li class=\"menu-item menu-item-type-post_type menu-item-object-page menu-item-12522\"><a href=\"https:\/\/sjalfsbjorg.is\/en\/starfsemin\/starfsreglur-stjornar\/\" class=\"elementor-item\" tabindex=\"-1\">Starfsreglur<\/a><\/li>\n<li class=\"menu-item menu-item-type-post_type menu-item-object-page menu-item-12523\"><a href=\"https:\/\/sjalfsbjorg.is\/en\/starfsemin\/salfraedithjonusta\/\" class=\"elementor-item\" tabindex=\"-1\">Psychological services<\/a><\/li>\n<li class=\"menu-item menu-item-type-post_type menu-item-object-page menu-item-12524\"><a href=\"https:\/\/sjalfsbjorg.is\/en\/starfsemin\/adgengis-uttektir\/\" class=\"elementor-item\" tabindex=\"-1\">A\u00f0gengis\u00fattektir<\/a><\/li>\n<li class=\"menu-item menu-item-type-post_type menu-item-object-page menu-item-12613\"><a href=\"https:\/\/sjalfsbjorg.is\/en\/starfsemin\/styrkir\/\" class=\"elementor-item\" tabindex=\"-1\">Styrkir<\/a><\/li>\n<\/ul>\t\t\t<\/nav>\n\t\t\t\t\t\t<\/div>\n\t\t\t\t<\/div>\n\t\t<div class=\"elementor-element elementor-element-25ea726 e-con-full e-flex elementor-invisible e-con e-child\" data-id=\"25ea726\" data-element_type=\"container\" data-e-type=\"container\" data-settings=\"{&quot;animation&quot;:&quot;fadeIn&quot;}\">\n\t\t\t\t<div class=\"elementor-element elementor-element-a69bf1e elementor-widget elementor-widget-text-editor\" data-id=\"a69bf1e\" data-element_type=\"widget\" data-e-type=\"widget\" data-widget_type=\"text-editor.default\">\n\t\t\t\t\t\t\t\t\t<p>Sj\u00e1lfsbj\u00f6rg, f\u00e9lag fatla\u00f0ra \u00ed \u00c1rness\u00fdslu var stofna\u00f0 \u00feann 15. n\u00f3vember 1958 \u00ed Selfossb\u00ed\u00f3i. Fyrsti forma\u00f0ur f\u00e9lagsins var Steingr\u00edmur \u00d3lafsson og var hann forma\u00f0ur fyrstu tv\u00f6 \u00e1rin en \u00fe\u00e1 t\u00f3k Valger\u00f0ur Hauksd\u00f3ttir vi\u00f0 formennsku. Til a\u00f0 byrja me\u00f0 var starfssv\u00e6\u00f0i f\u00e9lagsins a\u00f0allega listamannab\u00e6rinn Hverager\u00f0i, Selfoss og n\u00e1grenni en s\u00ed\u00f0ar v\u00edkka\u00f0i starfssv\u00e6\u00f0i\u00f0 til \u00c1rness\u00fdslu og loks til su\u00f0urlands alls. F\u00e9lagi\u00f0 er eitt hinna fimm elstu. \u00de\u00f3r\u00f0ur J\u00f3hannsson var\u00f0 forma\u00f0ur um mi\u00f0jan sj\u00f6unda \u00e1ratuginn og um svipa\u00f0 leyti fluttist P\u00e1l\u00edna Snorrad\u00f3ttir fr\u00e1 \u00cdsafir\u00f0i til Hverager\u00f0is og unnu \u00feau n\u00e1i\u00f0 saman, en \u00feau voru samkennarar. Til \u00feess var teki\u00f0 hve nemendur \u00feeirra voru \u00f6tulir vi\u00f0 merkjas\u00f6lu fyrir Sj\u00e1lfsbj\u00f6rg. Er \u00de\u00f3r\u00f0ur l\u00e9st t\u00f3k P\u00e1l\u00edna vi\u00f0 formennsku. H\u00fan beitti s\u00e9r fyrir \u00fev\u00ed a\u00f0 hver forma\u00f0ur \u00ed f\u00e9laginu s\u00e6ti a\u00f0eins sex \u00e1r \u00ed senn og taldi \u00fea\u00f0 g\u00f3\u00f0an si\u00f0.<\/p><p>Merkjasalan og sala Sj\u00e1lfsbjargarbla\u00f0sins var jafnan a\u00f0alverkefni f\u00e9lagsins auk ferlim\u00e1lanna. F\u00e9lagi\u00f0 h\u00e9lt, l\u00edkt og \u00f6nnur f\u00e9l\u00f6g, lands\u00feing Sj\u00e1lfsbjargar (\u00e1ri\u00f0 1967) og t\u00f3k einnig \u00e1 m\u00f3ti li\u00f0lega eitt hundra\u00f0 Nor\u00f0m\u00f6nnum sem s\u00f3ttu \u00cdsland heim \u00e1ri\u00f0 1979 og gistu v\u00ed\u00f0s vegar um Hverager\u00f0isb\u00e6. F\u00e9lagi\u00f0 h\u00e9lt seinast lands\u00feing Sj\u00e1lfsbjargar a\u00f0 Fl\u00fa\u00f0um \u00e1ri\u00f0 2004.<\/p><p>Sunnudaginn 19. september 2004 voru st\u00edgar Haukadalssk\u00f3gar ger\u00f0ir a\u00f0gengilegir \u00ed fyrsta sinn. Svanur Ingvarsson sem \u00fe\u00e1 var forma\u00f0ur Sj\u00e1lfsbjargar \u00e1 Su\u00f0urlandi og Hreinn \u00d3skarsson sk\u00f3garv\u00f6r\u00f0ur opnu\u00f0u st\u00edginn me\u00f0 \u00feeim t\u00e1knr\u00e6na h\u00e6tti a\u00f0 saga sundur trj\u00e1grein, sem t\u00e1kn um a\u00f0 hindrun hef\u00f0i veri\u00f0 rutt \u00far vegi. A\u00f0dragandi \u00feessa framtaks var d\u00e1l\u00edti\u00f0 r\u00f3mant\u00edskur. Svanur og Hreinn, sem var mikill \u00e1hugama\u00f0ur um a\u00f0gengism\u00e1l, bjuggu \u00ed s\u00f6mu g\u00f6tu \u00ed Hverager\u00f0i og einhverju sinni l\u00fdsti Svanur \u00fev\u00ed fyrir honum a\u00f0 hann hef\u00f0i alltaf langa\u00f0 a\u00f0 komast \u00e1 hj\u00f3last\u00f3l \u00fat \u00ed sk\u00f3g. ,,\u00dea\u00f0 var\u00f0 neistinn sem kveikti \u00fea\u00f0 b\u00e1l sem loga\u00f0i allt \u00fear til \u00feetta m\u00e1l var \u00ed h\u00f6fn,\u201d segir P\u00e1l\u00edna Snorrad\u00f3ttir sem t\u00f3k aftur vi\u00f0 formennsku f\u00e9lagsins \u00ed \u00c1rness\u00fdslu af Svani og gegndi \u00fev\u00ed \u00e1 50 \u00e1ra afm\u00e6lis\u00e1ri Sj\u00e1lfsbjargar lsf. Pokasj\u00f3\u00f0ur styrkti framtaki\u00f0 \u00ed Haukadalssk\u00f3gum myndarlega. Hreinn er n\u00fa or\u00f0inn forst\u00f6\u00f0uma\u00f0ur Heklusk\u00f3ga og er \u00feegar farinn a\u00f0 huga a\u00f0 \u00fev\u00ed a\u00f0 n\u00fdta \u00fe\u00e1 miklu \u00feekkingu sem hann afla\u00f0i s\u00e9r \u00e1 ger\u00f0 st\u00edganna \u00ed Haukadalssk\u00f3gi. \u00dea\u00f0 var ekki einfalt m\u00e1l a\u00f0 finna r\u00e9tta efni\u00f0 \u00ed st\u00edgana, efni sem \u00fejappa\u00f0ist h\u00e6filega, byggja br\u00fdr \u00fear sem \u00e1 \u00feurfti a\u00f0 halda og tengja st\u00edga, en \u00ed \u00feennan sj\u00f3\u00f0 mun ver\u00f0a gengi\u00f0 \u00ed framhaldi \u00e1 hli\u00f0st\u00e6\u00f0um verkefnum.<\/p><p>\u00cd Hverager\u00f0i hefur Sj\u00e1lfsbj\u00f6rg komi\u00f0 \u00fev\u00ed til lei\u00f0ar a\u00f0 vi\u00f0 endurskipulagningu \u00e1 nefndum b\u00e6jarins fengu fulltr\u00faar fatla\u00f0ra a\u00f0gang a\u00f0 \u00feeirri nefnd sem f\u00f3r me\u00f0 skipulags-, bygginga- og brunam\u00e1l og h\u00f6f\u00f0u m\u00e1lfrelsi og till\u00f6gur\u00e9tt \u00ed nefndinni.<\/p>\t\t\t\t\t\t\t\t<\/div>\n\t\t\t\t<\/div>\n\t\t\t\t\t<\/div>\n\t\t\t\t<\/div>\n\t\t\t\t<\/div>","protected":false},"excerpt":{"rendered":"<p>Sj\u00e1lfsbj\u00f6rg, f\u00e9lag fatla\u00f0ra \u00ed \u00c1rness\u00fdslu var stofna\u00f0 \u00feann 15. n\u00f3vember 1958 \u00ed Selfossb\u00ed\u00f3i. Fyrsti forma\u00f0ur f\u00e9lagsins var Steingr\u00edmur \u00d3lafsson og var hann forma\u00f0ur fyrstu tv\u00f6 \u00e1rin en \u00fe\u00e1 t\u00f3k Valger\u00f0ur Hauksd\u00f3ttir vi\u00f0 formennsku. Til a\u00f0 byrja me\u00f0 var starfssv\u00e6\u00f0i f\u00e9lagsins a\u00f0allega listamannab\u00e6rinn Hverager\u00f0i, Selfoss og n\u00e1grenni en s\u00ed\u00f0ar v\u00edkka\u00f0i starfssv\u00e6\u00f0i\u00f0 til \u00c1rness\u00fdslu og loks til [&hellip;]<\/p>\n","protected":false},"author":1,"featured_media":0,"parent":768,"menu_order":0,"comment_status":"closed","ping_status":"closed","template":"elementor_theme","meta":{"footnotes":""},"class_list":["post-2885","page","type-page","status-publish","hentry"],"_links":{"self":[{"href":"https:\/\/sjalfsbjorg.is\/en\/wp-json\/wp\/v2\/pages\/2885","targetHints":{"allow":["GET"]}}],"collection":[{"href":"https:\/\/sjalfsbjorg.is\/en\/wp-json\/wp\/v2\/pages"}],"about":[{"href":"https:\/\/sjalfsbjorg.is\/en\/wp-json\/wp\/v2\/types\/page"}],"author":[{"embeddable":true,"href":"https:\/\/sjalfsbjorg.is\/en\/wp-json\/wp\/v2\/users\/1"}],"replies":[{"embeddable":true,"href":"https:\/\/sjalfsbjorg.is\/en\/wp-json\/wp\/v2\/comments?post=2885"}],"version-history":[{"count":17,"href":"https:\/\/sjalfsbjorg.is\/en\/wp-json\/wp\/v2\/pages\/2885\/revisions"}],"predecessor-version":[{"id":12810,"href":"https:\/\/sjalfsbjorg.is\/en\/wp-json\/wp\/v2\/pages\/2885\/revisions\/12810"}],"up":[{"embeddable":true,"href":"https:\/\/sjalfsbjorg.is\/en\/wp-json\/wp\/v2\/pages\/768"}],"wp:attachment":[{"href":"https:\/\/sjalfsbjorg.is\/en\/wp-json\/wp\/v2\/media?parent=2885"}],"curies":[{"name":"wp","href":"https:\/\/api.w.org\/{rel}","templated":true}]}}