{"id":2918,"date":"2025-10-06T18:59:25","date_gmt":"2025-10-06T18:59:25","guid":{"rendered":"https:\/\/sjalfsbjorg.is\/?page_id=2918"},"modified":"2026-04-09T09:22:52","modified_gmt":"2026-04-09T09:22:52","slug":"sjalfsbjorg-a-sudurnesjum-sagan","status":"publish","type":"page","link":"https:\/\/sjalfsbjorg.is\/en\/um-okkur\/adildarfelogin\/sjalfsbjorg-a-sudurnesjum-sagan\/","title":{"rendered":"Sj\u00e1lfsbj\u00f6rg \u00e1 Su\u00f0urnesjum &#8211; Sagan"},"content":{"rendered":"<div data-elementor-type=\"wp-page\" data-elementor-id=\"2918\" class=\"elementor elementor-2918\" data-elementor-post-type=\"page\">\n\t\t\t\t<div class=\"elementor-element elementor-element-d7f31c4 e-flex e-con-boxed e-con e-parent\" data-id=\"d7f31c4\" data-element_type=\"container\" data-e-type=\"container\">\n\t\t\t\t\t<div class=\"e-con-inner\">\n\t\t<div class=\"elementor-element elementor-element-57f9e0d e-con-full elementor-hidden-mobile e-flex e-con e-child\" data-id=\"57f9e0d\" data-element_type=\"container\" data-e-type=\"container\">\n\t\t\t\t<div class=\"elementor-element elementor-element-22326e5 elementor-invisible elementor-widget elementor-widget-nav-menu\" data-id=\"22326e5\" data-element_type=\"widget\" data-e-type=\"widget\" data-settings=\"{&quot;layout&quot;:&quot;dropdown&quot;,&quot;_animation&quot;:&quot;fadeIn&quot;,&quot;submenu_icon&quot;:{&quot;value&quot;:&quot;&lt;svg aria-hidden=\\&quot;true\\&quot; class=\\&quot;e-font-icon-svg e-fas-caret-down\\&quot; viewBox=\\&quot;0 0 320 512\\&quot; xmlns=\\&quot;http:\\\/\\\/www.w3.org\\\/2000\\\/svg\\&quot;&gt;&lt;path d=\\&quot;M31.3 192h257.3c17.8 0 26.7 21.5 14.1 34.1L174.1 354.8c-7.8 7.8-20.5 7.8-28.3 0L17.2 226.1C4.6 213.5 13.5 192 31.3 192z\\&quot;&gt;&lt;\\\/path&gt;&lt;\\\/svg&gt;&quot;,&quot;library&quot;:&quot;fa-solid&quot;}}\" data-widget_type=\"nav-menu.default\">\n\t\t\t\t\t\t\t\t<nav class=\"elementor-nav-menu--dropdown elementor-nav-menu__container\" aria-hidden=\"true\">\n\t\t\t\t<ul id=\"menu-2-22326e5\" class=\"elementor-nav-menu\"><li class=\"menu-item menu-item-type-post_type menu-item-object-page menu-item-841\"><a href=\"https:\/\/sjalfsbjorg.is\/en\/starfsemin\/landsfundir\/\" class=\"elementor-item\" tabindex=\"-1\">National meetings<\/a><\/li>\n<li class=\"menu-item menu-item-type-post_type menu-item-object-page menu-item-836\"><a href=\"https:\/\/sjalfsbjorg.is\/en\/starfsemin\/alyktanir\/\" class=\"elementor-item\" tabindex=\"-1\">Conclusions<\/a><\/li>\n<li class=\"menu-item menu-item-type-post_type menu-item-object-page menu-item-12638\"><a href=\"https:\/\/sjalfsbjorg.is\/en\/starfsemin\/happdraetti\/\" class=\"elementor-item\" tabindex=\"-1\">Lottery<\/a><\/li>\n<li class=\"menu-item menu-item-type-post_type menu-item-object-page menu-item-12895\"><a href=\"https:\/\/sjalfsbjorg.is\/en\/starfsemin\/klifur-timarit\/\" class=\"elementor-item\" tabindex=\"-1\">Climbing magazine<\/a><\/li>\n<li class=\"menu-item menu-item-type-post_type menu-item-object-page menu-item-12520\"><a href=\"https:\/\/sjalfsbjorg.is\/en\/starfsemin\/personuverndarstefna-sjalfsbjargar\/\" class=\"elementor-item\" tabindex=\"-1\">Privacy Policy<\/a><\/li>\n<li class=\"menu-item menu-item-type-post_type menu-item-object-page menu-item-12521\"><a href=\"https:\/\/sjalfsbjorg.is\/en\/starfsemin\/sidareglur-sjalfsbjargar\/\" class=\"elementor-item\" tabindex=\"-1\">Code of Conduct<\/a><\/li>\n<li class=\"menu-item menu-item-type-post_type menu-item-object-page menu-item-12522\"><a href=\"https:\/\/sjalfsbjorg.is\/en\/starfsemin\/starfsreglur-stjornar\/\" class=\"elementor-item\" tabindex=\"-1\">Starfsreglur<\/a><\/li>\n<li class=\"menu-item menu-item-type-post_type menu-item-object-page menu-item-12523\"><a href=\"https:\/\/sjalfsbjorg.is\/en\/starfsemin\/salfraedithjonusta\/\" class=\"elementor-item\" tabindex=\"-1\">Psychological services<\/a><\/li>\n<li class=\"menu-item menu-item-type-post_type menu-item-object-page menu-item-12524\"><a href=\"https:\/\/sjalfsbjorg.is\/en\/starfsemin\/adgengis-uttektir\/\" class=\"elementor-item\" tabindex=\"-1\">A\u00f0gengis\u00fattektir<\/a><\/li>\n<li class=\"menu-item menu-item-type-post_type menu-item-object-page menu-item-12613\"><a href=\"https:\/\/sjalfsbjorg.is\/en\/starfsemin\/styrkir\/\" class=\"elementor-item\" tabindex=\"-1\">Styrkir<\/a><\/li>\n<\/ul>\t\t\t<\/nav>\n\t\t\t\t\t\t<\/div>\n\t\t\t\t<\/div>\n\t\t<div class=\"elementor-element elementor-element-67b6eee e-con-full e-flex elementor-invisible e-con e-child\" data-id=\"67b6eee\" data-element_type=\"container\" data-e-type=\"container\" data-settings=\"{&quot;animation&quot;:&quot;fadeIn&quot;}\">\n\t\t\t\t<div class=\"elementor-element elementor-element-db8f08a elementor-widget elementor-widget-text-editor\" data-id=\"db8f08a\" data-element_type=\"widget\" data-e-type=\"widget\" data-widget_type=\"text-editor.default\">\n\t\t\t\t\t\t\t\t\t<p>\u00c1ri\u00f0 1962 var stofna\u00f0 Sj\u00e1lfsbjargarf\u00e9lag \u00e1 Su\u00f0urnesjum. Stofnf\u00e9lagar voru 22 og styrktarf\u00e9lagar sj\u00f6. Fyrsti forma\u00f0urinn var kj\u00f6rinn \u00c1g\u00fast J\u00f3hannesson. Fri\u00f0rik \u00c1rs\u00e6ll Magn\u00fasson var lengi forma\u00f0ur f\u00e9lagsins \u00e1 fyrri \u00e1rum \u00feess. F\u00e9lagi\u00f0 haf\u00f0i a\u00f0ala\u00f0setur \u00ed Keflav\u00edk. \u00deegar h\u00f3pur norskra f\u00e9laga \u00ed systurf\u00e9lagi Sj\u00e1lfsbjargar komu til \u00cdslands sumari\u00f0 1979 heims\u00f3ttu \u00feeir me\u00f0al annars Su\u00f0urnesin.<\/p><p>\u00c1 \u00e1rinu 1974 t\u00f3k Sj\u00e1lfsbj\u00f6rg \u00ed Keflav\u00edk \u00fe\u00e1tt \u00ed s\u00fdningu \u00e1 vegum 25 \u00e1ra afm\u00e6lis kaupsta\u00f0arins og kynnti starfsemi s\u00edna \u00fear.<\/p><p>\u00cd apr\u00edl 1995 festi f\u00e9lagi\u00f0 kaup \u00e1 350 fermetra h\u00fasn\u00e6\u00f0i af Sparisj\u00f3\u00f0i Keflav\u00edkur, svok\u00f6llu\u00f0 ,,Landshafnarh\u00fasi\u201d sem stendur n\u00e1l\u00e6gt h\u00f6fninni og f\u00e9kk \u00fea\u00f0 \u00e1 g\u00f3\u00f0u ver\u00f0i. Kveikjan a\u00f0 \u00fev\u00ed var a\u00f0 f\u00e9lagi\u00f0 f\u00e9kk arf eftir einn f\u00e9laga sinn, G\u00edsla G\u00edslason.<\/p><p>Forma\u00f0ur Sj\u00e1lfsbjargar \u00e1 Su\u00f0urnesjum \u00e1 50 \u00e1ra afm\u00e6lis\u00e1ri landssambandsins 2009 sem og \u00e1 60 \u00e1ra afm\u00e6lis\u00e1rinu 2019 gengdi Hafd\u00eds B. Hilmarsd\u00f3ttir emb\u00e6tti formanns f\u00e9lagsins.<\/p>\t\t\t\t\t\t\t\t<\/div>\n\t\t\t\t<\/div>\n\t\t\t\t\t<\/div>\n\t\t\t\t<\/div>\n\t\t\t\t<\/div>","protected":false},"excerpt":{"rendered":"<p>\u00c1ri\u00f0 1962 var stofna\u00f0 Sj\u00e1lfsbjargarf\u00e9lag \u00e1 Su\u00f0urnesjum. Stofnf\u00e9lagar voru 22 og styrktarf\u00e9lagar sj\u00f6. Fyrsti forma\u00f0urinn var kj\u00f6rinn \u00c1g\u00fast J\u00f3hannesson. Fri\u00f0rik \u00c1rs\u00e6ll Magn\u00fasson var lengi forma\u00f0ur f\u00e9lagsins \u00e1 fyrri \u00e1rum \u00feess. F\u00e9lagi\u00f0 haf\u00f0i a\u00f0ala\u00f0setur \u00ed Keflav\u00edk. \u00deegar h\u00f3pur norskra f\u00e9laga \u00ed systurf\u00e9lagi Sj\u00e1lfsbjargar komu til \u00cdslands sumari\u00f0 1979 heims\u00f3ttu \u00feeir me\u00f0al annars Su\u00f0urnesin. \u00c1 \u00e1rinu 1974 [&hellip;]<\/p>\n","protected":false},"author":1,"featured_media":0,"parent":768,"menu_order":0,"comment_status":"closed","ping_status":"closed","template":"elementor_theme","meta":{"footnotes":""},"class_list":["post-2918","page","type-page","status-publish","hentry"],"_links":{"self":[{"href":"https:\/\/sjalfsbjorg.is\/en\/wp-json\/wp\/v2\/pages\/2918","targetHints":{"allow":["GET"]}}],"collection":[{"href":"https:\/\/sjalfsbjorg.is\/en\/wp-json\/wp\/v2\/pages"}],"about":[{"href":"https:\/\/sjalfsbjorg.is\/en\/wp-json\/wp\/v2\/types\/page"}],"author":[{"embeddable":true,"href":"https:\/\/sjalfsbjorg.is\/en\/wp-json\/wp\/v2\/users\/1"}],"replies":[{"embeddable":true,"href":"https:\/\/sjalfsbjorg.is\/en\/wp-json\/wp\/v2\/comments?post=2918"}],"version-history":[{"count":13,"href":"https:\/\/sjalfsbjorg.is\/en\/wp-json\/wp\/v2\/pages\/2918\/revisions"}],"predecessor-version":[{"id":12798,"href":"https:\/\/sjalfsbjorg.is\/en\/wp-json\/wp\/v2\/pages\/2918\/revisions\/12798"}],"up":[{"embeddable":true,"href":"https:\/\/sjalfsbjorg.is\/en\/wp-json\/wp\/v2\/pages\/768"}],"wp:attachment":[{"href":"https:\/\/sjalfsbjorg.is\/en\/wp-json\/wp\/v2\/media?parent=2918"}],"curies":[{"name":"wp","href":"https:\/\/api.w.org\/{rel}","templated":true}]}}