{"id":2962,"date":"2025-10-06T19:14:12","date_gmt":"2025-10-06T19:14:12","guid":{"rendered":"https:\/\/sjalfsbjorg.is\/?page_id=2962"},"modified":"2026-04-09T09:31:25","modified_gmt":"2026-04-09T09:31:25","slug":"sjalfsbjorg-i-vopnafirdi","status":"publish","type":"page","link":"https:\/\/sjalfsbjorg.is\/en\/um-okkur\/adildarfelogin\/sjalfsbjorg-i-vopnafirdi\/","title":{"rendered":"Sj\u00e1lfsbj\u00f6rg \u00ed Vopnafir\u00f0i &#8211; Sagan"},"content":{"rendered":"<div data-elementor-type=\"wp-page\" data-elementor-id=\"2962\" class=\"elementor elementor-2962\" data-elementor-post-type=\"page\">\n\t\t\t\t<div class=\"elementor-element elementor-element-25839b8 e-flex e-con-boxed e-con e-parent\" data-id=\"25839b8\" data-element_type=\"container\" data-e-type=\"container\">\n\t\t\t\t\t<div class=\"e-con-inner\">\n\t\t<div class=\"elementor-element elementor-element-07adba5 e-con-full elementor-hidden-mobile e-flex e-con e-child\" data-id=\"07adba5\" data-element_type=\"container\" data-e-type=\"container\">\n\t\t\t\t<div class=\"elementor-element elementor-element-31628c7 elementor-invisible elementor-widget elementor-widget-nav-menu\" data-id=\"31628c7\" data-element_type=\"widget\" data-e-type=\"widget\" data-settings=\"{&quot;layout&quot;:&quot;dropdown&quot;,&quot;_animation&quot;:&quot;fadeIn&quot;,&quot;submenu_icon&quot;:{&quot;value&quot;:&quot;&lt;svg aria-hidden=\\&quot;true\\&quot; class=\\&quot;e-font-icon-svg e-fas-caret-down\\&quot; viewBox=\\&quot;0 0 320 512\\&quot; xmlns=\\&quot;http:\\\/\\\/www.w3.org\\\/2000\\\/svg\\&quot;&gt;&lt;path d=\\&quot;M31.3 192h257.3c17.8 0 26.7 21.5 14.1 34.1L174.1 354.8c-7.8 7.8-20.5 7.8-28.3 0L17.2 226.1C4.6 213.5 13.5 192 31.3 192z\\&quot;&gt;&lt;\\\/path&gt;&lt;\\\/svg&gt;&quot;,&quot;library&quot;:&quot;fa-solid&quot;}}\" data-widget_type=\"nav-menu.default\">\n\t\t\t\t\t\t\t\t<nav class=\"elementor-nav-menu--dropdown elementor-nav-menu__container\" aria-hidden=\"true\">\n\t\t\t\t<ul id=\"menu-2-31628c7\" class=\"elementor-nav-menu\"><li class=\"menu-item menu-item-type-post_type menu-item-object-page menu-item-841\"><a href=\"https:\/\/sjalfsbjorg.is\/en\/starfsemin\/landsfundir\/\" class=\"elementor-item\" tabindex=\"-1\">National meetings<\/a><\/li>\n<li class=\"menu-item menu-item-type-post_type menu-item-object-page menu-item-836\"><a href=\"https:\/\/sjalfsbjorg.is\/en\/starfsemin\/alyktanir\/\" class=\"elementor-item\" tabindex=\"-1\">Conclusions<\/a><\/li>\n<li class=\"menu-item menu-item-type-post_type menu-item-object-page menu-item-12638\"><a href=\"https:\/\/sjalfsbjorg.is\/en\/starfsemin\/happdraetti\/\" class=\"elementor-item\" tabindex=\"-1\">Lottery<\/a><\/li>\n<li class=\"menu-item menu-item-type-post_type menu-item-object-page menu-item-12895\"><a href=\"https:\/\/sjalfsbjorg.is\/en\/starfsemin\/klifur-timarit\/\" class=\"elementor-item\" tabindex=\"-1\">Climbing magazine<\/a><\/li>\n<li class=\"menu-item menu-item-type-post_type menu-item-object-page menu-item-12520\"><a href=\"https:\/\/sjalfsbjorg.is\/en\/starfsemin\/personuverndarstefna-sjalfsbjargar\/\" class=\"elementor-item\" tabindex=\"-1\">Privacy Policy<\/a><\/li>\n<li class=\"menu-item menu-item-type-post_type menu-item-object-page menu-item-12521\"><a href=\"https:\/\/sjalfsbjorg.is\/en\/starfsemin\/sidareglur-sjalfsbjargar\/\" class=\"elementor-item\" tabindex=\"-1\">Code of Conduct<\/a><\/li>\n<li class=\"menu-item menu-item-type-post_type menu-item-object-page menu-item-12522\"><a href=\"https:\/\/sjalfsbjorg.is\/en\/starfsemin\/starfsreglur-stjornar\/\" class=\"elementor-item\" tabindex=\"-1\">Starfsreglur<\/a><\/li>\n<li class=\"menu-item menu-item-type-post_type menu-item-object-page menu-item-12523\"><a href=\"https:\/\/sjalfsbjorg.is\/en\/starfsemin\/salfraedithjonusta\/\" class=\"elementor-item\" tabindex=\"-1\">Psychological services<\/a><\/li>\n<li class=\"menu-item menu-item-type-post_type menu-item-object-page menu-item-12524\"><a href=\"https:\/\/sjalfsbjorg.is\/en\/starfsemin\/adgengis-uttektir\/\" class=\"elementor-item\" tabindex=\"-1\">A\u00f0gengis\u00fattektir<\/a><\/li>\n<li class=\"menu-item menu-item-type-post_type menu-item-object-page menu-item-12613\"><a href=\"https:\/\/sjalfsbjorg.is\/en\/starfsemin\/styrkir\/\" class=\"elementor-item\" tabindex=\"-1\">Styrkir<\/a><\/li>\n<\/ul>\t\t\t<\/nav>\n\t\t\t\t\t\t<\/div>\n\t\t\t\t<\/div>\n\t\t<div class=\"elementor-element elementor-element-7d426ae e-con-full e-flex elementor-invisible e-con e-child\" data-id=\"7d426ae\" data-element_type=\"container\" data-e-type=\"container\" data-settings=\"{&quot;animation&quot;:&quot;fadeIn&quot;}\">\n\t\t\t\t<div class=\"elementor-element elementor-element-59be600 elementor-widget elementor-widget-text-editor\" data-id=\"59be600\" data-element_type=\"widget\" data-e-type=\"widget\" data-widget_type=\"text-editor.default\">\n\t\t\t\t\t\t\t\t\t<p>Sext\u00e1nda Sj\u00e1lfsbjargarf\u00e9lagi\u00f0 var stofna\u00f0 \u00e1 Vopnafir\u00f0i \u00e1ri\u00f0 1991. Stofnf\u00e9lagar voru 27.<\/p><p>A\u00f0gengism\u00e1l hafa l\u00f6ngum veri\u00f0 f\u00e9laginu hugst\u00e6\u00f0. Barist hefur veri\u00f0 fyrir b\u00e6ttri a\u00f0st\u00f6\u00f0u vi\u00f0 b\u00edlast\u00e6\u00f0i og sundlaug og unni\u00f0 a\u00f0 \u00fev\u00ed a\u00f0 f\u00e1 settar upp sk\u00e1brautir. Allt hefur \u00feokast \u00ed r\u00e9tta \u00e1tt. \u00c1ri\u00f0 2003 voru haldnir Sj\u00e1lfsbjargardagar \u00e1 Vopnafir\u00f0i og var \u00fe\u00e1 starfsemi Sj\u00e1lfsbjargar kynnt Vopnfir\u00f0ingum, b\u00e6\u00f0i f\u00f6tlu\u00f0um og \u00f3f\u00f6tlu\u00f0um. A\u00f0gengism\u00e1l voru \u00feau m\u00e1l sem einkum brunnu \u00e1 heimam\u00f6nnum vegna endurb\u00f3ta sem veri\u00f0 var a\u00f0 gera \u00e1 Kaupvangi.<\/p><p>Forma\u00f0ur Sj\u00e1lfsbjargar \u00ed Vopnafir\u00f0i \u00e1 50 \u00e1ra afm\u00e6lis\u00e1ri Sj\u00e1lfsbjargar lsf. (2009) var Gunnar Sm\u00e1ri Gu\u00f0mundsson, en Marie T. Robin var forma\u00f0ur \u00e1 60 \u00e1ra afm\u00e6lis\u00e1ri landssambandsins 2019..<\/p>\t\t\t\t\t\t\t\t<\/div>\n\t\t\t\t<\/div>\n\t\t\t\t\t<\/div>\n\t\t\t\t<\/div>\n\t\t\t\t<\/div>","protected":false},"excerpt":{"rendered":"<p>Sext\u00e1nda Sj\u00e1lfsbjargarf\u00e9lagi\u00f0 var stofna\u00f0 \u00e1 Vopnafir\u00f0i \u00e1ri\u00f0 1991. Stofnf\u00e9lagar voru 27. A\u00f0gengism\u00e1l hafa l\u00f6ngum veri\u00f0 f\u00e9laginu hugst\u00e6\u00f0. Barist hefur veri\u00f0 fyrir b\u00e6ttri a\u00f0st\u00f6\u00f0u vi\u00f0 b\u00edlast\u00e6\u00f0i og sundlaug og unni\u00f0 a\u00f0 \u00fev\u00ed a\u00f0 f\u00e1 settar upp sk\u00e1brautir. Allt hefur \u00feokast \u00ed r\u00e9tta \u00e1tt. \u00c1ri\u00f0 2003 voru haldnir Sj\u00e1lfsbjargardagar \u00e1 Vopnafir\u00f0i og var \u00fe\u00e1 starfsemi Sj\u00e1lfsbjargar kynnt [&hellip;]<\/p>\n","protected":false},"author":1,"featured_media":0,"parent":768,"menu_order":0,"comment_status":"closed","ping_status":"closed","template":"elementor_theme","meta":{"footnotes":""},"class_list":["post-2962","page","type-page","status-publish","hentry"],"_links":{"self":[{"href":"https:\/\/sjalfsbjorg.is\/en\/wp-json\/wp\/v2\/pages\/2962","targetHints":{"allow":["GET"]}}],"collection":[{"href":"https:\/\/sjalfsbjorg.is\/en\/wp-json\/wp\/v2\/pages"}],"about":[{"href":"https:\/\/sjalfsbjorg.is\/en\/wp-json\/wp\/v2\/types\/page"}],"author":[{"embeddable":true,"href":"https:\/\/sjalfsbjorg.is\/en\/wp-json\/wp\/v2\/users\/1"}],"replies":[{"embeddable":true,"href":"https:\/\/sjalfsbjorg.is\/en\/wp-json\/wp\/v2\/comments?post=2962"}],"version-history":[{"count":14,"href":"https:\/\/sjalfsbjorg.is\/en\/wp-json\/wp\/v2\/pages\/2962\/revisions"}],"predecessor-version":[{"id":12811,"href":"https:\/\/sjalfsbjorg.is\/en\/wp-json\/wp\/v2\/pages\/2962\/revisions\/12811"}],"up":[{"embeddable":true,"href":"https:\/\/sjalfsbjorg.is\/en\/wp-json\/wp\/v2\/pages\/768"}],"wp:attachment":[{"href":"https:\/\/sjalfsbjorg.is\/en\/wp-json\/wp\/v2\/media?parent=2962"}],"curies":[{"name":"wp","href":"https:\/\/api.w.org\/{rel}","templated":true}]}}