{"id":2996,"date":"2025-10-06T19:29:40","date_gmt":"2025-10-06T19:29:40","guid":{"rendered":"https:\/\/sjalfsbjorg.is\/?page_id=2996"},"modified":"2025-11-18T15:44:15","modified_gmt":"2025-11-18T15:44:15","slug":"sundlaugin","status":"publish","type":"page","link":"https:\/\/sjalfsbjorg.is\/en\/starfsemin\/sundlaugin\/","title":{"rendered":"Swimming pool Self-rescue"},"content":{"rendered":"<div data-elementor-type=\"wp-page\" data-elementor-id=\"2996\" class=\"elementor elementor-2996\" data-elementor-post-type=\"page\">\n\t\t\t\t<div class=\"elementor-element elementor-element-bf4af8e e-flex e-con-boxed e-con e-parent\" data-id=\"bf4af8e\" data-element_type=\"container\" data-e-type=\"container\">\n\t\t\t\t\t<div class=\"e-con-inner\">\n\t\t<div class=\"elementor-element elementor-element-6a09b0a e-con-full elementor-hidden-mobile e-flex e-con e-child\" data-id=\"6a09b0a\" data-element_type=\"container\" data-e-type=\"container\">\n\t\t\t\t<div class=\"elementor-element elementor-element-8bb945a elementor-invisible elementor-widget elementor-widget-nav-menu\" data-id=\"8bb945a\" data-element_type=\"widget\" data-e-type=\"widget\" data-settings=\"{&quot;layout&quot;:&quot;dropdown&quot;,&quot;_animation&quot;:&quot;fadeIn&quot;,&quot;submenu_icon&quot;:{&quot;value&quot;:&quot;&lt;svg aria-hidden=\\&quot;true\\&quot; class=\\&quot;e-font-icon-svg e-fas-caret-down\\&quot; viewBox=\\&quot;0 0 320 512\\&quot; xmlns=\\&quot;http:\\\/\\\/www.w3.org\\\/2000\\\/svg\\&quot;&gt;&lt;path d=\\&quot;M31.3 192h257.3c17.8 0 26.7 21.5 14.1 34.1L174.1 354.8c-7.8 7.8-20.5 7.8-28.3 0L17.2 226.1C4.6 213.5 13.5 192 31.3 192z\\&quot;&gt;&lt;\\\/path&gt;&lt;\\\/svg&gt;&quot;,&quot;library&quot;:&quot;fa-solid&quot;}}\" data-widget_type=\"nav-menu.default\">\n\t\t\t\t\t\t\t\t<nav class=\"elementor-nav-menu--dropdown elementor-nav-menu__container\" aria-hidden=\"true\">\n\t\t\t\t<ul id=\"menu-2-8bb945a\" class=\"elementor-nav-menu\"><li class=\"menu-item menu-item-type-post_type menu-item-object-page menu-item-841\"><a href=\"https:\/\/sjalfsbjorg.is\/en\/starfsemin\/landsfundir\/\" class=\"elementor-item\" tabindex=\"-1\">National meetings<\/a><\/li>\n<li class=\"menu-item menu-item-type-post_type menu-item-object-page menu-item-836\"><a href=\"https:\/\/sjalfsbjorg.is\/en\/starfsemin\/alyktanir\/\" class=\"elementor-item\" tabindex=\"-1\">Conclusions<\/a><\/li>\n<li class=\"menu-item menu-item-type-post_type menu-item-object-page menu-item-12638\"><a href=\"https:\/\/sjalfsbjorg.is\/en\/starfsemin\/happdraetti\/\" class=\"elementor-item\" tabindex=\"-1\">Lottery<\/a><\/li>\n<li class=\"menu-item menu-item-type-post_type menu-item-object-page menu-item-840\"><a href=\"https:\/\/sjalfsbjorg.is\/en\/starfsemin\/klifur-timarit\/\" class=\"elementor-item\" tabindex=\"-1\">Climbing magazine<\/a><\/li>\n<li class=\"menu-item menu-item-type-post_type menu-item-object-page menu-item-12520\"><a href=\"https:\/\/sjalfsbjorg.is\/en\/starfsemin\/personuverndarstefna-sjalfsbjargar\/\" class=\"elementor-item\" tabindex=\"-1\">Privacy Policy<\/a><\/li>\n<li class=\"menu-item menu-item-type-post_type menu-item-object-page menu-item-12521\"><a href=\"https:\/\/sjalfsbjorg.is\/en\/starfsemin\/sidareglur-sjalfsbjargar\/\" class=\"elementor-item\" tabindex=\"-1\">Code of Conduct<\/a><\/li>\n<li class=\"menu-item menu-item-type-post_type menu-item-object-page menu-item-12522\"><a href=\"https:\/\/sjalfsbjorg.is\/en\/starfsemin\/starfsreglur-stjornar\/\" class=\"elementor-item\" tabindex=\"-1\">Starfsreglur<\/a><\/li>\n<li class=\"menu-item menu-item-type-post_type menu-item-object-page menu-item-12523\"><a href=\"https:\/\/sjalfsbjorg.is\/en\/starfsemin\/salfraedithjonusta\/\" class=\"elementor-item\" tabindex=\"-1\">Psychological services<\/a><\/li>\n<li class=\"menu-item menu-item-type-post_type menu-item-object-page menu-item-12524\"><a href=\"https:\/\/sjalfsbjorg.is\/en\/starfsemin\/adgengis-uttektir\/\" class=\"elementor-item\" tabindex=\"-1\">A\u00f0gengis\u00fattektir<\/a><\/li>\n<li class=\"menu-item menu-item-type-post_type menu-item-object-page menu-item-12613\"><a href=\"https:\/\/sjalfsbjorg.is\/en\/starfsemin\/styrkir\/\" class=\"elementor-item\" tabindex=\"-1\">Styrkir<\/a><\/li>\n<\/ul>\t\t\t<\/nav>\n\t\t\t\t\t\t<\/div>\n\t\t\t\t<\/div>\n\t\t<div class=\"elementor-element elementor-element-afacbfb e-con-full e-flex elementor-invisible e-con e-child\" data-id=\"afacbfb\" data-element_type=\"container\" data-e-type=\"container\" data-settings=\"{&quot;animation&quot;:&quot;fadeIn&quot;}\">\n\t\t\t\t<div class=\"elementor-element elementor-element-92da7db elementor-widget elementor-widget-image\" data-id=\"92da7db\" data-element_type=\"widget\" data-e-type=\"widget\" data-widget_type=\"image.default\">\n\t\t\t\t\t\t\t\t\t\t\t\t\t\t\t<img fetchpriority=\"high\" decoding=\"async\" width=\"506\" height=\"380\" src=\"https:\/\/sjalfsbjorg.is\/wp-content\/uploads\/2025\/10\/sundlaug.max-566x380-1.jpg\" class=\"attachment-large size-large wp-image-3004\" alt=\"\" srcset=\"https:\/\/sjalfsbjorg.is\/wp-content\/uploads\/2025\/10\/sundlaug.max-566x380-1.jpg 506w, https:\/\/sjalfsbjorg.is\/wp-content\/uploads\/2025\/10\/sundlaug.max-566x380-1-300x225.jpg 300w, https:\/\/sjalfsbjorg.is\/wp-content\/uploads\/2025\/10\/sundlaug.max-566x380-1-16x12.jpg 16w\" sizes=\"(max-width: 506px) 100vw, 506px\" \/>\t\t\t\t\t\t\t\t\t\t\t\t\t\t\t<\/div>\n\t\t\t\t<div class=\"elementor-element elementor-element-feefd31 elementor-widget elementor-widget-text-editor\" data-id=\"feefd31\" data-element_type=\"widget\" data-e-type=\"widget\" data-widget_type=\"text-editor.default\">\n\t\t\t\t\t\t\t\t\t<h4 data-block-key=\"wbk5f\"><strong>Opnun sundlaugar fyrir almenning veturinn 2025 &#8211; 2026<\/strong><\/h4>\n<p data-block-key=\"3s3m4\">Sundlaug Sj\u00e1lfsbjargar \u00ed H\u00e1t\u00fani 12 er opin fyrir almenning \u00e1 m\u00e1nud\u00f6gum og fimmtud\u00f6gum fr\u00e1 klukkan 8:30 \u2013 11:30.<\/p>\n<p data-block-key=\"6uqed\">H\u00e6gt er a\u00f0 kaupa a\u00f0gang til \u00e1ram\u00f3ta (2025\/2026) \u00e1 15.000 kr\u00f3nur. \u00cdb\u00faum \u00ed H\u00e1t\u00fani 12 og f\u00e9lagsm\u00f6nnum \u00ed a\u00f0ildarf\u00e9l\u00f6gum Sj\u00e1lfsbjargar landssambands hreyfihamla\u00f0ra (lsh) b\u00fd\u00f0st 15% afsl\u00e1ttur. \u00cd jan\u00faar ver\u00f0ur h\u00e6gt a\u00f0 kaupa kort \u00e1 vor\u00f6nn sem gildir fram a\u00f0 sumarlokun.<\/p>\n<p data-block-key=\"5j5hf\">H\u00e6gt er a\u00f0 kaupa a\u00f0gang hj\u00e1 umsj\u00f3narkonu sundlaugarinnar \u00feegar opi\u00f0 er.<\/p>\n<p data-block-key=\"5ibcb\">Frekari uppl\u00fdsingar um sundlaugina m\u00e1 f\u00e1 hj\u00e1 umsj\u00f3narkonu \u00ed s\u00edma 692-1957 e\u00f0a me\u00f0 \u00fev\u00ed a\u00f0 senda t\u00f6lvup\u00f3st \u00e1\u00a0<span style=\"text-decoration: underline; text-decoration-color: #1D7488; text-underline-offset: 4px;\"><a href=\"mailto:info@sjalfsbjorg.is\">skrifstofu f\u00e9lagsins.<\/a><\/span><\/p>\t\t\t\t\t\t\t\t<\/div>\n\t\t\t\t<\/div>\n\t\t\t\t\t<\/div>\n\t\t\t\t<\/div>\n\t\t\t\t<\/div>","protected":false},"excerpt":{"rendered":"<p>Opnun sundlaugar fyrir almenning veturinn 2025 &#8211; 2026 Sundlaug Sj\u00e1lfsbjargar \u00ed H\u00e1t\u00fani 12 er opin fyrir almenning \u00e1 m\u00e1nud\u00f6gum og fimmtud\u00f6gum fr\u00e1 klukkan 8:30 \u2013 11:30. H\u00e6gt er a\u00f0 kaupa a\u00f0gang til \u00e1ram\u00f3ta (2025\/2026) \u00e1 15.000 kr\u00f3nur. \u00cdb\u00faum \u00ed H\u00e1t\u00fani 12 og f\u00e9lagsm\u00f6nnum \u00ed a\u00f0ildarf\u00e9l\u00f6gum Sj\u00e1lfsbjargar landssambands hreyfihamla\u00f0ra (lsh) b\u00fd\u00f0st 15% afsl\u00e1ttur. \u00cd jan\u00faar ver\u00f0ur [&hellip;]<\/p>\n","protected":false},"author":1,"featured_media":0,"parent":766,"menu_order":0,"comment_status":"closed","ping_status":"closed","template":"elementor_theme","meta":{"footnotes":""},"class_list":["post-2996","page","type-page","status-publish","hentry"],"_links":{"self":[{"href":"https:\/\/sjalfsbjorg.is\/en\/wp-json\/wp\/v2\/pages\/2996","targetHints":{"allow":["GET"]}}],"collection":[{"href":"https:\/\/sjalfsbjorg.is\/en\/wp-json\/wp\/v2\/pages"}],"about":[{"href":"https:\/\/sjalfsbjorg.is\/en\/wp-json\/wp\/v2\/types\/page"}],"author":[{"embeddable":true,"href":"https:\/\/sjalfsbjorg.is\/en\/wp-json\/wp\/v2\/users\/1"}],"replies":[{"embeddable":true,"href":"https:\/\/sjalfsbjorg.is\/en\/wp-json\/wp\/v2\/comments?post=2996"}],"version-history":[{"count":19,"href":"https:\/\/sjalfsbjorg.is\/en\/wp-json\/wp\/v2\/pages\/2996\/revisions"}],"predecessor-version":[{"id":10029,"href":"https:\/\/sjalfsbjorg.is\/en\/wp-json\/wp\/v2\/pages\/2996\/revisions\/10029"}],"up":[{"embeddable":true,"href":"https:\/\/sjalfsbjorg.is\/en\/wp-json\/wp\/v2\/pages\/766"}],"wp:attachment":[{"href":"https:\/\/sjalfsbjorg.is\/en\/wp-json\/wp\/v2\/media?parent=2996"}],"curies":[{"name":"wp","href":"https:\/\/api.w.org\/{rel}","templated":true}]}}