{"id":3148,"date":"2025-10-07T21:00:23","date_gmt":"2025-10-07T21:00:23","guid":{"rendered":"https:\/\/sjalfsbjorg.is\/?page_id=3148"},"modified":"2025-11-18T20:08:51","modified_gmt":"2025-11-18T20:08:51","slug":"almannatryggingar","status":"publish","type":"page","link":"https:\/\/sjalfsbjorg.is\/en\/thekkingarmidstod\/rettindi\/almannatryggingar\/","title":{"rendered":"Social security"},"content":{"rendered":"<div data-elementor-type=\"wp-page\" data-elementor-id=\"3148\" class=\"elementor elementor-3148\" data-elementor-post-type=\"page\">\n\t\t\t\t<div class=\"elementor-element elementor-element-f27713d e-flex e-con-boxed e-con e-parent\" data-id=\"f27713d\" data-element_type=\"container\" data-e-type=\"container\">\n\t\t\t\t\t<div class=\"e-con-inner\">\n\t\t<div class=\"elementor-element elementor-element-fcb2350 e-con-full elementor-hidden-mobile e-flex e-con e-child\" data-id=\"fcb2350\" data-element_type=\"container\" data-e-type=\"container\">\n\t\t\t\t<div class=\"elementor-element elementor-element-caf7128 elementor-invisible elementor-widget elementor-widget-nav-menu\" data-id=\"caf7128\" data-element_type=\"widget\" data-e-type=\"widget\" data-settings=\"{&quot;layout&quot;:&quot;dropdown&quot;,&quot;submenu_icon&quot;:{&quot;value&quot;:&quot;&lt;svg aria-hidden=\\&quot;true\\&quot; class=\\&quot;e-font-icon-svg e-fas-angle-down\\&quot; viewBox=\\&quot;0 0 320 512\\&quot; xmlns=\\&quot;http:\\\/\\\/www.w3.org\\\/2000\\\/svg\\&quot;&gt;&lt;path d=\\&quot;M143 352.3L7 216.3c-9.4-9.4-9.4-24.6 0-33.9l22.6-22.6c9.4-9.4 24.6-9.4 33.9 0l96.4 96.4 96.4-96.4c9.4-9.4 24.6-9.4 33.9 0l22.6 22.6c9.4 9.4 9.4 24.6 0 33.9l-136 136c-9.2 9.4-24.4 9.4-33.8 0z\\&quot;&gt;&lt;\\\/path&gt;&lt;\\\/svg&gt;&quot;,&quot;library&quot;:&quot;fa-solid&quot;},&quot;_animation&quot;:&quot;fadeIn&quot;}\" data-widget_type=\"nav-menu.default\">\n\t\t\t\t\t\t\t\t<nav class=\"elementor-nav-menu--dropdown elementor-nav-menu__container\" aria-hidden=\"true\">\n\t\t\t\t<ul id=\"menu-2-caf7128\" class=\"elementor-nav-menu\"><li class=\"menu-item menu-item-type-post_type menu-item-object-page menu-item-has-children menu-item-3151\"><a href=\"https:\/\/sjalfsbjorg.is\/en\/thekkingarmidstod\/rettindi\/almannatryggingar\/\" class=\"elementor-item\" tabindex=\"-1\">Social security<\/a>\n<ul class=\"sub-menu elementor-nav-menu--dropdown\">\n\t<li class=\"menu-item menu-item-type-post_type menu-item-object-page menu-item-3216\"><a href=\"https:\/\/sjalfsbjorg.is\/en\/thekkingarmidstod\/rettindi\/almannatryggingar\/tryggingastofnunrikisins\/\" class=\"elementor-sub-item\" tabindex=\"-1\">TR<\/a><\/li>\n\t<li class=\"menu-item menu-item-type-post_type menu-item-object-page menu-item-3215\"><a href=\"https:\/\/sjalfsbjorg.is\/en\/thekkingarmidstod\/rettindi\/almannatryggingar\/sjukratryggingar-islands-hjalpartaekjamidstod\/\" class=\"elementor-sub-item\" tabindex=\"-1\">Icelandic Health Insurance \/ Assistive Devices Center<\/a><\/li>\n<\/ul>\n<\/li>\n<li class=\"menu-item menu-item-type-post_type menu-item-object-page menu-item-has-children menu-item-3332\"><a href=\"https:\/\/sjalfsbjorg.is\/en\/thekkingarmidstod\/rettindi\/bifreidamal\/\" class=\"elementor-item\" tabindex=\"-1\">Automotive issues<\/a>\n<ul class=\"sub-menu elementor-nav-menu--dropdown\">\n\t<li class=\"menu-item menu-item-type-post_type menu-item-object-page menu-item-3351\"><a href=\"https:\/\/sjalfsbjorg.is\/en\/thekkingarmidstod\/rettindi\/bifreidamal\/kaup-a-bifreid-styrkir\/\" class=\"elementor-sub-item\" tabindex=\"-1\">Purchase of a vehicle \/ grants<\/a><\/li>\n<\/ul>\n<\/li>\n<li class=\"menu-item menu-item-type-post_type menu-item-object-page menu-item-3391\"><a href=\"https:\/\/sjalfsbjorg.is\/en\/thekkingarmidstod\/rettindi\/hjalpartaeki\/\" class=\"elementor-item\" tabindex=\"-1\">Assistive devices<\/a><\/li>\n<li class=\"menu-item menu-item-type-post_type menu-item-object-page menu-item-has-children menu-item-3424\"><a href=\"https:\/\/sjalfsbjorg.is\/en\/thekkingarmidstod\/rettindi\/fjarmal\/\" class=\"elementor-item\" tabindex=\"-1\">Finance<\/a>\n<ul class=\"sub-menu elementor-nav-menu--dropdown\">\n\t<li class=\"menu-item menu-item-type-post_type menu-item-object-page menu-item-3449\"><a href=\"https:\/\/sjalfsbjorg.is\/en\/thekkingarmidstod\/rettindi\/fjarmal\/skattar\/\" class=\"elementor-sub-item\" tabindex=\"-1\">Taxes<\/a><\/li>\n\t<li class=\"menu-item menu-item-type-post_type menu-item-object-page menu-item-3538\"><a href=\"https:\/\/sjalfsbjorg.is\/en\/thekkingarmidstod\/rettindi\/fjarmal\/styrkir\/\" class=\"elementor-sub-item\" tabindex=\"-1\">Scholarships for studies and projects<\/a><\/li>\n\t<li class=\"menu-item menu-item-type-post_type menu-item-object-page menu-item-3539\"><a href=\"https:\/\/sjalfsbjorg.is\/en\/thekkingarmidstod\/rettindi\/fjarmal\/fjarhagsvandi\/\" class=\"elementor-sub-item\" tabindex=\"-1\">Financial problem<\/a><\/li>\n<\/ul>\n<\/li>\n<li class=\"menu-item menu-item-type-post_type menu-item-object-page menu-item-has-children menu-item-3540\"><a href=\"https:\/\/sjalfsbjorg.is\/en\/thekkingarmidstod\/rettindi\/husnaedi\/\" class=\"elementor-item\" tabindex=\"-1\">Housing<\/a>\n<ul class=\"sub-menu elementor-nav-menu--dropdown\">\n\t<li class=\"menu-item menu-item-type-post_type menu-item-object-page menu-item-3542\"><a href=\"https:\/\/sjalfsbjorg.is\/en\/thekkingarmidstod\/rettindi\/husnaedi\/lan-og-baetur\/\" class=\"elementor-sub-item\" tabindex=\"-1\">Loans and benefits<\/a><\/li>\n\t<li class=\"menu-item menu-item-type-post_type menu-item-object-page menu-item-3541\"><a href=\"https:\/\/sjalfsbjorg.is\/en\/thekkingarmidstod\/rettindi\/husnaedi\/ibudir\/\" class=\"elementor-sub-item\" tabindex=\"-1\">Apartments<\/a><\/li>\n<\/ul>\n<\/li>\n<li class=\"menu-item menu-item-type-post_type menu-item-object-page menu-item-3623\"><a href=\"https:\/\/sjalfsbjorg.is\/en\/thekkingarmidstod\/rettindi\/lyfjamal\/\" class=\"elementor-item\" tabindex=\"-1\">Pharmaceuticals<\/a><\/li>\n<li class=\"menu-item menu-item-type-post_type menu-item-object-page menu-item-3627\"><a href=\"https:\/\/sjalfsbjorg.is\/en\/thekkingarmidstod\/rettindi\/kosningar\/\" class=\"elementor-item\" tabindex=\"-1\">Elections<\/a><\/li>\n<li class=\"menu-item menu-item-type-post_type menu-item-object-page menu-item-3702\"><a href=\"https:\/\/sjalfsbjorg.is\/en\/thekkingarmidstod\/rettindi\/p-merkip-staedi\/\" class=\"elementor-item\" tabindex=\"-1\">P-sign\/Parking space<\/a><\/li>\n<li class=\"menu-item menu-item-type-post_type menu-item-object-page menu-item-3701\"><a href=\"https:\/\/sjalfsbjorg.is\/en\/thekkingarmidstod\/rettindi\/samningur-sameinudu-thjodanna-um-rettindi-fatlads-folks\/\" class=\"elementor-item\" tabindex=\"-1\">United Nations Convention on the Rights of Persons with Disabilities<\/a><\/li>\n<li class=\"menu-item menu-item-type-post_type menu-item-object-page menu-item-3990\"><a href=\"https:\/\/sjalfsbjorg.is\/en\/thekkingarmidstod\/rettindi\/logfraedithjonusta-og-rettindagaesla\/\" class=\"elementor-item\" tabindex=\"-1\">Legal services and advocacy<\/a><\/li>\n<li class=\"menu-item menu-item-type-post_type menu-item-object-page menu-item-4023\"><a href=\"https:\/\/sjalfsbjorg.is\/en\/thekkingarmidstod\/rettindi\/afslaettir-fyrir-oryrkja\/\" class=\"elementor-item\" tabindex=\"-1\">Discounts for the disabled<\/a><\/li>\n<li class=\"menu-item menu-item-type-post_type menu-item-object-page menu-item-4069\"><a href=\"https:\/\/sjalfsbjorg.is\/en\/thekkingarmidstod\/rettindi\/neydarthjonusta-fyrir-rafkniin-hjalpartaeki\/\" class=\"elementor-item\" tabindex=\"-1\">Emergency service for electric assistive devices<\/a><\/li>\n<li class=\"menu-item menu-item-type-post_type menu-item-object-page menu-item-4068\"><a href=\"https:\/\/sjalfsbjorg.is\/en\/thekkingarmidstod\/rettindi\/idju-sjukra-og-talthjalfun\/\" class=\"elementor-item\" tabindex=\"-1\">Occupational, physical and speech therapy<\/a><\/li>\n<\/ul>\t\t\t<\/nav>\n\t\t\t\t\t\t<\/div>\n\t\t\t\t<\/div>\n\t\t<div class=\"elementor-element elementor-element-9fdee41 e-con-full e-flex elementor-invisible e-con e-child\" data-id=\"9fdee41\" data-element_type=\"container\" data-e-type=\"container\" data-settings=\"{&quot;animation&quot;:&quot;fadeIn&quot;}\">\n\t\t\t\t<div class=\"elementor-element elementor-element-9c910b3 elementor-widget elementor-widget-text-editor\" data-id=\"9c910b3\" data-element_type=\"widget\" data-e-type=\"widget\" data-widget_type=\"text-editor.default\">\n\t\t\t\t\t\t\t\t\t<div class=\"row justify-content-center justify-content-md-start\"><div class=\"col-xl-7 col-md-9 offset-xl-1 col-14 content-col\"><div class=\"blue-text intro\"><p data-block-key=\"q6oom\">Almannatryggingar er opinbert tryggingakerfi sem allir landsmenn eiga a\u00f0ild a\u00f0 og grei\u00f0a fyrir me\u00f0 sk\u00f6ttum s\u00ednum.<\/p><\/div><div class=\"paragraph-block blue-text\"><p data-block-key=\"g4r8t\">Almannatryggingar grei\u00f0a t.d. fyrir l\u00e6kniskostna\u00f0, lyf (eftir \u00e1kve\u00f0num reglum), sj\u00fakrah\u00fasvist, \u00e1samt \u00fev\u00ed a\u00f0 tryggja f\u00f3lki l\u00e1gmarksframf\u00e6rslu. Undir almannatryggingum eru einnig: ellil\u00edfeyrir, \u00f6rorkul\u00edfeyrir, slysatryggingar og sj\u00fakratryggingar.<\/p><ul><li data-block-key=\"3nlyg\"><b>TR s\u00e9r um:<\/b>\u00a0l\u00edfeyrism\u00e1l og fj\u00f6lskyldu\/-og vistunarm\u00e1l.<\/li><\/ul><p data-block-key=\"dun8h\">Hlutverk TR er a\u00f0 framfylgja l\u00f6gum um almannatryggingar, l\u00f6gum um f\u00e9lagslega a\u00f0sto\u00f0 og l\u00f6gum um m\u00e1lefni langveikra barna auk \u00feess a\u00f0 sinna \u00f6\u00f0rum verkefnum sem stofnuninni eru falin hverju sinni. \u00c1 heimas\u00ed\u00f0u stofnunarinnar \u00e1\u00a0<span style=\"text-decoration: underline; text-decoration-color: #1D7488; text-underline-offset: 4px;\"><a href=\"https:\/\/island.is\/s\/tryggingastofnun\/malaflokkar\">Iceland.is<\/a><\/span>\u00a0m\u00e1 finna uppl\u00fdsingar um eftirfarandi:<\/p><ul><li data-block-key=\"e2jdn\">\u00d6rorku<\/li><li data-block-key=\"273vs\">Endurh\u00e6fingu<\/li><li data-block-key=\"6qga3\">B\u00f6rn og ungmenni<\/li><li data-block-key=\"d34ul\">Ellil\u00edfeyri<\/li><li data-block-key=\"2d90p\">R\u00e9ttindi milli landa<\/li><li data-block-key=\"8u06e\">Bifrei\u00f0akaup fyrir hreyfihamla\u00f0a<\/li><li data-block-key=\"4os9v\">Dv\u00f6l \u00e1 stofnun<\/li><li data-block-key=\"bt0om\">D\u00e1narb\u00fa og d\u00e1narb\u00e6tur<\/li><li data-block-key=\"3okch\">Fj\u00e1rhagsa\u00f0sto\u00f0 vegna tekjutaps<\/li><li data-block-key=\"0dr6d\"><b>S\u00cd s\u00e9r um:<\/b>\u00a0sj\u00fakratryggingar, \u00fe.m.t. endurgrei\u00f0slur l\u00e6kna-, tannl\u00e6kna-, lyfja- og \u00fej\u00e1lfunarreikninga, slysatryggingar, \u00e1samt Hj\u00e1lpart\u00e6kjami\u00f0st\u00f6\u00f0.<\/li><\/ul><p data-block-key=\"are7n\">H\u00e9r til vinstri getur \u00fe\u00fa vali\u00f0\u00a0<span style=\"text-decoration: underline; text-decoration-color: #1D7488; text-underline-offset: 4px;\"><a href=\"https:\/\/sjalfsbjorg.is\/en\/thekkingarmidstod\/rettindi\/almannatryggingar\/tryggingastofnunrikisins\/\">Tryggingastofnun<\/a><\/span>\u00a0e\u00f0a\u00a0<span style=\"text-decoration: underline; text-decoration-color: #1D7488; text-underline-offset: 4px;\"><a href=\"https:\/\/sjalfsbjorg.is\/en\/thekkingarmidstod\/rettindi\/almannatryggingar\/sjukratryggingar-islands-hjalpartaekjamidstod\/\">Sj\u00fakratryggingar- Hj\u00e1lpart\u00e6kjami\u00f0st\u00f6\u00f0<\/a><\/span>\u00a0til a\u00f0 f\u00e1 n\u00e1nari uppl\u00fdsingar um \u00feau atri\u00f0i almannatrygginga sem heyra undir hverja stofnun fyrir sig.<\/p><\/div><p><strong><a href=\"https:\/\/sjalfsbjorg.is\/en\/thekkingarmidstod\/vid-viljum-heyra-i-ther\/\">Do you have any suggestions or further questions? Contact us here<\/a><\/strong><\/p><\/div><\/div>\t\t\t\t\t\t\t\t<\/div>\n\t\t\t\t<\/div>\n\t\t\t\t\t<\/div>\n\t\t\t\t<\/div>\n\t\t<div class=\"elementor-element elementor-element-4910518 e-con-full e-flex e-con e-parent\" data-id=\"4910518\" data-element_type=\"container\" data-e-type=\"container\">\n\t\t\t\t<div class=\"elementor-element elementor-element-b6aaf5d elementor-widget elementor-widget-template\" data-id=\"b6aaf5d\" data-element_type=\"widget\" data-e-type=\"widget\" data-widget_type=\"template.default\">\n\t\t\t\t<div class=\"elementor-widget-container\">\n\t\t\t\t\t\t\t<div class=\"elementor-template\">\n\t\t\t\t\t<div data-elementor-type=\"container\" data-elementor-id=\"9887\" class=\"elementor elementor-9887\" data-elementor-post-type=\"elementor_library\">\n\t\t\t\t<div class=\"elementor-element elementor-element-6734a465 elementor-hidden-mobile e-flex e-con-boxed e-con e-parent\" data-id=\"6734a465\" data-element_type=\"container\" data-e-type=\"container\">\n\t\t\t\t\t<div class=\"e-con-inner\">\n\t\t\t\t<div class=\"elementor-element elementor-element-34ed906d elementor-nav-menu--dropdown-mobile elementor-nav-menu__align-center elementor-nav-menu--stretch elementor-nav-menu__text-align-aside elementor-nav-menu--toggle elementor-nav-menu--burger elementor-widget elementor-widget-nav-menu\" data-id=\"34ed906d\" data-element_type=\"widget\" data-e-type=\"widget\" data-settings=\"{&quot;full_width&quot;:&quot;stretch&quot;,&quot;layout&quot;:&quot;horizontal&quot;,&quot;submenu_icon&quot;:{&quot;value&quot;:&quot;&lt;svg aria-hidden=\\&quot;true\\&quot; class=\\&quot;e-font-icon-svg e-fas-caret-down\\&quot; viewBox=\\&quot;0 0 320 512\\&quot; xmlns=\\&quot;http:\\\/\\\/www.w3.org\\\/2000\\\/svg\\&quot;&gt;&lt;path d=\\&quot;M31.3 192h257.3c17.8 0 26.7 21.5 14.1 34.1L174.1 354.8c-7.8 7.8-20.5 7.8-28.3 0L17.2 226.1C4.6 213.5 13.5 192 31.3 192z\\&quot;&gt;&lt;\\\/path&gt;&lt;\\\/svg&gt;&quot;,&quot;library&quot;:&quot;fa-solid&quot;},&quot;toggle&quot;:&quot;burger&quot;}\" data-widget_type=\"nav-menu.default\">\n\t\t\t\t\t\t\t\t<nav aria-label=\"Menu\" class=\"elementor-nav-menu--main elementor-nav-menu__container elementor-nav-menu--layout-horizontal e--pointer-underline e--animation-fade\">\n\t\t\t\t<ul id=\"menu-1-34ed906d\" class=\"elementor-nav-menu\"><li class=\"menu-item menu-item-type-post_type menu-item-object-page menu-item-5526\"><a href=\"https:\/\/sjalfsbjorg.is\/en\/thekkingarmidstod\/adgengi\/\" class=\"elementor-item\">Accessibility<\/a><\/li>\n<li class=\"menu-item menu-item-type-post_type menu-item-object-page menu-item-5527\"><a href=\"https:\/\/sjalfsbjorg.is\/en\/thekkingarmidstod\/atvinna-menntun\/\" class=\"elementor-item\">Employment &amp; education<\/a><\/li>\n<li class=\"menu-item menu-item-type-post_type menu-item-object-page menu-item-3408\"><a href=\"https:\/\/sjalfsbjorg.is\/en\/thekkingarmidstod\/velferd\/\" class=\"elementor-item\">Welfare<\/a><\/li>\n<li class=\"menu-item menu-item-type-post_type menu-item-object-page menu-item-5528\"><a href=\"https:\/\/sjalfsbjorg.is\/en\/thekkingarmidstod\/fraedsla\/\" class=\"elementor-item\">Education<\/a><\/li>\n<li class=\"menu-item menu-item-type-post_type menu-item-object-page menu-item-5531\"><a href=\"https:\/\/sjalfsbjorg.is\/en\/thekkingarmidstod\/tomstundir\/\" class=\"elementor-item\">Leisure<\/a><\/li>\n<li class=\"menu-item menu-item-type-post_type menu-item-object-page menu-item-3963\"><a href=\"https:\/\/sjalfsbjorg.is\/en\/thekkingarmidstod\/thjonusta-sveitarfelaga\/\" class=\"elementor-item\">Municipal services<\/a><\/li>\n<li class=\"menu-item menu-item-type-post_type menu-item-object-page menu-item-3264\"><a href=\"https:\/\/sjalfsbjorg.is\/en\/thekkingarmidstod\/vid-viljum-heyra-i-ther\/\" class=\"elementor-item\">We want to hear from you.<\/a><\/li>\n<\/ul>\t\t\t<\/nav>\n\t\t\t\t\t<div class=\"elementor-menu-toggle\" role=\"button\" tabindex=\"0\" aria-label=\"Menu Toggle\" aria-expanded=\"false\">\n\t\t\t<svg aria-hidden=\"true\" role=\"presentation\" class=\"elementor-menu-toggle__icon--open e-font-icon-svg e-eicon-menu-bar\" viewbox=\"0 0 1000 1000\" xmlns=\"http:\/\/www.w3.org\/2000\/svg\"><path d=\"M104 333H896C929 333 958 304 958 271S929 208 896 208H104C71 208 42 237 42 271S71 333 104 333ZM104 583H896C929 583 958 554 958 521S929 458 896 458H104C71 458 42 487 42 521S71 583 104 583ZM104 833H896C929 833 958 804 958 771S929 708 896 708H104C71 708 42 737 42 771S71 833 104 833Z\"><\/path><\/svg><svg aria-hidden=\"true\" role=\"presentation\" class=\"elementor-menu-toggle__icon--close e-font-icon-svg e-eicon-close\" viewbox=\"0 0 1000 1000\" xmlns=\"http:\/\/www.w3.org\/2000\/svg\"><path d=\"M742 167L500 408 258 167C246 154 233 150 217 150 196 150 179 158 167 167 154 179 150 196 150 212 150 229 154 242 171 254L408 500 167 742C138 771 138 800 167 829 196 858 225 858 254 829L496 587 738 829C750 842 767 846 783 846 800 846 817 842 829 829 842 817 846 804 846 783 846 767 842 750 829 737L588 500 833 258C863 229 863 200 833 171 804 137 775 137 742 167Z\"><\/path><\/svg>\t\t<\/div>\n\t\t\t\t\t<nav class=\"elementor-nav-menu--dropdown elementor-nav-menu__container\" aria-hidden=\"true\">\n\t\t\t\t<ul id=\"menu-2-34ed906d\" class=\"elementor-nav-menu\"><li class=\"menu-item menu-item-type-post_type menu-item-object-page menu-item-5526\"><a href=\"https:\/\/sjalfsbjorg.is\/en\/thekkingarmidstod\/adgengi\/\" class=\"elementor-item\" tabindex=\"-1\">Accessibility<\/a><\/li>\n<li class=\"menu-item menu-item-type-post_type menu-item-object-page menu-item-5527\"><a href=\"https:\/\/sjalfsbjorg.is\/en\/thekkingarmidstod\/atvinna-menntun\/\" class=\"elementor-item\" tabindex=\"-1\">Employment &amp; education<\/a><\/li>\n<li class=\"menu-item menu-item-type-post_type menu-item-object-page menu-item-3408\"><a href=\"https:\/\/sjalfsbjorg.is\/en\/thekkingarmidstod\/velferd\/\" class=\"elementor-item\" tabindex=\"-1\">Welfare<\/a><\/li>\n<li class=\"menu-item menu-item-type-post_type menu-item-object-page menu-item-5528\"><a href=\"https:\/\/sjalfsbjorg.is\/en\/thekkingarmidstod\/fraedsla\/\" class=\"elementor-item\" tabindex=\"-1\">Education<\/a><\/li>\n<li class=\"menu-item menu-item-type-post_type menu-item-object-page menu-item-5531\"><a href=\"https:\/\/sjalfsbjorg.is\/en\/thekkingarmidstod\/tomstundir\/\" class=\"elementor-item\" tabindex=\"-1\">Leisure<\/a><\/li>\n<li class=\"menu-item menu-item-type-post_type menu-item-object-page menu-item-3963\"><a href=\"https:\/\/sjalfsbjorg.is\/en\/thekkingarmidstod\/thjonusta-sveitarfelaga\/\" class=\"elementor-item\" tabindex=\"-1\">Municipal services<\/a><\/li>\n<li class=\"menu-item menu-item-type-post_type menu-item-object-page menu-item-3264\"><a href=\"https:\/\/sjalfsbjorg.is\/en\/thekkingarmidstod\/vid-viljum-heyra-i-ther\/\" class=\"elementor-item\" tabindex=\"-1\">We want to hear from you.<\/a><\/li>\n<\/ul>\t\t\t<\/nav>\n\t\t\t\t\t\t<\/div>\n\t\t\t\t\t<\/div>\n\t\t\t\t<\/div>\n\t\t\t\t<\/div>\n\t\t\t\t<\/div>\n\t\t\t\t\t\t<\/div>\n\t\t\t\t<\/div>\n\t\t\t\t<\/div>\n\t\t\t\t<\/div>","protected":false},"excerpt":{"rendered":"<p>Almannatryggingar er opinbert tryggingakerfi sem allir landsmenn eiga a\u00f0ild a\u00f0 og grei\u00f0a fyrir me\u00f0 sk\u00f6ttum s\u00ednum. Almannatryggingar grei\u00f0a t.d. fyrir l\u00e6kniskostna\u00f0, lyf (eftir \u00e1kve\u00f0num reglum), sj\u00fakrah\u00fasvist, \u00e1samt \u00fev\u00ed a\u00f0 tryggja f\u00f3lki l\u00e1gmarksframf\u00e6rslu. Undir almannatryggingum eru einnig: ellil\u00edfeyrir, \u00f6rorkul\u00edfeyrir, slysatryggingar og sj\u00fakratryggingar. TR s\u00e9r um:\u00a0l\u00edfeyrism\u00e1l og fj\u00f6lskyldu\/-og vistunarm\u00e1l. Hlutverk TR er a\u00f0 framfylgja l\u00f6gum um almannatryggingar, [&hellip;]<\/p>\n","protected":false},"author":1,"featured_media":0,"parent":3062,"menu_order":0,"comment_status":"closed","ping_status":"closed","template":"elementor_theme","meta":{"footnotes":""},"class_list":["post-3148","page","type-page","status-publish","hentry"],"_links":{"self":[{"href":"https:\/\/sjalfsbjorg.is\/en\/wp-json\/wp\/v2\/pages\/3148","targetHints":{"allow":["GET"]}}],"collection":[{"href":"https:\/\/sjalfsbjorg.is\/en\/wp-json\/wp\/v2\/pages"}],"about":[{"href":"https:\/\/sjalfsbjorg.is\/en\/wp-json\/wp\/v2\/types\/page"}],"author":[{"embeddable":true,"href":"https:\/\/sjalfsbjorg.is\/en\/wp-json\/wp\/v2\/users\/1"}],"replies":[{"embeddable":true,"href":"https:\/\/sjalfsbjorg.is\/en\/wp-json\/wp\/v2\/comments?post=3148"}],"version-history":[{"count":61,"href":"https:\/\/sjalfsbjorg.is\/en\/wp-json\/wp\/v2\/pages\/3148\/revisions"}],"predecessor-version":[{"id":10146,"href":"https:\/\/sjalfsbjorg.is\/en\/wp-json\/wp\/v2\/pages\/3148\/revisions\/10146"}],"up":[{"embeddable":true,"href":"https:\/\/sjalfsbjorg.is\/en\/wp-json\/wp\/v2\/pages\/3062"}],"wp:attachment":[{"href":"https:\/\/sjalfsbjorg.is\/en\/wp-json\/wp\/v2\/media?parent=3148"}],"curies":[{"name":"wp","href":"https:\/\/api.w.org\/{rel}","templated":true}]}}