{"id":3213,"date":"2025-10-07T21:20:05","date_gmt":"2025-10-07T21:20:05","guid":{"rendered":"https:\/\/sjalfsbjorg.is\/?page_id=3213"},"modified":"2025-11-18T20:10:20","modified_gmt":"2025-11-18T20:10:20","slug":"sjukratryggingar-islands-hjalpartaekjamidstod","status":"publish","type":"page","link":"https:\/\/sjalfsbjorg.is\/en\/thekkingarmidstod\/rettindi\/almannatryggingar\/sjukratryggingar-islands-hjalpartaekjamidstod\/","title":{"rendered":"Icelandic Health Insurance \/ Assistive Devices Center"},"content":{"rendered":"<div data-elementor-type=\"wp-page\" data-elementor-id=\"3213\" class=\"elementor elementor-3213\" data-elementor-post-type=\"page\">\n\t\t\t\t<div class=\"elementor-element elementor-element-c940576 e-flex e-con-boxed e-con e-parent\" data-id=\"c940576\" data-element_type=\"container\" data-e-type=\"container\">\n\t\t\t\t\t<div class=\"e-con-inner\">\n\t\t<div class=\"elementor-element elementor-element-4187d15 e-con-full elementor-hidden-mobile e-flex e-con e-child\" data-id=\"4187d15\" data-element_type=\"container\" data-e-type=\"container\">\n\t\t\t\t<div class=\"elementor-element elementor-element-7e9f6f2 elementor-invisible elementor-widget elementor-widget-nav-menu\" data-id=\"7e9f6f2\" data-element_type=\"widget\" data-e-type=\"widget\" data-settings=\"{&quot;layout&quot;:&quot;dropdown&quot;,&quot;_animation&quot;:&quot;fadeIn&quot;,&quot;submenu_icon&quot;:{&quot;value&quot;:&quot;&lt;svg aria-hidden=\\&quot;true\\&quot; class=\\&quot;e-font-icon-svg e-fas-caret-down\\&quot; viewBox=\\&quot;0 0 320 512\\&quot; xmlns=\\&quot;http:\\\/\\\/www.w3.org\\\/2000\\\/svg\\&quot;&gt;&lt;path d=\\&quot;M31.3 192h257.3c17.8 0 26.7 21.5 14.1 34.1L174.1 354.8c-7.8 7.8-20.5 7.8-28.3 0L17.2 226.1C4.6 213.5 13.5 192 31.3 192z\\&quot;&gt;&lt;\\\/path&gt;&lt;\\\/svg&gt;&quot;,&quot;library&quot;:&quot;fa-solid&quot;}}\" data-widget_type=\"nav-menu.default\">\n\t\t\t\t\t\t\t\t<nav class=\"elementor-nav-menu--dropdown elementor-nav-menu__container\" aria-hidden=\"true\">\n\t\t\t\t<ul id=\"menu-2-7e9f6f2\" class=\"elementor-nav-menu\"><li class=\"menu-item menu-item-type-post_type menu-item-object-page menu-item-has-children menu-item-3151\"><a href=\"https:\/\/sjalfsbjorg.is\/en\/thekkingarmidstod\/rettindi\/almannatryggingar\/\" class=\"elementor-item\" tabindex=\"-1\">Social security<\/a>\n<ul class=\"sub-menu elementor-nav-menu--dropdown\">\n\t<li class=\"menu-item menu-item-type-post_type menu-item-object-page menu-item-3216\"><a href=\"https:\/\/sjalfsbjorg.is\/en\/thekkingarmidstod\/rettindi\/almannatryggingar\/tryggingastofnunrikisins\/\" class=\"elementor-sub-item\" tabindex=\"-1\">TR<\/a><\/li>\n\t<li class=\"menu-item menu-item-type-post_type menu-item-object-page menu-item-3215\"><a href=\"https:\/\/sjalfsbjorg.is\/en\/thekkingarmidstod\/rettindi\/almannatryggingar\/sjukratryggingar-islands-hjalpartaekjamidstod\/\" class=\"elementor-sub-item\" tabindex=\"-1\">Icelandic Health Insurance \/ Assistive Devices Center<\/a><\/li>\n<\/ul>\n<\/li>\n<li class=\"menu-item menu-item-type-post_type menu-item-object-page menu-item-has-children menu-item-3332\"><a href=\"https:\/\/sjalfsbjorg.is\/en\/thekkingarmidstod\/rettindi\/bifreidamal\/\" class=\"elementor-item\" tabindex=\"-1\">Automotive issues<\/a>\n<ul class=\"sub-menu elementor-nav-menu--dropdown\">\n\t<li class=\"menu-item menu-item-type-post_type menu-item-object-page menu-item-3351\"><a href=\"https:\/\/sjalfsbjorg.is\/en\/thekkingarmidstod\/rettindi\/bifreidamal\/kaup-a-bifreid-styrkir\/\" class=\"elementor-sub-item\" tabindex=\"-1\">Purchase of a vehicle \/ grants<\/a><\/li>\n<\/ul>\n<\/li>\n<li class=\"menu-item menu-item-type-post_type menu-item-object-page menu-item-3391\"><a href=\"https:\/\/sjalfsbjorg.is\/en\/thekkingarmidstod\/rettindi\/hjalpartaeki\/\" class=\"elementor-item\" tabindex=\"-1\">Assistive devices<\/a><\/li>\n<li class=\"menu-item menu-item-type-post_type menu-item-object-page menu-item-has-children menu-item-3424\"><a href=\"https:\/\/sjalfsbjorg.is\/en\/thekkingarmidstod\/rettindi\/fjarmal\/\" class=\"elementor-item\" tabindex=\"-1\">Finance<\/a>\n<ul class=\"sub-menu elementor-nav-menu--dropdown\">\n\t<li class=\"menu-item menu-item-type-post_type menu-item-object-page menu-item-3449\"><a href=\"https:\/\/sjalfsbjorg.is\/en\/thekkingarmidstod\/rettindi\/fjarmal\/skattar\/\" class=\"elementor-sub-item\" tabindex=\"-1\">Taxes<\/a><\/li>\n\t<li class=\"menu-item menu-item-type-post_type menu-item-object-page menu-item-3538\"><a href=\"https:\/\/sjalfsbjorg.is\/en\/thekkingarmidstod\/rettindi\/fjarmal\/styrkir\/\" class=\"elementor-sub-item\" tabindex=\"-1\">Scholarships for studies and projects<\/a><\/li>\n\t<li class=\"menu-item menu-item-type-post_type menu-item-object-page menu-item-3539\"><a href=\"https:\/\/sjalfsbjorg.is\/en\/thekkingarmidstod\/rettindi\/fjarmal\/fjarhagsvandi\/\" class=\"elementor-sub-item\" tabindex=\"-1\">Financial problem<\/a><\/li>\n<\/ul>\n<\/li>\n<li class=\"menu-item menu-item-type-post_type menu-item-object-page menu-item-has-children menu-item-3540\"><a href=\"https:\/\/sjalfsbjorg.is\/en\/thekkingarmidstod\/rettindi\/husnaedi\/\" class=\"elementor-item\" tabindex=\"-1\">Housing<\/a>\n<ul class=\"sub-menu elementor-nav-menu--dropdown\">\n\t<li class=\"menu-item menu-item-type-post_type menu-item-object-page menu-item-3542\"><a href=\"https:\/\/sjalfsbjorg.is\/en\/thekkingarmidstod\/rettindi\/husnaedi\/lan-og-baetur\/\" class=\"elementor-sub-item\" tabindex=\"-1\">Loans and benefits<\/a><\/li>\n\t<li class=\"menu-item menu-item-type-post_type menu-item-object-page menu-item-3541\"><a href=\"https:\/\/sjalfsbjorg.is\/en\/thekkingarmidstod\/rettindi\/husnaedi\/ibudir\/\" class=\"elementor-sub-item\" tabindex=\"-1\">Apartments<\/a><\/li>\n<\/ul>\n<\/li>\n<li class=\"menu-item menu-item-type-post_type menu-item-object-page menu-item-3623\"><a href=\"https:\/\/sjalfsbjorg.is\/en\/thekkingarmidstod\/rettindi\/lyfjamal\/\" class=\"elementor-item\" tabindex=\"-1\">Pharmaceuticals<\/a><\/li>\n<li class=\"menu-item menu-item-type-post_type menu-item-object-page menu-item-3627\"><a href=\"https:\/\/sjalfsbjorg.is\/en\/thekkingarmidstod\/rettindi\/kosningar\/\" class=\"elementor-item\" tabindex=\"-1\">Elections<\/a><\/li>\n<li class=\"menu-item menu-item-type-post_type menu-item-object-page menu-item-3702\"><a href=\"https:\/\/sjalfsbjorg.is\/en\/thekkingarmidstod\/rettindi\/p-merkip-staedi\/\" class=\"elementor-item\" tabindex=\"-1\">P-sign\/Parking space<\/a><\/li>\n<li class=\"menu-item menu-item-type-post_type menu-item-object-page menu-item-3701\"><a href=\"https:\/\/sjalfsbjorg.is\/en\/thekkingarmidstod\/rettindi\/samningur-sameinudu-thjodanna-um-rettindi-fatlads-folks\/\" class=\"elementor-item\" tabindex=\"-1\">United Nations Convention on the Rights of Persons with Disabilities<\/a><\/li>\n<li class=\"menu-item menu-item-type-post_type menu-item-object-page menu-item-3990\"><a href=\"https:\/\/sjalfsbjorg.is\/en\/thekkingarmidstod\/rettindi\/logfraedithjonusta-og-rettindagaesla\/\" class=\"elementor-item\" tabindex=\"-1\">Legal services and advocacy<\/a><\/li>\n<li class=\"menu-item menu-item-type-post_type menu-item-object-page menu-item-4023\"><a href=\"https:\/\/sjalfsbjorg.is\/en\/thekkingarmidstod\/rettindi\/afslaettir-fyrir-oryrkja\/\" class=\"elementor-item\" tabindex=\"-1\">Discounts for the disabled<\/a><\/li>\n<li class=\"menu-item menu-item-type-post_type menu-item-object-page menu-item-4069\"><a href=\"https:\/\/sjalfsbjorg.is\/en\/thekkingarmidstod\/rettindi\/neydarthjonusta-fyrir-rafkniin-hjalpartaeki\/\" class=\"elementor-item\" tabindex=\"-1\">Emergency service for electric assistive devices<\/a><\/li>\n<li class=\"menu-item menu-item-type-post_type menu-item-object-page menu-item-4068\"><a href=\"https:\/\/sjalfsbjorg.is\/en\/thekkingarmidstod\/rettindi\/idju-sjukra-og-talthjalfun\/\" class=\"elementor-item\" tabindex=\"-1\">Occupational, physical and speech therapy<\/a><\/li>\n<\/ul>\t\t\t<\/nav>\n\t\t\t\t\t\t<\/div>\n\t\t\t\t<\/div>\n\t\t<div class=\"elementor-element elementor-element-008ec78 e-con-full e-flex elementor-invisible e-con e-child\" data-id=\"008ec78\" data-element_type=\"container\" data-e-type=\"container\" data-settings=\"{&quot;animation&quot;:&quot;fadeIn&quot;}\">\n\t\t\t\t<div class=\"elementor-element elementor-element-952ebb6 elementor-widget elementor-widget-text-editor\" data-id=\"952ebb6\" data-element_type=\"widget\" data-e-type=\"widget\" data-widget_type=\"text-editor.default\">\n\t\t\t\t\t\t\t\t\t<div class=\"blue-text intro\"><p data-block-key=\"3iu8j\">Sj\u00fakratryggingar \u00cdslands annast framkv\u00e6md sj\u00fakratrygginga auk \u00feess sem stofnunin semur um og grei\u00f0ir fyrir heilbrig\u00f0is\u00fej\u00f3nustu.<\/p><\/div><div class=\"paragraph-block blue-text\"><p data-block-key=\"du77o\">\u00c1<span style=\"text-decoration: underline; text-decoration-color: #1D7488; text-underline-offset: 4px;\">\u00a0<a href=\"https:\/\/island.is\/s\/sjukratryggingar\">Iceland.is<\/a><\/span>\u00a0m\u00e1 finna allar uppl\u00fdsingar um \u00fej\u00f3nustug\u00e1ttir Sj\u00fakratrygginga. \u00dear m\u00e1 n\u00e1lgast br\u00e9f og skj\u00f6l fr\u00e1 stofnuninni. \u00dear m\u00e1 einnig n\u00e1lgast sv\u00f6r vi\u00f0 erindum sem send eru til stofnunarinnar.<\/p><p>S\u00edma\u00fej\u00f3nusta Sj\u00fakratrygginga er n\u00fa me\u00f0 breyttu sni\u00f0i. Starfsemi \u00dej\u00f3nustumi\u00f0st\u00f6\u00f0var hefur veri\u00f0 efld \u00e1 \u00feann veg a\u00f0 \u00fear fer fram afgrei\u00f0sla \u00feeirra erinda sem berast. S\u00e9 \u00fe\u00f6rf \u00e1 sambandi vi\u00f0 s\u00e9rfr\u00e6\u00f0inga fageininga \u00fe\u00e1 er erindum beint \u00feanga\u00f0 me\u00f0 t\u00f6lvup\u00f3sti. Me\u00f0 \u00feessari breytingu er markmi\u00f0 Sj\u00fakratrygginga a\u00f0 h\u00e6kka \u00fej\u00f3nustustig stofnunarinnar og minnka bi\u00f0t\u00edma.<\/p><p data-block-key=\"6qnav\">\u00de\u00e1 er einnig h\u00e6gt a\u00f0 n\u00fdta s\u00e9r sv\u00f6r vi\u00f0 m\u00f6rgum fyrirspurnum me\u00f0 hj\u00e1lp snjallmennis sem til h\u00e6gri \u00e1 heimas\u00ed\u00f0unni.<\/p><\/div>\t\t\t\t\t\t\t\t<\/div>\n\t\t\t\t<div class=\"elementor-element elementor-element-32d2e90 elementor-widget elementor-widget-text-editor\" data-id=\"32d2e90\" data-element_type=\"widget\" data-e-type=\"widget\" data-widget_type=\"text-editor.default\">\n\t\t\t\t\t\t\t\t\t<h4 data-block-key=\"t899o\"><strong>Hj\u00e1lpart\u00e6kjami\u00f0st\u00f6\u00f0 Sj\u00fakratrygginga<\/strong><\/h4><p data-block-key=\"hqg59\">Hj\u00e1lpart\u00e6kjami\u00f0st\u00f6\u00f0 Sj\u00fakratrygginga \u00cdslands\u00a0(HTM) \u00a0<b>annast afgrei\u00f0slu\u00a0\u00e1<\/b>\u00a0<b>ums\u00f3knum um\u00a0hj\u00e1lpart\u00e6ki\u00a0og\u00a0s\u00e9r\u00a0um endurn\u00fdtingu t\u00e6kjanna.\u00a0<\/b><\/p><p data-block-key=\"cgjjs\"><b>Hj\u00e1lpart\u00e6kjami\u00f0st\u00f6\u00f0in \u00e1 landsbygg\u00f0inni:<\/b><\/p><p data-block-key=\"f0but\">\u00c1\u00a0<span style=\"text-decoration: underline; text-decoration-color: #1D7488; text-underline-offset: 4px;\"><a href=\"https:\/\/island.is\/s\/sak\/kristnesspitali\">Kristnessp\u00edtala \u00ed Eyjafir\u00f0i<\/a><\/span>\u00a0er sta\u00f0sett \u00fatib\u00fa Hj\u00e1lpart\u00e6kjami\u00f0st\u00f6\u00f0var \u00fear sem h\u00e6gt er a\u00f0 f\u00e1 a\u00f0sto\u00f0 vi\u00f0 val og ums\u00f3kn um hj\u00e1lpart\u00e6ki.<\/p><p data-block-key=\"3lifc\">\u00c1 <span style=\"text-decoration: underline; text-decoration-color: #1D7488; text-underline-offset: 4px;\"><a href=\"https:\/\/island.is\/vidgerdarthjonusta-fyrir-hjalpartaeki-a-vegum-sjukratrygginga\">vefs\u00ed\u00f0u Sj\u00fakratrygginga \u00e1 \u00cdsland.is<\/a>\u00a0<\/span>m\u00e1 finna uppl\u00fdsingar um vi\u00f0ger\u00f0a\u00fej\u00f3nustu fyrir hj\u00e1lpart\u00e6ki \u00e1 landsbygg\u00f0inni.<\/p><h4 data-block-key=\"6ynmv\"><strong>Heilbrig\u00f0is\u00fej\u00f3nusta og grei\u00f0slu\u00fe\u00e1tttaka Sj\u00fakratrygginga<\/strong><\/h4><p data-block-key=\"vhwcm\">Sj\u00fakratryggingar \u00cdslands taka \u00fe\u00e1tt \u00ed ni\u00f0urgrei\u00f0slu \u00e1 \u00fdmsum hj\u00e1lpart\u00e6kjum og \u00fej\u00f3nustu fyrir f\u00f3lk me\u00f0 f\u00f6tlun og \u00feeirra sem eru sj\u00fakratrygg\u00f0ir. Stofnunin tekur \u00fe\u00e1tt \u00ed a\u00f0 ni\u00f0urgrei\u00f0slu eftirfarandi \u00fej\u00f3nustu og r\u00e9ttinda:<\/p><ul><li data-block-key=\"67epe\">Hj\u00e1lpart\u00e6ki og n\u00e6ring<\/li><li data-block-key=\"1eb8b\">S\u00e9rgreinal\u00e6knar og l\u00e6knis\u00fej\u00f3nusta<\/li><li data-block-key=\"cv3cn\">Psychological services<\/li><li data-block-key=\"brqak\">Sj\u00fakradagpeningar<\/li><li data-block-key=\"8djvm\">Tannl\u00e6kningar<\/li><li data-block-key=\"f40ib\">R\u00e9ttindi milli landa<\/li><\/ul><p data-block-key=\"ch3o2\">H\u00e6gt er a\u00f0 sj\u00e1 frekari uppl\u00fdsingar um ni\u00f0urgrei\u00f0sluna \u00e1<span style=\"text-decoration: underline; text-decoration-color: #1D7488; text-underline-offset: 4px;\">\u00a0<a href=\"https:\/\/island.is\/s\/sjukratryggingar\/thjonusta-sjukra\">Iceland.is<\/a><\/span><\/p>\t\t\t\t\t\t\t\t<\/div>\n\t\t\t\t<div class=\"elementor-element elementor-element-03131d4 elementor-widget elementor-widget-text-editor\" data-id=\"03131d4\" data-element_type=\"widget\" data-e-type=\"widget\" data-widget_type=\"text-editor.default\">\n\t\t\t\t\t\t\t\t\t<h4 data-block-key=\"ow20r\"><strong>Fer\u00f0akostna\u00f0ur<\/strong><\/h4>\n<p data-block-key=\"bdskd\">Einstaklingar me\u00f0 hreyfihamlanir og a\u00f0rar fatlanir geta \u00e1tt r\u00e9tt \u00e1 \u00fe\u00e1ttt\u00f6ku \u00ed ni\u00f0urgrei\u00f0slu fer\u00f0akostna\u00f0ar \u00feegar nau\u00f0synlegt getur veri\u00f0 a\u00f0 fer\u00f0ast til a\u00f0 s\u00e6kja heilbrig\u00f0is\u00fej\u00f3nustu sem ekki er \u00ed bo\u00f0i \u00ed heimabygg\u00f0. \u00de\u00e1 er einnig h\u00e6gt a\u00f0 f\u00e1 \u00fe\u00e1tt\u00f6ku \u00ed ni\u00f0urgrei\u00f0slu vegna dvalar \u00e1 sj\u00fakrah\u00f3teli. H\u00e6gt er a\u00f0 lesa um \u00fea\u00f0 \u00e1\u00a0<span style=\"text-decoration: underline; text-decoration-color: #1D7488; text-underline-offset: 4px;\"><a href=\"https:\/\/island.is\/greidsluthatttaka-ferdakostnadur-innanlands\">Iceland.is<\/a><\/span><\/p>\n<p data-block-key=\"3cspo\">Einstaklingar sem eru me\u00f0 l\u00f6gheimili fjarri borginni og \u00e1 eyjum eiga einnig r\u00e9tt \u00e1\u00a0<span style=\"text-decoration: underline; text-decoration-color: #1D7488; text-underline-offset: 4px;\"><a href=\"https:\/\/island.is\/loftbru\">Loftbr\u00fa<\/a><\/span>\u00a0sem veitir afsl\u00e1tt af fargjaldi til borgarinnar.<\/p>\n\n<h4 data-block-key=\"39ajn\"><strong>\u00dej\u00e1lfun &#8211; ni\u00f0urgrei\u00f0sla<\/strong><\/h4>\n<p data-block-key=\"91pfv\">Sj\u00fakratryggingar \u00cdslands taka \u00fe\u00e1tt \u00ed ni\u00f0urgrei\u00f0slu \u00fej\u00e1lfunnar fyrir einstaklinga me\u00f0 f\u00f6tlun, sem og \u00fe\u00e1 sem eru sj\u00fakratrygg\u00f0ir h\u00e9r \u00e1 landi. \u00dej\u00e1lfun sem er ni\u00f0urgreidd er:<\/p>\n\n<ul>\n \t<li data-block-key=\"88qkh\">Sj\u00fakra\u00fej\u00e1lfun<\/li>\n \t<li data-block-key=\"lnrk\">I\u00f0ju\u00fej\u00e1lfun<\/li>\n \t<li data-block-key=\"619uv\">Tal\u00fej\u00e1lfun<\/li>\n<\/ul>\n<p data-block-key=\"8bj0f\">H\u00e6gt er a\u00f0 lesa n\u00e1nar um \u00fea\u00f0 \u00e1\u00a0<span style=\"text-decoration: underline; text-decoration-color: #1D7488; text-underline-offset: 4px;\"><a href=\"https:\/\/island.is\/s\/sjukratryggingar\/thjonusta-sjukra\">Iceland.is<\/a><\/span><\/p>\n\n<h4 data-block-key=\"5iai\"><strong>Ni\u00f0urgrei\u00f0sla lyfjakostna\u00f0ar<\/strong><\/h4>\n<p data-block-key=\"7b099\">Grei\u00f0slu\u00fe\u00e1ttt\u00f6kukerfi\u00f0 vegna lyfjakaupa byggir \u00e1 \u00ferepaskiptri grei\u00f0slu\u00fe\u00e1ttt\u00f6ku \u00fear sem hver einstaklingur grei\u00f0ir hlutfallslega minna eftir \u00fev\u00ed sem lyfjakostna\u00f0ur hans eykst innan t\u00f3lf m\u00e1na\u00f0a t\u00edmabils. N\u00e1nari uppl\u00fdsingar um \u00fea\u00f0 er a\u00f0 finna \u00e1\u00a0<span style=\"text-decoration: underline; text-decoration-color: #1D7488; text-underline-offset: 4px;\"><a href=\"https:\/\/island.is\/s\/sjukratryggingar\/lyf-og-lyfjakostnadur\">Iceland.is<\/a><\/span><\/p>\t\t\t\t\t\t\t\t<\/div>\n\t\t\t\t<div class=\"elementor-element elementor-element-ea3aebb elementor-widget elementor-widget-text-editor\" data-id=\"ea3aebb\" data-element_type=\"widget\" data-e-type=\"widget\" data-widget_type=\"text-editor.default\">\n\t\t\t\t\t\t\t\t\t<div class=\"paragraph-block blue-text\"><h4 data-block-key=\"2d0kn\"><strong>Athugi\u00f0 a\u00f0 efni h\u00e9r fyrir ofan er fengi\u00f0 fr\u00e1 vi\u00f0komandi stofnunum.<\/strong><\/h4><\/div><p><span style=\"text-decoration: underline; text-decoration-color: #1D7488; text-underline-offset: 4px;\"><a href=\"https:\/\/sjalfsbjorg.is\/en\/thekkingarmidstod\/vid-viljum-heyra-i-ther\/\">Do you have any suggestions or further questions? Contact us here<\/a><\/span><\/p>\t\t\t\t\t\t\t\t<\/div>\n\t\t\t\t<\/div>\n\t\t\t\t\t<\/div>\n\t\t\t\t<\/div>\n\t\t<div class=\"elementor-element elementor-element-174cccd e-con-full e-flex e-con e-parent\" data-id=\"174cccd\" data-element_type=\"container\" data-e-type=\"container\">\n\t\t\t\t<div class=\"elementor-element elementor-element-e110eec elementor-widget elementor-widget-template\" data-id=\"e110eec\" data-element_type=\"widget\" data-e-type=\"widget\" data-widget_type=\"template.default\">\n\t\t\t\t<div class=\"elementor-widget-container\">\n\t\t\t\t\t\t\t<div class=\"elementor-template\">\n\t\t\t\t\t<div data-elementor-type=\"container\" data-elementor-id=\"9887\" class=\"elementor elementor-9887\" data-elementor-post-type=\"elementor_library\">\n\t\t\t\t<div class=\"elementor-element elementor-element-6734a465 elementor-hidden-mobile e-flex e-con-boxed e-con e-parent\" data-id=\"6734a465\" data-element_type=\"container\" data-e-type=\"container\">\n\t\t\t\t\t<div class=\"e-con-inner\">\n\t\t\t\t<div class=\"elementor-element elementor-element-34ed906d elementor-nav-menu--dropdown-mobile elementor-nav-menu__align-center elementor-nav-menu--stretch elementor-nav-menu__text-align-aside elementor-nav-menu--toggle elementor-nav-menu--burger elementor-widget elementor-widget-nav-menu\" data-id=\"34ed906d\" data-element_type=\"widget\" data-e-type=\"widget\" data-settings=\"{&quot;full_width&quot;:&quot;stretch&quot;,&quot;layout&quot;:&quot;horizontal&quot;,&quot;submenu_icon&quot;:{&quot;value&quot;:&quot;&lt;svg aria-hidden=\\&quot;true\\&quot; class=\\&quot;e-font-icon-svg e-fas-caret-down\\&quot; viewBox=\\&quot;0 0 320 512\\&quot; xmlns=\\&quot;http:\\\/\\\/www.w3.org\\\/2000\\\/svg\\&quot;&gt;&lt;path d=\\&quot;M31.3 192h257.3c17.8 0 26.7 21.5 14.1 34.1L174.1 354.8c-7.8 7.8-20.5 7.8-28.3 0L17.2 226.1C4.6 213.5 13.5 192 31.3 192z\\&quot;&gt;&lt;\\\/path&gt;&lt;\\\/svg&gt;&quot;,&quot;library&quot;:&quot;fa-solid&quot;},&quot;toggle&quot;:&quot;burger&quot;}\" data-widget_type=\"nav-menu.default\">\n\t\t\t\t\t\t\t\t<nav aria-label=\"Menu\" class=\"elementor-nav-menu--main elementor-nav-menu__container elementor-nav-menu--layout-horizontal e--pointer-underline e--animation-fade\">\n\t\t\t\t<ul id=\"menu-1-34ed906d\" class=\"elementor-nav-menu\"><li class=\"menu-item menu-item-type-post_type menu-item-object-page menu-item-5526\"><a href=\"https:\/\/sjalfsbjorg.is\/en\/thekkingarmidstod\/adgengi\/\" class=\"elementor-item\">Accessibility<\/a><\/li>\n<li class=\"menu-item menu-item-type-post_type menu-item-object-page menu-item-5527\"><a href=\"https:\/\/sjalfsbjorg.is\/en\/thekkingarmidstod\/atvinna-menntun\/\" class=\"elementor-item\">Employment &amp; education<\/a><\/li>\n<li class=\"menu-item menu-item-type-post_type menu-item-object-page menu-item-3408\"><a href=\"https:\/\/sjalfsbjorg.is\/en\/thekkingarmidstod\/velferd\/\" class=\"elementor-item\">Welfare<\/a><\/li>\n<li class=\"menu-item menu-item-type-post_type menu-item-object-page menu-item-5528\"><a href=\"https:\/\/sjalfsbjorg.is\/en\/thekkingarmidstod\/fraedsla\/\" class=\"elementor-item\">Education<\/a><\/li>\n<li class=\"menu-item menu-item-type-post_type menu-item-object-page menu-item-5531\"><a href=\"https:\/\/sjalfsbjorg.is\/en\/thekkingarmidstod\/tomstundir\/\" class=\"elementor-item\">Leisure<\/a><\/li>\n<li class=\"menu-item menu-item-type-post_type menu-item-object-page menu-item-3963\"><a href=\"https:\/\/sjalfsbjorg.is\/en\/thekkingarmidstod\/thjonusta-sveitarfelaga\/\" class=\"elementor-item\">Municipal services<\/a><\/li>\n<li class=\"menu-item menu-item-type-post_type menu-item-object-page menu-item-3264\"><a href=\"https:\/\/sjalfsbjorg.is\/en\/thekkingarmidstod\/vid-viljum-heyra-i-ther\/\" class=\"elementor-item\">We want to hear from you.<\/a><\/li>\n<\/ul>\t\t\t<\/nav>\n\t\t\t\t\t<div class=\"elementor-menu-toggle\" role=\"button\" tabindex=\"0\" aria-label=\"Menu Toggle\" aria-expanded=\"false\">\n\t\t\t<svg aria-hidden=\"true\" role=\"presentation\" class=\"elementor-menu-toggle__icon--open e-font-icon-svg e-eicon-menu-bar\" viewbox=\"0 0 1000 1000\" xmlns=\"http:\/\/www.w3.org\/2000\/svg\"><path d=\"M104 333H896C929 333 958 304 958 271S929 208 896 208H104C71 208 42 237 42 271S71 333 104 333ZM104 583H896C929 583 958 554 958 521S929 458 896 458H104C71 458 42 487 42 521S71 583 104 583ZM104 833H896C929 833 958 804 958 771S929 708 896 708H104C71 708 42 737 42 771S71 833 104 833Z\"><\/path><\/svg><svg aria-hidden=\"true\" role=\"presentation\" class=\"elementor-menu-toggle__icon--close e-font-icon-svg e-eicon-close\" viewbox=\"0 0 1000 1000\" xmlns=\"http:\/\/www.w3.org\/2000\/svg\"><path d=\"M742 167L500 408 258 167C246 154 233 150 217 150 196 150 179 158 167 167 154 179 150 196 150 212 150 229 154 242 171 254L408 500 167 742C138 771 138 800 167 829 196 858 225 858 254 829L496 587 738 829C750 842 767 846 783 846 800 846 817 842 829 829 842 817 846 804 846 783 846 767 842 750 829 737L588 500 833 258C863 229 863 200 833 171 804 137 775 137 742 167Z\"><\/path><\/svg>\t\t<\/div>\n\t\t\t\t\t<nav class=\"elementor-nav-menu--dropdown elementor-nav-menu__container\" aria-hidden=\"true\">\n\t\t\t\t<ul id=\"menu-2-34ed906d\" class=\"elementor-nav-menu\"><li class=\"menu-item menu-item-type-post_type menu-item-object-page menu-item-5526\"><a href=\"https:\/\/sjalfsbjorg.is\/en\/thekkingarmidstod\/adgengi\/\" class=\"elementor-item\" tabindex=\"-1\">Accessibility<\/a><\/li>\n<li class=\"menu-item menu-item-type-post_type menu-item-object-page menu-item-5527\"><a href=\"https:\/\/sjalfsbjorg.is\/en\/thekkingarmidstod\/atvinna-menntun\/\" class=\"elementor-item\" tabindex=\"-1\">Employment &amp; education<\/a><\/li>\n<li class=\"menu-item menu-item-type-post_type menu-item-object-page menu-item-3408\"><a href=\"https:\/\/sjalfsbjorg.is\/en\/thekkingarmidstod\/velferd\/\" class=\"elementor-item\" tabindex=\"-1\">Welfare<\/a><\/li>\n<li class=\"menu-item menu-item-type-post_type menu-item-object-page menu-item-5528\"><a href=\"https:\/\/sjalfsbjorg.is\/en\/thekkingarmidstod\/fraedsla\/\" class=\"elementor-item\" tabindex=\"-1\">Education<\/a><\/li>\n<li class=\"menu-item menu-item-type-post_type menu-item-object-page menu-item-5531\"><a href=\"https:\/\/sjalfsbjorg.is\/en\/thekkingarmidstod\/tomstundir\/\" class=\"elementor-item\" tabindex=\"-1\">Leisure<\/a><\/li>\n<li class=\"menu-item menu-item-type-post_type menu-item-object-page menu-item-3963\"><a href=\"https:\/\/sjalfsbjorg.is\/en\/thekkingarmidstod\/thjonusta-sveitarfelaga\/\" class=\"elementor-item\" tabindex=\"-1\">Municipal services<\/a><\/li>\n<li class=\"menu-item menu-item-type-post_type menu-item-object-page menu-item-3264\"><a href=\"https:\/\/sjalfsbjorg.is\/en\/thekkingarmidstod\/vid-viljum-heyra-i-ther\/\" class=\"elementor-item\" tabindex=\"-1\">We want to hear from you.<\/a><\/li>\n<\/ul>\t\t\t<\/nav>\n\t\t\t\t\t\t<\/div>\n\t\t\t\t\t<\/div>\n\t\t\t\t<\/div>\n\t\t\t\t<\/div>\n\t\t\t\t<\/div>\n\t\t\t\t\t\t<\/div>\n\t\t\t\t<\/div>\n\t\t\t\t<\/div>\n\t\t\t\t<\/div>","protected":false},"excerpt":{"rendered":"<p>Sj\u00fakratryggingar \u00cdslands annast framkv\u00e6md sj\u00fakratrygginga auk \u00feess sem stofnunin semur um og grei\u00f0ir fyrir heilbrig\u00f0is\u00fej\u00f3nustu. \u00c1\u00a0\u00cdsland.is\u00a0m\u00e1 finna allar uppl\u00fdsingar um \u00fej\u00f3nustug\u00e1ttir Sj\u00fakratrygginga. \u00dear m\u00e1 n\u00e1lgast br\u00e9f og skj\u00f6l fr\u00e1 stofnuninni. \u00dear m\u00e1 einnig n\u00e1lgast sv\u00f6r vi\u00f0 erindum sem send eru til stofnunarinnar. S\u00edma\u00fej\u00f3nusta Sj\u00fakratrygginga er n\u00fa me\u00f0 breyttu sni\u00f0i. Starfsemi \u00dej\u00f3nustumi\u00f0st\u00f6\u00f0var hefur veri\u00f0 efld \u00e1 [&hellip;]<\/p>\n","protected":false},"author":1,"featured_media":0,"parent":3148,"menu_order":0,"comment_status":"closed","ping_status":"closed","template":"elementor_theme","meta":{"footnotes":""},"class_list":["post-3213","page","type-page","status-publish","hentry"],"_links":{"self":[{"href":"https:\/\/sjalfsbjorg.is\/en\/wp-json\/wp\/v2\/pages\/3213","targetHints":{"allow":["GET"]}}],"collection":[{"href":"https:\/\/sjalfsbjorg.is\/en\/wp-json\/wp\/v2\/pages"}],"about":[{"href":"https:\/\/sjalfsbjorg.is\/en\/wp-json\/wp\/v2\/types\/page"}],"author":[{"embeddable":true,"href":"https:\/\/sjalfsbjorg.is\/en\/wp-json\/wp\/v2\/users\/1"}],"replies":[{"embeddable":true,"href":"https:\/\/sjalfsbjorg.is\/en\/wp-json\/wp\/v2\/comments?post=3213"}],"version-history":[{"count":52,"href":"https:\/\/sjalfsbjorg.is\/en\/wp-json\/wp\/v2\/pages\/3213\/revisions"}],"predecessor-version":[{"id":10149,"href":"https:\/\/sjalfsbjorg.is\/en\/wp-json\/wp\/v2\/pages\/3213\/revisions\/10149"}],"up":[{"embeddable":true,"href":"https:\/\/sjalfsbjorg.is\/en\/wp-json\/wp\/v2\/pages\/3148"}],"wp:attachment":[{"href":"https:\/\/sjalfsbjorg.is\/en\/wp-json\/wp\/v2\/media?parent=3213"}],"curies":[{"name":"wp","href":"https:\/\/api.w.org\/{rel}","templated":true}]}}