{"id":3522,"date":"2025-10-08T13:34:05","date_gmt":"2025-10-08T13:34:05","guid":{"rendered":"https:\/\/sjalfsbjorg.is\/?page_id=3522"},"modified":"2025-11-18T21:46:20","modified_gmt":"2025-11-18T21:46:20","slug":"husnaedi","status":"publish","type":"page","link":"https:\/\/sjalfsbjorg.is\/en\/thekkingarmidstod\/rettindi\/husnaedi\/","title":{"rendered":"Housing"},"content":{"rendered":"<div data-elementor-type=\"wp-page\" data-elementor-id=\"3522\" class=\"elementor elementor-3522\" data-elementor-post-type=\"page\">\n\t\t\t\t<div class=\"elementor-element elementor-element-6106587 e-flex e-con-boxed e-con e-parent\" data-id=\"6106587\" data-element_type=\"container\" data-e-type=\"container\">\n\t\t\t\t\t<div class=\"e-con-inner\">\n\t\t<div class=\"elementor-element elementor-element-6c1d606 e-con-full elementor-hidden-mobile e-flex e-con e-child\" data-id=\"6c1d606\" data-element_type=\"container\" data-e-type=\"container\">\n\t\t\t\t<div class=\"elementor-element elementor-element-3bd9360 elementor-invisible elementor-widget elementor-widget-nav-menu\" data-id=\"3bd9360\" data-element_type=\"widget\" data-e-type=\"widget\" data-settings=\"{&quot;layout&quot;:&quot;dropdown&quot;,&quot;_animation&quot;:&quot;fadeIn&quot;,&quot;submenu_icon&quot;:{&quot;value&quot;:&quot;&lt;svg aria-hidden=\\&quot;true\\&quot; class=\\&quot;e-font-icon-svg e-fas-caret-down\\&quot; viewBox=\\&quot;0 0 320 512\\&quot; xmlns=\\&quot;http:\\\/\\\/www.w3.org\\\/2000\\\/svg\\&quot;&gt;&lt;path d=\\&quot;M31.3 192h257.3c17.8 0 26.7 21.5 14.1 34.1L174.1 354.8c-7.8 7.8-20.5 7.8-28.3 0L17.2 226.1C4.6 213.5 13.5 192 31.3 192z\\&quot;&gt;&lt;\\\/path&gt;&lt;\\\/svg&gt;&quot;,&quot;library&quot;:&quot;fa-solid&quot;}}\" data-widget_type=\"nav-menu.default\">\n\t\t\t\t\t\t\t\t<nav class=\"elementor-nav-menu--dropdown elementor-nav-menu__container\" aria-hidden=\"true\">\n\t\t\t\t<ul id=\"menu-2-3bd9360\" class=\"elementor-nav-menu\"><li class=\"menu-item menu-item-type-post_type menu-item-object-page menu-item-has-children menu-item-3151\"><a href=\"https:\/\/sjalfsbjorg.is\/en\/thekkingarmidstod\/rettindi\/almannatryggingar\/\" class=\"elementor-item\" tabindex=\"-1\">Social security<\/a>\n<ul class=\"sub-menu elementor-nav-menu--dropdown\">\n\t<li class=\"menu-item menu-item-type-post_type menu-item-object-page menu-item-3216\"><a href=\"https:\/\/sjalfsbjorg.is\/en\/thekkingarmidstod\/rettindi\/almannatryggingar\/tryggingastofnunrikisins\/\" class=\"elementor-sub-item\" tabindex=\"-1\">TR<\/a><\/li>\n\t<li class=\"menu-item menu-item-type-post_type menu-item-object-page menu-item-3215\"><a href=\"https:\/\/sjalfsbjorg.is\/en\/thekkingarmidstod\/rettindi\/almannatryggingar\/sjukratryggingar-islands-hjalpartaekjamidstod\/\" class=\"elementor-sub-item\" tabindex=\"-1\">Icelandic Health Insurance \/ Assistive Devices Center<\/a><\/li>\n<\/ul>\n<\/li>\n<li class=\"menu-item menu-item-type-post_type menu-item-object-page menu-item-has-children menu-item-3332\"><a href=\"https:\/\/sjalfsbjorg.is\/en\/thekkingarmidstod\/rettindi\/bifreidamal\/\" class=\"elementor-item\" tabindex=\"-1\">Automotive issues<\/a>\n<ul class=\"sub-menu elementor-nav-menu--dropdown\">\n\t<li class=\"menu-item menu-item-type-post_type menu-item-object-page menu-item-3351\"><a href=\"https:\/\/sjalfsbjorg.is\/en\/thekkingarmidstod\/rettindi\/bifreidamal\/kaup-a-bifreid-styrkir\/\" class=\"elementor-sub-item\" tabindex=\"-1\">Purchase of a vehicle \/ grants<\/a><\/li>\n<\/ul>\n<\/li>\n<li class=\"menu-item menu-item-type-post_type menu-item-object-page menu-item-3391\"><a href=\"https:\/\/sjalfsbjorg.is\/en\/thekkingarmidstod\/rettindi\/hjalpartaeki\/\" class=\"elementor-item\" tabindex=\"-1\">Assistive devices<\/a><\/li>\n<li class=\"menu-item menu-item-type-post_type menu-item-object-page menu-item-has-children menu-item-3424\"><a href=\"https:\/\/sjalfsbjorg.is\/en\/thekkingarmidstod\/rettindi\/fjarmal\/\" class=\"elementor-item\" tabindex=\"-1\">Finance<\/a>\n<ul class=\"sub-menu elementor-nav-menu--dropdown\">\n\t<li class=\"menu-item menu-item-type-post_type menu-item-object-page menu-item-3449\"><a href=\"https:\/\/sjalfsbjorg.is\/en\/thekkingarmidstod\/rettindi\/fjarmal\/skattar\/\" class=\"elementor-sub-item\" tabindex=\"-1\">Taxes<\/a><\/li>\n\t<li class=\"menu-item menu-item-type-post_type menu-item-object-page menu-item-3538\"><a href=\"https:\/\/sjalfsbjorg.is\/en\/thekkingarmidstod\/rettindi\/fjarmal\/styrkir\/\" class=\"elementor-sub-item\" tabindex=\"-1\">Scholarships for studies and projects<\/a><\/li>\n\t<li class=\"menu-item menu-item-type-post_type menu-item-object-page menu-item-3539\"><a href=\"https:\/\/sjalfsbjorg.is\/en\/thekkingarmidstod\/rettindi\/fjarmal\/fjarhagsvandi\/\" class=\"elementor-sub-item\" tabindex=\"-1\">Financial problem<\/a><\/li>\n<\/ul>\n<\/li>\n<li class=\"menu-item menu-item-type-post_type menu-item-object-page menu-item-has-children menu-item-3540\"><a href=\"https:\/\/sjalfsbjorg.is\/en\/thekkingarmidstod\/rettindi\/husnaedi\/\" class=\"elementor-item\" tabindex=\"-1\">Housing<\/a>\n<ul class=\"sub-menu elementor-nav-menu--dropdown\">\n\t<li class=\"menu-item menu-item-type-post_type menu-item-object-page menu-item-3542\"><a href=\"https:\/\/sjalfsbjorg.is\/en\/thekkingarmidstod\/rettindi\/husnaedi\/lan-og-baetur\/\" class=\"elementor-sub-item\" tabindex=\"-1\">Loans and benefits<\/a><\/li>\n\t<li class=\"menu-item menu-item-type-post_type menu-item-object-page menu-item-3541\"><a href=\"https:\/\/sjalfsbjorg.is\/en\/thekkingarmidstod\/rettindi\/husnaedi\/ibudir\/\" class=\"elementor-sub-item\" tabindex=\"-1\">Apartments<\/a><\/li>\n<\/ul>\n<\/li>\n<li class=\"menu-item menu-item-type-post_type menu-item-object-page menu-item-3623\"><a href=\"https:\/\/sjalfsbjorg.is\/en\/thekkingarmidstod\/rettindi\/lyfjamal\/\" class=\"elementor-item\" tabindex=\"-1\">Pharmaceuticals<\/a><\/li>\n<li class=\"menu-item menu-item-type-post_type menu-item-object-page menu-item-3627\"><a href=\"https:\/\/sjalfsbjorg.is\/en\/thekkingarmidstod\/rettindi\/kosningar\/\" class=\"elementor-item\" tabindex=\"-1\">Elections<\/a><\/li>\n<li class=\"menu-item menu-item-type-post_type menu-item-object-page menu-item-3702\"><a href=\"https:\/\/sjalfsbjorg.is\/en\/thekkingarmidstod\/rettindi\/p-merkip-staedi\/\" class=\"elementor-item\" tabindex=\"-1\">P-sign\/Parking space<\/a><\/li>\n<li class=\"menu-item menu-item-type-post_type menu-item-object-page menu-item-3701\"><a href=\"https:\/\/sjalfsbjorg.is\/en\/thekkingarmidstod\/rettindi\/samningur-sameinudu-thjodanna-um-rettindi-fatlads-folks\/\" class=\"elementor-item\" tabindex=\"-1\">United Nations Convention on the Rights of Persons with Disabilities<\/a><\/li>\n<li class=\"menu-item menu-item-type-post_type menu-item-object-page menu-item-3990\"><a href=\"https:\/\/sjalfsbjorg.is\/en\/thekkingarmidstod\/rettindi\/logfraedithjonusta-og-rettindagaesla\/\" class=\"elementor-item\" tabindex=\"-1\">Legal services and advocacy<\/a><\/li>\n<li class=\"menu-item menu-item-type-post_type menu-item-object-page menu-item-4023\"><a href=\"https:\/\/sjalfsbjorg.is\/en\/thekkingarmidstod\/rettindi\/afslaettir-fyrir-oryrkja\/\" class=\"elementor-item\" tabindex=\"-1\">Discounts for the disabled<\/a><\/li>\n<li class=\"menu-item menu-item-type-post_type menu-item-object-page menu-item-4069\"><a href=\"https:\/\/sjalfsbjorg.is\/en\/thekkingarmidstod\/rettindi\/neydarthjonusta-fyrir-rafkniin-hjalpartaeki\/\" class=\"elementor-item\" tabindex=\"-1\">Emergency service for electric assistive devices<\/a><\/li>\n<li class=\"menu-item menu-item-type-post_type menu-item-object-page menu-item-4068\"><a href=\"https:\/\/sjalfsbjorg.is\/en\/thekkingarmidstod\/rettindi\/idju-sjukra-og-talthjalfun\/\" class=\"elementor-item\" tabindex=\"-1\">Occupational, physical and speech therapy<\/a><\/li>\n<\/ul>\t\t\t<\/nav>\n\t\t\t\t\t\t<\/div>\n\t\t\t\t<\/div>\n\t\t<div class=\"elementor-element elementor-element-c8b8e57 e-con-full e-flex elementor-invisible e-con e-child\" data-id=\"c8b8e57\" data-element_type=\"container\" data-e-type=\"container\" data-settings=\"{&quot;animation&quot;:&quot;fadeIn&quot;}\">\n\t\t\t\t<div class=\"elementor-element elementor-element-c80b779 elementor-widget__width-initial elementor-widget elementor-widget-text-editor\" data-id=\"c80b779\" data-element_type=\"widget\" data-e-type=\"widget\" data-widget_type=\"text-editor.default\">\n\t\t\t\t\t\t\t\t\t   <p>Housing<\/p>\n    <p>H\u00e9r eru \u00fdmsar uppl\u00fdsingar um h\u00fasn\u00e6\u00f0ism\u00e1l, til a\u00f0 mynda h\u00fasaleigub\u00e6tur, l\u00e1n og \u00edb\u00fa\u00f0ir f\u00e9lagasamtaka.<\/p>\n\n    <h5><strong>Breytingar \u00e1 h\u00fasn\u00e6\u00f0i<\/strong><\/h5>\n    <p>Fatla\u00f0 f\u00f3lk getur \u00e1tt r\u00e9tt \u00e1 l\u00e1num vegna breytinga \u00e1 h\u00fasn\u00e6\u00f0i e\u00f0a \u00fdmsum b\u00fasetu\u00farr\u00e6\u00f0um \u00e1 vegum stofnana og sveitarf\u00e9laga. Frekari uppl\u00fdsingar um l\u00e1n eru h\u00e9r til hli\u00f0ar.<\/p>\n\n    <h5><strong>Sala fasteigna<\/strong><\/h5>\n    <p>Gott er a\u00f0 hafa \u00ed huga, ef h\u00faseign er seld innan tveggja \u00e1ra er s\u00f6luhagna\u00f0urinn a\u00f0 fullu skattskyldur. Hins vegar ef h\u00faseigandi selur h\u00faseign sem hann hefur \u00e1tt lengur en \u00ed tv\u00f6 \u00e1r er s\u00f6luhagna\u00f0urinn skattfrj\u00e1ls (svo fremi sem heildarr\u00famm\u00e1l h\u00faseignarinnar s\u00e9 ekki meira en 600 r\u00fammetrar hj\u00e1 einstaklingi e\u00f0a 1.200 r\u00fammetrar hj\u00e1 hj\u00f3num).<\/p>\n\n    <h5><strong>Afsl\u00e1ttur af fasteignagj\u00f6ldum<\/strong><\/h5>\n    <p>\u00d6ryrkjar \u00ed eigin h\u00fasn\u00e6\u00f0i eiga oft r\u00e9tt \u00e1 afsl\u00e6tti af fasteignagj\u00f6ldum, hvert sveitarf\u00e9lag fyrir sig semur reglur var\u00f0andi \u00feann afsl\u00e1tt sem veittur er og h\u00e6gt er a\u00f0 n\u00e1lgast uppl\u00fdsingar um reglurnar \u00e1 vefs\u00ed\u00f0um sveitarf\u00e9laganna.<\/p>\n\n    <h5><strong>Leiguvernd &#8211; trygging<\/strong><\/h5>\n    <p>\u00deegar f\u00f3lk leigir \u00edb\u00fa\u00f0 \u00fearf \u00fea\u00f0 oftast a\u00f0 l\u00e1ta leigusalann f\u00e1 tryggingaf\u00e9, banka\u00e1byrg\u00f0 e\u00f0a fyrirframgrei\u00f0slu. \u00cd dag er m\u00f6guleiki a\u00f0 f\u00e1 tryggingu hj\u00e1 Tryggja.is, svokalla\u00f0a \n        <a href=\"http:\/\/www.leiguvernd.is\/\" style=\"text-decoration: underline; text-decoration-color: #1D7488; text-underline-offset: 4px;\">leiguvernd<\/a> \n        sem kemur \u00ed sta\u00f0 \u00feess a\u00f0 l\u00e1ta leigusalann f\u00e1 tryggingarf\u00e9, \u00feetta getur getur komi\u00f0 betur \u00fat fyrir marga.\n    <\/p>\t\t\t\t\t\t\t\t<\/div>\n\t\t\t\t<div class=\"elementor-element elementor-element-c8d6d59 elementor-widget__width-initial elementor-widget elementor-widget-text-editor\" data-id=\"c8d6d59\" data-element_type=\"widget\" data-e-type=\"widget\" data-widget_type=\"text-editor.default\">\n\t\t\t\t\t\t\t\t\t <p>\n                <strong>\n                    <a href=\"https:\/\/sjalfsbjorg.is\/en\/thekkingarmidstod\/vid-viljum-heyra-i-ther\/\">\n                        Do you have any suggestions or further questions? Contact us here\n                    <\/a>\n                <\/strong>\n            <\/p>\t\t\t\t\t\t\t\t<\/div>\n\t\t\t\t<\/div>\n\t\t\t\t\t<\/div>\n\t\t\t\t<\/div>\n\t\t<div class=\"elementor-element elementor-element-4167584 e-con-full e-flex e-con e-parent\" data-id=\"4167584\" data-element_type=\"container\" data-e-type=\"container\">\n\t\t\t\t<div class=\"elementor-element elementor-element-3edd73a elementor-widget elementor-widget-template\" data-id=\"3edd73a\" data-element_type=\"widget\" data-e-type=\"widget\" data-widget_type=\"template.default\">\n\t\t\t\t<div class=\"elementor-widget-container\">\n\t\t\t\t\t\t\t<div class=\"elementor-template\">\n\t\t\t\t\t<div data-elementor-type=\"container\" data-elementor-id=\"9887\" class=\"elementor elementor-9887\" data-elementor-post-type=\"elementor_library\">\n\t\t\t\t<div class=\"elementor-element elementor-element-6734a465 elementor-hidden-mobile e-flex e-con-boxed e-con e-parent\" data-id=\"6734a465\" data-element_type=\"container\" data-e-type=\"container\">\n\t\t\t\t\t<div class=\"e-con-inner\">\n\t\t\t\t<div class=\"elementor-element elementor-element-34ed906d elementor-nav-menu--dropdown-mobile elementor-nav-menu__align-center elementor-nav-menu--stretch elementor-nav-menu__text-align-aside elementor-nav-menu--toggle elementor-nav-menu--burger elementor-widget elementor-widget-nav-menu\" data-id=\"34ed906d\" data-element_type=\"widget\" data-e-type=\"widget\" data-settings=\"{&quot;full_width&quot;:&quot;stretch&quot;,&quot;layout&quot;:&quot;horizontal&quot;,&quot;submenu_icon&quot;:{&quot;value&quot;:&quot;&lt;svg aria-hidden=\\&quot;true\\&quot; class=\\&quot;e-font-icon-svg e-fas-caret-down\\&quot; viewBox=\\&quot;0 0 320 512\\&quot; xmlns=\\&quot;http:\\\/\\\/www.w3.org\\\/2000\\\/svg\\&quot;&gt;&lt;path d=\\&quot;M31.3 192h257.3c17.8 0 26.7 21.5 14.1 34.1L174.1 354.8c-7.8 7.8-20.5 7.8-28.3 0L17.2 226.1C4.6 213.5 13.5 192 31.3 192z\\&quot;&gt;&lt;\\\/path&gt;&lt;\\\/svg&gt;&quot;,&quot;library&quot;:&quot;fa-solid&quot;},&quot;toggle&quot;:&quot;burger&quot;}\" data-widget_type=\"nav-menu.default\">\n\t\t\t\t\t\t\t\t<nav aria-label=\"Menu\" class=\"elementor-nav-menu--main elementor-nav-menu__container elementor-nav-menu--layout-horizontal e--pointer-underline e--animation-fade\">\n\t\t\t\t<ul id=\"menu-1-34ed906d\" class=\"elementor-nav-menu\"><li class=\"menu-item menu-item-type-post_type menu-item-object-page menu-item-5526\"><a href=\"https:\/\/sjalfsbjorg.is\/en\/thekkingarmidstod\/adgengi\/\" class=\"elementor-item\">Accessibility<\/a><\/li>\n<li class=\"menu-item menu-item-type-post_type menu-item-object-page menu-item-5527\"><a href=\"https:\/\/sjalfsbjorg.is\/en\/thekkingarmidstod\/atvinna-menntun\/\" class=\"elementor-item\">Employment &amp; education<\/a><\/li>\n<li class=\"menu-item menu-item-type-post_type menu-item-object-page menu-item-3408\"><a href=\"https:\/\/sjalfsbjorg.is\/en\/thekkingarmidstod\/velferd\/\" class=\"elementor-item\">Welfare<\/a><\/li>\n<li class=\"menu-item menu-item-type-post_type menu-item-object-page menu-item-5528\"><a href=\"https:\/\/sjalfsbjorg.is\/en\/thekkingarmidstod\/fraedsla\/\" class=\"elementor-item\">Education<\/a><\/li>\n<li class=\"menu-item menu-item-type-post_type menu-item-object-page menu-item-5531\"><a href=\"https:\/\/sjalfsbjorg.is\/en\/thekkingarmidstod\/tomstundir\/\" class=\"elementor-item\">Leisure<\/a><\/li>\n<li class=\"menu-item menu-item-type-post_type menu-item-object-page menu-item-3963\"><a href=\"https:\/\/sjalfsbjorg.is\/en\/thekkingarmidstod\/thjonusta-sveitarfelaga\/\" class=\"elementor-item\">Municipal services<\/a><\/li>\n<li class=\"menu-item menu-item-type-post_type menu-item-object-page menu-item-3264\"><a href=\"https:\/\/sjalfsbjorg.is\/en\/thekkingarmidstod\/vid-viljum-heyra-i-ther\/\" class=\"elementor-item\">We want to hear from you.<\/a><\/li>\n<\/ul>\t\t\t<\/nav>\n\t\t\t\t\t<div class=\"elementor-menu-toggle\" role=\"button\" tabindex=\"0\" aria-label=\"Menu Toggle\" aria-expanded=\"false\">\n\t\t\t<svg aria-hidden=\"true\" role=\"presentation\" class=\"elementor-menu-toggle__icon--open e-font-icon-svg e-eicon-menu-bar\" viewbox=\"0 0 1000 1000\" xmlns=\"http:\/\/www.w3.org\/2000\/svg\"><path d=\"M104 333H896C929 333 958 304 958 271S929 208 896 208H104C71 208 42 237 42 271S71 333 104 333ZM104 583H896C929 583 958 554 958 521S929 458 896 458H104C71 458 42 487 42 521S71 583 104 583ZM104 833H896C929 833 958 804 958 771S929 708 896 708H104C71 708 42 737 42 771S71 833 104 833Z\"><\/path><\/svg><svg aria-hidden=\"true\" role=\"presentation\" class=\"elementor-menu-toggle__icon--close e-font-icon-svg e-eicon-close\" viewbox=\"0 0 1000 1000\" xmlns=\"http:\/\/www.w3.org\/2000\/svg\"><path d=\"M742 167L500 408 258 167C246 154 233 150 217 150 196 150 179 158 167 167 154 179 150 196 150 212 150 229 154 242 171 254L408 500 167 742C138 771 138 800 167 829 196 858 225 858 254 829L496 587 738 829C750 842 767 846 783 846 800 846 817 842 829 829 842 817 846 804 846 783 846 767 842 750 829 737L588 500 833 258C863 229 863 200 833 171 804 137 775 137 742 167Z\"><\/path><\/svg>\t\t<\/div>\n\t\t\t\t\t<nav class=\"elementor-nav-menu--dropdown elementor-nav-menu__container\" aria-hidden=\"true\">\n\t\t\t\t<ul id=\"menu-2-34ed906d\" class=\"elementor-nav-menu\"><li class=\"menu-item menu-item-type-post_type menu-item-object-page menu-item-5526\"><a href=\"https:\/\/sjalfsbjorg.is\/en\/thekkingarmidstod\/adgengi\/\" class=\"elementor-item\" tabindex=\"-1\">Accessibility<\/a><\/li>\n<li class=\"menu-item menu-item-type-post_type menu-item-object-page menu-item-5527\"><a href=\"https:\/\/sjalfsbjorg.is\/en\/thekkingarmidstod\/atvinna-menntun\/\" class=\"elementor-item\" tabindex=\"-1\">Employment &amp; education<\/a><\/li>\n<li class=\"menu-item menu-item-type-post_type menu-item-object-page menu-item-3408\"><a href=\"https:\/\/sjalfsbjorg.is\/en\/thekkingarmidstod\/velferd\/\" class=\"elementor-item\" tabindex=\"-1\">Welfare<\/a><\/li>\n<li class=\"menu-item menu-item-type-post_type menu-item-object-page menu-item-5528\"><a href=\"https:\/\/sjalfsbjorg.is\/en\/thekkingarmidstod\/fraedsla\/\" class=\"elementor-item\" tabindex=\"-1\">Education<\/a><\/li>\n<li class=\"menu-item menu-item-type-post_type menu-item-object-page menu-item-5531\"><a href=\"https:\/\/sjalfsbjorg.is\/en\/thekkingarmidstod\/tomstundir\/\" class=\"elementor-item\" tabindex=\"-1\">Leisure<\/a><\/li>\n<li class=\"menu-item menu-item-type-post_type menu-item-object-page menu-item-3963\"><a href=\"https:\/\/sjalfsbjorg.is\/en\/thekkingarmidstod\/thjonusta-sveitarfelaga\/\" class=\"elementor-item\" tabindex=\"-1\">Municipal services<\/a><\/li>\n<li class=\"menu-item menu-item-type-post_type menu-item-object-page menu-item-3264\"><a href=\"https:\/\/sjalfsbjorg.is\/en\/thekkingarmidstod\/vid-viljum-heyra-i-ther\/\" class=\"elementor-item\" tabindex=\"-1\">We want to hear from you.<\/a><\/li>\n<\/ul>\t\t\t<\/nav>\n\t\t\t\t\t\t<\/div>\n\t\t\t\t\t<\/div>\n\t\t\t\t<\/div>\n\t\t\t\t<\/div>\n\t\t\t\t<\/div>\n\t\t\t\t\t\t<\/div>\n\t\t\t\t<\/div>\n\t\t\t\t<\/div>\n\t\t\t\t<\/div>","protected":false},"excerpt":{"rendered":"<p>H\u00fasn\u00e6\u00f0i H\u00e9r eru \u00fdmsar uppl\u00fdsingar um h\u00fasn\u00e6\u00f0ism\u00e1l, til a\u00f0 mynda h\u00fasaleigub\u00e6tur, l\u00e1n og \u00edb\u00fa\u00f0ir f\u00e9lagasamtaka. Breytingar \u00e1 h\u00fasn\u00e6\u00f0i Fatla\u00f0 f\u00f3lk getur \u00e1tt r\u00e9tt \u00e1 l\u00e1num vegna breytinga \u00e1 h\u00fasn\u00e6\u00f0i e\u00f0a \u00fdmsum b\u00fasetu\u00farr\u00e6\u00f0um \u00e1 vegum stofnana og sveitarf\u00e9laga. Frekari uppl\u00fdsingar um l\u00e1n eru h\u00e9r til hli\u00f0ar. Sala fasteigna Gott er a\u00f0 hafa \u00ed huga, ef h\u00faseign [&hellip;]<\/p>\n","protected":false},"author":1,"featured_media":0,"parent":3062,"menu_order":0,"comment_status":"closed","ping_status":"closed","template":"elementor_theme","meta":{"footnotes":""},"class_list":["post-3522","page","type-page","status-publish","hentry"],"_links":{"self":[{"href":"https:\/\/sjalfsbjorg.is\/en\/wp-json\/wp\/v2\/pages\/3522","targetHints":{"allow":["GET"]}}],"collection":[{"href":"https:\/\/sjalfsbjorg.is\/en\/wp-json\/wp\/v2\/pages"}],"about":[{"href":"https:\/\/sjalfsbjorg.is\/en\/wp-json\/wp\/v2\/types\/page"}],"author":[{"embeddable":true,"href":"https:\/\/sjalfsbjorg.is\/en\/wp-json\/wp\/v2\/users\/1"}],"replies":[{"embeddable":true,"href":"https:\/\/sjalfsbjorg.is\/en\/wp-json\/wp\/v2\/comments?post=3522"}],"version-history":[{"count":28,"href":"https:\/\/sjalfsbjorg.is\/en\/wp-json\/wp\/v2\/pages\/3522\/revisions"}],"predecessor-version":[{"id":10183,"href":"https:\/\/sjalfsbjorg.is\/en\/wp-json\/wp\/v2\/pages\/3522\/revisions\/10183"}],"up":[{"embeddable":true,"href":"https:\/\/sjalfsbjorg.is\/en\/wp-json\/wp\/v2\/pages\/3062"}],"wp:attachment":[{"href":"https:\/\/sjalfsbjorg.is\/en\/wp-json\/wp\/v2\/media?parent=3522"}],"curies":[{"name":"wp","href":"https:\/\/api.w.org\/{rel}","templated":true}]}}