{"id":3699,"date":"2025-10-08T15:28:56","date_gmt":"2025-10-08T15:28:56","guid":{"rendered":"https:\/\/sjalfsbjorg.is\/?page_id=3699"},"modified":"2026-03-09T13:26:56","modified_gmt":"2026-03-09T13:26:56","slug":"samningur-sameinudu-thjodanna-um-rettindi-fatlads-folks","status":"publish","type":"page","link":"https:\/\/sjalfsbjorg.is\/en\/thekkingarmidstod\/rettindi\/samningur-sameinudu-thjodanna-um-rettindi-fatlads-folks\/","title":{"rendered":"United Nations Convention on the Rights of Persons with Disabilities"},"content":{"rendered":"<div data-elementor-type=\"wp-page\" data-elementor-id=\"3699\" class=\"elementor elementor-3699\" data-elementor-post-type=\"page\">\n\t\t\t\t<div class=\"elementor-element elementor-element-f766bb9 e-flex e-con-boxed e-con e-parent\" data-id=\"f766bb9\" data-element_type=\"container\" data-e-type=\"container\">\n\t\t\t\t\t<div class=\"e-con-inner\">\n\t\t<div class=\"elementor-element elementor-element-51cc19e e-con-full elementor-hidden-mobile e-flex e-con e-child\" data-id=\"51cc19e\" data-element_type=\"container\" data-e-type=\"container\">\n\t\t\t\t<div class=\"elementor-element elementor-element-b5d3d9b elementor-invisible elementor-widget elementor-widget-nav-menu\" data-id=\"b5d3d9b\" data-element_type=\"widget\" data-e-type=\"widget\" data-settings=\"{&quot;layout&quot;:&quot;dropdown&quot;,&quot;_animation&quot;:&quot;fadeIn&quot;,&quot;submenu_icon&quot;:{&quot;value&quot;:&quot;&lt;svg aria-hidden=\\&quot;true\\&quot; class=\\&quot;e-font-icon-svg e-fas-caret-down\\&quot; viewBox=\\&quot;0 0 320 512\\&quot; xmlns=\\&quot;http:\\\/\\\/www.w3.org\\\/2000\\\/svg\\&quot;&gt;&lt;path d=\\&quot;M31.3 192h257.3c17.8 0 26.7 21.5 14.1 34.1L174.1 354.8c-7.8 7.8-20.5 7.8-28.3 0L17.2 226.1C4.6 213.5 13.5 192 31.3 192z\\&quot;&gt;&lt;\\\/path&gt;&lt;\\\/svg&gt;&quot;,&quot;library&quot;:&quot;fa-solid&quot;}}\" data-widget_type=\"nav-menu.default\">\n\t\t\t\t\t\t\t\t<nav class=\"elementor-nav-menu--dropdown elementor-nav-menu__container\" aria-hidden=\"true\">\n\t\t\t\t<ul id=\"menu-2-b5d3d9b\" class=\"elementor-nav-menu\"><li class=\"menu-item menu-item-type-post_type menu-item-object-page menu-item-has-children menu-item-3151\"><a href=\"https:\/\/sjalfsbjorg.is\/en\/thekkingarmidstod\/rettindi\/almannatryggingar\/\" class=\"elementor-item\" tabindex=\"-1\">Social security<\/a>\n<ul class=\"sub-menu elementor-nav-menu--dropdown\">\n\t<li class=\"menu-item menu-item-type-post_type menu-item-object-page menu-item-3216\"><a href=\"https:\/\/sjalfsbjorg.is\/en\/thekkingarmidstod\/rettindi\/almannatryggingar\/tryggingastofnunrikisins\/\" class=\"elementor-sub-item\" tabindex=\"-1\">TR<\/a><\/li>\n\t<li class=\"menu-item menu-item-type-post_type menu-item-object-page menu-item-3215\"><a href=\"https:\/\/sjalfsbjorg.is\/en\/thekkingarmidstod\/rettindi\/almannatryggingar\/sjukratryggingar-islands-hjalpartaekjamidstod\/\" class=\"elementor-sub-item\" tabindex=\"-1\">Icelandic Health Insurance \/ Assistive Devices Center<\/a><\/li>\n<\/ul>\n<\/li>\n<li class=\"menu-item menu-item-type-post_type menu-item-object-page menu-item-has-children menu-item-3332\"><a href=\"https:\/\/sjalfsbjorg.is\/en\/thekkingarmidstod\/rettindi\/bifreidamal\/\" class=\"elementor-item\" tabindex=\"-1\">Automotive issues<\/a>\n<ul class=\"sub-menu elementor-nav-menu--dropdown\">\n\t<li class=\"menu-item menu-item-type-post_type menu-item-object-page menu-item-3351\"><a href=\"https:\/\/sjalfsbjorg.is\/en\/thekkingarmidstod\/rettindi\/bifreidamal\/kaup-a-bifreid-styrkir\/\" class=\"elementor-sub-item\" tabindex=\"-1\">Purchase of a vehicle \/ grants<\/a><\/li>\n<\/ul>\n<\/li>\n<li class=\"menu-item menu-item-type-post_type menu-item-object-page menu-item-3391\"><a href=\"https:\/\/sjalfsbjorg.is\/en\/thekkingarmidstod\/rettindi\/hjalpartaeki\/\" class=\"elementor-item\" tabindex=\"-1\">Assistive devices<\/a><\/li>\n<li class=\"menu-item menu-item-type-post_type menu-item-object-page menu-item-has-children menu-item-3424\"><a href=\"https:\/\/sjalfsbjorg.is\/en\/thekkingarmidstod\/rettindi\/fjarmal\/\" class=\"elementor-item\" tabindex=\"-1\">Finance<\/a>\n<ul class=\"sub-menu elementor-nav-menu--dropdown\">\n\t<li class=\"menu-item menu-item-type-post_type menu-item-object-page menu-item-3449\"><a href=\"https:\/\/sjalfsbjorg.is\/en\/thekkingarmidstod\/rettindi\/fjarmal\/skattar\/\" class=\"elementor-sub-item\" tabindex=\"-1\">Taxes<\/a><\/li>\n\t<li class=\"menu-item menu-item-type-post_type menu-item-object-page menu-item-3538\"><a href=\"https:\/\/sjalfsbjorg.is\/en\/thekkingarmidstod\/rettindi\/fjarmal\/styrkir\/\" class=\"elementor-sub-item\" tabindex=\"-1\">Scholarships for studies and projects<\/a><\/li>\n\t<li class=\"menu-item menu-item-type-post_type menu-item-object-page menu-item-3539\"><a href=\"https:\/\/sjalfsbjorg.is\/en\/thekkingarmidstod\/rettindi\/fjarmal\/fjarhagsvandi\/\" class=\"elementor-sub-item\" tabindex=\"-1\">Financial problem<\/a><\/li>\n<\/ul>\n<\/li>\n<li class=\"menu-item menu-item-type-post_type menu-item-object-page menu-item-has-children menu-item-3540\"><a href=\"https:\/\/sjalfsbjorg.is\/en\/thekkingarmidstod\/rettindi\/husnaedi\/\" class=\"elementor-item\" tabindex=\"-1\">Housing<\/a>\n<ul class=\"sub-menu elementor-nav-menu--dropdown\">\n\t<li class=\"menu-item menu-item-type-post_type menu-item-object-page menu-item-3542\"><a href=\"https:\/\/sjalfsbjorg.is\/en\/thekkingarmidstod\/rettindi\/husnaedi\/lan-og-baetur\/\" class=\"elementor-sub-item\" tabindex=\"-1\">Loans and benefits<\/a><\/li>\n\t<li class=\"menu-item menu-item-type-post_type menu-item-object-page menu-item-3541\"><a href=\"https:\/\/sjalfsbjorg.is\/en\/thekkingarmidstod\/rettindi\/husnaedi\/ibudir\/\" class=\"elementor-sub-item\" tabindex=\"-1\">Apartments<\/a><\/li>\n<\/ul>\n<\/li>\n<li class=\"menu-item menu-item-type-post_type menu-item-object-page menu-item-3623\"><a href=\"https:\/\/sjalfsbjorg.is\/en\/thekkingarmidstod\/rettindi\/lyfjamal\/\" class=\"elementor-item\" tabindex=\"-1\">Pharmaceuticals<\/a><\/li>\n<li class=\"menu-item menu-item-type-post_type menu-item-object-page menu-item-3627\"><a href=\"https:\/\/sjalfsbjorg.is\/en\/thekkingarmidstod\/rettindi\/kosningar\/\" class=\"elementor-item\" tabindex=\"-1\">Elections<\/a><\/li>\n<li class=\"menu-item menu-item-type-post_type menu-item-object-page menu-item-3702\"><a href=\"https:\/\/sjalfsbjorg.is\/en\/thekkingarmidstod\/rettindi\/p-merkip-staedi\/\" class=\"elementor-item\" tabindex=\"-1\">P-sign\/Parking space<\/a><\/li>\n<li class=\"menu-item menu-item-type-post_type menu-item-object-page menu-item-3701\"><a href=\"https:\/\/sjalfsbjorg.is\/en\/thekkingarmidstod\/rettindi\/samningur-sameinudu-thjodanna-um-rettindi-fatlads-folks\/\" class=\"elementor-item\" tabindex=\"-1\">United Nations Convention on the Rights of Persons with Disabilities<\/a><\/li>\n<li class=\"menu-item menu-item-type-post_type menu-item-object-page menu-item-3990\"><a href=\"https:\/\/sjalfsbjorg.is\/en\/thekkingarmidstod\/rettindi\/logfraedithjonusta-og-rettindagaesla\/\" class=\"elementor-item\" tabindex=\"-1\">Legal services and advocacy<\/a><\/li>\n<li class=\"menu-item menu-item-type-post_type menu-item-object-page menu-item-4023\"><a href=\"https:\/\/sjalfsbjorg.is\/en\/thekkingarmidstod\/rettindi\/afslaettir-fyrir-oryrkja\/\" class=\"elementor-item\" tabindex=\"-1\">Discounts for the disabled<\/a><\/li>\n<li class=\"menu-item menu-item-type-post_type menu-item-object-page menu-item-4069\"><a href=\"https:\/\/sjalfsbjorg.is\/en\/thekkingarmidstod\/rettindi\/neydarthjonusta-fyrir-rafkniin-hjalpartaeki\/\" class=\"elementor-item\" tabindex=\"-1\">Emergency service for electric assistive devices<\/a><\/li>\n<li class=\"menu-item menu-item-type-post_type menu-item-object-page menu-item-4068\"><a href=\"https:\/\/sjalfsbjorg.is\/en\/thekkingarmidstod\/rettindi\/idju-sjukra-og-talthjalfun\/\" class=\"elementor-item\" tabindex=\"-1\">Occupational, physical and speech therapy<\/a><\/li>\n<\/ul>\t\t\t<\/nav>\n\t\t\t\t\t\t<\/div>\n\t\t\t\t<\/div>\n\t\t<div class=\"elementor-element elementor-element-70f9022 e-con-full e-flex elementor-invisible e-con e-child\" data-id=\"70f9022\" data-element_type=\"container\" data-e-type=\"container\" data-settings=\"{&quot;animation&quot;:&quot;fadeIn&quot;}\">\n\t\t\t\t<div class=\"elementor-element elementor-element-981d527 elementor-widget__width-initial elementor-widget elementor-widget-text-editor\" data-id=\"981d527\" data-element_type=\"widget\" data-e-type=\"widget\" data-widget_type=\"text-editor.default\">\n\t\t\t\t\t\t\t\t\t<div class=\"paragraph-block blue-text\">\n<p data-block-key=\"jporg\">Markmi\u00f0i\u00f0 me\u00f0 Samning Sameinu\u00f0u \u00fej\u00f3\u00f0ana um r\u00e9tttindi fatla\u00f0s f\u00f3lks (SRFF) er a\u00f0 efla, verja og tryggja a\u00f0 allt fatla\u00f0 f\u00f3lk nj\u00f3ti til fulls og til jafns vi\u00f0 a\u00f0ra allra mannr\u00e9ttinda og grundvallarfrelsis og a\u00f0 efla vir\u00f0ingu fyrir e\u00f0lisl\u00e6gri reisn \u00feess.<\/p>\n<p data-block-key=\"mkqj6\">Allir einstaklingar eru jafnir fyrir l\u00f6gum og eiga sama tilkall til allra mannr\u00e9ttinda. Me\u00f0 SRFF er vi\u00f0urkennt a\u00f0 fatla\u00f0 f\u00f3lk hefur ekki haft s\u00f6mu t\u00e6kif\u00e6ri og a\u00f0rir \u00ed gegnum t\u00ed\u00f0ina. A\u00f0ildarr\u00edkin vi\u00f0urkenna \u00feessa sta\u00f0reynd og heita \u00fev\u00ed a\u00f0 vinna a\u00f0 b\u00e6ttum hag og b\u00e6ttum r\u00e9tti fatla\u00f0s f\u00f3lks. Samningurinn er fyrst og fremst jafnr\u00e9ttissamningur. A\u00f0ildarr\u00edkjum samningsins ber a\u00f0 vinna a\u00f0 j\u00f6fnum r\u00e9tti og j\u00f6fnum t\u00e6kif\u00e6rum allra \u00f3h\u00e1\u00f0 f\u00f6tlun. Samningurinn hefur n\u00fa \u00feegar haft v\u00ed\u00f0t\u00e6k \u00e1hrif \u00e1 st\u00f6\u00f0u fatla\u00f0s f\u00f3lks \u00ed a\u00f0ildarr\u00edkjum samningsins.<\/p>\n<h5 data-block-key=\"vojvr\"><b>Sta\u00f0an \u00e1 \u00cdslandi<\/b><\/h5>\n<p data-block-key=\"z7d0l\">\u00cdslensk stj\u00f3rnv\u00f6ld undirritu\u00f0u samninginn \u00e1ri\u00f0 2007, fullgiltu hann 2016 en hafa enn ekki l\u00f6gfest hann. Al\u00feingi sam\u00feykkti vori\u00f0 2019 \u00feings\u00e1lyktunartill\u00f6gu sext\u00e1n \u00feingmanna a\u00f0 r\u00edkisstj\u00f3rninni yr\u00f0i fali\u00f0 a\u00f0 undirb\u00faa l\u00f6gfestingu SRFF og a\u00f0 frumvarpi\u00f0 skuli lagt fyrir Al\u00feingi eigi s\u00ed\u00f0ar en 13. desember 2020. \u00dea\u00f0 var\u00f0 ekki raunin. Samningurinn var l\u00f6gfestur \u00e1 Al\u00feingi \u00feann 12.n\u00f3vember 2025. L\u00f6gfesting samningsins mun tryggja a\u00f0 fatla\u00f0 f\u00f3lk \u00e1 \u00cdslandi geti byggt r\u00e9tt sinn \u00e1 samningnum me\u00f0 beinum h\u00e6tti. \u00dea\u00f0 \u00fe\u00fd\u00f0ir verulega r\u00e9ttarb\u00f3t.<\/p>\n<\/div>\n<p><a href=\"https:\/\/sjalfsbjorg.is\/en\/thekkingarmidstod\/vid-viljum-heyra-i-ther\/\"><strong>Do you have any suggestions or further questions? Contact us here<\/strong><\/a><\/p>\t\t\t\t\t\t\t\t<\/div>\n\t\t\t\t<\/div>\n\t\t\t\t\t<\/div>\n\t\t\t\t<\/div>\n\t\t<div class=\"elementor-element elementor-element-f90b9c1 e-con-full e-flex e-con e-parent\" data-id=\"f90b9c1\" data-element_type=\"container\" data-e-type=\"container\">\n\t\t\t\t<div class=\"elementor-element elementor-element-0d46833 elementor-widget elementor-widget-template\" data-id=\"0d46833\" data-element_type=\"widget\" data-e-type=\"widget\" data-widget_type=\"template.default\">\n\t\t\t\t<div class=\"elementor-widget-container\">\n\t\t\t\t\t\t\t<div class=\"elementor-template\">\n\t\t\t\t\t<div data-elementor-type=\"container\" data-elementor-id=\"9887\" class=\"elementor elementor-9887\" data-elementor-post-type=\"elementor_library\">\n\t\t\t\t<div class=\"elementor-element elementor-element-6734a465 elementor-hidden-mobile e-flex e-con-boxed e-con e-parent\" data-id=\"6734a465\" data-element_type=\"container\" data-e-type=\"container\">\n\t\t\t\t\t<div class=\"e-con-inner\">\n\t\t\t\t<div class=\"elementor-element elementor-element-34ed906d elementor-nav-menu--dropdown-mobile elementor-nav-menu__align-center elementor-nav-menu--stretch elementor-nav-menu__text-align-aside elementor-nav-menu--toggle elementor-nav-menu--burger elementor-widget elementor-widget-nav-menu\" data-id=\"34ed906d\" data-element_type=\"widget\" data-e-type=\"widget\" data-settings=\"{&quot;full_width&quot;:&quot;stretch&quot;,&quot;layout&quot;:&quot;horizontal&quot;,&quot;submenu_icon&quot;:{&quot;value&quot;:&quot;&lt;svg aria-hidden=\\&quot;true\\&quot; class=\\&quot;e-font-icon-svg e-fas-caret-down\\&quot; viewBox=\\&quot;0 0 320 512\\&quot; xmlns=\\&quot;http:\\\/\\\/www.w3.org\\\/2000\\\/svg\\&quot;&gt;&lt;path d=\\&quot;M31.3 192h257.3c17.8 0 26.7 21.5 14.1 34.1L174.1 354.8c-7.8 7.8-20.5 7.8-28.3 0L17.2 226.1C4.6 213.5 13.5 192 31.3 192z\\&quot;&gt;&lt;\\\/path&gt;&lt;\\\/svg&gt;&quot;,&quot;library&quot;:&quot;fa-solid&quot;},&quot;toggle&quot;:&quot;burger&quot;}\" data-widget_type=\"nav-menu.default\">\n\t\t\t\t\t\t\t\t<nav aria-label=\"Menu\" class=\"elementor-nav-menu--main elementor-nav-menu__container elementor-nav-menu--layout-horizontal e--pointer-underline e--animation-fade\">\n\t\t\t\t<ul id=\"menu-1-34ed906d\" class=\"elementor-nav-menu\"><li class=\"menu-item menu-item-type-post_type menu-item-object-page menu-item-5526\"><a href=\"https:\/\/sjalfsbjorg.is\/en\/thekkingarmidstod\/adgengi\/\" class=\"elementor-item\">Accessibility<\/a><\/li>\n<li class=\"menu-item menu-item-type-post_type menu-item-object-page menu-item-5527\"><a href=\"https:\/\/sjalfsbjorg.is\/en\/thekkingarmidstod\/atvinna-menntun\/\" class=\"elementor-item\">Employment &amp; education<\/a><\/li>\n<li class=\"menu-item menu-item-type-post_type menu-item-object-page menu-item-3408\"><a href=\"https:\/\/sjalfsbjorg.is\/en\/thekkingarmidstod\/velferd\/\" class=\"elementor-item\">Welfare<\/a><\/li>\n<li class=\"menu-item menu-item-type-post_type menu-item-object-page menu-item-5528\"><a href=\"https:\/\/sjalfsbjorg.is\/en\/thekkingarmidstod\/fraedsla\/\" class=\"elementor-item\">Education<\/a><\/li>\n<li class=\"menu-item menu-item-type-post_type menu-item-object-page menu-item-5531\"><a href=\"https:\/\/sjalfsbjorg.is\/en\/thekkingarmidstod\/tomstundir\/\" class=\"elementor-item\">Leisure<\/a><\/li>\n<li class=\"menu-item menu-item-type-post_type menu-item-object-page menu-item-3963\"><a href=\"https:\/\/sjalfsbjorg.is\/en\/thekkingarmidstod\/thjonusta-sveitarfelaga\/\" class=\"elementor-item\">Municipal services<\/a><\/li>\n<li class=\"menu-item menu-item-type-post_type menu-item-object-page menu-item-3264\"><a href=\"https:\/\/sjalfsbjorg.is\/en\/thekkingarmidstod\/vid-viljum-heyra-i-ther\/\" class=\"elementor-item\">We want to hear from you.<\/a><\/li>\n<\/ul>\t\t\t<\/nav>\n\t\t\t\t\t<div class=\"elementor-menu-toggle\" role=\"button\" tabindex=\"0\" aria-label=\"Menu Toggle\" aria-expanded=\"false\">\n\t\t\t<svg aria-hidden=\"true\" role=\"presentation\" class=\"elementor-menu-toggle__icon--open e-font-icon-svg e-eicon-menu-bar\" viewbox=\"0 0 1000 1000\" xmlns=\"http:\/\/www.w3.org\/2000\/svg\"><path d=\"M104 333H896C929 333 958 304 958 271S929 208 896 208H104C71 208 42 237 42 271S71 333 104 333ZM104 583H896C929 583 958 554 958 521S929 458 896 458H104C71 458 42 487 42 521S71 583 104 583ZM104 833H896C929 833 958 804 958 771S929 708 896 708H104C71 708 42 737 42 771S71 833 104 833Z\"><\/path><\/svg><svg aria-hidden=\"true\" role=\"presentation\" class=\"elementor-menu-toggle__icon--close e-font-icon-svg e-eicon-close\" viewbox=\"0 0 1000 1000\" xmlns=\"http:\/\/www.w3.org\/2000\/svg\"><path d=\"M742 167L500 408 258 167C246 154 233 150 217 150 196 150 179 158 167 167 154 179 150 196 150 212 150 229 154 242 171 254L408 500 167 742C138 771 138 800 167 829 196 858 225 858 254 829L496 587 738 829C750 842 767 846 783 846 800 846 817 842 829 829 842 817 846 804 846 783 846 767 842 750 829 737L588 500 833 258C863 229 863 200 833 171 804 137 775 137 742 167Z\"><\/path><\/svg>\t\t<\/div>\n\t\t\t\t\t<nav class=\"elementor-nav-menu--dropdown elementor-nav-menu__container\" aria-hidden=\"true\">\n\t\t\t\t<ul id=\"menu-2-34ed906d\" class=\"elementor-nav-menu\"><li class=\"menu-item menu-item-type-post_type menu-item-object-page menu-item-5526\"><a href=\"https:\/\/sjalfsbjorg.is\/en\/thekkingarmidstod\/adgengi\/\" class=\"elementor-item\" tabindex=\"-1\">Accessibility<\/a><\/li>\n<li class=\"menu-item menu-item-type-post_type menu-item-object-page menu-item-5527\"><a href=\"https:\/\/sjalfsbjorg.is\/en\/thekkingarmidstod\/atvinna-menntun\/\" class=\"elementor-item\" tabindex=\"-1\">Employment &amp; education<\/a><\/li>\n<li class=\"menu-item menu-item-type-post_type menu-item-object-page menu-item-3408\"><a href=\"https:\/\/sjalfsbjorg.is\/en\/thekkingarmidstod\/velferd\/\" class=\"elementor-item\" tabindex=\"-1\">Welfare<\/a><\/li>\n<li class=\"menu-item menu-item-type-post_type menu-item-object-page menu-item-5528\"><a href=\"https:\/\/sjalfsbjorg.is\/en\/thekkingarmidstod\/fraedsla\/\" class=\"elementor-item\" tabindex=\"-1\">Education<\/a><\/li>\n<li class=\"menu-item menu-item-type-post_type menu-item-object-page menu-item-5531\"><a href=\"https:\/\/sjalfsbjorg.is\/en\/thekkingarmidstod\/tomstundir\/\" class=\"elementor-item\" tabindex=\"-1\">Leisure<\/a><\/li>\n<li class=\"menu-item menu-item-type-post_type menu-item-object-page menu-item-3963\"><a href=\"https:\/\/sjalfsbjorg.is\/en\/thekkingarmidstod\/thjonusta-sveitarfelaga\/\" class=\"elementor-item\" tabindex=\"-1\">Municipal services<\/a><\/li>\n<li class=\"menu-item menu-item-type-post_type menu-item-object-page menu-item-3264\"><a href=\"https:\/\/sjalfsbjorg.is\/en\/thekkingarmidstod\/vid-viljum-heyra-i-ther\/\" class=\"elementor-item\" tabindex=\"-1\">We want to hear from you.<\/a><\/li>\n<\/ul>\t\t\t<\/nav>\n\t\t\t\t\t\t<\/div>\n\t\t\t\t\t<\/div>\n\t\t\t\t<\/div>\n\t\t\t\t<\/div>\n\t\t\t\t<\/div>\n\t\t\t\t\t\t<\/div>\n\t\t\t\t<\/div>\n\t\t\t\t<\/div>\n\t\t\t\t<\/div>","protected":false},"excerpt":{"rendered":"<p>Markmi\u00f0i\u00f0 me\u00f0 Samning Sameinu\u00f0u \u00fej\u00f3\u00f0ana um r\u00e9tttindi fatla\u00f0s f\u00f3lks (SRFF) er a\u00f0 efla, verja og tryggja a\u00f0 allt fatla\u00f0 f\u00f3lk nj\u00f3ti til fulls og til jafns vi\u00f0 a\u00f0ra allra mannr\u00e9ttinda og grundvallarfrelsis og a\u00f0 efla vir\u00f0ingu fyrir e\u00f0lisl\u00e6gri reisn \u00feess. Allir einstaklingar eru jafnir fyrir l\u00f6gum og eiga sama tilkall til allra mannr\u00e9ttinda. Me\u00f0 SRFF [&hellip;]<\/p>\n","protected":false},"author":1,"featured_media":0,"parent":3062,"menu_order":0,"comment_status":"closed","ping_status":"closed","template":"elementor_theme","meta":{"footnotes":""},"class_list":["post-3699","page","type-page","status-publish","hentry"],"_links":{"self":[{"href":"https:\/\/sjalfsbjorg.is\/en\/wp-json\/wp\/v2\/pages\/3699","targetHints":{"allow":["GET"]}}],"collection":[{"href":"https:\/\/sjalfsbjorg.is\/en\/wp-json\/wp\/v2\/pages"}],"about":[{"href":"https:\/\/sjalfsbjorg.is\/en\/wp-json\/wp\/v2\/types\/page"}],"author":[{"embeddable":true,"href":"https:\/\/sjalfsbjorg.is\/en\/wp-json\/wp\/v2\/users\/1"}],"replies":[{"embeddable":true,"href":"https:\/\/sjalfsbjorg.is\/en\/wp-json\/wp\/v2\/comments?post=3699"}],"version-history":[{"count":25,"href":"https:\/\/sjalfsbjorg.is\/en\/wp-json\/wp\/v2\/pages\/3699\/revisions"}],"predecessor-version":[{"id":12209,"href":"https:\/\/sjalfsbjorg.is\/en\/wp-json\/wp\/v2\/pages\/3699\/revisions\/12209"}],"up":[{"embeddable":true,"href":"https:\/\/sjalfsbjorg.is\/en\/wp-json\/wp\/v2\/pages\/3062"}],"wp:attachment":[{"href":"https:\/\/sjalfsbjorg.is\/en\/wp-json\/wp\/v2\/media?parent=3699"}],"curies":[{"name":"wp","href":"https:\/\/api.w.org\/{rel}","templated":true}]}}