{"id":4454,"date":"2025-10-10T14:34:04","date_gmt":"2025-10-10T14:34:04","guid":{"rendered":"https:\/\/sjalfsbjorg.is\/?page_id=4454"},"modified":"2025-11-18T19:31:57","modified_gmt":"2025-11-18T19:31:57","slug":"utivist","status":"publish","type":"page","link":"https:\/\/sjalfsbjorg.is\/en\/thekkingarmidstod\/adgengi\/utivist\/","title":{"rendered":"\u00dativist"},"content":{"rendered":"<div data-elementor-type=\"wp-page\" data-elementor-id=\"4454\" class=\"elementor elementor-4454\" data-elementor-post-type=\"page\">\n\t\t\t\t<div class=\"elementor-element elementor-element-94109f5 e-flex e-con-boxed e-con e-parent\" data-id=\"94109f5\" data-element_type=\"container\" data-e-type=\"container\">\n\t\t\t\t\t<div class=\"e-con-inner\">\n\t\t<div class=\"elementor-element elementor-element-06ad6c4 e-con-full elementor-hidden-mobile e-flex e-con e-child\" data-id=\"06ad6c4\" data-element_type=\"container\" data-e-type=\"container\">\n\t\t\t\t<div class=\"elementor-element elementor-element-aed4f6c elementor-invisible elementor-widget elementor-widget-nav-menu\" data-id=\"aed4f6c\" data-element_type=\"widget\" data-e-type=\"widget\" data-settings=\"{&quot;layout&quot;:&quot;dropdown&quot;,&quot;_animation&quot;:&quot;fadeIn&quot;,&quot;submenu_icon&quot;:{&quot;value&quot;:&quot;&lt;svg aria-hidden=\\&quot;true\\&quot; class=\\&quot;e-font-icon-svg e-fas-caret-down\\&quot; viewBox=\\&quot;0 0 320 512\\&quot; xmlns=\\&quot;http:\\\/\\\/www.w3.org\\\/2000\\\/svg\\&quot;&gt;&lt;path d=\\&quot;M31.3 192h257.3c17.8 0 26.7 21.5 14.1 34.1L174.1 354.8c-7.8 7.8-20.5 7.8-28.3 0L17.2 226.1C4.6 213.5 13.5 192 31.3 192z\\&quot;&gt;&lt;\\\/path&gt;&lt;\\\/svg&gt;&quot;,&quot;library&quot;:&quot;fa-solid&quot;}}\" data-widget_type=\"nav-menu.default\">\n\t\t\t\t\t\t\t\t<nav class=\"elementor-nav-menu--dropdown elementor-nav-menu__container\" aria-hidden=\"true\">\n\t\t\t\t<ul id=\"menu-2-aed4f6c\" class=\"elementor-nav-menu\"><li class=\"menu-item menu-item-type-post_type menu-item-object-page menu-item-4106\"><a href=\"https:\/\/sjalfsbjorg.is\/en\/thekkingarmidstod\/adgengi\/almennt-um-adgengi\/\" class=\"elementor-item\" tabindex=\"-1\">Almennt um a\u00f0gengi<\/a><\/li>\n<li class=\"menu-item menu-item-type-post_type menu-item-object-page menu-item-has-children menu-item-4128\"><a href=\"https:\/\/sjalfsbjorg.is\/en\/ferdalog-og-samgongur\/\" class=\"elementor-item\" tabindex=\"-1\">Fer\u00f0al\u00f6g og samg\u00f6ngur<\/a>\n<ul class=\"sub-menu elementor-nav-menu--dropdown\">\n\t<li class=\"menu-item menu-item-type-post_type menu-item-object-page menu-item-has-children menu-item-4143\"><a href=\"https:\/\/sjalfsbjorg.is\/en\/ferdalog-og-samgongur\/ferdalog-innanlands\/\" class=\"elementor-sub-item\" tabindex=\"-1\">Fer\u00f0al\u00f6g innanlands<\/a>\n\t<ul class=\"sub-menu elementor-nav-menu--dropdown\">\n\t\t<li class=\"menu-item menu-item-type-post_type menu-item-object-page menu-item-4286\"><a href=\"https:\/\/sjalfsbjorg.is\/en\/ferdalog-og-samgongur\/ferdalog-innanlands\/adgengilegir-ferdamannastadir\/\" class=\"elementor-sub-item\" tabindex=\"-1\">A\u00f0gengilegir fer\u00f0amannasta\u00f0ir<\/a><\/li>\n\t\t<li class=\"menu-item menu-item-type-post_type menu-item-object-page menu-item-4323\"><a href=\"https:\/\/sjalfsbjorg.is\/en\/ferdalog-og-samgongur\/ferdalog-innanlands\/gisting-innanlands\/\" class=\"elementor-sub-item\" tabindex=\"-1\">Gisting innanlands<\/a><\/li>\n\t\t<li class=\"menu-item menu-item-type-post_type menu-item-object-page menu-item-4377\"><a href=\"https:\/\/sjalfsbjorg.is\/en\/ferdalog-og-samgongur\/vefsidur-tengdar-ferdalogum-innanlands\/\" class=\"elementor-sub-item\" tabindex=\"-1\">Vefs\u00ed\u00f0ur tengdar fer\u00f0al\u00f6gum innanlands<\/a><\/li>\n\t<\/ul>\n<\/li>\n\t<li class=\"menu-item menu-item-type-post_type menu-item-object-page menu-item-4384\"><a href=\"https:\/\/sjalfsbjorg.is\/en\/ferdalog-og-samgongur\/ferdalog-erlendis\/\" class=\"elementor-sub-item\" tabindex=\"-1\">Fer\u00f0al\u00f6g erlendis<\/a><\/li>\n<\/ul>\n<\/li>\n<li class=\"menu-item menu-item-type-post_type menu-item-object-page menu-item-4432\"><a href=\"https:\/\/sjalfsbjorg.is\/en\/thekkingarmidstod\/adgengi\/veitingahus\/\" class=\"elementor-item\" tabindex=\"-1\">Veitingah\u00fas og kaffih\u00fas<\/a><\/li>\n<li class=\"menu-item menu-item-type-post_type menu-item-object-page menu-item-4443\"><a href=\"https:\/\/sjalfsbjorg.is\/en\/thekkingarmidstod\/adgengi\/veislusalir\/\" class=\"elementor-item\" tabindex=\"-1\">Veislusalir<\/a><\/li>\n<li class=\"menu-item menu-item-type-post_type menu-item-object-page menu-item-4449\"><a href=\"https:\/\/sjalfsbjorg.is\/en\/thekkingarmidstod\/adgengi\/menning\/\" class=\"elementor-item\" tabindex=\"-1\">Menning \u2013 T\u00f3nlist og leikh\u00fas<\/a><\/li>\n<li class=\"menu-item menu-item-type-post_type menu-item-object-page menu-item-4485\"><a href=\"https:\/\/sjalfsbjorg.is\/en\/thekkingarmidstod\/adgengi\/utivist\/\" class=\"elementor-item\" tabindex=\"-1\">\u00dativist<\/a><\/li>\n<li class=\"menu-item menu-item-type-post_type menu-item-object-page menu-item-4484\"><a href=\"https:\/\/sjalfsbjorg.is\/en\/thekkingarmidstod\/adgengi\/adgengilegir-stadir-til-ad-halda-uppa-barnaafmaeli\/\" class=\"elementor-item\" tabindex=\"-1\">A\u00f0gengilegir sta\u00f0ir til a\u00f0 halda upp\u00e1 barnaafm\u00e6li<\/a><\/li>\n<\/ul>\t\t\t<\/nav>\n\t\t\t\t\t\t<\/div>\n\t\t\t\t<\/div>\n\t\t<div class=\"elementor-element elementor-element-1ad8a5b e-con-full e-flex elementor-invisible e-con e-child\" data-id=\"1ad8a5b\" data-element_type=\"container\" data-e-type=\"container\" data-settings=\"{&quot;animation&quot;:&quot;fadeIn&quot;}\">\n\t\t\t\t<div class=\"elementor-element elementor-element-ba17ac4 elementor-widget__width-initial elementor-widget elementor-widget-text-editor\" data-id=\"ba17ac4\" data-element_type=\"widget\" data-e-type=\"widget\" data-widget_type=\"text-editor.default\">\n\t\t\t\t\t\t\t\t\t<p>H\u00e9r m\u00e1 n\u00e1lgast uppl\u00fdsingar um a\u00f0gengilegar g\u00f6ngulei\u00f0ir, \u00fativistarsv\u00e6\u00f0i og vei\u00f0ista\u00f0i v\u00ed\u00f0a um land.<\/p>\t\t\t\t\t\t\t\t<\/div>\n\t\t\t\t<div class=\"elementor-element elementor-element-4cc714e elementor-widget elementor-widget-n-accordion\" data-id=\"4cc714e\" data-element_type=\"widget\" data-e-type=\"widget\" data-settings=\"{&quot;default_state&quot;:&quot;all_collapsed&quot;,&quot;max_items_expended&quot;:&quot;one&quot;,&quot;n_accordion_animation_duration&quot;:{&quot;unit&quot;:&quot;ms&quot;,&quot;size&quot;:400,&quot;sizes&quot;:[]}}\" data-widget_type=\"nested-accordion.default\">\n\t\t\t\t\t\t\t<div class=\"e-n-accordion\" aria-label=\"Accordion. Open links with Enter or Space, close with Escape, and navigate with Arrow Keys\">\n\t\t\t\t\t\t<details id=\"e-n-accordion-item-8050\" class=\"e-n-accordion-item\" >\n\t\t\t\t<summary class=\"e-n-accordion-item-title\" data-accordion-index=\"1\" tabindex=\"0\" aria-expanded=\"false\" aria-controls=\"e-n-accordion-item-8050\" >\n\t\t\t\t\t<span class='e-n-accordion-item-title-header'><div class=\"e-n-accordion-item-title-text\"> G\u00f6ngulei\u00f0ir og \u00fativistarsv\u00e6\u00f0i <\/div><\/span>\n\t\t\t\t\t\t\t<span class='e-n-accordion-item-title-icon'>\n\t\t\t<span class='e-opened' ><svg aria-hidden=\"true\" class=\"e-font-icon-svg e-fas-minus\" viewbox=\"0 0 448 512\" xmlns=\"http:\/\/www.w3.org\/2000\/svg\"><path d=\"M416 208H32c-17.67 0-32 14.33-32 32v32c0 17.67 14.33 32 32 32h384c17.67 0 32-14.33 32-32v-32c0-17.67-14.33-32-32-32z\"><\/path><\/svg><\/span>\n\t\t\t<span class='e-closed'><svg aria-hidden=\"true\" class=\"e-font-icon-svg e-fas-plus\" viewbox=\"0 0 448 512\" xmlns=\"http:\/\/www.w3.org\/2000\/svg\"><path d=\"M416 208H272V64c0-17.67-14.33-32-32-32h-32c-17.67 0-32 14.33-32 32v144H32c-17.67 0-32 14.33-32 32v32c0 17.67 14.33 32 32 32h144v144c0 17.67 14.33 32 32 32h32c17.67 0 32-14.33 32-32V304h144c17.67 0 32-14.33 32-32v-32c0-17.67-14.33-32-32-32z\"><\/path><\/svg><\/span>\n\t\t<\/span>\n\n\t\t\t\t\t\t<\/summary>\n\t\t\t\t<div role=\"region\" aria-labelledby=\"e-n-accordion-item-8050\" class=\"elementor-element elementor-element-21c335a e-con-full e-flex e-con e-child\" data-id=\"21c335a\" data-element_type=\"container\" data-e-type=\"container\">\n\t\t\t\t<div class=\"elementor-element elementor-element-342996b elementor-widget elementor-widget-text-editor\" data-id=\"342996b\" data-element_type=\"widget\" data-e-type=\"widget\" data-widget_type=\"text-editor.default\">\n\t\t\t\t\t\t\t\t\t<div class=\"collapse-block col-16 p-0\"><div class=\"text-container border-purple open\"><div class=\"text purple-text\"><p data-block-key=\"m3k39\"><b>Hvernig er g\u00f6ngulei\u00f0in?<\/b><\/p><p data-block-key=\"pax77\">\u00c1 vefs\u00ed\u00f0unni\u00a0<a href=\"http:\/\/gonguleidir.is\/\">g\u00f6ngulei\u00f0ir.is<\/a>\u00a0er b\u00fai\u00f0 a\u00f0 safna saman uppl\u00fdsingum um \u00fdmsar g\u00f6ngulei\u00f0ir um land allt. \u00c1 s\u00ed\u00f0unni er h\u00e6gt a\u00f0 lesa s\u00e9r til um hverja g\u00f6ngulei\u00f0 fyrir sig, s.s erfi\u00f0leikastig, lengd o.fl. \u00e1samt \u00fev\u00ed a\u00f0 sko\u00f0a myndir. \u00a0<\/p><h5 data-block-key=\"3donj\"><b>&#8222;A\u00f0 br\u00faka bekki&#8220;<\/b><\/h5><p data-block-key=\"tki51\">&#8222;A\u00f0 br\u00faka bekki&#8220; er verkefni me\u00f0 \u00fea\u00f0 markmi\u00f0 a\u00f0 fj\u00f6lga almenningsbekkjum \u00ed b\u00e6jarf\u00e9l\u00f6gum landsins, til \u00feess a\u00f0 au\u00f0velda \u00f6llum a\u00f0 stunda hreyfingu og er f\u00f3lk hvatt til a\u00f0 \u00fdta \u00e1 eigin sveitarf\u00e9lag a\u00f0 taka \u00fe\u00e1tt \u00ed \u00feessu \u00fearfa verkefni og setja s\u00e9r a\u00f0 setja einhverja almenningsbekkjum \u00ed b\u00e6jarf\u00e9laginu til a\u00f0 au\u00f0velda hreyfih\u00f6mlu\u00f0u f\u00f3lki , yngri sem eldri, a\u00f0 fara \u00ed l\u00e9ttar g\u00f6ngufer\u00f0ir \u00ed n\u00e6rumhverfinu. \u00c1 vefs\u00ed\u00f0u\u00a0<a href=\"http:\/\/www.physio.is\/fyrir-almenning\/ad-bruka-bekki\/Ad-bruka-bekki\">F\u00e9lags \u00edslenskra sj\u00fakra\u00fej\u00e1lfara<\/a>\u00a0er b\u00fai\u00f0 a\u00f0 safna saman yfirlitskortum fr\u00e1 \u00fdmsum st\u00f6\u00f0um \u00fear sem b\u00fai\u00f0 er a\u00f0 merkja inn \u00e1 myndir g\u00f6ngulei\u00f0ir og hvar bekki er a\u00f0 finna.<\/p><h5 data-block-key=\"933k2\"><b>Kriki vi\u00f0 Elli\u00f0avatn<\/b><\/h5><p data-block-key=\"1jvhm\"><b>Sj\u00e1lfsbj\u00f6rg \u00e1 h\u00f6fu\u00f0borgarsv\u00e6\u00f0inu<\/b>\u00a0\u00e1 sumarh\u00fas vi\u00f0 Elli\u00f0avatn sem ber heiti\u00f0\u00a0<b>Kriki<\/b>.\u00a0 Skuldlausir Sj\u00e1lfsbjargarf\u00e9lagar mega vei\u00f0a \u00ed landi Krika \u00ed Elli\u00f0avatni og\/e\u00f0a koma me\u00f0 b\u00e1t og sigla um vatni\u00f0.\u00a0 \u00deannig er unnt a\u00f0 vei\u00f0a fr\u00e1 bryggju sem er stutt fr\u00e1 h\u00fasinu (steinbryggjunni &#8211; hin er notu\u00f0 til a\u00f0 komast \u00ed b\u00e1tana \u00feegar f\u00e6st a\u00f0sto\u00f0 til a\u00f0 sigla \u00e1 vatninu). Kriki er er me\u00f0 g\u00f3\u00f0a innia\u00f0st\u00f6\u00f0u og \u00feegar h\u00fasi\u00f0 er opi\u00f0 eru seldar \u00fear veitingar, kaffi, me\u00f0l\u00e6ti, gos og \u00eds, \u00de\u00e1 er einnig g\u00f3\u00f0ur pallur er sn\u00fdr \u00ed su\u00f0ur og \u00fear er seti\u00f0 \u00feegar vel vi\u00f0rar. Kriki er opinn eftir h\u00e1degi \u00ed j\u00fan\u00ed, j\u00fal\u00ed og \u00e1g\u00fast. Sko\u00f0i\u00f0 frekari uppl\u00fdsingar \u00e1\u00a0\u00a0<a href=\"https:\/\/www.facebook.com\/Kriki-vi%C3%B0-Elli%C3%B0avatn-sumarh%C3%BAs-Sj%C3%A1lfsbjargar-hbs-748011485250350\/?fref=ts\">facebook-s\u00ed\u00f0u (Opnast \u00ed n\u00fdjum vafraglugga)<\/a>\u00a0Krika.<\/p><\/div><\/div><\/div><div class=\"paragraph-block purple-text\">\u00a0<\/div>\t\t\t\t\t\t\t\t<\/div>\n\t\t\t\t<\/div>\n\t\t\t\t\t<\/details>\n\t\t\t\t\t<\/div>\n\t\t\t\t\t\t<\/div>\n\t\t\t\t<div class=\"elementor-element elementor-element-8df9d53 elementor-widget elementor-widget-heading\" data-id=\"8df9d53\" data-element_type=\"widget\" data-e-type=\"widget\" data-widget_type=\"heading.default\">\n\t\t\t\t\t<h2 class=\"elementor-heading-title elementor-size-default\">A\u00f0gengileg af\u00fereying utandyra\n<\/h2>\t\t\t\t<\/div>\n\t\t\t\t<div class=\"elementor-element elementor-element-bc1f8a0 elementor-widget elementor-widget-n-accordion\" data-id=\"bc1f8a0\" data-element_type=\"widget\" data-e-type=\"widget\" data-settings=\"{&quot;default_state&quot;:&quot;all_collapsed&quot;,&quot;max_items_expended&quot;:&quot;one&quot;,&quot;n_accordion_animation_duration&quot;:{&quot;unit&quot;:&quot;ms&quot;,&quot;size&quot;:400,&quot;sizes&quot;:[]}}\" data-widget_type=\"nested-accordion.default\">\n\t\t\t\t\t\t\t<div class=\"e-n-accordion\" aria-label=\"Accordion. Open links with Enter or Space, close with Escape, and navigate with Arrow Keys\">\n\t\t\t\t\t\t<details id=\"e-n-accordion-item-1970\" class=\"e-n-accordion-item\" >\n\t\t\t\t<summary class=\"e-n-accordion-item-title\" data-accordion-index=\"1\" tabindex=\"0\" aria-expanded=\"false\" aria-controls=\"e-n-accordion-item-1970\" >\n\t\t\t\t\t<span class='e-n-accordion-item-title-header'><div class=\"e-n-accordion-item-title-text\"> Ylstr\u00f6ndin \u00ed Nauth\u00f3lsv\u00edk <\/div><\/span>\n\t\t\t\t\t\t\t<span class='e-n-accordion-item-title-icon'>\n\t\t\t<span class='e-opened' ><svg aria-hidden=\"true\" class=\"e-font-icon-svg e-fas-minus\" viewbox=\"0 0 448 512\" xmlns=\"http:\/\/www.w3.org\/2000\/svg\"><path d=\"M416 208H32c-17.67 0-32 14.33-32 32v32c0 17.67 14.33 32 32 32h384c17.67 0 32-14.33 32-32v-32c0-17.67-14.33-32-32-32z\"><\/path><\/svg><\/span>\n\t\t\t<span class='e-closed'><svg aria-hidden=\"true\" class=\"e-font-icon-svg e-fas-plus\" viewbox=\"0 0 448 512\" xmlns=\"http:\/\/www.w3.org\/2000\/svg\"><path d=\"M416 208H272V64c0-17.67-14.33-32-32-32h-32c-17.67 0-32 14.33-32 32v144H32c-17.67 0-32 14.33-32 32v32c0 17.67 14.33 32 32 32h144v144c0 17.67 14.33 32 32 32h32c17.67 0 32-14.33 32-32V304h144c17.67 0 32-14.33 32-32v-32c0-17.67-14.33-32-32-32z\"><\/path><\/svg><\/span>\n\t\t<\/span>\n\n\t\t\t\t\t\t<\/summary>\n\t\t\t\t<div role=\"region\" aria-labelledby=\"e-n-accordion-item-1970\" class=\"elementor-element elementor-element-5a62e6d e-con-full e-flex e-con e-child\" data-id=\"5a62e6d\" data-element_type=\"container\" data-e-type=\"container\">\n\t\t\t\t<div class=\"elementor-element elementor-element-d86b8a7 elementor-widget elementor-widget-text-editor\" data-id=\"d86b8a7\" data-element_type=\"widget\" data-e-type=\"widget\" data-widget_type=\"text-editor.default\">\n\t\t\t\t\t\t\t\t\t<p>Fj\u00f6gur merkt st\u00e6\u00f0i eru fyrir fatla\u00f0a vi\u00f0 Ylstr\u00f6ndina. Hj\u00f3last\u00f3laa\u00f0gengi er fr\u00e1 b\u00edlast\u00e6\u00f0um og inn \u00ed \u00fej\u00f3nustuh\u00fasi\u00f0 \u00e1 Ylstr\u00f6ndinni. Salerni fyrir fatla\u00f0a eru \u00ed b\u00e1\u00f0um b\u00faningsklefum og a\u00f0gengi inn \u00ed sturtur.<\/p><p>Athugi\u00f0 a\u00f0 ekki er rampur til \u00feess a\u00f0 hj\u00f3last\u00f3lar komist ni\u00f0ur \u00e1 str\u00f6nd og \u00fea\u00f0 er hvorki hj\u00f3last\u00f3laa\u00f0engi inn \u00ed gufu n\u00e9 s\u00e9rstakur b\u00fana\u00f0ur til a\u00f0 komast ofan \u00ed pott.<\/p>\t\t\t\t\t\t\t\t<\/div>\n\t\t\t\t<\/div>\n\t\t\t\t\t<\/details>\n\t\t\t\t\t<\/div>\n\t\t\t\t\t\t<\/div>\n\t\t\t\t<div class=\"elementor-element elementor-element-800b4e0 elementor-widget elementor-widget-n-accordion\" data-id=\"800b4e0\" data-element_type=\"widget\" data-e-type=\"widget\" data-settings=\"{&quot;default_state&quot;:&quot;all_collapsed&quot;,&quot;max_items_expended&quot;:&quot;one&quot;,&quot;n_accordion_animation_duration&quot;:{&quot;unit&quot;:&quot;ms&quot;,&quot;size&quot;:400,&quot;sizes&quot;:[]}}\" data-widget_type=\"nested-accordion.default\">\n\t\t\t\t\t\t\t<div class=\"e-n-accordion\" aria-label=\"Accordion. Open links with Enter or Space, close with Escape, and navigate with Arrow Keys\">\n\t\t\t\t\t\t<details id=\"e-n-accordion-item-1340\" class=\"e-n-accordion-item\" >\n\t\t\t\t<summary class=\"e-n-accordion-item-title\" data-accordion-index=\"1\" tabindex=\"0\" aria-expanded=\"false\" aria-controls=\"e-n-accordion-item-1340\" >\n\t\t\t\t\t<span class='e-n-accordion-item-title-header'><div class=\"e-n-accordion-item-title-text\"> Kjarnask\u00f3gur vi\u00f0 Akureyri <\/div><\/span>\n\t\t\t\t\t\t\t<span class='e-n-accordion-item-title-icon'>\n\t\t\t<span class='e-opened' ><svg aria-hidden=\"true\" class=\"e-font-icon-svg e-fas-minus\" viewbox=\"0 0 448 512\" xmlns=\"http:\/\/www.w3.org\/2000\/svg\"><path d=\"M416 208H32c-17.67 0-32 14.33-32 32v32c0 17.67 14.33 32 32 32h384c17.67 0 32-14.33 32-32v-32c0-17.67-14.33-32-32-32z\"><\/path><\/svg><\/span>\n\t\t\t<span class='e-closed'><svg aria-hidden=\"true\" class=\"e-font-icon-svg e-fas-plus\" viewbox=\"0 0 448 512\" xmlns=\"http:\/\/www.w3.org\/2000\/svg\"><path d=\"M416 208H272V64c0-17.67-14.33-32-32-32h-32c-17.67 0-32 14.33-32 32v144H32c-17.67 0-32 14.33-32 32v32c0 17.67 14.33 32 32 32h144v144c0 17.67 14.33 32 32 32h32c17.67 0 32-14.33 32-32V304h144c17.67 0 32-14.33 32-32v-32c0-17.67-14.33-32-32-32z\"><\/path><\/svg><\/span>\n\t\t<\/span>\n\n\t\t\t\t\t\t<\/summary>\n\t\t\t\t<div role=\"region\" aria-labelledby=\"e-n-accordion-item-1340\" class=\"elementor-element elementor-element-8d6e2da e-con-full e-flex e-con e-child\" data-id=\"8d6e2da\" data-element_type=\"container\" data-e-type=\"container\">\n\t\t\t\t<div class=\"elementor-element elementor-element-b8bdf93 elementor-widget elementor-widget-text-editor\" data-id=\"b8bdf93\" data-element_type=\"widget\" data-e-type=\"widget\" data-widget_type=\"text-editor.default\">\n\t\t\t\t\t\t\t\t\t<div class=\"collapse-block col-16 p-0\">\n<div class=\"text-container border-purple open\">\n<div class=\"text purple-text\">\n<div class=\"collapse-block col-16 p-0\">\n<div class=\"text-container border-purple open\">\n<div class=\"text purple-text\">\n<p data-block-key=\"y7xou\">Kjarnask\u00f3gur er eitt vins\u00e6lasta \u00fativistarsv\u00e6\u00f0i Akureyringa, um 800 hektara a\u00f0 st\u00e6r\u00f0. \u00dear er a\u00f0 finna margskonar af\u00fereyingu og me\u00f0al annars hj\u00f3last\u00f3lar\u00f3lu. N\u00e1nari uppl\u00fdsingar m\u00e1 einnig f\u00e1 \u00e1 heimas\u00ed\u00f0u\u00a0<a href=\"https:\/\/www.visitakureyri.is\/is\/see-and-do\/gonguleidir\/kjarnaskogur\">Hall\u00f3 Akureyri<\/a><\/p>\t\t\t\t\t\t\t\t<\/div>\n\t\t\t\t<\/div>\n\t\t\t\t\t<\/details>\n\t\t\t\t\t<\/div>\n\t\t\t\t\t\t<\/div>\n\t\t\t\t<div class=\"elementor-element elementor-element-e6a0684 elementor-widget__width-initial elementor-widget elementor-widget-text-editor\" data-id=\"e6a0684\" data-element_type=\"widget\" data-e-type=\"widget\" data-widget_type=\"text-editor.default\">\n\t\t\t\t\t\t\t\t\t<p><strong><a href=\"https:\/\/sjalfsbjorg.is\/en\/thekkingarmidstod\/vid-viljum-heyra-i-ther\/\">Do you have any suggestions or further questions? Contact us here<\/a><\/strong><\/p>\t\t\t\t\t\t\t\t<\/div>\n\t\t\t\t<\/div>\n\t\t\t\t\t<\/div>\n\t\t\t\t<\/div>\n\t\t<div class=\"elementor-element elementor-element-8f4ccb8 e-con-full e-flex e-con e-parent\" data-id=\"8f4ccb8\" data-element_type=\"container\" data-e-type=\"container\">\n\t\t\t\t<div class=\"elementor-element elementor-element-67ee5a1 elementor-widget elementor-widget-template\" data-id=\"67ee5a1\" data-element_type=\"widget\" data-e-type=\"widget\" data-widget_type=\"template.default\">\n\t\t\t\t<div class=\"elementor-widget-container\">\n\t\t\t\t\t\t\t<div class=\"elementor-template\">\n\t\t\t\t\t<div data-elementor-type=\"container\" data-elementor-id=\"9887\" class=\"elementor elementor-9887\" data-elementor-post-type=\"elementor_library\">\n\t\t\t\t<div class=\"elementor-element elementor-element-6734a465 elementor-hidden-mobile e-flex e-con-boxed e-con e-parent\" data-id=\"6734a465\" data-element_type=\"container\" data-e-type=\"container\">\n\t\t\t\t\t<div class=\"e-con-inner\">\n\t\t\t\t<div class=\"elementor-element elementor-element-34ed906d elementor-nav-menu--dropdown-mobile elementor-nav-menu__align-center elementor-nav-menu--stretch elementor-nav-menu__text-align-aside elementor-nav-menu--toggle elementor-nav-menu--burger elementor-widget elementor-widget-nav-menu\" data-id=\"34ed906d\" data-element_type=\"widget\" data-e-type=\"widget\" data-settings=\"{&quot;full_width&quot;:&quot;stretch&quot;,&quot;layout&quot;:&quot;horizontal&quot;,&quot;submenu_icon&quot;:{&quot;value&quot;:&quot;&lt;svg aria-hidden=\\&quot;true\\&quot; class=\\&quot;e-font-icon-svg e-fas-caret-down\\&quot; viewBox=\\&quot;0 0 320 512\\&quot; xmlns=\\&quot;http:\\\/\\\/www.w3.org\\\/2000\\\/svg\\&quot;&gt;&lt;path d=\\&quot;M31.3 192h257.3c17.8 0 26.7 21.5 14.1 34.1L174.1 354.8c-7.8 7.8-20.5 7.8-28.3 0L17.2 226.1C4.6 213.5 13.5 192 31.3 192z\\&quot;&gt;&lt;\\\/path&gt;&lt;\\\/svg&gt;&quot;,&quot;library&quot;:&quot;fa-solid&quot;},&quot;toggle&quot;:&quot;burger&quot;}\" data-widget_type=\"nav-menu.default\">\n\t\t\t\t\t\t\t\t<nav aria-label=\"Menu\" class=\"elementor-nav-menu--main elementor-nav-menu__container elementor-nav-menu--layout-horizontal e--pointer-underline e--animation-fade\">\n\t\t\t\t<ul id=\"menu-1-34ed906d\" class=\"elementor-nav-menu\"><li class=\"menu-item menu-item-type-post_type menu-item-object-page menu-item-5526\"><a href=\"https:\/\/sjalfsbjorg.is\/en\/thekkingarmidstod\/adgengi\/\" class=\"elementor-item\">Accessibility<\/a><\/li>\n<li class=\"menu-item menu-item-type-post_type menu-item-object-page menu-item-5527\"><a href=\"https:\/\/sjalfsbjorg.is\/en\/thekkingarmidstod\/atvinna-menntun\/\" class=\"elementor-item\">Employment &amp; education<\/a><\/li>\n<li class=\"menu-item menu-item-type-post_type menu-item-object-page menu-item-3408\"><a href=\"https:\/\/sjalfsbjorg.is\/en\/thekkingarmidstod\/velferd\/\" class=\"elementor-item\">Welfare<\/a><\/li>\n<li class=\"menu-item menu-item-type-post_type menu-item-object-page menu-item-5528\"><a href=\"https:\/\/sjalfsbjorg.is\/en\/thekkingarmidstod\/fraedsla\/\" class=\"elementor-item\">Education<\/a><\/li>\n<li class=\"menu-item menu-item-type-post_type menu-item-object-page menu-item-5531\"><a href=\"https:\/\/sjalfsbjorg.is\/en\/thekkingarmidstod\/tomstundir\/\" class=\"elementor-item\">Leisure<\/a><\/li>\n<li class=\"menu-item menu-item-type-post_type menu-item-object-page menu-item-3963\"><a href=\"https:\/\/sjalfsbjorg.is\/en\/thekkingarmidstod\/thjonusta-sveitarfelaga\/\" class=\"elementor-item\">Municipal services<\/a><\/li>\n<li class=\"menu-item menu-item-type-post_type menu-item-object-page menu-item-3264\"><a href=\"https:\/\/sjalfsbjorg.is\/en\/thekkingarmidstod\/vid-viljum-heyra-i-ther\/\" class=\"elementor-item\">We want to hear from you.<\/a><\/li>\n<\/ul>\t\t\t<\/nav>\n\t\t\t\t\t<div class=\"elementor-menu-toggle\" role=\"button\" tabindex=\"0\" aria-label=\"Menu Toggle\" aria-expanded=\"false\">\n\t\t\t<svg aria-hidden=\"true\" role=\"presentation\" class=\"elementor-menu-toggle__icon--open e-font-icon-svg e-eicon-menu-bar\" viewbox=\"0 0 1000 1000\" xmlns=\"http:\/\/www.w3.org\/2000\/svg\"><path d=\"M104 333H896C929 333 958 304 958 271S929 208 896 208H104C71 208 42 237 42 271S71 333 104 333ZM104 583H896C929 583 958 554 958 521S929 458 896 458H104C71 458 42 487 42 521S71 583 104 583ZM104 833H896C929 833 958 804 958 771S929 708 896 708H104C71 708 42 737 42 771S71 833 104 833Z\"><\/path><\/svg><svg aria-hidden=\"true\" role=\"presentation\" class=\"elementor-menu-toggle__icon--close e-font-icon-svg e-eicon-close\" viewbox=\"0 0 1000 1000\" xmlns=\"http:\/\/www.w3.org\/2000\/svg\"><path d=\"M742 167L500 408 258 167C246 154 233 150 217 150 196 150 179 158 167 167 154 179 150 196 150 212 150 229 154 242 171 254L408 500 167 742C138 771 138 800 167 829 196 858 225 858 254 829L496 587 738 829C750 842 767 846 783 846 800 846 817 842 829 829 842 817 846 804 846 783 846 767 842 750 829 737L588 500 833 258C863 229 863 200 833 171 804 137 775 137 742 167Z\"><\/path><\/svg>\t\t<\/div>\n\t\t\t\t\t<nav class=\"elementor-nav-menu--dropdown elementor-nav-menu__container\" aria-hidden=\"true\">\n\t\t\t\t<ul id=\"menu-2-34ed906d\" class=\"elementor-nav-menu\"><li class=\"menu-item menu-item-type-post_type menu-item-object-page menu-item-5526\"><a href=\"https:\/\/sjalfsbjorg.is\/en\/thekkingarmidstod\/adgengi\/\" class=\"elementor-item\" tabindex=\"-1\">Accessibility<\/a><\/li>\n<li class=\"menu-item menu-item-type-post_type menu-item-object-page menu-item-5527\"><a href=\"https:\/\/sjalfsbjorg.is\/en\/thekkingarmidstod\/atvinna-menntun\/\" class=\"elementor-item\" tabindex=\"-1\">Employment &amp; education<\/a><\/li>\n<li class=\"menu-item menu-item-type-post_type menu-item-object-page menu-item-3408\"><a href=\"https:\/\/sjalfsbjorg.is\/en\/thekkingarmidstod\/velferd\/\" class=\"elementor-item\" tabindex=\"-1\">Welfare<\/a><\/li>\n<li class=\"menu-item menu-item-type-post_type menu-item-object-page menu-item-5528\"><a href=\"https:\/\/sjalfsbjorg.is\/en\/thekkingarmidstod\/fraedsla\/\" class=\"elementor-item\" tabindex=\"-1\">Education<\/a><\/li>\n<li class=\"menu-item menu-item-type-post_type menu-item-object-page menu-item-5531\"><a href=\"https:\/\/sjalfsbjorg.is\/en\/thekkingarmidstod\/tomstundir\/\" class=\"elementor-item\" tabindex=\"-1\">Leisure<\/a><\/li>\n<li class=\"menu-item menu-item-type-post_type menu-item-object-page menu-item-3963\"><a href=\"https:\/\/sjalfsbjorg.is\/en\/thekkingarmidstod\/thjonusta-sveitarfelaga\/\" class=\"elementor-item\" tabindex=\"-1\">Municipal services<\/a><\/li>\n<li class=\"menu-item menu-item-type-post_type menu-item-object-page menu-item-3264\"><a href=\"https:\/\/sjalfsbjorg.is\/en\/thekkingarmidstod\/vid-viljum-heyra-i-ther\/\" class=\"elementor-item\" tabindex=\"-1\">We want to hear from you.<\/a><\/li>\n<\/ul>\t\t\t<\/nav>\n\t\t\t\t\t\t<\/div>\n\t\t\t\t\t<\/div>\n\t\t\t\t<\/div>\n\t\t\t\t<\/div>\n\t\t\t\t<\/div>\n\t\t\t\t\t\t<\/div>\n\t\t\t\t<\/div>\n\t\t\t\t<\/div>\n\t\t\t\t<\/div>","protected":false},"excerpt":{"rendered":"<p>H\u00e9r m\u00e1 n\u00e1lgast uppl\u00fdsingar um a\u00f0gengilegar g\u00f6ngulei\u00f0ir, \u00fativistarsv\u00e6\u00f0i og vei\u00f0ista\u00f0i v\u00ed\u00f0a um land. G\u00f6ngulei\u00f0ir og \u00fativistarsv\u00e6\u00f0i Hvernig er g\u00f6ngulei\u00f0in? \u00c1 vefs\u00ed\u00f0unni\u00a0g\u00f6ngulei\u00f0ir.is\u00a0er b\u00fai\u00f0 a\u00f0 safna saman uppl\u00fdsingum um \u00fdmsar g\u00f6ngulei\u00f0ir um land allt. \u00c1 s\u00ed\u00f0unni er h\u00e6gt a\u00f0 lesa s\u00e9r til um hverja g\u00f6ngulei\u00f0 fyrir sig, s.s erfi\u00f0leikastig, lengd o.fl. \u00e1samt \u00fev\u00ed a\u00f0 sko\u00f0a myndir. \u00a0 [&hellip;]<\/p>\n","protected":false},"author":1,"featured_media":0,"parent":4070,"menu_order":0,"comment_status":"closed","ping_status":"closed","template":"elementor_theme","meta":{"footnotes":""},"class_list":["post-4454","page","type-page","status-publish","hentry"],"_links":{"self":[{"href":"https:\/\/sjalfsbjorg.is\/en\/wp-json\/wp\/v2\/pages\/4454","targetHints":{"allow":["GET"]}}],"collection":[{"href":"https:\/\/sjalfsbjorg.is\/en\/wp-json\/wp\/v2\/pages"}],"about":[{"href":"https:\/\/sjalfsbjorg.is\/en\/wp-json\/wp\/v2\/types\/page"}],"author":[{"embeddable":true,"href":"https:\/\/sjalfsbjorg.is\/en\/wp-json\/wp\/v2\/users\/1"}],"replies":[{"embeddable":true,"href":"https:\/\/sjalfsbjorg.is\/en\/wp-json\/wp\/v2\/comments?post=4454"}],"version-history":[{"count":25,"href":"https:\/\/sjalfsbjorg.is\/en\/wp-json\/wp\/v2\/pages\/4454\/revisions"}],"predecessor-version":[{"id":10077,"href":"https:\/\/sjalfsbjorg.is\/en\/wp-json\/wp\/v2\/pages\/4454\/revisions\/10077"}],"up":[{"embeddable":true,"href":"https:\/\/sjalfsbjorg.is\/en\/wp-json\/wp\/v2\/pages\/4070"}],"wp:attachment":[{"href":"https:\/\/sjalfsbjorg.is\/en\/wp-json\/wp\/v2\/media?parent=4454"}],"curies":[{"name":"wp","href":"https:\/\/api.w.org\/{rel}","templated":true}]}}