{"id":4866,"date":"2025-10-10T18:13:59","date_gmt":"2025-10-10T18:13:59","guid":{"rendered":"https:\/\/sjalfsbjorg.is\/?page_id=4866"},"modified":"2025-11-18T19:43:33","modified_gmt":"2025-11-18T19:43:33","slug":"haefingastodvar-starfsendurhaefing-serstakir-vinnustadir-fatlads-folks","status":"publish","type":"page","link":"https:\/\/sjalfsbjorg.is\/en\/thekkingarmidstod\/atvinna-menntun\/atvinna\/haefingastodvar-starfsendurhaefing-serstakir-vinnustadir-fatlads-folks\/","title":{"rendered":"H\u00e6fingast\u00f6\u00f0var \/s\u00e9rstakir vinnusta\u00f0ir fatla\u00f0s f\u00f3lks"},"content":{"rendered":"<div data-elementor-type=\"wp-page\" data-elementor-id=\"4866\" class=\"elementor elementor-4866\" data-elementor-post-type=\"page\">\n\t\t\t\t<div class=\"elementor-element elementor-element-95f31fb e-flex e-con-boxed e-con e-parent\" data-id=\"95f31fb\" data-element_type=\"container\" data-e-type=\"container\">\n\t\t\t\t\t<div class=\"e-con-inner\">\n\t\t<div class=\"elementor-element elementor-element-24b70c7 e-con-full elementor-hidden-mobile e-flex e-con e-child\" data-id=\"24b70c7\" data-element_type=\"container\" data-e-type=\"container\">\n\t\t\t\t<div class=\"elementor-element elementor-element-d279dab elementor-invisible elementor-widget elementor-widget-nav-menu\" data-id=\"d279dab\" data-element_type=\"widget\" data-e-type=\"widget\" data-settings=\"{&quot;layout&quot;:&quot;dropdown&quot;,&quot;_animation&quot;:&quot;fadeIn&quot;,&quot;submenu_icon&quot;:{&quot;value&quot;:&quot;&lt;svg aria-hidden=\\&quot;true\\&quot; class=\\&quot;e-font-icon-svg e-fas-caret-down\\&quot; viewBox=\\&quot;0 0 320 512\\&quot; xmlns=\\&quot;http:\\\/\\\/www.w3.org\\\/2000\\\/svg\\&quot;&gt;&lt;path d=\\&quot;M31.3 192h257.3c17.8 0 26.7 21.5 14.1 34.1L174.1 354.8c-7.8 7.8-20.5 7.8-28.3 0L17.2 226.1C4.6 213.5 13.5 192 31.3 192z\\&quot;&gt;&lt;\\\/path&gt;&lt;\\\/svg&gt;&quot;,&quot;library&quot;:&quot;fa-solid&quot;}}\" data-widget_type=\"nav-menu.default\">\n\t\t\t\t\t\t\t\t<nav class=\"elementor-nav-menu--dropdown elementor-nav-menu__container\" aria-hidden=\"true\">\n\t\t\t\t<ul id=\"menu-2-d279dab\" class=\"elementor-nav-menu\"><li class=\"menu-item menu-item-type-post_type menu-item-object-page menu-item-has-children menu-item-4521\"><a href=\"https:\/\/sjalfsbjorg.is\/en\/thekkingarmidstod\/atvinna-menntun\/atvinna\/\" class=\"elementor-item\" tabindex=\"-1\">Atvinna<\/a>\n<ul class=\"sub-menu elementor-nav-menu--dropdown\">\n\t<li class=\"menu-item menu-item-type-post_type menu-item-object-page menu-item-4860\"><a href=\"https:\/\/sjalfsbjorg.is\/en\/thekkingarmidstod\/atvinna-menntun\/atvinna\/atvinna-med-studningi-vinnusamningur\/\" class=\"elementor-sub-item\" tabindex=\"-1\">Atvinna me\u00f0 stu\u00f0ningi \/ vinnusamningur<\/a><\/li>\n\t<li class=\"menu-item menu-item-type-post_type menu-item-object-page menu-item-4868\"><a href=\"https:\/\/sjalfsbjorg.is\/en\/thekkingarmidstod\/atvinna-menntun\/atvinna\/haefingastodvar-starfsendurhaefing-serstakir-vinnustadir-fatlads-folks\/\" class=\"elementor-sub-item\" tabindex=\"-1\">H\u00e6fingast\u00f6\u00f0var \/s\u00e9rstakir vinnusta\u00f0ir fatla\u00f0s f\u00f3lks<\/a><\/li>\n\t<li class=\"menu-item menu-item-type-post_type menu-item-object-page menu-item-4916\"><a href=\"https:\/\/sjalfsbjorg.is\/en\/thekkingarmidstod\/atvinna-menntun\/atvinna\/nams-og-starfsendurhaefing\/\" class=\"elementor-sub-item\" tabindex=\"-1\">N\u00e1ms- og starfsendurh\u00e6fing<\/a><\/li>\n<\/ul>\n<\/li>\n<li class=\"menu-item menu-item-type-post_type menu-item-object-page menu-item-has-children menu-item-4925\"><a href=\"https:\/\/sjalfsbjorg.is\/en\/thekkingarmidstod\/atvinna-menntun\/skolar\/\" class=\"elementor-item\" tabindex=\"-1\">Sk\u00f3lakerfi\u00f0<\/a>\n<ul class=\"sub-menu elementor-nav-menu--dropdown\">\n\t<li class=\"menu-item menu-item-type-post_type menu-item-object-page menu-item-4942\"><a href=\"https:\/\/sjalfsbjorg.is\/en\/thekkingarmidstod\/atvinna-menntun\/skolar\/framhaldsskolar\/\" class=\"elementor-sub-item\" tabindex=\"-1\">Framhaldssk\u00f3lar<\/a><\/li>\n\t<li class=\"menu-item menu-item-type-post_type menu-item-object-page menu-item-4948\"><a href=\"https:\/\/sjalfsbjorg.is\/en\/thekkingarmidstod\/atvinna-menntun\/skolar\/haskolar\/\" class=\"elementor-sub-item\" tabindex=\"-1\">H\u00e1sk\u00f3lar<\/a><\/li>\n\t<li class=\"menu-item menu-item-type-post_type menu-item-object-page menu-item-4967\"><a href=\"https:\/\/sjalfsbjorg.is\/en\/thekkingarmidstod\/atvinna-menntun\/skolar\/adrir-skolar\/\" class=\"elementor-sub-item\" tabindex=\"-1\">A\u00f0rir sk\u00f3lar<\/a><\/li>\n<\/ul>\n<\/li>\n<\/ul>\t\t\t<\/nav>\n\t\t\t\t\t\t<\/div>\n\t\t\t\t<\/div>\n\t\t<div class=\"elementor-element elementor-element-69c5cf3 e-con-full e-flex elementor-invisible e-con e-child\" data-id=\"69c5cf3\" data-element_type=\"container\" data-e-type=\"container\" data-settings=\"{&quot;animation&quot;:&quot;fadeIn&quot;}\">\n\t\t\t\t<div class=\"elementor-element elementor-element-adfc5c1 elementor-widget__width-initial elementor-widget elementor-widget-text-editor\" data-id=\"adfc5c1\" data-element_type=\"widget\" data-e-type=\"widget\" data-widget_type=\"text-editor.default\">\n\t\t\t\t\t\t\t\t\t<div class=\"paragraph-block pink-text\">\n<h5 data-block-key=\"xcmmp\"><b>H\u00e6fingast\u00f6\u00f0var\/S\u00e9rstakir vinnusta\u00f0ir fyrir fatla\u00f0 f\u00f3lk<\/b><\/h5>\n<p data-block-key=\"4dgmm\">Fj\u00f6lmargir sta\u00f0ir \u00e1 landinu bj\u00f3\u00f0a upp \u00e1 starfsendurh\u00e6fingu e\u00f0a vinnu og virkni fyrir fatla\u00f0 f\u00f3lk. Starfsendurh\u00e6fing mi\u00f0ar a\u00f0 \u00fev\u00ed a\u00f0 efla getu einstaklingsins til a\u00f0 takast \u00e1 vi\u00f0 launa\u00f0 starf \u00e1 vinnumarka\u00f0num. H\u00e6fingarst\u00f6\u00f0var koma til m\u00f3ts vi\u00f0 \u00fe\u00f6rf fatla\u00f0s f\u00f3lks \u00e1 dag\u00fej\u00f3nustu, vinnu og h\u00e6fingu.<\/p>\n<p data-block-key=\"zehe5\">On a website\u00a0<span style=\"text-decoration: underline;text-decoration-color: #1D7488;  text-underline-offset: 4px;\"><a href=\"https:\/\/island.is\/verndud-vinna-haefing-og-dagthjonusta\">Vinnum\u00e1lastofnunar<\/a><\/span>\u00a0m\u00e1 finna lista yfir \u00fe\u00e1 sta\u00f0i sem bj\u00f3\u00f0a upp \u00e1 s\u00e9rt\u00e6k st\u00f6rf fyrir fatla\u00f0 f\u00f3lk.<\/p>\n\n<\/div>\n<div class=\"paragraph-block pink-text\">\n<p data-block-key=\"1yomr\">Athugi\u00f0 a\u00f0 efni h\u00e9r fyrir ofan er fengi\u00f0 af vef vi\u00f0komandi stofnana\/fyrirt\u00e6kja.<\/p>\n<p data-block-key=\"jevss\"><a href=\"https:\/\/sjalfsbjorg.is\/en\/atvinna-og-menntun\/atvinna\/haefingvinnustadir\/\"><span style=\"text-decoration: underline;text-decoration-color: #1D7488;  text-underline-offset: 4px;\">Til baka<\/span><\/a><\/p>\n\n<\/div>\t\t\t\t\t\t\t\t<\/div>\n\t\t\t\t<div class=\"elementor-element elementor-element-62f4d80 elementor-widget__width-initial elementor-widget elementor-widget-text-editor\" data-id=\"62f4d80\" data-element_type=\"widget\" data-e-type=\"widget\" data-widget_type=\"text-editor.default\">\n\t\t\t\t\t\t\t\t\t<p><strong><a href=\"https:\/\/sjalfsbjorg.is\/en\/thekkingarmidstod\/vid-viljum-heyra-i-ther\/\">Do you have any suggestions or further questions? Contact us here<\/a><\/strong><\/p>\t\t\t\t\t\t\t\t<\/div>\n\t\t\t\t<\/div>\n\t\t\t\t\t<\/div>\n\t\t\t\t<\/div>\n\t\t<div class=\"elementor-element elementor-element-afba671 e-con-full e-flex e-con e-parent\" data-id=\"afba671\" data-element_type=\"container\" data-e-type=\"container\">\n\t\t\t\t<div class=\"elementor-element elementor-element-4e1d234 elementor-widget elementor-widget-template\" data-id=\"4e1d234\" data-element_type=\"widget\" data-e-type=\"widget\" data-widget_type=\"template.default\">\n\t\t\t\t<div class=\"elementor-widget-container\">\n\t\t\t\t\t\t\t<div class=\"elementor-template\">\n\t\t\t\t\t<div data-elementor-type=\"container\" data-elementor-id=\"9887\" class=\"elementor elementor-9887\" data-elementor-post-type=\"elementor_library\">\n\t\t\t\t<div class=\"elementor-element elementor-element-6734a465 elementor-hidden-mobile e-flex e-con-boxed e-con e-parent\" data-id=\"6734a465\" data-element_type=\"container\" data-e-type=\"container\">\n\t\t\t\t\t<div class=\"e-con-inner\">\n\t\t\t\t<div class=\"elementor-element elementor-element-34ed906d elementor-nav-menu--dropdown-mobile elementor-nav-menu__align-center elementor-nav-menu--stretch elementor-nav-menu__text-align-aside elementor-nav-menu--toggle elementor-nav-menu--burger elementor-widget elementor-widget-nav-menu\" data-id=\"34ed906d\" data-element_type=\"widget\" data-e-type=\"widget\" data-settings=\"{&quot;full_width&quot;:&quot;stretch&quot;,&quot;layout&quot;:&quot;horizontal&quot;,&quot;submenu_icon&quot;:{&quot;value&quot;:&quot;&lt;svg aria-hidden=\\&quot;true\\&quot; class=\\&quot;e-font-icon-svg e-fas-caret-down\\&quot; viewBox=\\&quot;0 0 320 512\\&quot; xmlns=\\&quot;http:\\\/\\\/www.w3.org\\\/2000\\\/svg\\&quot;&gt;&lt;path d=\\&quot;M31.3 192h257.3c17.8 0 26.7 21.5 14.1 34.1L174.1 354.8c-7.8 7.8-20.5 7.8-28.3 0L17.2 226.1C4.6 213.5 13.5 192 31.3 192z\\&quot;&gt;&lt;\\\/path&gt;&lt;\\\/svg&gt;&quot;,&quot;library&quot;:&quot;fa-solid&quot;},&quot;toggle&quot;:&quot;burger&quot;}\" data-widget_type=\"nav-menu.default\">\n\t\t\t\t\t\t\t\t<nav aria-label=\"Menu\" class=\"elementor-nav-menu--main elementor-nav-menu__container elementor-nav-menu--layout-horizontal e--pointer-underline e--animation-fade\">\n\t\t\t\t<ul id=\"menu-1-34ed906d\" class=\"elementor-nav-menu\"><li class=\"menu-item menu-item-type-post_type menu-item-object-page menu-item-5526\"><a href=\"https:\/\/sjalfsbjorg.is\/en\/thekkingarmidstod\/adgengi\/\" class=\"elementor-item\">Accessibility<\/a><\/li>\n<li class=\"menu-item menu-item-type-post_type menu-item-object-page menu-item-5527\"><a href=\"https:\/\/sjalfsbjorg.is\/en\/thekkingarmidstod\/atvinna-menntun\/\" class=\"elementor-item\">Employment &amp; education<\/a><\/li>\n<li class=\"menu-item menu-item-type-post_type menu-item-object-page menu-item-3408\"><a href=\"https:\/\/sjalfsbjorg.is\/en\/thekkingarmidstod\/velferd\/\" class=\"elementor-item\">Welfare<\/a><\/li>\n<li class=\"menu-item menu-item-type-post_type menu-item-object-page menu-item-5528\"><a href=\"https:\/\/sjalfsbjorg.is\/en\/thekkingarmidstod\/fraedsla\/\" class=\"elementor-item\">Education<\/a><\/li>\n<li class=\"menu-item menu-item-type-post_type menu-item-object-page menu-item-5531\"><a href=\"https:\/\/sjalfsbjorg.is\/en\/thekkingarmidstod\/tomstundir\/\" class=\"elementor-item\">Leisure<\/a><\/li>\n<li class=\"menu-item menu-item-type-post_type menu-item-object-page menu-item-3963\"><a href=\"https:\/\/sjalfsbjorg.is\/en\/thekkingarmidstod\/thjonusta-sveitarfelaga\/\" class=\"elementor-item\">Municipal services<\/a><\/li>\n<li class=\"menu-item menu-item-type-post_type menu-item-object-page menu-item-3264\"><a href=\"https:\/\/sjalfsbjorg.is\/en\/thekkingarmidstod\/vid-viljum-heyra-i-ther\/\" class=\"elementor-item\">We want to hear from you.<\/a><\/li>\n<\/ul>\t\t\t<\/nav>\n\t\t\t\t\t<div class=\"elementor-menu-toggle\" role=\"button\" tabindex=\"0\" aria-label=\"Menu Toggle\" aria-expanded=\"false\">\n\t\t\t<svg aria-hidden=\"true\" role=\"presentation\" class=\"elementor-menu-toggle__icon--open e-font-icon-svg e-eicon-menu-bar\" viewbox=\"0 0 1000 1000\" xmlns=\"http:\/\/www.w3.org\/2000\/svg\"><path d=\"M104 333H896C929 333 958 304 958 271S929 208 896 208H104C71 208 42 237 42 271S71 333 104 333ZM104 583H896C929 583 958 554 958 521S929 458 896 458H104C71 458 42 487 42 521S71 583 104 583ZM104 833H896C929 833 958 804 958 771S929 708 896 708H104C71 708 42 737 42 771S71 833 104 833Z\"><\/path><\/svg><svg aria-hidden=\"true\" role=\"presentation\" class=\"elementor-menu-toggle__icon--close e-font-icon-svg e-eicon-close\" viewbox=\"0 0 1000 1000\" xmlns=\"http:\/\/www.w3.org\/2000\/svg\"><path d=\"M742 167L500 408 258 167C246 154 233 150 217 150 196 150 179 158 167 167 154 179 150 196 150 212 150 229 154 242 171 254L408 500 167 742C138 771 138 800 167 829 196 858 225 858 254 829L496 587 738 829C750 842 767 846 783 846 800 846 817 842 829 829 842 817 846 804 846 783 846 767 842 750 829 737L588 500 833 258C863 229 863 200 833 171 804 137 775 137 742 167Z\"><\/path><\/svg>\t\t<\/div>\n\t\t\t\t\t<nav class=\"elementor-nav-menu--dropdown elementor-nav-menu__container\" aria-hidden=\"true\">\n\t\t\t\t<ul id=\"menu-2-34ed906d\" class=\"elementor-nav-menu\"><li class=\"menu-item menu-item-type-post_type menu-item-object-page menu-item-5526\"><a href=\"https:\/\/sjalfsbjorg.is\/en\/thekkingarmidstod\/adgengi\/\" class=\"elementor-item\" tabindex=\"-1\">Accessibility<\/a><\/li>\n<li class=\"menu-item menu-item-type-post_type menu-item-object-page menu-item-5527\"><a href=\"https:\/\/sjalfsbjorg.is\/en\/thekkingarmidstod\/atvinna-menntun\/\" class=\"elementor-item\" tabindex=\"-1\">Employment &amp; education<\/a><\/li>\n<li class=\"menu-item menu-item-type-post_type menu-item-object-page menu-item-3408\"><a href=\"https:\/\/sjalfsbjorg.is\/en\/thekkingarmidstod\/velferd\/\" class=\"elementor-item\" tabindex=\"-1\">Welfare<\/a><\/li>\n<li class=\"menu-item menu-item-type-post_type menu-item-object-page menu-item-5528\"><a href=\"https:\/\/sjalfsbjorg.is\/en\/thekkingarmidstod\/fraedsla\/\" class=\"elementor-item\" tabindex=\"-1\">Education<\/a><\/li>\n<li class=\"menu-item menu-item-type-post_type menu-item-object-page menu-item-5531\"><a href=\"https:\/\/sjalfsbjorg.is\/en\/thekkingarmidstod\/tomstundir\/\" class=\"elementor-item\" tabindex=\"-1\">Leisure<\/a><\/li>\n<li class=\"menu-item menu-item-type-post_type menu-item-object-page menu-item-3963\"><a href=\"https:\/\/sjalfsbjorg.is\/en\/thekkingarmidstod\/thjonusta-sveitarfelaga\/\" class=\"elementor-item\" tabindex=\"-1\">Municipal services<\/a><\/li>\n<li class=\"menu-item menu-item-type-post_type menu-item-object-page menu-item-3264\"><a href=\"https:\/\/sjalfsbjorg.is\/en\/thekkingarmidstod\/vid-viljum-heyra-i-ther\/\" class=\"elementor-item\" tabindex=\"-1\">We want to hear from you.<\/a><\/li>\n<\/ul>\t\t\t<\/nav>\n\t\t\t\t\t\t<\/div>\n\t\t\t\t\t<\/div>\n\t\t\t\t<\/div>\n\t\t\t\t<\/div>\n\t\t\t\t<\/div>\n\t\t\t\t\t\t<\/div>\n\t\t\t\t<\/div>\n\t\t\t\t<\/div>\n\t\t\t\t<\/div>","protected":false},"excerpt":{"rendered":"<p>H\u00e6fingast\u00f6\u00f0var\/S\u00e9rstakir vinnusta\u00f0ir fyrir fatla\u00f0 f\u00f3lk Fj\u00f6lmargir sta\u00f0ir \u00e1 landinu bj\u00f3\u00f0a upp \u00e1 starfsendurh\u00e6fingu e\u00f0a vinnu og virkni fyrir fatla\u00f0 f\u00f3lk. Starfsendurh\u00e6fing mi\u00f0ar a\u00f0 \u00fev\u00ed a\u00f0 efla getu einstaklingsins til a\u00f0 takast \u00e1 vi\u00f0 launa\u00f0 starf \u00e1 vinnumarka\u00f0num. H\u00e6fingarst\u00f6\u00f0var koma til m\u00f3ts vi\u00f0 \u00fe\u00f6rf fatla\u00f0s f\u00f3lks \u00e1 dag\u00fej\u00f3nustu, vinnu og h\u00e6fingu. \u00c1 vefs\u00ed\u00f0u\u00a0Vinnum\u00e1lastofnunar\u00a0m\u00e1 finna lista yfir [&hellip;]<\/p>\n","protected":false},"author":1,"featured_media":0,"parent":4519,"menu_order":0,"comment_status":"closed","ping_status":"closed","template":"elementor_theme","meta":{"footnotes":""},"class_list":["post-4866","page","type-page","status-publish","hentry"],"_links":{"self":[{"href":"https:\/\/sjalfsbjorg.is\/en\/wp-json\/wp\/v2\/pages\/4866","targetHints":{"allow":["GET"]}}],"collection":[{"href":"https:\/\/sjalfsbjorg.is\/en\/wp-json\/wp\/v2\/pages"}],"about":[{"href":"https:\/\/sjalfsbjorg.is\/en\/wp-json\/wp\/v2\/types\/page"}],"author":[{"embeddable":true,"href":"https:\/\/sjalfsbjorg.is\/en\/wp-json\/wp\/v2\/users\/1"}],"replies":[{"embeddable":true,"href":"https:\/\/sjalfsbjorg.is\/en\/wp-json\/wp\/v2\/comments?post=4866"}],"version-history":[{"count":0,"href":"https:\/\/sjalfsbjorg.is\/en\/wp-json\/wp\/v2\/pages\/4866\/revisions"}],"up":[{"embeddable":true,"href":"https:\/\/sjalfsbjorg.is\/en\/wp-json\/wp\/v2\/pages\/4519"}],"wp:attachment":[{"href":"https:\/\/sjalfsbjorg.is\/en\/wp-json\/wp\/v2\/media?parent=4866"}],"curies":[{"name":"wp","href":"https:\/\/api.w.org\/{rel}","templated":true}]}}