{"id":4965,"date":"2025-10-10T18:46:01","date_gmt":"2025-10-10T18:46:01","guid":{"rendered":"https:\/\/sjalfsbjorg.is\/?page_id=4965"},"modified":"2025-11-18T19:52:21","modified_gmt":"2025-11-18T19:52:21","slug":"adrir-skolar","status":"publish","type":"page","link":"https:\/\/sjalfsbjorg.is\/en\/thekkingarmidstod\/atvinna-menntun\/skolar\/adrir-skolar\/","title":{"rendered":"A\u00f0rir sk\u00f3lar"},"content":{"rendered":"<div data-elementor-type=\"wp-page\" data-elementor-id=\"4965\" class=\"elementor elementor-4965\" data-elementor-post-type=\"page\">\n\t\t\t\t<div class=\"elementor-element elementor-element-d42dfa4 e-flex e-con-boxed e-con e-parent\" data-id=\"d42dfa4\" data-element_type=\"container\" data-e-type=\"container\">\n\t\t\t\t\t<div class=\"e-con-inner\">\n\t\t<div class=\"elementor-element elementor-element-664a229 e-con-full elementor-hidden-mobile e-flex e-con e-child\" data-id=\"664a229\" data-element_type=\"container\" data-e-type=\"container\">\n\t\t\t\t<div class=\"elementor-element elementor-element-65355df elementor-invisible elementor-widget elementor-widget-nav-menu\" data-id=\"65355df\" data-element_type=\"widget\" data-e-type=\"widget\" data-settings=\"{&quot;layout&quot;:&quot;dropdown&quot;,&quot;_animation&quot;:&quot;fadeIn&quot;,&quot;submenu_icon&quot;:{&quot;value&quot;:&quot;&lt;svg aria-hidden=\\&quot;true\\&quot; class=\\&quot;e-font-icon-svg e-fas-caret-down\\&quot; viewBox=\\&quot;0 0 320 512\\&quot; xmlns=\\&quot;http:\\\/\\\/www.w3.org\\\/2000\\\/svg\\&quot;&gt;&lt;path d=\\&quot;M31.3 192h257.3c17.8 0 26.7 21.5 14.1 34.1L174.1 354.8c-7.8 7.8-20.5 7.8-28.3 0L17.2 226.1C4.6 213.5 13.5 192 31.3 192z\\&quot;&gt;&lt;\\\/path&gt;&lt;\\\/svg&gt;&quot;,&quot;library&quot;:&quot;fa-solid&quot;}}\" data-widget_type=\"nav-menu.default\">\n\t\t\t\t\t\t\t\t<nav class=\"elementor-nav-menu--dropdown elementor-nav-menu__container\" aria-hidden=\"true\">\n\t\t\t\t<ul id=\"menu-2-65355df\" class=\"elementor-nav-menu\"><li class=\"menu-item menu-item-type-post_type menu-item-object-page menu-item-has-children menu-item-4521\"><a href=\"https:\/\/sjalfsbjorg.is\/en\/thekkingarmidstod\/atvinna-menntun\/atvinna\/\" class=\"elementor-item\" tabindex=\"-1\">Atvinna<\/a>\n<ul class=\"sub-menu elementor-nav-menu--dropdown\">\n\t<li class=\"menu-item menu-item-type-post_type menu-item-object-page menu-item-4860\"><a href=\"https:\/\/sjalfsbjorg.is\/en\/thekkingarmidstod\/atvinna-menntun\/atvinna\/atvinna-med-studningi-vinnusamningur\/\" class=\"elementor-sub-item\" tabindex=\"-1\">Atvinna me\u00f0 stu\u00f0ningi \/ vinnusamningur<\/a><\/li>\n\t<li class=\"menu-item menu-item-type-post_type menu-item-object-page menu-item-4868\"><a href=\"https:\/\/sjalfsbjorg.is\/en\/thekkingarmidstod\/atvinna-menntun\/atvinna\/haefingastodvar-starfsendurhaefing-serstakir-vinnustadir-fatlads-folks\/\" class=\"elementor-sub-item\" tabindex=\"-1\">H\u00e6fingast\u00f6\u00f0var \/s\u00e9rstakir vinnusta\u00f0ir fatla\u00f0s f\u00f3lks<\/a><\/li>\n\t<li class=\"menu-item menu-item-type-post_type menu-item-object-page menu-item-4916\"><a href=\"https:\/\/sjalfsbjorg.is\/en\/thekkingarmidstod\/atvinna-menntun\/atvinna\/nams-og-starfsendurhaefing\/\" class=\"elementor-sub-item\" tabindex=\"-1\">N\u00e1ms- og starfsendurh\u00e6fing<\/a><\/li>\n<\/ul>\n<\/li>\n<li class=\"menu-item menu-item-type-post_type menu-item-object-page menu-item-has-children menu-item-4925\"><a href=\"https:\/\/sjalfsbjorg.is\/en\/thekkingarmidstod\/atvinna-menntun\/skolar\/\" class=\"elementor-item\" tabindex=\"-1\">Sk\u00f3lakerfi\u00f0<\/a>\n<ul class=\"sub-menu elementor-nav-menu--dropdown\">\n\t<li class=\"menu-item menu-item-type-post_type menu-item-object-page menu-item-4942\"><a href=\"https:\/\/sjalfsbjorg.is\/en\/thekkingarmidstod\/atvinna-menntun\/skolar\/framhaldsskolar\/\" class=\"elementor-sub-item\" tabindex=\"-1\">Framhaldssk\u00f3lar<\/a><\/li>\n\t<li class=\"menu-item menu-item-type-post_type menu-item-object-page menu-item-4948\"><a href=\"https:\/\/sjalfsbjorg.is\/en\/thekkingarmidstod\/atvinna-menntun\/skolar\/haskolar\/\" class=\"elementor-sub-item\" tabindex=\"-1\">H\u00e1sk\u00f3lar<\/a><\/li>\n\t<li class=\"menu-item menu-item-type-post_type menu-item-object-page menu-item-4967\"><a href=\"https:\/\/sjalfsbjorg.is\/en\/thekkingarmidstod\/atvinna-menntun\/skolar\/adrir-skolar\/\" class=\"elementor-sub-item\" tabindex=\"-1\">A\u00f0rir sk\u00f3lar<\/a><\/li>\n<\/ul>\n<\/li>\n<\/ul>\t\t\t<\/nav>\n\t\t\t\t\t\t<\/div>\n\t\t\t\t<\/div>\n\t\t<div class=\"elementor-element elementor-element-09bc80e e-con-full e-flex elementor-invisible e-con e-child\" data-id=\"09bc80e\" data-element_type=\"container\" data-e-type=\"container\" data-settings=\"{&quot;animation&quot;:&quot;fadeIn&quot;}\">\n\t\t\t\t<div class=\"elementor-element elementor-element-c3b0221 elementor-widget__width-initial elementor-widget elementor-widget-text-editor\" data-id=\"c3b0221\" data-element_type=\"widget\" data-e-type=\"widget\" data-widget_type=\"text-editor.default\">\n\t\t\t\t\t\t\t\t\tH\u00e9r m\u00e1 finna sk\u00f3la sem flokkast sem fullor\u00f0insfr\u00e6\u00f0sla og styttra n\u00e1m sem getur n\u00fdst sem undirb\u00faningur til frekara n\u00e1ms.\t\t\t\t\t\t\t\t<\/div>\n\t\t\t\t<div class=\"elementor-element elementor-element-c9b1959 elementor-widget-divider--view-line elementor-widget elementor-widget-divider\" data-id=\"c9b1959\" data-element_type=\"widget\" data-e-type=\"widget\" data-widget_type=\"divider.default\">\n\t\t\t\t\t\t\t<div class=\"elementor-divider\">\n\t\t\t<span class=\"elementor-divider-separator\">\n\t\t\t\t\t\t<\/span>\n\t\t<\/div>\n\t\t\t\t\t\t<\/div>\n\t\t\t\t<div class=\"elementor-element elementor-element-639a9cd elementor-widget__width-initial elementor-widget elementor-widget-text-editor\" data-id=\"639a9cd\" data-element_type=\"widget\" data-e-type=\"widget\" data-widget_type=\"text-editor.default\">\n\t\t\t\t\t\t\t\t\t<div class=\"paragraph-block pink-text\">\n<p data-block-key=\"mess1\">Athugi\u00f0 a\u00f0 efni h\u00e9r fyrir ofan er fengi\u00f0 af vef vi\u00f0komandi stofnana\/fyrirt\u00e6kja<\/p>\n<p data-block-key=\"7qx91\"><span style=\"text-decoration: underline;text-decoration-color: #1D7488;  text-underline-offset: 4px;\"><a href=\"https:\/\/sjalfsbjorg.is\/en\/atvinna-og-menntun\/skolar\/adrir-skolar\/\">Til baka<\/a><\/span><\/p>\n\n<\/div>\t\t\t\t\t\t\t\t<\/div>\n\t\t\t\t<div class=\"elementor-element elementor-element-ddf3fae elementor-widget elementor-widget-n-accordion\" data-id=\"ddf3fae\" data-element_type=\"widget\" data-e-type=\"widget\" data-settings=\"{&quot;default_state&quot;:&quot;all_collapsed&quot;,&quot;max_items_expended&quot;:&quot;one&quot;,&quot;n_accordion_animation_duration&quot;:{&quot;unit&quot;:&quot;ms&quot;,&quot;size&quot;:400,&quot;sizes&quot;:[]}}\" data-widget_type=\"nested-accordion.default\">\n\t\t\t\t\t\t\t<div class=\"e-n-accordion\" aria-label=\"Accordion. Open links with Enter or Space, close with Escape, and navigate with Arrow Keys\">\n\t\t\t\t\t\t<details id=\"e-n-accordion-item-2320\" class=\"e-n-accordion-item\" >\n\t\t\t\t<summary class=\"e-n-accordion-item-title\" data-accordion-index=\"1\" tabindex=\"0\" aria-expanded=\"false\" aria-controls=\"e-n-accordion-item-2320\" >\n\t\t\t\t\t<span class='e-n-accordion-item-title-header'><div class=\"e-n-accordion-item-title-text\"> Fr\u00e6\u00f0slu- og s\u00edmenntunarmi\u00f0st\u00f6\u00f0var - styttra n\u00e1m <\/div><\/span>\n\t\t\t\t\t\t\t<span class='e-n-accordion-item-title-icon'>\n\t\t\t<span class='e-opened' ><svg aria-hidden=\"true\" class=\"e-font-icon-svg e-fas-minus\" viewbox=\"0 0 448 512\" xmlns=\"http:\/\/www.w3.org\/2000\/svg\"><path d=\"M416 208H32c-17.67 0-32 14.33-32 32v32c0 17.67 14.33 32 32 32h384c17.67 0 32-14.33 32-32v-32c0-17.67-14.33-32-32-32z\"><\/path><\/svg><\/span>\n\t\t\t<span class='e-closed'><svg aria-hidden=\"true\" class=\"e-font-icon-svg e-fas-plus\" viewbox=\"0 0 448 512\" xmlns=\"http:\/\/www.w3.org\/2000\/svg\"><path d=\"M416 208H272V64c0-17.67-14.33-32-32-32h-32c-17.67 0-32 14.33-32 32v144H32c-17.67 0-32 14.33-32 32v32c0 17.67 14.33 32 32 32h144v144c0 17.67 14.33 32 32 32h32c17.67 0 32-14.33 32-32V304h144c17.67 0 32-14.33 32-32v-32c0-17.67-14.33-32-32-32z\"><\/path><\/svg><\/span>\n\t\t<\/span>\n\n\t\t\t\t\t\t<\/summary>\n\t\t\t\t<div role=\"region\" aria-labelledby=\"e-n-accordion-item-2320\" class=\"elementor-element elementor-element-053dc17 e-con-full e-flex e-con e-child\" data-id=\"053dc17\" data-element_type=\"container\" data-e-type=\"container\">\n\t\t\t\t<div class=\"elementor-element elementor-element-ad454ee elementor-widget elementor-widget-text-editor\" data-id=\"ad454ee\" data-element_type=\"widget\" data-e-type=\"widget\" data-widget_type=\"text-editor.default\">\n\t\t\t\t\t\t\t\t\t<div class=\"collapse-block col-16 p-0\"><div class=\"text-container border-blue open\"><div class=\"text blue-text\"><div class=\"collapse-block col-16 p-0\"><div class=\"text-container border-purple open\"><div class=\"text purple-text\"><div class=\"collapse-block col-16 p-0\"><div class=\"text-container border-pink open\"><div class=\"text pink-text\"><p data-block-key=\"ag6oo\">Fr\u00e6\u00f0sla, s\u00edmenntun og n\u00e1mskei\u00f0 Fr\u00e6\u00f0slu- og s\u00edmenntunarst\u00f6\u00f0var bj\u00f3\u00f0a upp \u00e1 \u00fdmis n\u00e1mskei\u00f0, n\u00e1m og endurmenntun starfsst\u00e9tta. Hj\u00e1 sumum \u00feeirra er bo\u00f0i\u00f0 upp \u00e1 n\u00e1m og n\u00e1mskei\u00f0 sem h\u00e6gt er a\u00f0 stunda \u00e1 atvinnuleysisb\u00f3tum. \u00c1 flestum \u00feessara sta\u00f0a er bo\u00f0i\u00f0 upp \u00e1 n\u00e1ms- og starfsr\u00e1\u00f0gj\u00f6f. \u00c1 vefnum Island.is m\u00e1 finna yfirlit yfir\u00a0<strong><a href=\"https:\/\/island.is\/simennt\">s\u00edmenntun og fullor\u00f0insfr\u00e6\u00f0slu<\/a><\/strong> og \u00fe\u00e6r reglur sem gilda um \u00fea\u00f0.<\/p><\/div><\/div><\/div><\/div><\/div><\/div><\/div><\/div><\/div>\t\t\t\t\t\t\t\t<\/div>\n\t\t\t\t<\/div>\n\t\t\t\t\t<\/details>\n\t\t\t\t\t<\/div>\n\t\t\t\t\t\t<\/div>\n\t\t\t\t<div class=\"elementor-element elementor-element-7d30f1a elementor-widget elementor-widget-n-accordion\" data-id=\"7d30f1a\" data-element_type=\"widget\" data-e-type=\"widget\" data-settings=\"{&quot;default_state&quot;:&quot;all_collapsed&quot;,&quot;max_items_expended&quot;:&quot;one&quot;,&quot;n_accordion_animation_duration&quot;:{&quot;unit&quot;:&quot;ms&quot;,&quot;size&quot;:400,&quot;sizes&quot;:[]}}\" data-widget_type=\"nested-accordion.default\">\n\t\t\t\t\t\t\t<div class=\"e-n-accordion\" aria-label=\"Accordion. Open links with Enter or Space, close with Escape, and navigate with Arrow Keys\">\n\t\t\t\t\t\t<details id=\"e-n-accordion-item-1310\" class=\"e-n-accordion-item\" >\n\t\t\t\t<summary class=\"e-n-accordion-item-title\" data-accordion-index=\"1\" tabindex=\"0\" aria-expanded=\"false\" aria-controls=\"e-n-accordion-item-1310\" >\n\t\t\t\t\t<span class='e-n-accordion-item-title-header'><div class=\"e-n-accordion-item-title-text\"> L\u00fd\u00f0h\u00e1sk\u00f3lar\/L\u00fd\u00f0sk\u00f3lar <\/div><\/span>\n\t\t\t\t\t\t\t<span class='e-n-accordion-item-title-icon'>\n\t\t\t<span class='e-opened' ><svg aria-hidden=\"true\" class=\"e-font-icon-svg e-fas-minus\" viewbox=\"0 0 448 512\" xmlns=\"http:\/\/www.w3.org\/2000\/svg\"><path d=\"M416 208H32c-17.67 0-32 14.33-32 32v32c0 17.67 14.33 32 32 32h384c17.67 0 32-14.33 32-32v-32c0-17.67-14.33-32-32-32z\"><\/path><\/svg><\/span>\n\t\t\t<span class='e-closed'><svg aria-hidden=\"true\" class=\"e-font-icon-svg e-fas-plus\" viewbox=\"0 0 448 512\" xmlns=\"http:\/\/www.w3.org\/2000\/svg\"><path d=\"M416 208H272V64c0-17.67-14.33-32-32-32h-32c-17.67 0-32 14.33-32 32v144H32c-17.67 0-32 14.33-32 32v32c0 17.67 14.33 32 32 32h144v144c0 17.67 14.33 32 32 32h32c17.67 0 32-14.33 32-32V304h144c17.67 0 32-14.33 32-32v-32c0-17.67-14.33-32-32-32z\"><\/path><\/svg><\/span>\n\t\t<\/span>\n\n\t\t\t\t\t\t<\/summary>\n\t\t\t\t<div role=\"region\" aria-labelledby=\"e-n-accordion-item-1310\" class=\"elementor-element elementor-element-66cda36 e-con-full e-flex e-con e-child\" data-id=\"66cda36\" data-element_type=\"container\" data-e-type=\"container\">\n\t\t\t\t<div class=\"elementor-element elementor-element-b67dfd5 elementor-widget elementor-widget-text-editor\" data-id=\"b67dfd5\" data-element_type=\"widget\" data-e-type=\"widget\" data-widget_type=\"text-editor.default\">\n\t\t\t\t\t\t\t\t\t<div class=\"collapse-block col-16 p-0\"><div class=\"text-container border-blue open\"><div class=\"text blue-text\"><div class=\"collapse-block col-16 p-0\"><div class=\"text-container border-purple open\"><div class=\"text purple-text\"><p data-block-key=\"ag6oo\">L\u00fd\u00f0h\u00e1sk\u00f3li er sk\u00f3lager\u00f0 sem \u00fer\u00f3a\u00f0ist \u00e1 Nor\u00f0url\u00f6ndum einkum Danm\u00f6rku og byggir \u00e1 hugsj\u00f3num og hugmyndum N.F.S. Grundtvig. L\u00fd\u00f0h\u00e1sk\u00f3lar voru upprunalega al\u00fe\u00fd\u00f0usk\u00f3lar fyrir fullor\u00f0na nemendur 18 \u00e1ra og eldri sem voru a\u00f0 b\u00faa sig undir l\u00edfi\u00f0 og kennslan mi\u00f0a\u00f0ist vi\u00f0 a\u00f0 gera nemendur a\u00f0 g\u00f3\u00f0um borgurum. Sk\u00f3linn \u00e1tti a\u00f0 b\u00faa nemendur undir l\u00edfi\u00f0 en ekki pr\u00f3ft\u00f6kur og emb\u00e6tti. Me\u00f0 t\u00edmanum \u00fer\u00f3a\u00f0ist sk\u00f3laformi\u00f0 og meiri \u00e1hersla var\u00f0 \u00e1 \u00fer\u00f3un einstaklingsins. N\u00fa eru l\u00fd\u00f0h\u00e1sk\u00f3lar \u00e1 flestum nor\u00f0url\u00f6ndum sem \u00edslendingar geta einnig s\u00f3tt.<\/p><h4 data-block-key=\"2pdve\"><strong>Norr\u00e6na f\u00e9lagi\u00f0 &#8211; l\u00fd\u00f0h\u00e1sk\u00f3lar \u00e1 Nor\u00f0url\u00f6ndum<\/strong><\/h4><p data-block-key=\"f8g6i\"><strong><a href=\"https:\/\/www.norden.is\/lydhaskolar\">Norr\u00e6na f\u00e9lagi\u00f0 \u00e1 \u00cdslandi<\/a>\u00a0<\/strong>veitir uppl\u00fdsingar um n\u00e1m \u00ed l\u00fd\u00f0h\u00e1sk\u00f3lum \u00e1 Nor\u00f0url\u00f6ndunum. \u00dear a\u00f0 auki veitir f\u00e9lagi\u00f0 \u00e1rlega styrk til \u00edslenskra nemenda sem stunda n\u00e1m \u00ed l\u00fd\u00f0h\u00e1sk\u00f3la \u00ed \u00f6\u00f0ru norr\u00e6nu landi. Styrkurinn er h\u00e1\u00f0ur fj\u00e1rveitingu fr\u00e1 Nordplus. \u00c1 heimas\u00ed\u00f0u norr\u00e6na f\u00e9lagsins \u00e1 \u00cdslandi er a\u00f0 finna allar tengili\u00f0auppl\u00fdsingar.<\/p><p data-block-key=\"fmulq\"><a href=\"https:\/\/www.egmont-hs.dk\/\"><strong>Egmont H\u00f8jskolen<\/strong><\/a>\u00a0er l\u00fd\u00f0h\u00e1sk\u00f3li \u00e1 J\u00f3tlandi \u00ed Danm\u00f6rku sem b\u00fd\u00f0ur upp \u00e1 s\u00e9rstaka a\u00f0l\u00f6gun og einnig s\u00e9rst\u00f6k tilbo\u00f0 fyrir nemendur sem vilja vera a\u00f0sto\u00f0armenn fatla\u00f0ra nemenda.<\/p><h4 data-block-key=\"73p7u\"><strong>Ungmennaf\u00e9lag \u00cdslands<\/strong><\/h4><p data-block-key=\"7irev\"><strong><a href=\"https:\/\/www.umfi.is\/styrkir\/lydhaskolastyrkir\/\">Ungmennaf\u00e9lag \u00cdslands<\/a><\/strong>\u00a0og\u00a0H\u00f8jskolernes Hus \u00ed Kaupmannah\u00f6fn eru me\u00f0 samstarfssamning um verkefni tengt n\u00e1msdv\u00f6l \u00edslenskra ungmenna \u00ed d\u00f6nskum l\u00fd\u00f0h\u00e1sk\u00f3lum.\u00a0H\u00f8jskolernes Hus heldur utan um alla l\u00fd\u00f0h\u00e1sk\u00f3la \u00ed Danm\u00f6rku og \u00fev\u00ed er n\u00e1msframbo\u00f0i\u00f0 fj\u00f6lbreytt.<\/p><p data-block-key=\"8v3k1\">Markmi\u00f0 me\u00f0 styrkveitingunni er a\u00f0 gefa ungu f\u00f3lki t\u00e6kif\u00e6ri til a\u00f0 v\u00edkka sj\u00f3ndeildarhring sinn. Einnig t\u00e6kif\u00e6ri til a\u00f0 kynnast n\u00fdju tungum\u00e1li og menningu, auka f\u00e6rni s\u00edna og \u00feekkingu \u00e1 v\u00f6ldu svi\u00f0i \u00ed gegnum \u00f3formlegt n\u00e1m og styrkja lei\u00f0togatogah\u00e6fileika s\u00edna um lei\u00f0.<\/p><p data-block-key=\"6hb31\">Ums\u00f3knarfrestir eru tvisvar sinnum \u00e1 \u00e1ri. \u00c1 haustin, \u00e1g\u00fast\/september, er opi\u00f0 fyrir ums\u00f3knir fyrir haust\u00f6nn og heilt sk\u00f3la\u00e1r. Um \u00e1ram\u00f3t, desember\/jan\u00faar, er opi\u00f0 fyrir ums\u00f3knir fyrir vor\u00f6nn.\u00a0<\/p><p data-block-key=\"6vujg\">Athugi\u00f0 a\u00f0 efni h\u00e9r fyrir ofan er fengi\u00f0 af vef vi\u00f0komandi stofnana\/fyrirt\u00e6kja.<\/p><\/div><\/div><\/div><\/div><\/div><\/div>\t\t\t\t\t\t\t\t<\/div>\n\t\t\t\t<\/div>\n\t\t\t\t\t<\/details>\n\t\t\t\t\t<\/div>\n\t\t\t\t\t\t<\/div>\n\t\t\t\t<div class=\"elementor-element elementor-element-63128f6 elementor-widget__width-initial elementor-widget elementor-widget-text-editor\" data-id=\"63128f6\" data-element_type=\"widget\" data-e-type=\"widget\" data-widget_type=\"text-editor.default\">\n\t\t\t\t\t\t\t\t\t<p><strong><a href=\"https:\/\/sjalfsbjorg.is\/en\/thekkingarmidstod\/vid-viljum-heyra-i-ther\/\">Do you have any suggestions or further questions? Contact us here<\/a><\/strong><\/p>\t\t\t\t\t\t\t\t<\/div>\n\t\t\t\t<\/div>\n\t\t\t\t\t<\/div>\n\t\t\t\t<\/div>\n\t\t<div class=\"elementor-element elementor-element-5622313 e-con-full e-flex e-con e-parent\" data-id=\"5622313\" data-element_type=\"container\" data-e-type=\"container\">\n\t\t\t\t<div class=\"elementor-element elementor-element-6bcf0cd elementor-widget elementor-widget-template\" data-id=\"6bcf0cd\" data-element_type=\"widget\" data-e-type=\"widget\" data-widget_type=\"template.default\">\n\t\t\t\t<div class=\"elementor-widget-container\">\n\t\t\t\t\t\t\t<div class=\"elementor-template\">\n\t\t\t\t\t<div data-elementor-type=\"container\" data-elementor-id=\"9887\" class=\"elementor elementor-9887\" data-elementor-post-type=\"elementor_library\">\n\t\t\t\t<div class=\"elementor-element elementor-element-6734a465 elementor-hidden-mobile e-flex e-con-boxed e-con e-parent\" data-id=\"6734a465\" data-element_type=\"container\" data-e-type=\"container\">\n\t\t\t\t\t<div class=\"e-con-inner\">\n\t\t\t\t<div class=\"elementor-element elementor-element-34ed906d elementor-nav-menu--dropdown-mobile elementor-nav-menu__align-center elementor-nav-menu--stretch elementor-nav-menu__text-align-aside elementor-nav-menu--toggle elementor-nav-menu--burger elementor-widget elementor-widget-nav-menu\" data-id=\"34ed906d\" data-element_type=\"widget\" data-e-type=\"widget\" data-settings=\"{&quot;full_width&quot;:&quot;stretch&quot;,&quot;layout&quot;:&quot;horizontal&quot;,&quot;submenu_icon&quot;:{&quot;value&quot;:&quot;&lt;svg aria-hidden=\\&quot;true\\&quot; class=\\&quot;e-font-icon-svg e-fas-caret-down\\&quot; viewBox=\\&quot;0 0 320 512\\&quot; xmlns=\\&quot;http:\\\/\\\/www.w3.org\\\/2000\\\/svg\\&quot;&gt;&lt;path d=\\&quot;M31.3 192h257.3c17.8 0 26.7 21.5 14.1 34.1L174.1 354.8c-7.8 7.8-20.5 7.8-28.3 0L17.2 226.1C4.6 213.5 13.5 192 31.3 192z\\&quot;&gt;&lt;\\\/path&gt;&lt;\\\/svg&gt;&quot;,&quot;library&quot;:&quot;fa-solid&quot;},&quot;toggle&quot;:&quot;burger&quot;}\" data-widget_type=\"nav-menu.default\">\n\t\t\t\t\t\t\t\t<nav aria-label=\"Menu\" class=\"elementor-nav-menu--main elementor-nav-menu__container elementor-nav-menu--layout-horizontal e--pointer-underline e--animation-fade\">\n\t\t\t\t<ul id=\"menu-1-34ed906d\" class=\"elementor-nav-menu\"><li class=\"menu-item menu-item-type-post_type menu-item-object-page menu-item-5526\"><a href=\"https:\/\/sjalfsbjorg.is\/en\/thekkingarmidstod\/adgengi\/\" class=\"elementor-item\">Accessibility<\/a><\/li>\n<li class=\"menu-item menu-item-type-post_type menu-item-object-page menu-item-5527\"><a href=\"https:\/\/sjalfsbjorg.is\/en\/thekkingarmidstod\/atvinna-menntun\/\" class=\"elementor-item\">Employment &amp; education<\/a><\/li>\n<li class=\"menu-item menu-item-type-post_type menu-item-object-page menu-item-3408\"><a href=\"https:\/\/sjalfsbjorg.is\/en\/thekkingarmidstod\/velferd\/\" class=\"elementor-item\">Welfare<\/a><\/li>\n<li class=\"menu-item menu-item-type-post_type menu-item-object-page menu-item-5528\"><a href=\"https:\/\/sjalfsbjorg.is\/en\/thekkingarmidstod\/fraedsla\/\" class=\"elementor-item\">Education<\/a><\/li>\n<li class=\"menu-item menu-item-type-post_type menu-item-object-page menu-item-5531\"><a href=\"https:\/\/sjalfsbjorg.is\/en\/thekkingarmidstod\/tomstundir\/\" class=\"elementor-item\">Leisure<\/a><\/li>\n<li class=\"menu-item menu-item-type-post_type menu-item-object-page menu-item-3963\"><a href=\"https:\/\/sjalfsbjorg.is\/en\/thekkingarmidstod\/thjonusta-sveitarfelaga\/\" class=\"elementor-item\">Municipal services<\/a><\/li>\n<li class=\"menu-item menu-item-type-post_type menu-item-object-page menu-item-3264\"><a href=\"https:\/\/sjalfsbjorg.is\/en\/thekkingarmidstod\/vid-viljum-heyra-i-ther\/\" class=\"elementor-item\">We want to hear from you.<\/a><\/li>\n<\/ul>\t\t\t<\/nav>\n\t\t\t\t\t<div class=\"elementor-menu-toggle\" role=\"button\" tabindex=\"0\" aria-label=\"Menu Toggle\" aria-expanded=\"false\">\n\t\t\t<svg aria-hidden=\"true\" role=\"presentation\" class=\"elementor-menu-toggle__icon--open e-font-icon-svg e-eicon-menu-bar\" viewbox=\"0 0 1000 1000\" xmlns=\"http:\/\/www.w3.org\/2000\/svg\"><path d=\"M104 333H896C929 333 958 304 958 271S929 208 896 208H104C71 208 42 237 42 271S71 333 104 333ZM104 583H896C929 583 958 554 958 521S929 458 896 458H104C71 458 42 487 42 521S71 583 104 583ZM104 833H896C929 833 958 804 958 771S929 708 896 708H104C71 708 42 737 42 771S71 833 104 833Z\"><\/path><\/svg><svg aria-hidden=\"true\" role=\"presentation\" class=\"elementor-menu-toggle__icon--close e-font-icon-svg e-eicon-close\" viewbox=\"0 0 1000 1000\" xmlns=\"http:\/\/www.w3.org\/2000\/svg\"><path d=\"M742 167L500 408 258 167C246 154 233 150 217 150 196 150 179 158 167 167 154 179 150 196 150 212 150 229 154 242 171 254L408 500 167 742C138 771 138 800 167 829 196 858 225 858 254 829L496 587 738 829C750 842 767 846 783 846 800 846 817 842 829 829 842 817 846 804 846 783 846 767 842 750 829 737L588 500 833 258C863 229 863 200 833 171 804 137 775 137 742 167Z\"><\/path><\/svg>\t\t<\/div>\n\t\t\t\t\t<nav class=\"elementor-nav-menu--dropdown elementor-nav-menu__container\" aria-hidden=\"true\">\n\t\t\t\t<ul id=\"menu-2-34ed906d\" class=\"elementor-nav-menu\"><li class=\"menu-item menu-item-type-post_type menu-item-object-page menu-item-5526\"><a href=\"https:\/\/sjalfsbjorg.is\/en\/thekkingarmidstod\/adgengi\/\" class=\"elementor-item\" tabindex=\"-1\">Accessibility<\/a><\/li>\n<li class=\"menu-item menu-item-type-post_type menu-item-object-page menu-item-5527\"><a href=\"https:\/\/sjalfsbjorg.is\/en\/thekkingarmidstod\/atvinna-menntun\/\" class=\"elementor-item\" tabindex=\"-1\">Employment &amp; education<\/a><\/li>\n<li class=\"menu-item menu-item-type-post_type menu-item-object-page menu-item-3408\"><a href=\"https:\/\/sjalfsbjorg.is\/en\/thekkingarmidstod\/velferd\/\" class=\"elementor-item\" tabindex=\"-1\">Welfare<\/a><\/li>\n<li class=\"menu-item menu-item-type-post_type menu-item-object-page menu-item-5528\"><a href=\"https:\/\/sjalfsbjorg.is\/en\/thekkingarmidstod\/fraedsla\/\" class=\"elementor-item\" tabindex=\"-1\">Education<\/a><\/li>\n<li class=\"menu-item menu-item-type-post_type menu-item-object-page menu-item-5531\"><a href=\"https:\/\/sjalfsbjorg.is\/en\/thekkingarmidstod\/tomstundir\/\" class=\"elementor-item\" tabindex=\"-1\">Leisure<\/a><\/li>\n<li class=\"menu-item menu-item-type-post_type menu-item-object-page menu-item-3963\"><a href=\"https:\/\/sjalfsbjorg.is\/en\/thekkingarmidstod\/thjonusta-sveitarfelaga\/\" class=\"elementor-item\" tabindex=\"-1\">Municipal services<\/a><\/li>\n<li class=\"menu-item menu-item-type-post_type menu-item-object-page menu-item-3264\"><a href=\"https:\/\/sjalfsbjorg.is\/en\/thekkingarmidstod\/vid-viljum-heyra-i-ther\/\" class=\"elementor-item\" tabindex=\"-1\">We want to hear from you.<\/a><\/li>\n<\/ul>\t\t\t<\/nav>\n\t\t\t\t\t\t<\/div>\n\t\t\t\t\t<\/div>\n\t\t\t\t<\/div>\n\t\t\t\t<\/div>\n\t\t\t\t<\/div>\n\t\t\t\t\t\t<\/div>\n\t\t\t\t<\/div>\n\t\t\t\t<\/div>\n\t\t\t\t<\/div>","protected":false},"excerpt":{"rendered":"<p>H\u00e9r m\u00e1 finna sk\u00f3la sem flokkast sem fullor\u00f0insfr\u00e6\u00f0sla og styttra n\u00e1m sem getur n\u00fdst sem undirb\u00faningur til frekara n\u00e1ms. Athugi\u00f0 a\u00f0 efni h\u00e9r fyrir ofan er fengi\u00f0 af vef vi\u00f0komandi stofnana\/fyrirt\u00e6kja Til baka Fr\u00e6\u00f0slu- og s\u00edmenntunarmi\u00f0st\u00f6\u00f0var &#8211; styttra n\u00e1m Fr\u00e6\u00f0sla, s\u00edmenntun og n\u00e1mskei\u00f0 Fr\u00e6\u00f0slu- og s\u00edmenntunarst\u00f6\u00f0var bj\u00f3\u00f0a upp \u00e1 \u00fdmis n\u00e1mskei\u00f0, n\u00e1m og endurmenntun starfsst\u00e9tta. [&hellip;]<\/p>\n","protected":false},"author":1,"featured_media":0,"parent":4915,"menu_order":0,"comment_status":"closed","ping_status":"closed","template":"elementor_theme","meta":{"footnotes":""},"class_list":["post-4965","page","type-page","status-publish","hentry"],"_links":{"self":[{"href":"https:\/\/sjalfsbjorg.is\/en\/wp-json\/wp\/v2\/pages\/4965","targetHints":{"allow":["GET"]}}],"collection":[{"href":"https:\/\/sjalfsbjorg.is\/en\/wp-json\/wp\/v2\/pages"}],"about":[{"href":"https:\/\/sjalfsbjorg.is\/en\/wp-json\/wp\/v2\/types\/page"}],"author":[{"embeddable":true,"href":"https:\/\/sjalfsbjorg.is\/en\/wp-json\/wp\/v2\/users\/1"}],"replies":[{"embeddable":true,"href":"https:\/\/sjalfsbjorg.is\/en\/wp-json\/wp\/v2\/comments?post=4965"}],"version-history":[{"count":25,"href":"https:\/\/sjalfsbjorg.is\/en\/wp-json\/wp\/v2\/pages\/4965\/revisions"}],"predecessor-version":[{"id":10116,"href":"https:\/\/sjalfsbjorg.is\/en\/wp-json\/wp\/v2\/pages\/4965\/revisions\/10116"}],"up":[{"embeddable":true,"href":"https:\/\/sjalfsbjorg.is\/en\/wp-json\/wp\/v2\/pages\/4915"}],"wp:attachment":[{"href":"https:\/\/sjalfsbjorg.is\/en\/wp-json\/wp\/v2\/media?parent=4965"}],"curies":[{"name":"wp","href":"https:\/\/api.w.org\/{rel}","templated":true}]}}