{"id":5605,"date":"2025-10-11T20:42:53","date_gmt":"2025-10-11T20:42:53","guid":{"rendered":"https:\/\/sjalfsbjorg.is\/?page_id=5605"},"modified":"2025-11-18T19:59:59","modified_gmt":"2025-11-18T19:59:59","slug":"hreyfihamladir-a-samfelagsmidlum","status":"publish","type":"page","link":"https:\/\/sjalfsbjorg.is\/en\/thekkingarmidstod\/fraedsla\/hreyfihamladir-a-samfelagsmidlum\/","title":{"rendered":"Einstaklingar me\u00f0 hreyfih\u00f6mlun samf\u00e9lagsmi\u00f0lum"},"content":{"rendered":"<div data-elementor-type=\"wp-page\" data-elementor-id=\"5605\" class=\"elementor elementor-5605\" data-elementor-post-type=\"page\">\n\t\t\t\t<div class=\"elementor-element elementor-element-a79d1dd e-flex e-con-boxed e-con e-parent\" data-id=\"a79d1dd\" data-element_type=\"container\" data-e-type=\"container\">\n\t\t\t\t\t<div class=\"e-con-inner\">\n\t\t<div class=\"elementor-element elementor-element-df4d828 e-con-full elementor-hidden-mobile e-flex e-con e-child\" data-id=\"df4d828\" data-element_type=\"container\" data-e-type=\"container\">\n\t\t\t\t<div class=\"elementor-element elementor-element-98f2388 elementor-invisible elementor-widget elementor-widget-nav-menu\" data-id=\"98f2388\" data-element_type=\"widget\" data-e-type=\"widget\" data-settings=\"{&quot;layout&quot;:&quot;dropdown&quot;,&quot;_animation&quot;:&quot;fadeIn&quot;,&quot;submenu_icon&quot;:{&quot;value&quot;:&quot;&lt;svg aria-hidden=\\&quot;true\\&quot; class=\\&quot;e-font-icon-svg e-fas-caret-down\\&quot; viewBox=\\&quot;0 0 320 512\\&quot; xmlns=\\&quot;http:\\\/\\\/www.w3.org\\\/2000\\\/svg\\&quot;&gt;&lt;path d=\\&quot;M31.3 192h257.3c17.8 0 26.7 21.5 14.1 34.1L174.1 354.8c-7.8 7.8-20.5 7.8-28.3 0L17.2 226.1C4.6 213.5 13.5 192 31.3 192z\\&quot;&gt;&lt;\\\/path&gt;&lt;\\\/svg&gt;&quot;,&quot;library&quot;:&quot;fa-solid&quot;}}\" data-widget_type=\"nav-menu.default\">\n\t\t\t\t\t\t\t\t<nav class=\"elementor-nav-menu--dropdown elementor-nav-menu__container\" aria-hidden=\"true\">\n\t\t\t\t<ul id=\"menu-2-98f2388\" class=\"elementor-nav-menu\"><li class=\"menu-item menu-item-type-post_type menu-item-object-page menu-item-5506\"><a href=\"https:\/\/sjalfsbjorg.is\/en\/thekkingarmidstod\/fraedsla\/kvikmyndir-um-hreyfihamlada\/\" class=\"elementor-item\" tabindex=\"-1\">Kvikmyndir og \u00fe\u00e6ttir tengdar f\u00f3lki me\u00f0 hreyfih\u00f6mlun<\/a><\/li>\n<li class=\"menu-item menu-item-type-post_type menu-item-object-page menu-item-5610\"><a href=\"https:\/\/sjalfsbjorg.is\/en\/thekkingarmidstod\/fraedsla\/hreyfihamladir-a-samfelagsmidlum\/\" class=\"elementor-item\" tabindex=\"-1\">Einstaklingar me\u00f0 hreyfih\u00f6mlun samf\u00e9lagsmi\u00f0lum<\/a><\/li>\n<li class=\"menu-item menu-item-type-post_type menu-item-object-page menu-item-5609\"><a href=\"https:\/\/sjalfsbjorg.is\/en\/thekkingarmidstod\/fraedsla\/ahugaverdar-sidur-um-rannsoknir-tengdar-hreyfihomlun\/\" class=\"elementor-item\" tabindex=\"-1\">\u00c1hugaver\u00f0ar s\u00ed\u00f0ur um ranns\u00f3knir tengdar hreyfih\u00f6mlun<\/a><\/li>\n<\/ul>\t\t\t<\/nav>\n\t\t\t\t\t\t<\/div>\n\t\t\t\t<\/div>\n\t\t<div class=\"elementor-element elementor-element-e9bca69 e-con-full e-flex elementor-invisible e-con e-child\" data-id=\"e9bca69\" data-element_type=\"container\" data-e-type=\"container\" data-settings=\"{&quot;animation&quot;:&quot;fadeIn&quot;}\">\n\t\t\t\t<div class=\"elementor-element elementor-element-e24f349 elementor-widget__width-initial elementor-widget elementor-widget-text-editor\" data-id=\"e24f349\" data-element_type=\"widget\" data-e-type=\"widget\" data-widget_type=\"text-editor.default\">\n\t\t\t\t\t\t\t\t\tH\u00e9r h\u00f6fum vi\u00f0 teki\u00f0 saman uppl\u00fdsingar um hreyfihamla\u00f0a einstaklinga \u00e1 samf\u00e9lagsmi\u00f0lum, sem geta gefi\u00f0 inns\u00fdn inn \u00ed daglegt l\u00edf \u00feeirra og st\u00f6rf.\n\n\t\t\t\t\t\t\t\t<\/div>\n\t\t\t\t<div class=\"elementor-element elementor-element-e797868 elementor-widget__width-initial elementor-widget elementor-widget-text-editor\" data-id=\"e797868\" data-element_type=\"widget\" data-e-type=\"widget\" data-widget_type=\"text-editor.default\">\n\t\t\t\t\t\t\t\t\t<h4 data-block-key=\"uhrnd\"><strong>Shane Burcaw<\/strong><\/h4>\n<p data-block-key=\"32q8d\">Shane Burcaw er bandar\u00edskur rith\u00f6fundur sem f\u00e6ddist me\u00f0 Spinal Muscular Atrophy. Hann hefur veri\u00f0 \u00f6tull bar\u00e1ttuma\u00f0ur fyrir m\u00e1lefnum fatla\u00f0ra og \u00fe\u00e1 s\u00e9rstaklega \u00feegar kemur a\u00f0 fj\u00f6lskyldul\u00edfi. Hann er me\u00f0 um 16800 fylgjendur \u00e1 samf\u00e9lagsmi\u00f0lum auk \u00feess a\u00f0 halda \u00fati r\u00e1s \u00e1 Youtbe og a\u00f0 hafa skrifa\u00f0 nokkrar b\u00e6kur um upplifun s\u00edna \u00e1 \u00fev\u00ed a\u00f0 notast vi\u00f0 hj\u00f3last\u00f3l.\u00a0<span style=\"text-decoration: underline; text-decoration-color: #1D7488; text-underline-offset: 4px;\"><a href=\"https:\/\/www.youtube.com\/c\/squirmyandgrubs\">Squirmy and Grubs<\/a><\/span>\u00a0er heiti\u00f0 \u00e1 Youtube-r\u00e1sinni sem hann og kona hans halda \u00fati.<\/p>\neyfihamla\u00f0a einstaklinga \u00e1 samf\u00e9lagsmi\u00f0lum, sem geta gefi\u00f0 inns\u00fdn inn \u00ed daglegt l\u00edf \u00feeirra og st\u00f6rf.\t\t\t\t\t\t\t\t<\/div>\n\t\t\t\t<div class=\"elementor-element elementor-element-d2d857a elementor-widget__width-initial elementor-widget elementor-widget-text-editor\" data-id=\"d2d857a\" data-element_type=\"widget\" data-e-type=\"widget\" data-widget_type=\"text-editor.default\">\n\t\t\t\t\t\t\t\t\t<h4 data-block-key=\"aqrql\"><strong>Alex Dacy<\/strong><\/h4>\n<p data-block-key=\"8s6id\">Alex Dacy er bandar\u00edsk, einst\u00e6\u00f0 m\u00f3\u00f0ir, \u00e1hrifavaldur og bloggari sem notar hj\u00f3last\u00f3l. H\u00fan hefur m\u00f6rg \u00fe\u00fasund fylgjendur \u00e1 samf\u00e9lagsmi\u00f0lum. H\u00fan heldur \u00fati r\u00e1sum \u00e1 TikTok og Youtube auk \u00feess a\u00f0 vera virk \u00e1 Instagram undir nafninu wheelchair_rapunzel. H\u00fan s\u00fdnir \u00fear fr\u00e1 l\u00edfi s\u00ednu og hvernig h\u00fan tekst \u00e1 vi\u00f0 \u00fdmsar \u00e1skoranir \u00ed daglegu l\u00edfi.<\/p>\n<p data-block-key=\"b866a\"><a href=\"https:\/\/www.tiktok.com\/@wheelchair_rapunzel\"><span style=\"text-decoration: underline;text-decoration-color: #1D7488; text-underline-offset: 4px;\">wheelchair_rapunzel \u00e1 TikTok<\/span><\/a><\/p>\n<p data-block-key=\"7q9g4\"><span style=\"text-decoration: underline;text-decoration-color: #1D7488; text-underline-offset: 4px;\"><a href=\"https:\/\/www.instagram.com\/wheelchair_rapunzel\/\">wheelchair_rapunzel \u00e1 Instagram<\/a><\/span><\/p>\n<p data-block-key=\"9dqtr\"><span style=\"text-decoration: underline;text-decoration-color: #1D7488; text-underline-offset: 4px;\"><a href=\"https:\/\/www.youtube.com\/c\/wheelchairrapunzel\">wheelchair_rapunzel \u00e1 Youtube<\/a><\/span><\/p>\t\t\t\t\t\t\t\t<\/div>\n\t\t\t\t<div class=\"elementor-element elementor-element-9867f15 elementor-widget__width-initial elementor-widget elementor-widget-text-editor\" data-id=\"9867f15\" data-element_type=\"widget\" data-e-type=\"widget\" data-widget_type=\"text-editor.default\">\n\t\t\t\t\t\t\t\t\t<h4 data-block-key=\"5vtl3\"><strong>Katr\u00edn Bj\u00f6rk<\/strong><\/h4>\n<p data-block-key=\"86qml\">Katr\u00edn Bj\u00f6rk Gu\u00f0j\u00f3nsd\u00f3ttir ung er kona me\u00f0 hreyfih\u00f6mlun. \u00c1ri\u00f0 2014 f\u00e9kk h\u00fan s\u00edna fyrstu heilabl\u00e6\u00f0ingu og ors\u00f6kin er s\u00e9r\u00edslenskur erf\u00f0asj\u00fakd\u00f3mur sem l\u00fdsir s\u00e9r \u00feannig a\u00f0 h\u00fan ber st\u00f6kkbreytt gen sem framlei\u00f0ir galla\u00f0 pr\u00f3tein sem veldur arfgengri heilabl\u00e6\u00f0ingu. H\u00fan hefur s\u00ed\u00f0an fengi\u00f0 nokkur \u00e1f\u00f6ll. H\u00fan er virk \u00e1 samf\u00e9lagsmi\u00f0lum auk \u00feess a\u00f0 halda \u00fati bloggs\u00ed\u00f0u \u00fear sem h\u00fan segir fr\u00e1 endurh\u00e6fingu sinni og listsk\u00f6pun. H\u00fan m\u00e1lar myndir me\u00f0 alkah\u00f3lbleki og fleiri a\u00f0fer\u00f0um.<\/p>\n<p data-block-key=\"4qr4c\"><span style=\"text-decoration: underline;text-decoration-color: #1D7488; text-underline-offset: 4px;\"><a href=\"https:\/\/katrinbjorkgudjons.com\/\">Bloggs\u00ed\u00f0a Katr\u00ednar<\/a><\/span><\/p>\n<p data-block-key=\"8tilq\"><span style=\"text-decoration: underline;text-decoration-color: #1D7488; text-underline-offset: 4px;\"><a href=\"https:\/\/www.instagram.com\/katrinbjorkgudjons\/\">Katr\u00edn Bj\u00f6rk \u00e1 Instagram<\/a><\/span><\/p>\t\t\t\t\t\t\t\t<\/div>\n\t\t\t\t<div class=\"elementor-element elementor-element-ea35034 elementor-widget__width-initial elementor-widget elementor-widget-text-editor\" data-id=\"ea35034\" data-element_type=\"widget\" data-e-type=\"widget\" data-widget_type=\"text-editor.default\">\n\t\t\t\t\t\t\t\t\t<h4 data-block-key=\"9robh\"><strong>Nikki Walsh<\/strong><\/h4>\n<p data-block-key=\"ds5i1\">Nikki Walsh er einka\u00fej\u00e1lfari og \u00e1hrifavaldur sem notar hj\u00f3last\u00f3l. \u00c1 Instagram-s\u00ed\u00f0u sinni s\u00fdnir h\u00fan \u00e1 einfaldan h\u00e1tt hvernig h\u00e6gt er a\u00f0 a\u00f0laga \u00e6fingar \u00ed l\u00edkamsr\u00e6kt a\u00f0 f\u00f3lki sem notar hj\u00f3last\u00f3l auk \u00feess a\u00f0 gefa \u00fdmis hagn\u00fdt r\u00e1\u00f0:<\/p>\n<p data-block-key=\"d8t2q\"><span style=\"text-decoration: underline;text-decoration-color: #1D7488; text-underline-offset: 4px;\"><a href=\"https:\/\/www.instagram.com\/nikkiwalsh.adaptfit\/?igsh=ZDN0Z2ZwMW43YnUx\">Nikki Walsh \u00e1 Instagram<\/a><\/span><\/p>\n\n<h4 data-block-key=\"1ngqr\"><strong>Kelli &amp; Kyle<\/strong><\/h4>\n<p data-block-key=\"ah0o8\">Kelli og Kyle eru m\u00e6\u00f0gin sem b\u00fasett eru \u00ed Bandar\u00edkjunum \u00e1samt fj\u00f6lskyldu sinni. Kyle er me\u00f0 sjaldgj\u00e6ft heilkenni sem veldur me\u00f0al annars hreyfih\u00f6mlun auk annarra kvilla. \u00cd myndb\u00f6ndum s\u00ednum \u00e1 netinu deila \u00feau \u00fdmsum g\u00f3\u00f0um r\u00e1\u00f0um \u00far l\u00edfi s\u00ednu auk \u00feess a\u00f0 segja fr\u00e1 helstu \u00e1skorunum sem m\u00e6ta \u00feeim \u00ed daglegu l\u00edfi.<\/p>\n<p data-block-key=\"425r4\"><span style=\"text-decoration: underline;text-decoration-color: #1D7488; text-underline-offset: 4px;\"><a href=\"https:\/\/www.youtube.com\/@KelliKyle\">Kelli &amp; Kyle \u00e1 Youtube<\/a><\/span><\/p>\t\t\t\t\t\t\t\t<\/div>\n\t\t\t\t<div class=\"elementor-element elementor-element-c0c3536 elementor-widget__width-initial elementor-widget elementor-widget-text-editor\" data-id=\"c0c3536\" data-element_type=\"widget\" data-e-type=\"widget\" data-widget_type=\"text-editor.default\">\n\t\t\t\t\t\t\t\t\t\n<strong><a href=\"https:\/\/sjalfsbjorg.is\/en\/thekkingarmidstod\/vid-viljum-heyra-i-ther\/\">Do you have any suggestions or further questions? Contact us here<\/a><\/strong>\t\t\t\t\t\t\t\t<\/div>\n\t\t\t\t<\/div>\n\t\t\t\t\t<\/div>\n\t\t\t\t<\/div>\n\t\t<div class=\"elementor-element elementor-element-31394b1 e-con-full e-flex e-con e-parent\" data-id=\"31394b1\" data-element_type=\"container\" data-e-type=\"container\">\n\t\t\t\t<div class=\"elementor-element elementor-element-e75a37e elementor-widget elementor-widget-template\" data-id=\"e75a37e\" data-element_type=\"widget\" data-e-type=\"widget\" data-widget_type=\"template.default\">\n\t\t\t\t<div class=\"elementor-widget-container\">\n\t\t\t\t\t\t\t<div class=\"elementor-template\">\n\t\t\t\t\t<div data-elementor-type=\"container\" data-elementor-id=\"9887\" class=\"elementor elementor-9887\" data-elementor-post-type=\"elementor_library\">\n\t\t\t\t<div class=\"elementor-element elementor-element-6734a465 elementor-hidden-mobile e-flex e-con-boxed e-con e-parent\" data-id=\"6734a465\" data-element_type=\"container\" data-e-type=\"container\">\n\t\t\t\t\t<div class=\"e-con-inner\">\n\t\t\t\t<div class=\"elementor-element elementor-element-34ed906d elementor-nav-menu--dropdown-mobile elementor-nav-menu__align-center elementor-nav-menu--stretch elementor-nav-menu__text-align-aside elementor-nav-menu--toggle elementor-nav-menu--burger elementor-widget elementor-widget-nav-menu\" data-id=\"34ed906d\" data-element_type=\"widget\" data-e-type=\"widget\" data-settings=\"{&quot;full_width&quot;:&quot;stretch&quot;,&quot;layout&quot;:&quot;horizontal&quot;,&quot;submenu_icon&quot;:{&quot;value&quot;:&quot;&lt;svg aria-hidden=\\&quot;true\\&quot; class=\\&quot;e-font-icon-svg e-fas-caret-down\\&quot; viewBox=\\&quot;0 0 320 512\\&quot; xmlns=\\&quot;http:\\\/\\\/www.w3.org\\\/2000\\\/svg\\&quot;&gt;&lt;path d=\\&quot;M31.3 192h257.3c17.8 0 26.7 21.5 14.1 34.1L174.1 354.8c-7.8 7.8-20.5 7.8-28.3 0L17.2 226.1C4.6 213.5 13.5 192 31.3 192z\\&quot;&gt;&lt;\\\/path&gt;&lt;\\\/svg&gt;&quot;,&quot;library&quot;:&quot;fa-solid&quot;},&quot;toggle&quot;:&quot;burger&quot;}\" data-widget_type=\"nav-menu.default\">\n\t\t\t\t\t\t\t\t<nav aria-label=\"Menu\" class=\"elementor-nav-menu--main elementor-nav-menu__container elementor-nav-menu--layout-horizontal e--pointer-underline e--animation-fade\">\n\t\t\t\t<ul id=\"menu-1-34ed906d\" class=\"elementor-nav-menu\"><li class=\"menu-item menu-item-type-post_type menu-item-object-page menu-item-5526\"><a href=\"https:\/\/sjalfsbjorg.is\/en\/thekkingarmidstod\/adgengi\/\" class=\"elementor-item\">Accessibility<\/a><\/li>\n<li class=\"menu-item menu-item-type-post_type menu-item-object-page menu-item-5527\"><a href=\"https:\/\/sjalfsbjorg.is\/en\/thekkingarmidstod\/atvinna-menntun\/\" class=\"elementor-item\">Employment &amp; education<\/a><\/li>\n<li class=\"menu-item menu-item-type-post_type menu-item-object-page menu-item-3408\"><a href=\"https:\/\/sjalfsbjorg.is\/en\/thekkingarmidstod\/velferd\/\" class=\"elementor-item\">Welfare<\/a><\/li>\n<li class=\"menu-item menu-item-type-post_type menu-item-object-page menu-item-5528\"><a href=\"https:\/\/sjalfsbjorg.is\/en\/thekkingarmidstod\/fraedsla\/\" class=\"elementor-item\">Education<\/a><\/li>\n<li class=\"menu-item menu-item-type-post_type menu-item-object-page menu-item-5531\"><a href=\"https:\/\/sjalfsbjorg.is\/en\/thekkingarmidstod\/tomstundir\/\" class=\"elementor-item\">Leisure<\/a><\/li>\n<li class=\"menu-item menu-item-type-post_type menu-item-object-page menu-item-3963\"><a href=\"https:\/\/sjalfsbjorg.is\/en\/thekkingarmidstod\/thjonusta-sveitarfelaga\/\" class=\"elementor-item\">Municipal services<\/a><\/li>\n<li class=\"menu-item menu-item-type-post_type menu-item-object-page menu-item-3264\"><a href=\"https:\/\/sjalfsbjorg.is\/en\/thekkingarmidstod\/vid-viljum-heyra-i-ther\/\" class=\"elementor-item\">We want to hear from you.<\/a><\/li>\n<\/ul>\t\t\t<\/nav>\n\t\t\t\t\t<div class=\"elementor-menu-toggle\" role=\"button\" tabindex=\"0\" aria-label=\"Menu Toggle\" aria-expanded=\"false\">\n\t\t\t<svg aria-hidden=\"true\" role=\"presentation\" class=\"elementor-menu-toggle__icon--open e-font-icon-svg e-eicon-menu-bar\" viewbox=\"0 0 1000 1000\" xmlns=\"http:\/\/www.w3.org\/2000\/svg\"><path d=\"M104 333H896C929 333 958 304 958 271S929 208 896 208H104C71 208 42 237 42 271S71 333 104 333ZM104 583H896C929 583 958 554 958 521S929 458 896 458H104C71 458 42 487 42 521S71 583 104 583ZM104 833H896C929 833 958 804 958 771S929 708 896 708H104C71 708 42 737 42 771S71 833 104 833Z\"><\/path><\/svg><svg aria-hidden=\"true\" role=\"presentation\" class=\"elementor-menu-toggle__icon--close e-font-icon-svg e-eicon-close\" viewbox=\"0 0 1000 1000\" xmlns=\"http:\/\/www.w3.org\/2000\/svg\"><path d=\"M742 167L500 408 258 167C246 154 233 150 217 150 196 150 179 158 167 167 154 179 150 196 150 212 150 229 154 242 171 254L408 500 167 742C138 771 138 800 167 829 196 858 225 858 254 829L496 587 738 829C750 842 767 846 783 846 800 846 817 842 829 829 842 817 846 804 846 783 846 767 842 750 829 737L588 500 833 258C863 229 863 200 833 171 804 137 775 137 742 167Z\"><\/path><\/svg>\t\t<\/div>\n\t\t\t\t\t<nav class=\"elementor-nav-menu--dropdown elementor-nav-menu__container\" aria-hidden=\"true\">\n\t\t\t\t<ul id=\"menu-2-34ed906d\" class=\"elementor-nav-menu\"><li class=\"menu-item menu-item-type-post_type menu-item-object-page menu-item-5526\"><a href=\"https:\/\/sjalfsbjorg.is\/en\/thekkingarmidstod\/adgengi\/\" class=\"elementor-item\" tabindex=\"-1\">Accessibility<\/a><\/li>\n<li class=\"menu-item menu-item-type-post_type menu-item-object-page menu-item-5527\"><a href=\"https:\/\/sjalfsbjorg.is\/en\/thekkingarmidstod\/atvinna-menntun\/\" class=\"elementor-item\" tabindex=\"-1\">Employment &amp; education<\/a><\/li>\n<li class=\"menu-item menu-item-type-post_type menu-item-object-page menu-item-3408\"><a href=\"https:\/\/sjalfsbjorg.is\/en\/thekkingarmidstod\/velferd\/\" class=\"elementor-item\" tabindex=\"-1\">Welfare<\/a><\/li>\n<li class=\"menu-item menu-item-type-post_type menu-item-object-page menu-item-5528\"><a href=\"https:\/\/sjalfsbjorg.is\/en\/thekkingarmidstod\/fraedsla\/\" class=\"elementor-item\" tabindex=\"-1\">Education<\/a><\/li>\n<li class=\"menu-item menu-item-type-post_type menu-item-object-page menu-item-5531\"><a href=\"https:\/\/sjalfsbjorg.is\/en\/thekkingarmidstod\/tomstundir\/\" class=\"elementor-item\" tabindex=\"-1\">Leisure<\/a><\/li>\n<li class=\"menu-item menu-item-type-post_type menu-item-object-page menu-item-3963\"><a href=\"https:\/\/sjalfsbjorg.is\/en\/thekkingarmidstod\/thjonusta-sveitarfelaga\/\" class=\"elementor-item\" tabindex=\"-1\">Municipal services<\/a><\/li>\n<li class=\"menu-item menu-item-type-post_type menu-item-object-page menu-item-3264\"><a href=\"https:\/\/sjalfsbjorg.is\/en\/thekkingarmidstod\/vid-viljum-heyra-i-ther\/\" class=\"elementor-item\" tabindex=\"-1\">We want to hear from you.<\/a><\/li>\n<\/ul>\t\t\t<\/nav>\n\t\t\t\t\t\t<\/div>\n\t\t\t\t\t<\/div>\n\t\t\t\t<\/div>\n\t\t\t\t<\/div>\n\t\t\t\t<\/div>\n\t\t\t\t\t\t<\/div>\n\t\t\t\t<\/div>\n\t\t\t\t<\/div>\n\t\t\t\t<\/div>","protected":false},"excerpt":{"rendered":"<p>H\u00e9r h\u00f6fum vi\u00f0 teki\u00f0 saman uppl\u00fdsingar um hreyfihamla\u00f0a einstaklinga \u00e1 samf\u00e9lagsmi\u00f0lum, sem geta gefi\u00f0 inns\u00fdn inn \u00ed daglegt l\u00edf \u00feeirra og st\u00f6rf. Shane Burcaw Shane Burcaw er bandar\u00edskur rith\u00f6fundur sem f\u00e6ddist me\u00f0 Spinal Muscular Atrophy. Hann hefur veri\u00f0 \u00f6tull bar\u00e1ttuma\u00f0ur fyrir m\u00e1lefnum fatla\u00f0ra og \u00fe\u00e1 s\u00e9rstaklega \u00feegar kemur a\u00f0 fj\u00f6lskyldul\u00edfi. Hann er me\u00f0 um 16800 [&hellip;]<\/p>\n","protected":false},"author":1,"featured_media":0,"parent":5491,"menu_order":0,"comment_status":"closed","ping_status":"closed","template":"elementor_theme","meta":{"footnotes":""},"class_list":["post-5605","page","type-page","status-publish","hentry"],"_links":{"self":[{"href":"https:\/\/sjalfsbjorg.is\/en\/wp-json\/wp\/v2\/pages\/5605","targetHints":{"allow":["GET"]}}],"collection":[{"href":"https:\/\/sjalfsbjorg.is\/en\/wp-json\/wp\/v2\/pages"}],"about":[{"href":"https:\/\/sjalfsbjorg.is\/en\/wp-json\/wp\/v2\/types\/page"}],"author":[{"embeddable":true,"href":"https:\/\/sjalfsbjorg.is\/en\/wp-json\/wp\/v2\/users\/1"}],"replies":[{"embeddable":true,"href":"https:\/\/sjalfsbjorg.is\/en\/wp-json\/wp\/v2\/comments?post=5605"}],"version-history":[{"count":0,"href":"https:\/\/sjalfsbjorg.is\/en\/wp-json\/wp\/v2\/pages\/5605\/revisions"}],"up":[{"embeddable":true,"href":"https:\/\/sjalfsbjorg.is\/en\/wp-json\/wp\/v2\/pages\/5491"}],"wp:attachment":[{"href":"https:\/\/sjalfsbjorg.is\/en\/wp-json\/wp\/v2\/media?parent=5605"}],"curies":[{"name":"wp","href":"https:\/\/api.w.org\/{rel}","templated":true}]}}