{"id":5796,"date":"2025-10-11T22:07:32","date_gmt":"2025-10-11T22:07:32","guid":{"rendered":"https:\/\/sjalfsbjorg.is\/?page_id=5796"},"modified":"2026-03-13T13:34:07","modified_gmt":"2026-03-13T13:34:07","slug":"jafningjastudningur","status":"publish","type":"page","link":"https:\/\/sjalfsbjorg.is\/en\/thekkingarmidstod\/tomstundir\/jafningjastudningur\/","title":{"rendered":"Jafningjastu\u00f0ningur"},"content":{"rendered":"<div data-elementor-type=\"wp-page\" data-elementor-id=\"5796\" class=\"elementor elementor-5796\" data-elementor-post-type=\"page\">\n\t\t\t\t<div class=\"elementor-element elementor-element-edd7916 e-flex e-con-boxed e-con e-parent\" data-id=\"edd7916\" data-element_type=\"container\" data-e-type=\"container\">\n\t\t\t\t\t<div class=\"e-con-inner\">\n\t\t<div class=\"elementor-element elementor-element-8267b87 e-con-full elementor-hidden-mobile e-flex e-con e-child\" data-id=\"8267b87\" data-element_type=\"container\" data-e-type=\"container\">\n\t\t\t\t<div class=\"elementor-element elementor-element-754eca7 elementor-invisible elementor-widget elementor-widget-nav-menu\" data-id=\"754eca7\" data-element_type=\"widget\" data-e-type=\"widget\" data-settings=\"{&quot;layout&quot;:&quot;dropdown&quot;,&quot;_animation&quot;:&quot;fadeIn&quot;,&quot;submenu_icon&quot;:{&quot;value&quot;:&quot;&lt;svg aria-hidden=\\&quot;true\\&quot; class=\\&quot;e-font-icon-svg e-fas-caret-down\\&quot; viewBox=\\&quot;0 0 320 512\\&quot; xmlns=\\&quot;http:\\\/\\\/www.w3.org\\\/2000\\\/svg\\&quot;&gt;&lt;path d=\\&quot;M31.3 192h257.3c17.8 0 26.7 21.5 14.1 34.1L174.1 354.8c-7.8 7.8-20.5 7.8-28.3 0L17.2 226.1C4.6 213.5 13.5 192 31.3 192z\\&quot;&gt;&lt;\\\/path&gt;&lt;\\\/svg&gt;&quot;,&quot;library&quot;:&quot;fa-solid&quot;}}\" data-widget_type=\"nav-menu.default\">\n\t\t\t\t\t\t\t\t<nav class=\"elementor-nav-menu--dropdown elementor-nav-menu__container\" aria-hidden=\"true\">\n\t\t\t\t<ul id=\"menu-2-754eca7\" class=\"elementor-nav-menu\"><li class=\"menu-item menu-item-type-post_type menu-item-object-page menu-item-has-children menu-item-5670\"><a href=\"https:\/\/sjalfsbjorg.is\/en\/thekkingarmidstod\/tomstundir\/ithrottir\/\" class=\"elementor-item\" tabindex=\"-1\">\u00cd\u00fer\u00f3ttir<\/a>\n<ul class=\"sub-menu elementor-nav-menu--dropdown\">\n\t<li class=\"menu-item menu-item-type-post_type menu-item-object-page menu-item-5708\"><a href=\"https:\/\/sjalfsbjorg.is\/en\/thekkingarmidstod\/tomstundir\/ithrottir\/ithrottafelog\/\" class=\"elementor-sub-item\" tabindex=\"-1\">\u00cd\u00fer\u00f3ttaf\u00e9l\u00f6g<\/a><\/li>\n\t<li class=\"menu-item menu-item-type-post_type menu-item-object-page menu-item-5718\"><a href=\"https:\/\/sjalfsbjorg.is\/en\/thekkingarmidstod\/tomstundir\/ithrottir\/ithrottagreinar\/\" class=\"elementor-sub-item\" tabindex=\"-1\">\u00cd\u00fer\u00f3ttagreinar<\/a><\/li>\n\t<li class=\"menu-item menu-item-type-post_type menu-item-object-page menu-item-5737\"><a href=\"https:\/\/sjalfsbjorg.is\/en\/thekkingarmidstod\/tomstundir\/ithrottir\/sundlaugar\/\" class=\"elementor-sub-item\" tabindex=\"-1\">Sundlaugar<\/a><\/li>\n<\/ul>\n<\/li>\n<li class=\"menu-item menu-item-type-post_type menu-item-object-page menu-item-5813\"><a href=\"https:\/\/sjalfsbjorg.is\/en\/thekkingarmidstod\/tomstundir\/jafningjastudningur\/\" class=\"elementor-item\" tabindex=\"-1\">Jafningjastu\u00f0ningur<\/a><\/li>\n<\/ul>\t\t\t<\/nav>\n\t\t\t\t\t\t<\/div>\n\t\t\t\t<\/div>\n\t\t<div class=\"elementor-element elementor-element-65421cd e-con-full e-flex elementor-invisible e-con e-child\" data-id=\"65421cd\" data-element_type=\"container\" data-e-type=\"container\" data-settings=\"{&quot;animation&quot;:&quot;fadeIn&quot;}\">\n\t\t\t\t<div class=\"elementor-element elementor-element-5eed248 elementor-widget elementor-widget-image\" data-id=\"5eed248\" data-element_type=\"widget\" data-e-type=\"widget\" data-widget_type=\"image.default\">\n\t\t\t\t\t\t\t\t\t\t\t\t\t\t\t<img decoding=\"async\" width=\"216\" height=\"216\" src=\"https:\/\/sjalfsbjorg.is\/wp-content\/uploads\/2025\/10\/jafningjastudningur.png\" class=\"attachment-full size-full wp-image-5799\" alt=\"\" srcset=\"https:\/\/sjalfsbjorg.is\/wp-content\/uploads\/2025\/10\/jafningjastudningur.png 216w, https:\/\/sjalfsbjorg.is\/wp-content\/uploads\/2025\/10\/jafningjastudningur-150x150.png 150w\" sizes=\"(max-width: 216px) 100vw, 216px\" \/>\t\t\t\t\t\t\t\t\t\t\t\t\t\t\t<\/div>\n\t\t\t\t<div class=\"elementor-element elementor-element-730bc2a elementor-widget elementor-widget-n-accordion\" data-id=\"730bc2a\" data-element_type=\"widget\" data-e-type=\"widget\" data-settings=\"{&quot;default_state&quot;:&quot;all_collapsed&quot;,&quot;max_items_expended&quot;:&quot;one&quot;,&quot;n_accordion_animation_duration&quot;:{&quot;unit&quot;:&quot;ms&quot;,&quot;size&quot;:400,&quot;sizes&quot;:[]}}\" data-widget_type=\"nested-accordion.default\">\n\t\t\t\t\t\t\t<div class=\"e-n-accordion\" aria-label=\"Accordion. Open links with Enter or Space, close with Escape, and navigate with Arrow Keys\">\n\t\t\t\t\t\t<details id=\"e-n-accordion-item-1200\" class=\"e-n-accordion-item\" >\n\t\t\t\t<summary class=\"e-n-accordion-item-title\" data-accordion-index=\"1\" tabindex=\"0\" aria-expanded=\"false\" aria-controls=\"e-n-accordion-item-1200\" >\n\t\t\t\t\t<span class='e-n-accordion-item-title-header'><div class=\"e-n-accordion-item-title-text\"> Ungli\u00f0ahreyfing \u00d6B\u00cd <\/div><\/span>\n\t\t\t\t\t\t\t<span class='e-n-accordion-item-title-icon'>\n\t\t\t<span class='e-opened' ><svg aria-hidden=\"true\" class=\"e-font-icon-svg e-fas-minus\" viewbox=\"0 0 448 512\" xmlns=\"http:\/\/www.w3.org\/2000\/svg\"><path d=\"M416 208H32c-17.67 0-32 14.33-32 32v32c0 17.67 14.33 32 32 32h384c17.67 0 32-14.33 32-32v-32c0-17.67-14.33-32-32-32z\"><\/path><\/svg><\/span>\n\t\t\t<span class='e-closed'><svg aria-hidden=\"true\" class=\"e-font-icon-svg e-fas-plus\" viewbox=\"0 0 448 512\" xmlns=\"http:\/\/www.w3.org\/2000\/svg\"><path d=\"M416 208H272V64c0-17.67-14.33-32-32-32h-32c-17.67 0-32 14.33-32 32v144H32c-17.67 0-32 14.33-32 32v32c0 17.67 14.33 32 32 32h144v144c0 17.67 14.33 32 32 32h32c17.67 0 32-14.33 32-32V304h144c17.67 0 32-14.33 32-32v-32c0-17.67-14.33-32-32-32z\"><\/path><\/svg><\/span>\n\t\t<\/span>\n\n\t\t\t\t\t\t<\/summary>\n\t\t\t\t<div role=\"region\" aria-labelledby=\"e-n-accordion-item-1200\" class=\"elementor-element elementor-element-d573bbf e-con-full e-flex e-con e-child\" data-id=\"d573bbf\" data-element_type=\"container\" data-e-type=\"container\">\n\t\t\t\t<div class=\"elementor-element elementor-element-ec8e9e9 elementor-widget elementor-widget-text-editor\" data-id=\"ec8e9e9\" data-element_type=\"widget\" data-e-type=\"widget\" data-widget_type=\"text-editor.default\">\n\t\t\t\t\t\t\t\t\t<div class=\"collapse-block col-16 p-0\"><div class=\"text-container border-blue open\"><div class=\"text blue-text\"><div class=\"collapse-block col-16 p-0\"><div class=\"text-container border-purple open\"><div class=\"text purple-text\"><p data-block-key=\"lynkq\"><a href=\"https:\/\/www.facebook.com\/groups\/872373472843694\">Facebook s\u00ed\u00f0a Ungli\u00f0ahreyfingarinnar<\/a>.<\/p><p data-block-key=\"cjg5\">\u00deetta er vettvangur \u00fear sem unga f\u00f3lki\u00f0 innan \u00d6B\u00cd \u00f6\u00f0last r\u00f6dd. H\u00f3purinn skipuleggur vi\u00f0bur\u00f0i og getur komi\u00f0 me\u00f0 \u00e1bendingar til bandalagsins. \u00dea\u00f0 er einnig m\u00f6guleiki \u00e1 \u00fe\u00e1ttt\u00f6ku \u00ed erlendu samstarfi.<\/p><\/div><\/div><\/div><\/div><\/div><\/div>\t\t\t\t\t\t\t\t<\/div>\n\t\t\t\t<\/div>\n\t\t\t\t\t<\/details>\n\t\t\t\t\t<\/div>\n\t\t\t\t\t\t<\/div>\n\t\t\t\t<div class=\"elementor-element elementor-element-a84f6aa elementor-widget elementor-widget-n-accordion\" data-id=\"a84f6aa\" data-element_type=\"widget\" data-e-type=\"widget\" data-settings=\"{&quot;default_state&quot;:&quot;all_collapsed&quot;,&quot;max_items_expended&quot;:&quot;one&quot;,&quot;n_accordion_animation_duration&quot;:{&quot;unit&quot;:&quot;ms&quot;,&quot;size&quot;:400,&quot;sizes&quot;:[]}}\" data-widget_type=\"nested-accordion.default\">\n\t\t\t\t\t\t\t<div class=\"e-n-accordion\" aria-label=\"Accordion. Open links with Enter or Space, close with Escape, and navigate with Arrow Keys\">\n\t\t\t\t\t\t<details id=\"e-n-accordion-item-1760\" class=\"e-n-accordion-item\" >\n\t\t\t\t<summary class=\"e-n-accordion-item-title\" data-accordion-index=\"1\" tabindex=\"0\" aria-expanded=\"false\" aria-controls=\"e-n-accordion-item-1760\" >\n\t\t\t\t\t<span class='e-n-accordion-item-title-header'><div class=\"e-n-accordion-item-title-text\"> Tab\u00fa femin\u00edsk f\u00f6tlunarhreyfing <\/div><\/span>\n\t\t\t\t\t\t\t<span class='e-n-accordion-item-title-icon'>\n\t\t\t<span class='e-opened' ><svg aria-hidden=\"true\" class=\"e-font-icon-svg e-fas-minus\" viewbox=\"0 0 448 512\" xmlns=\"http:\/\/www.w3.org\/2000\/svg\"><path d=\"M416 208H32c-17.67 0-32 14.33-32 32v32c0 17.67 14.33 32 32 32h384c17.67 0 32-14.33 32-32v-32c0-17.67-14.33-32-32-32z\"><\/path><\/svg><\/span>\n\t\t\t<span class='e-closed'><svg aria-hidden=\"true\" class=\"e-font-icon-svg e-fas-plus\" viewbox=\"0 0 448 512\" xmlns=\"http:\/\/www.w3.org\/2000\/svg\"><path d=\"M416 208H272V64c0-17.67-14.33-32-32-32h-32c-17.67 0-32 14.33-32 32v144H32c-17.67 0-32 14.33-32 32v32c0 17.67 14.33 32 32 32h144v144c0 17.67 14.33 32 32 32h32c17.67 0 32-14.33 32-32V304h144c17.67 0 32-14.33 32-32v-32c0-17.67-14.33-32-32-32z\"><\/path><\/svg><\/span>\n\t\t<\/span>\n\n\t\t\t\t\t\t<\/summary>\n\t\t\t\t<div role=\"region\" aria-labelledby=\"e-n-accordion-item-1760\" class=\"elementor-element elementor-element-ded34b1 e-con-full e-flex e-con e-child\" data-id=\"ded34b1\" data-element_type=\"container\" data-e-type=\"container\">\n\t\t\t\t<div class=\"elementor-element elementor-element-19bd48b elementor-widget elementor-widget-text-editor\" data-id=\"19bd48b\" data-element_type=\"widget\" data-e-type=\"widget\" data-widget_type=\"text-editor.default\">\n\t\t\t\t\t\t\t\t\t<div class=\"collapse-block col-16 p-0\"><div class=\"text-container border-blue open\"><div class=\"text blue-text\"><div class=\"collapse-block col-16 p-0\"><div class=\"text-container border-purple open\"><div class=\"text purple-text\"><p data-block-key=\"lynkq\"><a style=\"background-color: #ffffff;\" href=\"https:\/\/www.tabu.is\/\" target=\"_blank\" rel=\"noopener\">Vefs\u00ed\u00f0a Tab\u00fa<\/a><\/p><p data-block-key=\"lynkq\">Tab\u00fa er femin\u00edsk f\u00f6tlunarhreyfing sem vinnur a\u00f0 f\u00e9lagslegu r\u00e9ttl\u00e6ti og gegn marg\u00fe\u00e6ttri mismunun gagnvart f\u00f6tlu\u00f0u f\u00f3lki. Einu sinni \u00ed m\u00e1nu\u00f0i er bo\u00f0i\u00f0 upp \u00e1 jafningjahittinga fyrir konur og kv\u00e1r sem augl\u00fdstir eru s\u00e9rstaklega \u00e1 samf\u00e9lagsmi\u00f0lum hreyfingarinnar.\u00a0<\/p><\/div><\/div><\/div><\/div><\/div><\/div>\t\t\t\t\t\t\t\t<\/div>\n\t\t\t\t<\/div>\n\t\t\t\t\t<\/details>\n\t\t\t\t\t<\/div>\n\t\t\t\t\t\t<\/div>\n\t\t\t\t<div class=\"elementor-element elementor-element-d30c3dd elementor-widget elementor-widget-n-accordion\" data-id=\"d30c3dd\" data-element_type=\"widget\" data-e-type=\"widget\" data-settings=\"{&quot;default_state&quot;:&quot;all_collapsed&quot;,&quot;max_items_expended&quot;:&quot;one&quot;,&quot;n_accordion_animation_duration&quot;:{&quot;unit&quot;:&quot;ms&quot;,&quot;size&quot;:400,&quot;sizes&quot;:[]}}\" data-widget_type=\"nested-accordion.default\">\n\t\t\t\t\t\t\t<div class=\"e-n-accordion\" aria-label=\"Accordion. Open links with Enter or Space, close with Escape, and navigate with Arrow Keys\">\n\t\t\t\t\t\t<details id=\"e-n-accordion-item-2210\" class=\"e-n-accordion-item\" >\n\t\t\t\t<summary class=\"e-n-accordion-item-title\" data-accordion-index=\"1\" tabindex=\"0\" aria-expanded=\"false\" aria-controls=\"e-n-accordion-item-2210\" >\n\t\t\t\t\t<span class='e-n-accordion-item-title-header'><div class=\"e-n-accordion-item-title-text\"> UngtCP \u00e1 \u00cdslandi <\/div><\/span>\n\t\t\t\t\t\t\t<span class='e-n-accordion-item-title-icon'>\n\t\t\t<span class='e-opened' ><svg aria-hidden=\"true\" class=\"e-font-icon-svg e-fas-minus\" viewbox=\"0 0 448 512\" xmlns=\"http:\/\/www.w3.org\/2000\/svg\"><path d=\"M416 208H32c-17.67 0-32 14.33-32 32v32c0 17.67 14.33 32 32 32h384c17.67 0 32-14.33 32-32v-32c0-17.67-14.33-32-32-32z\"><\/path><\/svg><\/span>\n\t\t\t<span class='e-closed'><svg aria-hidden=\"true\" class=\"e-font-icon-svg e-fas-plus\" viewbox=\"0 0 448 512\" xmlns=\"http:\/\/www.w3.org\/2000\/svg\"><path d=\"M416 208H272V64c0-17.67-14.33-32-32-32h-32c-17.67 0-32 14.33-32 32v144H32c-17.67 0-32 14.33-32 32v32c0 17.67 14.33 32 32 32h144v144c0 17.67 14.33 32 32 32h32c17.67 0 32-14.33 32-32V304h144c17.67 0 32-14.33 32-32v-32c0-17.67-14.33-32-32-32z\"><\/path><\/svg><\/span>\n\t\t<\/span>\n\n\t\t\t\t\t\t<\/summary>\n\t\t\t\t<div role=\"region\" aria-labelledby=\"e-n-accordion-item-2210\" class=\"elementor-element elementor-element-551d26d e-con-full e-flex e-con e-child\" data-id=\"551d26d\" data-element_type=\"container\" data-e-type=\"container\">\n\t\t\t\t<div class=\"elementor-element elementor-element-490d259 elementor-widget elementor-widget-text-editor\" data-id=\"490d259\" data-element_type=\"widget\" data-e-type=\"widget\" data-widget_type=\"text-editor.default\">\n\t\t\t\t\t\t\t\t\t<div class=\"collapse-block col-16 p-0\"><div class=\"text-container border-blue open\"><div class=\"text blue-text\"><div class=\"collapse-block col-16 p-0\"><div class=\"text-container border-purple open\"><div class=\"text purple-text\"><div class=\"collapse-block col-16 p-0\"><div class=\"text-container border-orange open\"><div class=\"text orange-text\"><p data-block-key=\"7l9ca\"><a href=\"https:\/\/cp.is\/ungt-cp\/\">Vefs\u00ed\u00f0a UngtCP \u00e1 \u00cdslandi<\/a>|\u00a0<a href=\"https:\/\/www.facebook.com\/groups\/819337692611752\">Facebook s\u00ed\u00f0a<\/a><\/p><p data-block-key=\"d9sc2\">Ungt CP er f\u00e9lagsskapur fyrir 15-35 \u00e1ra einstaklinga me\u00f0 CP og byrja\u00f0i starfi\u00f0 \u00e1ri\u00f0 2016 . \u00cd dag er Ungt CP h\u00f3pur f\u00f3lks \u00e1 aldrinum 10 \u00e1ra og eldri sem eiga \u00fea\u00f0 sameiginlegt a\u00f0 vera me\u00f0 CP hreyfih\u00f6mlun.<\/p><\/div><\/div><\/div><\/div><\/div><\/div><\/div><\/div><\/div>\t\t\t\t\t\t\t\t<\/div>\n\t\t\t\t<\/div>\n\t\t\t\t\t<\/details>\n\t\t\t\t\t<\/div>\n\t\t\t\t\t\t<\/div>\n\t\t\t\t<div class=\"elementor-element elementor-element-34c69a5 elementor-widget-divider--view-line elementor-widget elementor-widget-divider\" data-id=\"34c69a5\" data-element_type=\"widget\" data-e-type=\"widget\" data-widget_type=\"divider.default\">\n\t\t\t\t\t\t\t<div class=\"elementor-divider\">\n\t\t\t<span class=\"elementor-divider-separator\">\n\t\t\t\t\t\t<\/span>\n\t\t<\/div>\n\t\t\t\t\t\t<\/div>\n\t\t\t\t<div class=\"elementor-element elementor-element-e60ff13 elementor-widget__width-initial elementor-widget elementor-widget-text-editor\" data-id=\"e60ff13\" data-element_type=\"widget\" data-e-type=\"widget\" data-widget_type=\"text-editor.default\">\n\t\t\t\t\t\t\t\t\t<strong><a href=\"https:\/\/sjalfsbjorg.is\/en\/thekkingarmidstod\/vid-viljum-heyra-i-ther\/\">Do you have any suggestions or further questions? Contact us here<\/a><\/strong>\t\t\t\t\t\t\t\t<\/div>\n\t\t\t\t<\/div>\n\t\t\t\t\t<\/div>\n\t\t\t\t<\/div>\n\t\t<div class=\"elementor-element elementor-element-9db7804 e-con-full e-flex e-con e-parent\" data-id=\"9db7804\" data-element_type=\"container\" data-e-type=\"container\">\n\t\t\t\t<div class=\"elementor-element elementor-element-a35babe elementor-widget elementor-widget-template\" data-id=\"a35babe\" data-element_type=\"widget\" data-e-type=\"widget\" data-widget_type=\"template.default\">\n\t\t\t\t<div class=\"elementor-widget-container\">\n\t\t\t\t\t\t\t<div class=\"elementor-template\">\n\t\t\t\t\t<div data-elementor-type=\"container\" data-elementor-id=\"9887\" class=\"elementor elementor-9887\" data-elementor-post-type=\"elementor_library\">\n\t\t\t\t<div class=\"elementor-element elementor-element-6734a465 elementor-hidden-mobile e-flex e-con-boxed e-con e-parent\" data-id=\"6734a465\" data-element_type=\"container\" data-e-type=\"container\">\n\t\t\t\t\t<div class=\"e-con-inner\">\n\t\t\t\t<div class=\"elementor-element elementor-element-34ed906d elementor-nav-menu--dropdown-mobile elementor-nav-menu__align-center elementor-nav-menu--stretch elementor-nav-menu__text-align-aside elementor-nav-menu--toggle elementor-nav-menu--burger elementor-widget elementor-widget-nav-menu\" data-id=\"34ed906d\" data-element_type=\"widget\" data-e-type=\"widget\" data-settings=\"{&quot;full_width&quot;:&quot;stretch&quot;,&quot;layout&quot;:&quot;horizontal&quot;,&quot;submenu_icon&quot;:{&quot;value&quot;:&quot;&lt;svg aria-hidden=\\&quot;true\\&quot; class=\\&quot;e-font-icon-svg e-fas-caret-down\\&quot; viewBox=\\&quot;0 0 320 512\\&quot; xmlns=\\&quot;http:\\\/\\\/www.w3.org\\\/2000\\\/svg\\&quot;&gt;&lt;path d=\\&quot;M31.3 192h257.3c17.8 0 26.7 21.5 14.1 34.1L174.1 354.8c-7.8 7.8-20.5 7.8-28.3 0L17.2 226.1C4.6 213.5 13.5 192 31.3 192z\\&quot;&gt;&lt;\\\/path&gt;&lt;\\\/svg&gt;&quot;,&quot;library&quot;:&quot;fa-solid&quot;},&quot;toggle&quot;:&quot;burger&quot;}\" data-widget_type=\"nav-menu.default\">\n\t\t\t\t\t\t\t\t<nav aria-label=\"Menu\" class=\"elementor-nav-menu--main elementor-nav-menu__container elementor-nav-menu--layout-horizontal e--pointer-underline e--animation-fade\">\n\t\t\t\t<ul id=\"menu-1-34ed906d\" class=\"elementor-nav-menu\"><li class=\"menu-item menu-item-type-post_type menu-item-object-page menu-item-5526\"><a href=\"https:\/\/sjalfsbjorg.is\/en\/thekkingarmidstod\/adgengi\/\" class=\"elementor-item\">Accessibility<\/a><\/li>\n<li class=\"menu-item menu-item-type-post_type menu-item-object-page menu-item-5527\"><a href=\"https:\/\/sjalfsbjorg.is\/en\/thekkingarmidstod\/atvinna-menntun\/\" class=\"elementor-item\">Employment &amp; education<\/a><\/li>\n<li class=\"menu-item menu-item-type-post_type menu-item-object-page menu-item-3408\"><a href=\"https:\/\/sjalfsbjorg.is\/en\/thekkingarmidstod\/velferd\/\" class=\"elementor-item\">Welfare<\/a><\/li>\n<li class=\"menu-item menu-item-type-post_type menu-item-object-page menu-item-5528\"><a href=\"https:\/\/sjalfsbjorg.is\/en\/thekkingarmidstod\/fraedsla\/\" class=\"elementor-item\">Education<\/a><\/li>\n<li class=\"menu-item menu-item-type-post_type menu-item-object-page menu-item-5531\"><a href=\"https:\/\/sjalfsbjorg.is\/en\/thekkingarmidstod\/tomstundir\/\" class=\"elementor-item\">Leisure<\/a><\/li>\n<li class=\"menu-item menu-item-type-post_type menu-item-object-page menu-item-3963\"><a href=\"https:\/\/sjalfsbjorg.is\/en\/thekkingarmidstod\/thjonusta-sveitarfelaga\/\" class=\"elementor-item\">Municipal services<\/a><\/li>\n<li class=\"menu-item menu-item-type-post_type menu-item-object-page menu-item-3264\"><a href=\"https:\/\/sjalfsbjorg.is\/en\/thekkingarmidstod\/vid-viljum-heyra-i-ther\/\" class=\"elementor-item\">We want to hear from you.<\/a><\/li>\n<\/ul>\t\t\t<\/nav>\n\t\t\t\t\t<div class=\"elementor-menu-toggle\" role=\"button\" tabindex=\"0\" aria-label=\"Menu Toggle\" aria-expanded=\"false\">\n\t\t\t<svg aria-hidden=\"true\" role=\"presentation\" class=\"elementor-menu-toggle__icon--open e-font-icon-svg e-eicon-menu-bar\" viewbox=\"0 0 1000 1000\" xmlns=\"http:\/\/www.w3.org\/2000\/svg\"><path d=\"M104 333H896C929 333 958 304 958 271S929 208 896 208H104C71 208 42 237 42 271S71 333 104 333ZM104 583H896C929 583 958 554 958 521S929 458 896 458H104C71 458 42 487 42 521S71 583 104 583ZM104 833H896C929 833 958 804 958 771S929 708 896 708H104C71 708 42 737 42 771S71 833 104 833Z\"><\/path><\/svg><svg aria-hidden=\"true\" role=\"presentation\" class=\"elementor-menu-toggle__icon--close e-font-icon-svg e-eicon-close\" viewbox=\"0 0 1000 1000\" xmlns=\"http:\/\/www.w3.org\/2000\/svg\"><path d=\"M742 167L500 408 258 167C246 154 233 150 217 150 196 150 179 158 167 167 154 179 150 196 150 212 150 229 154 242 171 254L408 500 167 742C138 771 138 800 167 829 196 858 225 858 254 829L496 587 738 829C750 842 767 846 783 846 800 846 817 842 829 829 842 817 846 804 846 783 846 767 842 750 829 737L588 500 833 258C863 229 863 200 833 171 804 137 775 137 742 167Z\"><\/path><\/svg>\t\t<\/div>\n\t\t\t\t\t<nav class=\"elementor-nav-menu--dropdown elementor-nav-menu__container\" aria-hidden=\"true\">\n\t\t\t\t<ul id=\"menu-2-34ed906d\" class=\"elementor-nav-menu\"><li class=\"menu-item menu-item-type-post_type menu-item-object-page menu-item-5526\"><a href=\"https:\/\/sjalfsbjorg.is\/en\/thekkingarmidstod\/adgengi\/\" class=\"elementor-item\" tabindex=\"-1\">Accessibility<\/a><\/li>\n<li class=\"menu-item menu-item-type-post_type menu-item-object-page menu-item-5527\"><a href=\"https:\/\/sjalfsbjorg.is\/en\/thekkingarmidstod\/atvinna-menntun\/\" class=\"elementor-item\" tabindex=\"-1\">Employment &amp; education<\/a><\/li>\n<li class=\"menu-item menu-item-type-post_type menu-item-object-page menu-item-3408\"><a href=\"https:\/\/sjalfsbjorg.is\/en\/thekkingarmidstod\/velferd\/\" class=\"elementor-item\" tabindex=\"-1\">Welfare<\/a><\/li>\n<li class=\"menu-item menu-item-type-post_type menu-item-object-page menu-item-5528\"><a href=\"https:\/\/sjalfsbjorg.is\/en\/thekkingarmidstod\/fraedsla\/\" class=\"elementor-item\" tabindex=\"-1\">Education<\/a><\/li>\n<li class=\"menu-item menu-item-type-post_type menu-item-object-page menu-item-5531\"><a href=\"https:\/\/sjalfsbjorg.is\/en\/thekkingarmidstod\/tomstundir\/\" class=\"elementor-item\" tabindex=\"-1\">Leisure<\/a><\/li>\n<li class=\"menu-item menu-item-type-post_type menu-item-object-page menu-item-3963\"><a href=\"https:\/\/sjalfsbjorg.is\/en\/thekkingarmidstod\/thjonusta-sveitarfelaga\/\" class=\"elementor-item\" tabindex=\"-1\">Municipal services<\/a><\/li>\n<li class=\"menu-item menu-item-type-post_type menu-item-object-page menu-item-3264\"><a href=\"https:\/\/sjalfsbjorg.is\/en\/thekkingarmidstod\/vid-viljum-heyra-i-ther\/\" class=\"elementor-item\" tabindex=\"-1\">We want to hear from you.<\/a><\/li>\n<\/ul>\t\t\t<\/nav>\n\t\t\t\t\t\t<\/div>\n\t\t\t\t\t<\/div>\n\t\t\t\t<\/div>\n\t\t\t\t<\/div>\n\t\t\t\t<\/div>\n\t\t\t\t\t\t<\/div>\n\t\t\t\t<\/div>\n\t\t\t\t<\/div>\n\t\t\t\t<\/div>","protected":false},"excerpt":{"rendered":"<p>Ungli\u00f0ahreyfing \u00d6B\u00cd Facebook s\u00ed\u00f0a Ungli\u00f0ahreyfingarinnar. \u00deetta er vettvangur \u00fear sem unga f\u00f3lki\u00f0 innan \u00d6B\u00cd \u00f6\u00f0last r\u00f6dd. H\u00f3purinn skipuleggur vi\u00f0bur\u00f0i og getur komi\u00f0 me\u00f0 \u00e1bendingar til bandalagsins. \u00dea\u00f0 er einnig m\u00f6guleiki \u00e1 \u00fe\u00e1ttt\u00f6ku \u00ed erlendu samstarfi. Facebook s\u00ed\u00f0a Ungli\u00f0ahreyfingarinnar. \u00deetta er vettvangur \u00fear sem unga f\u00f3lki\u00f0 innan \u00d6B\u00cd \u00f6\u00f0last r\u00f6dd. H\u00f3purinn skipuleggur vi\u00f0bur\u00f0i og getur komi\u00f0 [&hellip;]<\/p>\n","protected":false},"author":1,"featured_media":0,"parent":5529,"menu_order":0,"comment_status":"closed","ping_status":"closed","template":"elementor_theme","meta":{"footnotes":""},"class_list":["post-5796","page","type-page","status-publish","hentry"],"_links":{"self":[{"href":"https:\/\/sjalfsbjorg.is\/en\/wp-json\/wp\/v2\/pages\/5796","targetHints":{"allow":["GET"]}}],"collection":[{"href":"https:\/\/sjalfsbjorg.is\/en\/wp-json\/wp\/v2\/pages"}],"about":[{"href":"https:\/\/sjalfsbjorg.is\/en\/wp-json\/wp\/v2\/types\/page"}],"author":[{"embeddable":true,"href":"https:\/\/sjalfsbjorg.is\/en\/wp-json\/wp\/v2\/users\/1"}],"replies":[{"embeddable":true,"href":"https:\/\/sjalfsbjorg.is\/en\/wp-json\/wp\/v2\/comments?post=5796"}],"version-history":[{"count":19,"href":"https:\/\/sjalfsbjorg.is\/en\/wp-json\/wp\/v2\/pages\/5796\/revisions"}],"predecessor-version":[{"id":12283,"href":"https:\/\/sjalfsbjorg.is\/en\/wp-json\/wp\/v2\/pages\/5796\/revisions\/12283"}],"up":[{"embeddable":true,"href":"https:\/\/sjalfsbjorg.is\/en\/wp-json\/wp\/v2\/pages\/5529"}],"wp:attachment":[{"href":"https:\/\/sjalfsbjorg.is\/en\/wp-json\/wp\/v2\/media?parent=5796"}],"curies":[{"name":"wp","href":"https:\/\/api.w.org\/{rel}","templated":true}]}}