{"id":5868,"date":"2025-10-11T23:42:33","date_gmt":"2025-10-11T23:42:33","guid":{"rendered":"https:\/\/sjalfsbjorg.is\/?page_id=5868"},"modified":"2026-02-24T14:57:54","modified_gmt":"2026-02-24T14:57:54","slug":"styrkja-starfid","status":"publish","type":"page","link":"https:\/\/sjalfsbjorg.is\/en\/styrkja-starfid\/","title":{"rendered":"Strengthen the work"},"content":{"rendered":"<div data-elementor-type=\"wp-page\" data-elementor-id=\"5868\" class=\"elementor elementor-5868\" data-elementor-post-type=\"page\">\n\t\t\t\t<div class=\"elementor-element elementor-element-0f320a4 e-flex e-con-boxed e-con e-child\" data-id=\"0f320a4\" data-element_type=\"container\" data-e-type=\"container\" data-settings=\"{&quot;background_background&quot;:&quot;classic&quot;}\">\n\t\t\t\t\t<div class=\"e-con-inner\">\n\t\t<div class=\"elementor-element elementor-element-910ed22 e-con-full e-grid e-con e-child\" data-id=\"910ed22\" data-element_type=\"container\" data-e-type=\"container\">\n\t\t<div class=\"elementor-element elementor-element-780737c e-con-full animated-fast e-transform e-flex elementor-invisible e-con e-child\" data-id=\"780737c\" data-element_type=\"container\" data-e-type=\"container\" data-settings=\"{&quot;animation&quot;:&quot;fadeInUp&quot;,&quot;_transform_translateY_effect_hover&quot;:{&quot;unit&quot;:&quot;px&quot;,&quot;size&quot;:-10,&quot;sizes&quot;:[]},&quot;background_background&quot;:&quot;classic&quot;,&quot;_transform_translateX_effect_hover&quot;:{&quot;unit&quot;:&quot;px&quot;,&quot;size&quot;:&quot;&quot;,&quot;sizes&quot;:[]},&quot;_transform_translateX_effect_hover_tablet&quot;:{&quot;unit&quot;:&quot;px&quot;,&quot;size&quot;:&quot;&quot;,&quot;sizes&quot;:[]},&quot;_transform_translateX_effect_hover_mobile&quot;:{&quot;unit&quot;:&quot;px&quot;,&quot;size&quot;:&quot;&quot;,&quot;sizes&quot;:[]},&quot;_transform_translateY_effect_hover_tablet&quot;:{&quot;unit&quot;:&quot;px&quot;,&quot;size&quot;:&quot;&quot;,&quot;sizes&quot;:[]},&quot;_transform_translateY_effect_hover_mobile&quot;:{&quot;unit&quot;:&quot;px&quot;,&quot;size&quot;:&quot;&quot;,&quot;sizes&quot;:[]}}\">\n\t\t\t\t<div class=\"elementor-element elementor-element-55f0e37 elementor-view-default elementor-position-block-start elementor-mobile-position-block-start elementor-widget elementor-widget-icon-box\" data-id=\"55f0e37\" data-element_type=\"widget\" data-e-type=\"widget\" data-widget_type=\"icon-box.default\">\n\t\t\t\t\t\t\t<div class=\"elementor-icon-box-wrapper\">\n\n\t\t\t\t\t\t<div class=\"elementor-icon-box-icon\">\n\t\t\t\t<span  class=\"elementor-icon\">\n\t\t\t\t<svg aria-hidden=\"true\" class=\"e-font-icon-svg e-fas-heart\" viewbox=\"0 0 512 512\" xmlns=\"http:\/\/www.w3.org\/2000\/svg\"><path d=\"M462.3 62.6C407.5 15.9 326 24.3 275.7 76.2L256 96.5l-19.7-20.3C186.1 24.3 104.5 15.9 49.7 62.6c-62.8 53.6-66.1 149.8-9.9 207.9l193.5 199.8c12.5 12.9 32.8 12.9 45.3 0l193.5-199.8c56.3-58.1 53-154.3-9.8-207.9z\"><\/path><\/svg>\t\t\t\t<\/span>\n\t\t\t<\/div>\n\t\t\t\n\t\t\t\t\t\t<div class=\"elementor-icon-box-content\">\n\n\t\t\t\t\t\t\t\t\t<h3 class=\"elementor-icon-box-title\">\n\t\t\t\t\t\t<span  >\n\t\t\t\t\t\t\tGerast Hollvinur Sj\u00e1lfsbjargar\t\t\t\t\t\t<\/span>\n\t\t\t\t\t<\/h3>\n\t\t\t\t\n\t\t\t\t\n\t\t\t<\/div>\n\t\t\t\n\t\t<\/div>\n\t\t\t\t\t\t<\/div>\n\t\t\t\t<div class=\"elementor-element elementor-element-cc0aa33 elementor-widget-divider--view-line elementor-widget elementor-widget-divider\" data-id=\"cc0aa33\" data-element_type=\"widget\" data-e-type=\"widget\" data-widget_type=\"divider.default\">\n\t\t\t\t\t\t\t<div class=\"elementor-divider\">\n\t\t\t<span class=\"elementor-divider-separator\">\n\t\t\t\t\t\t<\/span>\n\t\t<\/div>\n\t\t\t\t\t\t<\/div>\n\t\t\t\t<div class=\"elementor-element elementor-element-09b0fce elementor-widget elementor-widget-text-editor\" data-id=\"09b0fce\" data-element_type=\"widget\" data-e-type=\"widget\" data-widget_type=\"text-editor.default\">\n\t\t\t\t\t\t\t\t\tHollvinir Sj\u00e1lfsbjargar eru einstaklingar sem vilja sty\u00f0ja vi\u00f0 starfsemi Landssambands Sj\u00e1lfsbjargar.\t\t\t\t\t\t\t\t<\/div>\n\t\t\t\t<div class=\"elementor-element elementor-element-bab6be3 elementor-align-center elementor-widget elementor-widget-button\" data-id=\"bab6be3\" data-element_type=\"widget\" data-e-type=\"widget\" data-widget_type=\"button.default\">\n\t\t\t\t\t\t\t\t\t\t<a class=\"elementor-button elementor-button-link elementor-size-sm\" href=\"https:\/\/sjalfsbjorg.is\/en\/styrkja-starfid\/hollvinir\/\">\n\t\t\t\t\t\t<span class=\"elementor-button-content-wrapper\">\n\t\t\t\t\t\t\t\t\t<span class=\"elementor-button-text\">Gerast hollvinur<\/span>\n\t\t\t\t\t<\/span>\n\t\t\t\t\t<\/a>\n\t\t\t\t\t\t\t\t<\/div>\n\t\t\t\t<\/div>\n\t\t<div class=\"elementor-element elementor-element-1dcdda6 e-con-full e-transform e-flex elementor-invisible e-con e-child\" data-id=\"1dcdda6\" data-element_type=\"container\" data-e-type=\"container\" data-settings=\"{&quot;animation&quot;:&quot;fadeInUp&quot;,&quot;_transform_translateY_effect_hover&quot;:{&quot;unit&quot;:&quot;px&quot;,&quot;size&quot;:-10,&quot;sizes&quot;:[]},&quot;background_background&quot;:&quot;classic&quot;,&quot;_transform_translateX_effect_hover&quot;:{&quot;unit&quot;:&quot;px&quot;,&quot;size&quot;:&quot;&quot;,&quot;sizes&quot;:[]},&quot;_transform_translateX_effect_hover_tablet&quot;:{&quot;unit&quot;:&quot;px&quot;,&quot;size&quot;:&quot;&quot;,&quot;sizes&quot;:[]},&quot;_transform_translateX_effect_hover_mobile&quot;:{&quot;unit&quot;:&quot;px&quot;,&quot;size&quot;:&quot;&quot;,&quot;sizes&quot;:[]},&quot;_transform_translateY_effect_hover_tablet&quot;:{&quot;unit&quot;:&quot;px&quot;,&quot;size&quot;:&quot;&quot;,&quot;sizes&quot;:[]},&quot;_transform_translateY_effect_hover_mobile&quot;:{&quot;unit&quot;:&quot;px&quot;,&quot;size&quot;:&quot;&quot;,&quot;sizes&quot;:[]}}\">\n\t\t\t\t<div class=\"elementor-element elementor-element-3e7265f elementor-view-default elementor-position-block-start elementor-mobile-position-block-start elementor-widget elementor-widget-icon-box\" data-id=\"3e7265f\" data-element_type=\"widget\" data-e-type=\"widget\" data-widget_type=\"icon-box.default\">\n\t\t\t\t\t\t\t<div class=\"elementor-icon-box-wrapper\">\n\n\t\t\t\t\t\t<div class=\"elementor-icon-box-icon\">\n\t\t\t\t<a href=\"https:\/\/sjalfsbjorg.is\/en\/product\/lottery-ticket\/\" class=\"elementor-icon\" tabindex=\"-1\" aria-label=\"Lottery Self-help\">\n\t\t\t\t<svg xmlns=\"http:\/\/www.w3.org\/2000\/svg\" xmlns:xlink=\"http:\/\/www.w3.org\/1999\/xlink\" width=\"41px\" height=\"48px\" viewbox=\"0 0 41 48\"><title>7E5620C3-3B37-4F2A-A4AF-7F533CB7C0AD<\/title><desc>Created with sketchtool.<\/desc><defs><polygon id=\"path-1\" points=\"0 0.171040321 11.3879119 0.171040321 11.3879119 11.052007 0 11.052007\"><\/polygon><\/defs><g id=\"Page-1\" stroke=\"none\" stroke-width=\"1\" fill=\"none\" fill-rule=\"evenodd\"><g id=\"styrkja-starfi&#xF0;-4b\" transform=\"translate(-1376.000000, -1382.000000)\"><g id=\"Group-7\" transform=\"translate(1377.000000, 1383.000000)\"><path d=\"M33.0438242,12.5135583 L31.0975912,12.5135583 L31.0975912,6.22963289 C31.0975912,2.79343954 28.3094081,0 24.8814128,0 L14.327133,0 C10.899526,0 8.11095455,2.79324495 8.11095455,6.22963289 L8.11095455,12.5135583 L2.4749761,12.5135583 L0.00349518043,35.6022946 L0,35.6937551 C0,41.3767651 4.61324982,46 10.2826267,46 L28.7171792,46 C34.3867502,46 39,41.3767651 39,35.6937551 L36.5250239,12.5135583 L33.0438242,12.5135583 Z M27.4063023,12.5135583 L11.8024377,12.5135583 L11.8024377,7.22963289 C11.8024377,5.28054961 13.3834243,3.69691945 15.327133,3.69691945 L23.8814128,3.69691945 C25.8253157,3.69691945 27.4063023,5.28074421 27.4063023,7.22963289 L27.4063023,12.5135583 Z\" id=\"Shape\" stroke=\"#1D7488\" stroke-width=\"1.5\" fill=\"#FFFFFF\" fill-rule=\"nonzero\"><\/path><g id=\"Group-14-Copy\" transform=\"translate(14.000000, 18.000000)\"><path d=\"M2.5222772,20.2672894 L3.70103231,20.2672894 L3.70103231,17.058117 C3.29094563,16.9346028 2.8967254,16.7747178 2.5222772,16.5816353 L2.5222772,20.2672894 Z\" id=\"Fill-1\" fill=\"#1D7488\"><\/path><g id=\"Group-5\" transform=\"translate(0.000000, 5.146002)\"><mask id=\"mask-2\" fill=\"white\"><use xlink:href=\"#path-1\"><\/use><\/mask><g id=\"Clip-4\"><\/g><path d=\"M10.7984123,0.171040321 C10.4732721,0.171040321 10.2089127,0.435399772 10.2089127,0.760539928 L10.2089127,5.35814866 C10.2089127,7.84771657 8.1836215,9.87325186 5.69380949,9.87325186 C3.20424159,9.87325186 1.17870629,7.84771657 1.17870629,5.35814866 L1.17870629,2.75556282 C1.17870629,2.43042266 0.914346844,2.16606321 0.589450787,2.16606321 C0.264310631,2.16606321 -4.88198432e-05,2.43042266 -4.88198432e-05,2.75556282 L-4.88198432e-05,5.35814866 C-4.88198432e-05,8.49775278 2.55444948,11.052007 5.69380949,11.052007 C8.83341361,11.052007 11.3879119,8.49775278 11.3879119,5.35814866 L11.3879119,0.760539928 C11.3879119,0.435399772 11.1233084,0.171040321 10.7984123,0.171040321\" id=\"Fill-3\" fill=\"#1D7488\" mask=\"url(#mask-2)\"><\/path><\/g><path d=\"M3.72107286,12.9843452 C3.72107286,12.9843452 3.70105672,10.5982754 3.70105672,10.5040531 L3.70105672,1.96717117 C3.70105672,1.64203102 3.43645317,1.37767157 3.11155712,1.37767157 C2.78666106,1.37767157 2.52205751,1.64203102 2.52205751,1.96717117 L2.52205751,10.5040531 C2.52205751,11.5075449 2.9912162,12.4029009 3.72107286,12.9843452\" id=\"Fill-6\" fill=\"#1D7488\"><\/path><path d=\"M7.68673313,20.2672894 L8.86548825,20.2672894 L8.86548825,16.7410321 C8.49055185,16.9311854 8.09657572,17.0883853 7.68673313,17.2092144 L7.68673313,20.2672894 Z\" id=\"Fill-8\" fill=\"#1D7488\"><\/path><path d=\"M6.28316264,13.5938853 L6.28316264,0.589255508 C6.28316264,0.264359451 6.01880319,-2.780871e-15 5.69390713,-2.780871e-15 C5.36876698,-2.780871e-15 5.10440753,0.264359451 5.10440753,0.589255508 L5.10440753,13.5870506 C5.30163969,13.6248859 5.50521844,13.6456344 5.71367917,13.6456344 C5.90798215,13.6456344 6.09813544,13.6273269 6.28316264,13.5938853\" id=\"Fill-10\" fill=\"#1D7488\"><\/path><path d=\"M5.10450517,17.4680084 L5.10450517,20.2673382 L6.28326028,20.2673382 L6.28326028,17.4680084 C6.08895731,17.4843631 5.89245744,17.4933947 5.69400477,17.4933947 C5.49530801,17.4933947 5.29880814,17.4843631 5.10450517,17.4680084\" id=\"Fill-12\" fill=\"#1D7488\"><\/path><path d=\"M8.86539061,10.5040286 L8.86539061,1.96714676 C8.86539061,1.64200661 8.60103116,1.37764716 8.2761351,1.37764716 C8.00201168,1.37764716 7.77207022,1.56584765 7.70616343,1.81946674 L7.70616343,12.9530761 C8.41356296,12.3708995 8.86539061,11.4894572 8.86539061,10.5040286\" id=\"Fill-14\" fill=\"#1D7488\"><\/path><\/g><\/g><\/g><\/g><\/svg>\t\t\t\t<\/a>\n\t\t\t<\/div>\n\t\t\t\n\t\t\t\t\t\t<div class=\"elementor-icon-box-content\">\n\n\t\t\t\t\t\t\t\t\t<h3 class=\"elementor-icon-box-title\">\n\t\t\t\t\t\t<a href=\"https:\/\/sjalfsbjorg.is\/en\/product\/lottery-ticket\/\" >\n\t\t\t\t\t\t\tLottery Self-help\t\t\t\t\t\t<\/a>\n\t\t\t\t\t<\/h3>\n\t\t\t\t\n\t\t\t\t\n\t\t\t<\/div>\n\t\t\t\n\t\t<\/div>\n\t\t\t\t\t\t<\/div>\n\t\t\t\t<div class=\"elementor-element elementor-element-665a77a elementor-widget-divider--view-line elementor-widget elementor-widget-divider\" data-id=\"665a77a\" data-element_type=\"widget\" data-e-type=\"widget\" data-widget_type=\"divider.default\">\n\t\t\t\t\t\t\t<div class=\"elementor-divider\">\n\t\t\t<span class=\"elementor-divider-separator\">\n\t\t\t\t\t\t<\/span>\n\t\t<\/div>\n\t\t\t\t\t\t<\/div>\n\t\t\t\t<div class=\"elementor-element elementor-element-317744b elementor-widget elementor-widget-text-editor\" data-id=\"317744b\" data-element_type=\"widget\" data-e-type=\"widget\" data-widget_type=\"text-editor.default\">\n\t\t\t\t\t\t\t\t\t<p>One of Sj\u00e1lfsbj\u00f6rg&#039;s main sources of income is our lottery, which is drawn twice a year.<br \/>Dregi\u00f0 var \u00ed \u00c1ram\u00f3tahappdr\u00e6tti Sj\u00e1lfsbjargar 2024 \u00feann 31. desember 2024.<br \/>Dregi\u00f0 var \u00ed J\u00f3nsmessuhappdr\u00e6tti Sj\u00e1lfsbjargar 2025 \u00feann 24. j\u00fan\u00ed 2025.<br \/>Vinningaskr\u00e1r fyrir J\u00f3nsmessuhappdr\u00e6tti og \u00c1ram\u00f3tahappdr\u00e6tti m\u00e1 sj\u00e1 ne\u00f0ar \u00e1 s\u00ed\u00f0unni.<\/p>\t\t\t\t\t\t\t\t<\/div>\n\t\t\t\t<div class=\"elementor-element elementor-element-d82fa68 elementor-align-center elementor-widget elementor-widget-button\" data-id=\"d82fa68\" data-element_type=\"widget\" data-e-type=\"widget\" data-widget_type=\"button.default\">\n\t\t\t\t\t\t\t\t\t\t<a class=\"elementor-button elementor-button-link elementor-size-sm\" href=\"https:\/\/sjalfsbjorg.is\/en\/product\/lottery-ticket\/\">\n\t\t\t\t\t\t<span class=\"elementor-button-content-wrapper\">\n\t\t\t\t\t\t\t\t\t<span class=\"elementor-button-text\">Kaupa mi\u00f0a<\/span>\n\t\t\t\t\t<\/span>\n\t\t\t\t\t<\/a>\n\t\t\t\t\t\t\t\t<\/div>\n\t\t\t\t<\/div>\n\t\t<div class=\"elementor-element elementor-element-f5e7572 e-con-full animated-slow e-transform e-flex elementor-invisible e-con e-child\" data-id=\"f5e7572\" data-element_type=\"container\" data-e-type=\"container\" data-settings=\"{&quot;animation&quot;:&quot;fadeInUp&quot;,&quot;_transform_translateY_effect_hover&quot;:{&quot;unit&quot;:&quot;px&quot;,&quot;size&quot;:-10,&quot;sizes&quot;:[]},&quot;background_background&quot;:&quot;classic&quot;,&quot;_transform_translateX_effect_hover&quot;:{&quot;unit&quot;:&quot;px&quot;,&quot;size&quot;:&quot;&quot;,&quot;sizes&quot;:[]},&quot;_transform_translateX_effect_hover_tablet&quot;:{&quot;unit&quot;:&quot;px&quot;,&quot;size&quot;:&quot;&quot;,&quot;sizes&quot;:[]},&quot;_transform_translateX_effect_hover_mobile&quot;:{&quot;unit&quot;:&quot;px&quot;,&quot;size&quot;:&quot;&quot;,&quot;sizes&quot;:[]},&quot;_transform_translateY_effect_hover_tablet&quot;:{&quot;unit&quot;:&quot;px&quot;,&quot;size&quot;:&quot;&quot;,&quot;sizes&quot;:[]},&quot;_transform_translateY_effect_hover_mobile&quot;:{&quot;unit&quot;:&quot;px&quot;,&quot;size&quot;:&quot;&quot;,&quot;sizes&quot;:[]}}\">\n\t\t\t\t<div class=\"elementor-element elementor-element-3f32730 elementor-view-default elementor-position-block-start elementor-mobile-position-block-start elementor-widget elementor-widget-icon-box\" data-id=\"3f32730\" data-element_type=\"widget\" data-e-type=\"widget\" data-widget_type=\"icon-box.default\">\n\t\t\t\t\t\t\t<div class=\"elementor-icon-box-wrapper\">\n\n\t\t\t\t\t\t<div class=\"elementor-icon-box-icon\">\n\t\t\t\t<a href=\"https:\/\/sjalfsbjorg.is\/en\/product\/sympathy-cards\/\" class=\"elementor-icon\" tabindex=\"-1\" aria-label=\"Send a memorial card\">\n\t\t\t\t<svg aria-hidden=\"true\" class=\"e-font-icon-svg e-fas-heart\" viewbox=\"0 0 512 512\" xmlns=\"http:\/\/www.w3.org\/2000\/svg\"><path d=\"M462.3 62.6C407.5 15.9 326 24.3 275.7 76.2L256 96.5l-19.7-20.3C186.1 24.3 104.5 15.9 49.7 62.6c-62.8 53.6-66.1 149.8-9.9 207.9l193.5 199.8c12.5 12.9 32.8 12.9 45.3 0l193.5-199.8c56.3-58.1 53-154.3-9.8-207.9z\"><\/path><\/svg>\t\t\t\t<\/a>\n\t\t\t<\/div>\n\t\t\t\n\t\t\t\t\t\t<div class=\"elementor-icon-box-content\">\n\n\t\t\t\t\t\t\t\t\t<h3 class=\"elementor-icon-box-title\">\n\t\t\t\t\t\t<a href=\"https:\/\/sjalfsbjorg.is\/en\/product\/sympathy-cards\/\" >\n\t\t\t\t\t\t\tSend a memorial card\t\t\t\t\t\t<\/a>\n\t\t\t\t\t<\/h3>\n\t\t\t\t\n\t\t\t\t\n\t\t\t<\/div>\n\t\t\t\n\t\t<\/div>\n\t\t\t\t\t\t<\/div>\n\t\t\t\t<div class=\"elementor-element elementor-element-b8c201f elementor-widget-divider--view-line elementor-widget elementor-widget-divider\" data-id=\"b8c201f\" data-element_type=\"widget\" data-e-type=\"widget\" data-widget_type=\"divider.default\">\n\t\t\t\t\t\t\t<div class=\"elementor-divider\">\n\t\t\t<span class=\"elementor-divider-separator\">\n\t\t\t\t\t\t<\/span>\n\t\t<\/div>\n\t\t\t\t\t\t<\/div>\n\t\t\t\t<div class=\"elementor-element elementor-element-bab6612 elementor-widget elementor-widget-text-editor\" data-id=\"bab6612\" data-element_type=\"widget\" data-e-type=\"widget\" data-widget_type=\"text-editor.default\">\n\t\t\t\t\t\t\t\t\tH\u00e9r geta einstaklingar e\u00f0a fyrirt\u00e6ki styrkt Landsamband Sj\u00e1lfsbjargar me\u00f0 einst\u00f6ku framlagi.\t\t\t\t\t\t\t\t<\/div>\n\t\t\t\t<div class=\"elementor-element elementor-element-eee3555 elementor-align-center elementor-widget elementor-widget-button\" data-id=\"eee3555\" data-element_type=\"widget\" data-e-type=\"widget\" data-widget_type=\"button.default\">\n\t\t\t\t\t\t\t\t\t\t<a class=\"elementor-button elementor-button-link elementor-size-sm\" href=\"http:\/\/sjalfsbjorg.is\/en\/product\/sympathy-cards\/\">\n\t\t\t\t\t\t<span class=\"elementor-button-content-wrapper\">\n\t\t\t\t\t\t\t\t\t<span class=\"elementor-button-text\">Memory card<\/span>\n\t\t\t\t\t<\/span>\n\t\t\t\t\t<\/a>\n\t\t\t\t\t\t\t\t<\/div>\n\t\t\t\t<\/div>\n\t\t\t\t<\/div>\n\t\t<div class=\"elementor-element elementor-element-b867a6f e-con-full e-grid e-con e-child\" data-id=\"b867a6f\" data-element_type=\"container\" data-e-type=\"container\">\n\t\t<div class=\"elementor-element elementor-element-67b0dab e-con-full animated-slow e-transform e-flex elementor-invisible e-con e-child\" data-id=\"67b0dab\" data-element_type=\"container\" data-e-type=\"container\" data-settings=\"{&quot;animation&quot;:&quot;fadeInUp&quot;,&quot;_transform_translateY_effect_hover&quot;:{&quot;unit&quot;:&quot;px&quot;,&quot;size&quot;:-10,&quot;sizes&quot;:[]},&quot;background_background&quot;:&quot;classic&quot;,&quot;_transform_translateX_effect_hover&quot;:{&quot;unit&quot;:&quot;px&quot;,&quot;size&quot;:&quot;&quot;,&quot;sizes&quot;:[]},&quot;_transform_translateX_effect_hover_tablet&quot;:{&quot;unit&quot;:&quot;px&quot;,&quot;size&quot;:&quot;&quot;,&quot;sizes&quot;:[]},&quot;_transform_translateX_effect_hover_mobile&quot;:{&quot;unit&quot;:&quot;px&quot;,&quot;size&quot;:&quot;&quot;,&quot;sizes&quot;:[]},&quot;_transform_translateY_effect_hover_tablet&quot;:{&quot;unit&quot;:&quot;px&quot;,&quot;size&quot;:&quot;&quot;,&quot;sizes&quot;:[]},&quot;_transform_translateY_effect_hover_mobile&quot;:{&quot;unit&quot;:&quot;px&quot;,&quot;size&quot;:&quot;&quot;,&quot;sizes&quot;:[]}}\">\n\t\t\t\t<div class=\"elementor-element elementor-element-1bcfc98 elementor-position-inline-start elementor-view-default elementor-mobile-position-block-start elementor-widget elementor-widget-icon-box\" data-id=\"1bcfc98\" data-element_type=\"widget\" data-e-type=\"widget\" data-widget_type=\"icon-box.default\">\n\t\t\t\t\t\t\t<div class=\"elementor-icon-box-wrapper\">\n\n\t\t\t\t\t\t<div class=\"elementor-icon-box-icon\">\n\t\t\t\t<a href=\"http:\/\/sjalfsbjorg.is\/en\/styrkja-starfid\/erfdagjafir\/\" class=\"elementor-icon\" tabindex=\"-1\" aria-label=\" Inheritance\">\n\t\t\t\t<svg aria-hidden=\"true\" class=\"e-font-icon-svg e-fas-heart\" viewbox=\"0 0 512 512\" xmlns=\"http:\/\/www.w3.org\/2000\/svg\"><path d=\"M462.3 62.6C407.5 15.9 326 24.3 275.7 76.2L256 96.5l-19.7-20.3C186.1 24.3 104.5 15.9 49.7 62.6c-62.8 53.6-66.1 149.8-9.9 207.9l193.5 199.8c12.5 12.9 32.8 12.9 45.3 0l193.5-199.8c56.3-58.1 53-154.3-9.8-207.9z\"><\/path><\/svg>\t\t\t\t<\/a>\n\t\t\t<\/div>\n\t\t\t\n\t\t\t\t\t\t<div class=\"elementor-icon-box-content\">\n\n\t\t\t\t\t\t\t\t\t<h3 class=\"elementor-icon-box-title\">\n\t\t\t\t\t\t<a href=\"http:\/\/sjalfsbjorg.is\/en\/styrkja-starfid\/erfdagjafir\/\" >\n\t\t\t\t\t\t\t Inheritance\t\t\t\t\t\t<\/a>\n\t\t\t\t\t<\/h3>\n\t\t\t\t\n\t\t\t\t\n\t\t\t<\/div>\n\t\t\t\n\t\t<\/div>\n\t\t\t\t\t\t<\/div>\n\t\t\t\t<\/div>\n\t\t<div class=\"elementor-element elementor-element-16c4aa2 e-con-full animated-slow e-transform e-flex elementor-invisible e-con e-child\" data-id=\"16c4aa2\" data-element_type=\"container\" data-e-type=\"container\" data-settings=\"{&quot;animation&quot;:&quot;fadeInUp&quot;,&quot;_transform_translateY_effect_hover&quot;:{&quot;unit&quot;:&quot;px&quot;,&quot;size&quot;:-10,&quot;sizes&quot;:[]},&quot;background_background&quot;:&quot;classic&quot;,&quot;_transform_translateX_effect_hover&quot;:{&quot;unit&quot;:&quot;px&quot;,&quot;size&quot;:&quot;&quot;,&quot;sizes&quot;:[]},&quot;_transform_translateX_effect_hover_tablet&quot;:{&quot;unit&quot;:&quot;px&quot;,&quot;size&quot;:&quot;&quot;,&quot;sizes&quot;:[]},&quot;_transform_translateX_effect_hover_mobile&quot;:{&quot;unit&quot;:&quot;px&quot;,&quot;size&quot;:&quot;&quot;,&quot;sizes&quot;:[]},&quot;_transform_translateY_effect_hover_tablet&quot;:{&quot;unit&quot;:&quot;px&quot;,&quot;size&quot;:&quot;&quot;,&quot;sizes&quot;:[]},&quot;_transform_translateY_effect_hover_mobile&quot;:{&quot;unit&quot;:&quot;px&quot;,&quot;size&quot;:&quot;&quot;,&quot;sizes&quot;:[]}}\">\n\t\t\t\t<div class=\"elementor-element elementor-element-1ffc771 elementor-position-inline-start elementor-view-default elementor-mobile-position-block-start elementor-widget elementor-widget-icon-box\" data-id=\"1ffc771\" data-element_type=\"widget\" data-e-type=\"widget\" data-widget_type=\"icon-box.default\">\n\t\t\t\t\t\t\t<div class=\"elementor-icon-box-wrapper\">\n\n\t\t\t\t\t\t<div class=\"elementor-icon-box-icon\">\n\t\t\t\t<a href=\"http:\/\/www.htl.is\" class=\"elementor-icon\" tabindex=\"-1\" aria-label=\" Vefverslun Sj\u00e1lfsbjargar\">\n\t\t\t\t<svg xmlns=\"http:\/\/www.w3.org\/2000\/svg\" xmlns:xlink=\"http:\/\/www.w3.org\/1999\/xlink\" width=\"41px\" height=\"48px\" viewbox=\"0 0 41 48\"><title>7E5620C3-3B37-4F2A-A4AF-7F533CB7C0AD<\/title><desc>Created with sketchtool.<\/desc><defs><polygon id=\"path-1\" points=\"0 0.171040321 11.3879119 0.171040321 11.3879119 11.052007 0 11.052007\"><\/polygon><\/defs><g id=\"Page-1\" stroke=\"none\" stroke-width=\"1\" fill=\"none\" fill-rule=\"evenodd\"><g id=\"styrkja-starfi&#xF0;-4b\" transform=\"translate(-1376.000000, -1382.000000)\"><g id=\"Group-7\" transform=\"translate(1377.000000, 1383.000000)\"><path d=\"M33.0438242,12.5135583 L31.0975912,12.5135583 L31.0975912,6.22963289 C31.0975912,2.79343954 28.3094081,0 24.8814128,0 L14.327133,0 C10.899526,0 8.11095455,2.79324495 8.11095455,6.22963289 L8.11095455,12.5135583 L2.4749761,12.5135583 L0.00349518043,35.6022946 L0,35.6937551 C0,41.3767651 4.61324982,46 10.2826267,46 L28.7171792,46 C34.3867502,46 39,41.3767651 39,35.6937551 L36.5250239,12.5135583 L33.0438242,12.5135583 Z M27.4063023,12.5135583 L11.8024377,12.5135583 L11.8024377,7.22963289 C11.8024377,5.28054961 13.3834243,3.69691945 15.327133,3.69691945 L23.8814128,3.69691945 C25.8253157,3.69691945 27.4063023,5.28074421 27.4063023,7.22963289 L27.4063023,12.5135583 Z\" id=\"Shape\" stroke=\"#1D7488\" stroke-width=\"1.5\" fill=\"#FFFFFF\" fill-rule=\"nonzero\"><\/path><g id=\"Group-14-Copy\" transform=\"translate(14.000000, 18.000000)\"><path d=\"M2.5222772,20.2672894 L3.70103231,20.2672894 L3.70103231,17.058117 C3.29094563,16.9346028 2.8967254,16.7747178 2.5222772,16.5816353 L2.5222772,20.2672894 Z\" id=\"Fill-1\" fill=\"#1D7488\"><\/path><g id=\"Group-5\" transform=\"translate(0.000000, 5.146002)\"><mask id=\"mask-2\" fill=\"white\"><use xlink:href=\"#path-1\"><\/use><\/mask><g id=\"Clip-4\"><\/g><path d=\"M10.7984123,0.171040321 C10.4732721,0.171040321 10.2089127,0.435399772 10.2089127,0.760539928 L10.2089127,5.35814866 C10.2089127,7.84771657 8.1836215,9.87325186 5.69380949,9.87325186 C3.20424159,9.87325186 1.17870629,7.84771657 1.17870629,5.35814866 L1.17870629,2.75556282 C1.17870629,2.43042266 0.914346844,2.16606321 0.589450787,2.16606321 C0.264310631,2.16606321 -4.88198432e-05,2.43042266 -4.88198432e-05,2.75556282 L-4.88198432e-05,5.35814866 C-4.88198432e-05,8.49775278 2.55444948,11.052007 5.69380949,11.052007 C8.83341361,11.052007 11.3879119,8.49775278 11.3879119,5.35814866 L11.3879119,0.760539928 C11.3879119,0.435399772 11.1233084,0.171040321 10.7984123,0.171040321\" id=\"Fill-3\" fill=\"#1D7488\" mask=\"url(#mask-2)\"><\/path><\/g><path d=\"M3.72107286,12.9843452 C3.72107286,12.9843452 3.70105672,10.5982754 3.70105672,10.5040531 L3.70105672,1.96717117 C3.70105672,1.64203102 3.43645317,1.37767157 3.11155712,1.37767157 C2.78666106,1.37767157 2.52205751,1.64203102 2.52205751,1.96717117 L2.52205751,10.5040531 C2.52205751,11.5075449 2.9912162,12.4029009 3.72107286,12.9843452\" id=\"Fill-6\" fill=\"#1D7488\"><\/path><path d=\"M7.68673313,20.2672894 L8.86548825,20.2672894 L8.86548825,16.7410321 C8.49055185,16.9311854 8.09657572,17.0883853 7.68673313,17.2092144 L7.68673313,20.2672894 Z\" id=\"Fill-8\" fill=\"#1D7488\"><\/path><path d=\"M6.28316264,13.5938853 L6.28316264,0.589255508 C6.28316264,0.264359451 6.01880319,-2.780871e-15 5.69390713,-2.780871e-15 C5.36876698,-2.780871e-15 5.10440753,0.264359451 5.10440753,0.589255508 L5.10440753,13.5870506 C5.30163969,13.6248859 5.50521844,13.6456344 5.71367917,13.6456344 C5.90798215,13.6456344 6.09813544,13.6273269 6.28316264,13.5938853\" id=\"Fill-10\" fill=\"#1D7488\"><\/path><path d=\"M5.10450517,17.4680084 L5.10450517,20.2673382 L6.28326028,20.2673382 L6.28326028,17.4680084 C6.08895731,17.4843631 5.89245744,17.4933947 5.69400477,17.4933947 C5.49530801,17.4933947 5.29880814,17.4843631 5.10450517,17.4680084\" id=\"Fill-12\" fill=\"#1D7488\"><\/path><path d=\"M8.86539061,10.5040286 L8.86539061,1.96714676 C8.86539061,1.64200661 8.60103116,1.37764716 8.2761351,1.37764716 C8.00201168,1.37764716 7.77207022,1.56584765 7.70616343,1.81946674 L7.70616343,12.9530761 C8.41356296,12.3708995 8.86539061,11.4894572 8.86539061,10.5040286\" id=\"Fill-14\" fill=\"#1D7488\"><\/path><\/g><\/g><\/g><\/g><\/svg>\t\t\t\t<\/a>\n\t\t\t<\/div>\n\t\t\t\n\t\t\t\t\t\t<div class=\"elementor-icon-box-content\">\n\n\t\t\t\t\t\t\t\t\t<h3 class=\"elementor-icon-box-title\">\n\t\t\t\t\t\t<a href=\"http:\/\/www.htl.is\" >\n\t\t\t\t\t\t\t Vefverslun Sj\u00e1lfsbjargar\t\t\t\t\t\t<\/a>\n\t\t\t\t\t<\/h3>\n\t\t\t\t\n\t\t\t\t\n\t\t\t<\/div>\n\t\t\t\n\t\t<\/div>\n\t\t\t\t\t\t<\/div>\n\t\t\t\t<\/div>\n\t\t\t\t<\/div>\n\t\t\t\t\t<\/div>\n\t\t\t\t<\/div>\n\t\t\t\t<\/div>","protected":false},"excerpt":{"rendered":"<p>Gerast Hollvinur Sj\u00e1lfsbjargar Hollvinir Sj\u00e1lfsbjargar eru einstaklingar sem vilja sty\u00f0ja vi\u00f0 starfsemi Landssambands Sj\u00e1lfsbjargar. Gerast hollvinur 7E5620C3-3B37-4F2A-A4AF-7F533CB7C0ADCreated with sketchtool. Happdr\u00e6tti Sj\u00e1lfsbjargar Ein a\u00f0altekjulind Sj\u00e1lfsbjargar er happdr\u00e6tti okkar, en dregi\u00f0 er tvisvar \u00e1 \u00e1ri.Dregi\u00f0 var \u00ed \u00c1ram\u00f3tahappdr\u00e6tti Sj\u00e1lfsbjargar 2024 \u00feann 31. desember 2024.Dregi\u00f0 var \u00ed J\u00f3nsmessuhappdr\u00e6tti Sj\u00e1lfsbjargar 2025 \u00feann 24. j\u00fan\u00ed 2025.Vinningaskr\u00e1r fyrir J\u00f3nsmessuhappdr\u00e6tti og \u00c1ram\u00f3tahappdr\u00e6tti [&hellip;]<\/p>\n","protected":false},"author":1,"featured_media":0,"parent":0,"menu_order":0,"comment_status":"closed","ping_status":"closed","template":"","meta":{"footnotes":""},"class_list":["post-5868","page","type-page","status-publish","hentry"],"_links":{"self":[{"href":"https:\/\/sjalfsbjorg.is\/en\/wp-json\/wp\/v2\/pages\/5868","targetHints":{"allow":["GET"]}}],"collection":[{"href":"https:\/\/sjalfsbjorg.is\/en\/wp-json\/wp\/v2\/pages"}],"about":[{"href":"https:\/\/sjalfsbjorg.is\/en\/wp-json\/wp\/v2\/types\/page"}],"author":[{"embeddable":true,"href":"https:\/\/sjalfsbjorg.is\/en\/wp-json\/wp\/v2\/users\/1"}],"replies":[{"embeddable":true,"href":"https:\/\/sjalfsbjorg.is\/en\/wp-json\/wp\/v2\/comments?post=5868"}],"version-history":[{"count":0,"href":"https:\/\/sjalfsbjorg.is\/en\/wp-json\/wp\/v2\/pages\/5868\/revisions"}],"wp:attachment":[{"href":"https:\/\/sjalfsbjorg.is\/en\/wp-json\/wp\/v2\/media?parent=5868"}],"curies":[{"name":"wp","href":"https:\/\/api.w.org\/{rel}","templated":true}]}}