{"id":5870,"date":"2025-10-12T00:07:42","date_gmt":"2025-10-12T00:07:42","guid":{"rendered":"https:\/\/sjalfsbjorg.is\/?page_id=5870"},"modified":"2025-11-18T15:32:05","modified_gmt":"2025-11-18T15:32:05","slug":"hollvinir","status":"publish","type":"page","link":"https:\/\/sjalfsbjorg.is\/en\/styrkja-starfid\/hollvinir\/","title":{"rendered":"Gerast Hollvinur Sj\u00e1lfsbjargar"},"content":{"rendered":"<div data-elementor-type=\"wp-page\" data-elementor-id=\"5870\" class=\"elementor elementor-5870\" data-elementor-post-type=\"page\">\n\t\t\t\t<div class=\"elementor-element elementor-element-35ace7b e-flex e-con-boxed e-con e-parent\" data-id=\"35ace7b\" data-element_type=\"container\" data-e-type=\"container\">\n\t\t\t\t\t<div class=\"e-con-inner\">\n\t\t<div class=\"elementor-element elementor-element-a36fc32 e-con-full elementor-hidden-mobile e-flex e-con e-child\" data-id=\"a36fc32\" data-element_type=\"container\" data-e-type=\"container\">\n\t\t\t\t<div class=\"elementor-element elementor-element-49490c7 elementor-invisible elementor-widget elementor-widget-nav-menu\" data-id=\"49490c7\" data-element_type=\"widget\" data-e-type=\"widget\" data-settings=\"{&quot;layout&quot;:&quot;dropdown&quot;,&quot;_animation&quot;:&quot;fadeIn&quot;,&quot;submenu_icon&quot;:{&quot;value&quot;:&quot;&lt;svg aria-hidden=\\&quot;true\\&quot; class=\\&quot;e-font-icon-svg e-fas-caret-down\\&quot; viewBox=\\&quot;0 0 320 512\\&quot; xmlns=\\&quot;http:\\\/\\\/www.w3.org\\\/2000\\\/svg\\&quot;&gt;&lt;path d=\\&quot;M31.3 192h257.3c17.8 0 26.7 21.5 14.1 34.1L174.1 354.8c-7.8 7.8-20.5 7.8-28.3 0L17.2 226.1C4.6 213.5 13.5 192 31.3 192z\\&quot;&gt;&lt;\\\/path&gt;&lt;\\\/svg&gt;&quot;,&quot;library&quot;:&quot;fa-solid&quot;}}\" data-widget_type=\"nav-menu.default\">\n\t\t\t\t\t\t\t\t<nav class=\"elementor-nav-menu--dropdown elementor-nav-menu__container\" aria-hidden=\"true\">\n\t\t\t\t<ul id=\"menu-2-49490c7\" class=\"elementor-nav-menu\"><li class=\"menu-item menu-item-type-post_type menu-item-object-page menu-item-6019\"><a href=\"https:\/\/sjalfsbjorg.is\/en\/styrkja-starfid\/hollvinir\/\" class=\"elementor-item\" tabindex=\"-1\">Gerast Hollvinur Sj\u00e1lfsbjargar<\/a><\/li>\n<li class=\"menu-item menu-item-type-post_type menu-item-object-page menu-item-6018\"><a href=\"https:\/\/sjalfsbjorg.is\/en\/styrkja-starfid\/happdraetti-sjalfsbjargar\/\" class=\"elementor-item\" tabindex=\"-1\">Lottery Self-help<\/a><\/li>\n<li class=\"menu-item menu-item-type-post_type menu-item-object-page menu-item-6017\"><a href=\"https:\/\/sjalfsbjorg.is\/en\/styrkja-starfid\/senda-minningarkort\/\" class=\"elementor-item\" tabindex=\"-1\">Send a memorial card<\/a><\/li>\n<li class=\"menu-item menu-item-type-post_type menu-item-object-page menu-item-6016\"><a href=\"https:\/\/sjalfsbjorg.is\/en\/styrkja-starfid\/erfdagjafir\/\" class=\"elementor-item\" tabindex=\"-1\">Inheritance<\/a><\/li>\n<li class=\"menu-item menu-item-type-post_type menu-item-object-page menu-item-6015\"><a href=\"https:\/\/sjalfsbjorg.is\/en\/styrkja-starfid\/vefverslun-sjalfsbjargar\/\" class=\"elementor-item\" tabindex=\"-1\">Vefverslun Sj\u00e1lfsbjargar<\/a><\/li>\n<\/ul>\t\t\t<\/nav>\n\t\t\t\t\t\t<\/div>\n\t\t\t\t<\/div>\n\t\t<div class=\"elementor-element elementor-element-e293989 e-con-full e-flex elementor-invisible e-con e-child\" data-id=\"e293989\" data-element_type=\"container\" data-e-type=\"container\" data-settings=\"{&quot;animation&quot;:&quot;fadeIn&quot;}\">\n\t\t\t\t<div class=\"elementor-element elementor-element-48cff69 elementor-view-default elementor-position-block-start elementor-mobile-position-block-start elementor-widget elementor-widget-icon-box\" data-id=\"48cff69\" data-element_type=\"widget\" data-e-type=\"widget\" data-widget_type=\"icon-box.default\">\n\t\t\t\t\t\t\t<div class=\"elementor-icon-box-wrapper\">\n\n\t\t\t\t\t\t<div class=\"elementor-icon-box-icon\">\n\t\t\t\t<span  class=\"elementor-icon\">\n\t\t\t\t<svg aria-hidden=\"true\" class=\"e-font-icon-svg e-fas-heart\" viewbox=\"0 0 512 512\" xmlns=\"http:\/\/www.w3.org\/2000\/svg\"><path d=\"M462.3 62.6C407.5 15.9 326 24.3 275.7 76.2L256 96.5l-19.7-20.3C186.1 24.3 104.5 15.9 49.7 62.6c-62.8 53.6-66.1 149.8-9.9 207.9l193.5 199.8c12.5 12.9 32.8 12.9 45.3 0l193.5-199.8c56.3-58.1 53-154.3-9.8-207.9z\"><\/path><\/svg>\t\t\t\t<\/span>\n\t\t\t<\/div>\n\t\t\t\n\t\t\t\n\t\t<\/div>\n\t\t\t\t\t\t<\/div>\n\t\t\t\t<div class=\"elementor-element elementor-element-3a60e52 elementor-widget__width-initial elementor-widget elementor-widget-text-editor\" data-id=\"3a60e52\" data-element_type=\"widget\" data-e-type=\"widget\" data-widget_type=\"text-editor.default\">\n\t\t\t\t\t\t\t\t\t<div class=\"intro text-center\"><div class=\"description\"><p data-block-key=\"wa56h\"><b>Loyal Friends Self-reliant<\/b> eru einstaklingar sem vilja sty\u00f0ja vi\u00f0 starfsemi Landssambands Sj\u00e1lfsbjargar.<\/p><\/div><\/div>\t\t\t\t\t\t\t\t<\/div>\n\t\t\t\t<div class=\"elementor-element elementor-element-ff22371 elementor-widget__width-initial elementor-widget elementor-widget-text-editor\" data-id=\"ff22371\" data-element_type=\"widget\" data-e-type=\"widget\" data-widget_type=\"text-editor.default\">\n\t\t\t\t\t\t\t\t\t<div class=\"intro text-center\"><div class=\"description\"><p>\u00de\u00fa velur einfaldlega \u00fe\u00e1 m\u00e1na\u00f0arlegu upph\u00e6\u00f0 sem \u00fe\u00fa vilt l\u00e1ta af hendi rakna.<br \/><a href=\"https:\/\/www.styrkja.is\/sjalfsbjorg\"><span style=\"text-decoration: underline; text-decoration-color: #1D7488; text-underline-offset: 4px;\">Smelltu h\u00e9r til a\u00f0 gerast hollvinur<\/span><\/a><\/p><p class=\"small\"><span style=\"text-decoration: underline; text-decoration-color: #1D7488; text-underline-offset: 4px;\"><a href=\"https:\/\/www.styrkja.is\/sjalfsbjorg\/skilmalar\">Skilm\u00e1lar hollvina Sj\u00e1lfsbjargar<\/a><\/span><\/p><\/div><\/div>\t\t\t\t\t\t\t\t<\/div>\n\t\t\t\t<\/div>\n\t\t\t\t\t<\/div>\n\t\t\t\t<\/div>\n\t\t\t\t<\/div>","protected":false},"excerpt":{"rendered":"<p>Hollvinir Sj\u00e1lfsbjargar eru einstaklingar sem vilja sty\u00f0ja vi\u00f0 starfsemi Landssambands Sj\u00e1lfsbjargar. \u00de\u00fa velur einfaldlega \u00fe\u00e1 m\u00e1na\u00f0arlegu upph\u00e6\u00f0 sem \u00fe\u00fa vilt l\u00e1ta af hendi rakna.Smelltu h\u00e9r til a\u00f0 gerast hollvinur Skilm\u00e1lar hollvina Sj\u00e1lfsbjargar<\/p>","protected":false},"author":1,"featured_media":0,"parent":5868,"menu_order":0,"comment_status":"closed","ping_status":"closed","template":"elementor_theme","meta":{"footnotes":""},"class_list":["post-5870","page","type-page","status-publish","hentry"],"_links":{"self":[{"href":"https:\/\/sjalfsbjorg.is\/en\/wp-json\/wp\/v2\/pages\/5870","targetHints":{"allow":["GET"]}}],"collection":[{"href":"https:\/\/sjalfsbjorg.is\/en\/wp-json\/wp\/v2\/pages"}],"about":[{"href":"https:\/\/sjalfsbjorg.is\/en\/wp-json\/wp\/v2\/types\/page"}],"author":[{"embeddable":true,"href":"https:\/\/sjalfsbjorg.is\/en\/wp-json\/wp\/v2\/users\/1"}],"replies":[{"embeddable":true,"href":"https:\/\/sjalfsbjorg.is\/en\/wp-json\/wp\/v2\/comments?post=5870"}],"version-history":[{"count":31,"href":"https:\/\/sjalfsbjorg.is\/en\/wp-json\/wp\/v2\/pages\/5870\/revisions"}],"predecessor-version":[{"id":10017,"href":"https:\/\/sjalfsbjorg.is\/en\/wp-json\/wp\/v2\/pages\/5870\/revisions\/10017"}],"up":[{"embeddable":true,"href":"https:\/\/sjalfsbjorg.is\/en\/wp-json\/wp\/v2\/pages\/5868"}],"wp:attachment":[{"href":"https:\/\/sjalfsbjorg.is\/en\/wp-json\/wp\/v2\/media?parent=5870"}],"curies":[{"name":"wp","href":"https:\/\/api.w.org\/{rel}","templated":true}]}}