{"id":6003,"date":"2025-10-12T00:08:57","date_gmt":"2025-10-12T00:08:57","guid":{"rendered":"https:\/\/sjalfsbjorg.is\/?page_id=6003"},"modified":"2026-03-18T11:13:34","modified_gmt":"2026-03-18T11:13:34","slug":"happdraetti-sjalfsbjargar","status":"publish","type":"page","link":"https:\/\/sjalfsbjorg.is\/en\/styrkja-starfid\/happdraetti-sjalfsbjargar\/","title":{"rendered":"Lottery Self-help"},"content":{"rendered":"<div data-elementor-type=\"wp-page\" data-elementor-id=\"6003\" class=\"elementor elementor-6003\" data-elementor-post-type=\"page\">\n\t\t\t\t<div class=\"elementor-element elementor-element-e9d1bea e-flex e-con-boxed e-con e-parent\" data-id=\"e9d1bea\" data-element_type=\"container\" data-e-type=\"container\">\n\t\t\t\t\t<div class=\"e-con-inner\">\n\t\t<div class=\"elementor-element elementor-element-04d6b2a e-con-full elementor-hidden-mobile e-flex e-con e-child\" data-id=\"04d6b2a\" data-element_type=\"container\" data-e-type=\"container\">\n\t\t\t\t<div class=\"elementor-element elementor-element-6b59d15 elementor-invisible elementor-widget elementor-widget-nav-menu\" data-id=\"6b59d15\" data-element_type=\"widget\" data-e-type=\"widget\" data-settings=\"{&quot;layout&quot;:&quot;dropdown&quot;,&quot;_animation&quot;:&quot;fadeIn&quot;,&quot;submenu_icon&quot;:{&quot;value&quot;:&quot;&lt;svg aria-hidden=\\&quot;true\\&quot; class=\\&quot;e-font-icon-svg e-fas-caret-down\\&quot; viewBox=\\&quot;0 0 320 512\\&quot; xmlns=\\&quot;http:\\\/\\\/www.w3.org\\\/2000\\\/svg\\&quot;&gt;&lt;path d=\\&quot;M31.3 192h257.3c17.8 0 26.7 21.5 14.1 34.1L174.1 354.8c-7.8 7.8-20.5 7.8-28.3 0L17.2 226.1C4.6 213.5 13.5 192 31.3 192z\\&quot;&gt;&lt;\\\/path&gt;&lt;\\\/svg&gt;&quot;,&quot;library&quot;:&quot;fa-solid&quot;}}\" data-widget_type=\"nav-menu.default\">\n\t\t\t\t\t\t\t\t<nav class=\"elementor-nav-menu--dropdown elementor-nav-menu__container\" aria-hidden=\"true\">\n\t\t\t\t<ul id=\"menu-2-6b59d15\" class=\"elementor-nav-menu\"><li class=\"menu-item menu-item-type-post_type menu-item-object-page menu-item-6019\"><a href=\"https:\/\/sjalfsbjorg.is\/en\/styrkja-starfid\/hollvinir\/\" class=\"elementor-item\" tabindex=\"-1\">Gerast Hollvinur Sj\u00e1lfsbjargar<\/a><\/li>\n<li class=\"menu-item menu-item-type-post_type menu-item-object-page menu-item-6018\"><a href=\"https:\/\/sjalfsbjorg.is\/en\/styrkja-starfid\/happdraetti-sjalfsbjargar\/\" class=\"elementor-item\" tabindex=\"-1\">Lottery Self-help<\/a><\/li>\n<li class=\"menu-item menu-item-type-post_type menu-item-object-page menu-item-6017\"><a href=\"https:\/\/sjalfsbjorg.is\/en\/styrkja-starfid\/senda-minningarkort\/\" class=\"elementor-item\" tabindex=\"-1\">Send a memorial card<\/a><\/li>\n<li class=\"menu-item menu-item-type-post_type menu-item-object-page menu-item-6016\"><a href=\"https:\/\/sjalfsbjorg.is\/en\/styrkja-starfid\/erfdagjafir\/\" class=\"elementor-item\" tabindex=\"-1\">Inheritance<\/a><\/li>\n<li class=\"menu-item menu-item-type-post_type menu-item-object-page menu-item-6015\"><a href=\"https:\/\/sjalfsbjorg.is\/en\/styrkja-starfid\/vefverslun-sjalfsbjargar\/\" class=\"elementor-item\" tabindex=\"-1\">Vefverslun Sj\u00e1lfsbjargar<\/a><\/li>\n<\/ul>\t\t\t<\/nav>\n\t\t\t\t\t\t<\/div>\n\t\t\t\t<\/div>\n\t\t<div class=\"elementor-element elementor-element-7a6bcf4 e-con-full e-flex elementor-invisible e-con e-child\" data-id=\"7a6bcf4\" data-element_type=\"container\" data-e-type=\"container\" data-settings=\"{&quot;animation&quot;:&quot;fadeIn&quot;}\">\n\t\t\t\t<div class=\"elementor-element elementor-element-7ed54b6 elementor-view-default elementor-position-block-start elementor-mobile-position-block-start elementor-widget elementor-widget-icon-box\" data-id=\"7ed54b6\" data-element_type=\"widget\" data-e-type=\"widget\" data-widget_type=\"icon-box.default\">\n\t\t\t\t\t\t\t<div class=\"elementor-icon-box-wrapper\">\n\n\t\t\t\t\t\t<div class=\"elementor-icon-box-icon\">\n\t\t\t\t<span  class=\"elementor-icon\">\n\t\t\t\t<svg aria-hidden=\"true\" class=\"e-font-icon-svg e-fas-heart\" viewbox=\"0 0 512 512\" xmlns=\"http:\/\/www.w3.org\/2000\/svg\"><path d=\"M462.3 62.6C407.5 15.9 326 24.3 275.7 76.2L256 96.5l-19.7-20.3C186.1 24.3 104.5 15.9 49.7 62.6c-62.8 53.6-66.1 149.8-9.9 207.9l193.5 199.8c12.5 12.9 32.8 12.9 45.3 0l193.5-199.8c56.3-58.1 53-154.3-9.8-207.9z\"><\/path><\/svg>\t\t\t\t<\/span>\n\t\t\t<\/div>\n\t\t\t\n\t\t\t\n\t\t<\/div>\n\t\t\t\t\t\t<\/div>\n\t\t\t\t<div class=\"elementor-element elementor-element-b37de76 elementor-widget elementor-widget-text-editor\" data-id=\"b37de76\" data-element_type=\"widget\" data-e-type=\"widget\" data-widget_type=\"text-editor.default\">\n\t\t\t\t\t\t\t\t\t<div class=\"intro text-center\"><div class=\"description\"><div class=\"intro text-center\"><div class=\"description\"><p data-block-key=\"lqcef\">One of Sj\u00e1lfsbj\u00f6rg&#039;s main sources of income is our lottery, which is drawn twice a year.<\/p><p data-block-key=\"8rmqb\">Dregi\u00f0 var \u00ed \u00c1ram\u00f3tahappdr\u00e6tti Sj\u00e1lfsbjargar 2024 \u00feann 31. desember 2024.<\/p><p data-block-key=\"7bggs\">Dregi\u00f0 var \u00ed J\u00f3nsmessuhappdr\u00e6tti Sj\u00e1lfsbjargar 2025 \u00feann 24. j\u00fan\u00ed 2025.<\/p><p data-block-key=\"dq52r\">Vinningaskr\u00e1r fyrir J\u00f3nsmessuhappdr\u00e6tti og \u00c1ram\u00f3tahappdr\u00e6tti m\u00e1 sj\u00e1 ne\u00f0ar \u00e1 s\u00ed\u00f0unni.<\/p><\/div><\/div><\/div><\/div>\t\t\t\t\t\t\t\t<\/div>\n\t\t\t\t<div class=\"elementor-element elementor-element-a2897cd elementor-align-center elementor-widget elementor-widget-button\" data-id=\"a2897cd\" data-element_type=\"widget\" data-e-type=\"widget\" data-widget_type=\"button.default\">\n\t\t\t\t\t\t\t\t\t\t<a class=\"elementor-button elementor-button-link elementor-size-sm\" href=\"#elementor-action%3Aaction%3Dpopup%3Aopen%26settings%3DeyJpZCI6IjYyODEiLCJ0b2dnbGUiOnRydWV9\">\n\t\t\t\t\t\t<span class=\"elementor-button-content-wrapper\">\n\t\t\t\t\t\t\t\t\t<span class=\"elementor-button-text\">Kaupa mi\u00f0a<\/span>\n\t\t\t\t\t<\/span>\n\t\t\t\t\t<\/a>\n\t\t\t\t\t\t\t\t<\/div>\n\t\t\t\t<div class=\"elementor-element elementor-element-9b0f331 elementor-widget elementor-widget-text-editor\" data-id=\"9b0f331\" data-element_type=\"widget\" data-e-type=\"widget\" data-widget_type=\"text-editor.default\">\n\t\t\t\t\t\t\t\t\t<div class=\"intro text-center\"><div class=\"description\"><section><div class=\"container-fluid clamped\"><div class=\"row justify-content-center justify-content-md-start\"><div class=\"col-xl-7 col-md-9 offset-xl-1 col-14\"><div class=\"paragraph-block -text\"><p data-block-key=\"7yhm0\">Ein a\u00f0altekjulind Sj\u00e1lfsbjargar eru happdr\u00e6tti samtakanna. \u00c1rlega erum vi\u00f0 me\u00f0 tv\u00f6 happdr\u00e6tti, anna\u00f0 \u00ed byrjun sumars sem dregi\u00f0 er \u00ed \u00e1 J\u00f3nsmessunni 24. j\u00fan\u00ed, hitt er \u00ed lok \u00e1rs og dregi\u00f0 31. desember.<\/p><p>Happdr\u00e6ttismi\u00f0arnir eru sendir tilteknum markh\u00f3pi hverju sinni. Jafnframt fara mi\u00f0arnir inn \u00ed heimabanka vi\u00f0takenda sem \u00a0valkrafa sem gerir \u00feeim unnt a\u00f0 grei\u00f0a mi\u00f0ann \u00ed gegnum heimabankann. Kr\u00f6fun\u00famer er mi\u00f0an\u00famer vi\u00f0komandi a\u00f0ila. Afrakstur af s\u00f6lu happdr\u00e6ttismi\u00f0anna er nota\u00f0 \u00ed m\u00e1lefnastarf Sj\u00e1lfsbjargar.<\/p><h4 data-block-key=\"qogqt\"><strong>Sj\u00e1lfsbj\u00f6rg \u00feakkar \u00feeim hafa keypt happdr\u00e6ttismi\u00f0a okkar veittan stu\u00f0ning og g\u00f3\u00f0an hug.<\/strong><\/h4><p data-block-key=\"ngkxp\">Handhafar vinningsmi\u00f0a eru vinsamlega be\u00f0nir um a\u00f0 framv\u00edsa \u00feeim \u00e1 skrifstofu Sj\u00e1lfsbjargar landssambands hreyfihamla\u00f0ra a\u00f0 H\u00e1t\u00fani 12 vesturinngangi (inngangur 4), 105 Reykjav\u00edk. Opi\u00f0 milli kl. 10:00 og 14:00 alla virka daga. S\u00edmi: 550 0360.<\/p><\/div><\/div><\/div><\/div><\/section><\/div><\/div>\t\t\t\t\t\t\t\t<\/div>\n\t\t\t\t<div class=\"elementor-element elementor-element-76da37b elementor-widget__width-inherit elementor-widget elementor-widget-text-editor\" data-id=\"76da37b\" data-element_type=\"widget\" data-e-type=\"widget\" data-widget_type=\"text-editor.default\">\n\t\t\t\t\t\t\t\t\t<p><a href=\"https:\/\/sjalfsbjorg.is\/wp-content\/uploads\/2026\/03\/Vinningaskra-til-birtingar-II20252.docx\">\u00c1ram\u00f3tahappdr\u00e6tti 2025<\/a><br \/><a href=\"https:\/\/sjalfsbjorg.is\/wp-content\/uploads\/2026\/03\/Vinningaskra-til-birtingar-II20252.docx\"><img fetchpriority=\"high\" decoding=\"async\" class=\"alignnone size-medium wp-image-12290\" src=\"https:\/\/sjalfsbjorg.is\/wp-content\/uploads\/2026\/03\/Happdraetti2025des-212x300.png\" alt=\"\" width=\"212\" height=\"300\" srcset=\"https:\/\/sjalfsbjorg.is\/wp-content\/uploads\/2026\/03\/Happdraetti2025des-212x300.png 212w, https:\/\/sjalfsbjorg.is\/wp-content\/uploads\/2026\/03\/Happdraetti2025des-600x850.png 600w, https:\/\/sjalfsbjorg.is\/wp-content\/uploads\/2026\/03\/Happdraetti2025des-64x91.png 64w, https:\/\/sjalfsbjorg.is\/wp-content\/uploads\/2026\/03\/Happdraetti2025des-8x12.png 8w, https:\/\/sjalfsbjorg.is\/wp-content\/uploads\/2026\/03\/Happdraetti2025des.png 692w\" sizes=\"(max-width: 212px) 100vw, 212px\" \/><\/a><\/p>\t\t\t\t\t\t\t\t<\/div>\n\t\t\t\t<div class=\"elementor-element elementor-element-7e20288 elementor-widget__width-inherit elementor-widget elementor-widget-text-editor\" data-id=\"7e20288\" data-element_type=\"widget\" data-e-type=\"widget\" data-widget_type=\"text-editor.default\">\n\t\t\t\t\t\t\t\t\t<p data-block-key=\"bbso9\"><span style=\"text-decoration: underline; text-decoration-color: #1D7488; text-underline-offset: 4px;\"><a href=\"https:\/\/sjalfsbjorg.is\/wp-content\/uploads\/2025\/10\/Vinningaskra_til_utprentunar_og_i_blodin_I2025.pdf\">J\u00f3nsmessuhappdr\u00e6tti 2025<\/a><\/span><\/p>\t\t\t\t\t\t\t\t<\/div>\n\t\t\t\t<div class=\"elementor-element elementor-element-5f9b737 elementor-widget elementor-widget-image\" data-id=\"5f9b737\" data-element_type=\"widget\" data-e-type=\"widget\" data-widget_type=\"image.default\">\n\t\t\t\t\t\t\t\t\t\t\t\t\t\t\t<img decoding=\"async\" width=\"719\" height=\"1024\" src=\"https:\/\/sjalfsbjorg.is\/wp-content\/uploads\/2025\/10\/Vinningaskra_til_utprentunar_og_i_blodin_I2025.width-800-719x1024.jpg\" class=\"attachment-large size-large wp-image-6107\" alt=\"\" srcset=\"https:\/\/sjalfsbjorg.is\/wp-content\/uploads\/2025\/10\/Vinningaskra_til_utprentunar_og_i_blodin_I2025.width-800-719x1024.jpg 719w, https:\/\/sjalfsbjorg.is\/wp-content\/uploads\/2025\/10\/Vinningaskra_til_utprentunar_og_i_blodin_I2025.width-800-768x1093.jpg 768w\" sizes=\"(max-width: 719px) 100vw, 719px\" \/>\t\t\t\t\t\t\t\t\t\t\t\t\t\t\t<\/div>\n\t\t\t\t<div class=\"elementor-element elementor-element-6150088 elementor-widget__width-inherit elementor-widget elementor-widget-text-editor\" data-id=\"6150088\" data-element_type=\"widget\" data-e-type=\"widget\" data-widget_type=\"text-editor.default\">\n\t\t\t\t\t\t\t\t\t<p data-block-key=\"bt24f\"><span style=\"text-decoration: underline; text-decoration-color: #1D7488; text-underline-offset: 4px;\"><a href=\"https:\/\/sjalfsbjorg.is\/wp-content\/uploads\/2025\/10\/Vinningaskra_til_utprentunar_og_i_blodin_II2024.pdf\">\u00c1ram\u00f3tahappdr\u00e6tti 2024<\/a><\/span><\/p>\t\t\t\t\t\t\t\t<\/div>\n\t\t\t\t<div class=\"elementor-element elementor-element-324bde1 elementor-widget elementor-widget-image\" data-id=\"324bde1\" data-element_type=\"widget\" data-e-type=\"widget\" data-widget_type=\"image.default\">\n\t\t\t\t\t\t\t\t\t\t\t\t\t\t\t<img decoding=\"async\" width=\"728\" height=\"1024\" src=\"https:\/\/sjalfsbjorg.is\/wp-content\/uploads\/2025\/10\/Vinningaskra_II2024.width-800-728x1024.png\" class=\"attachment-large size-large wp-image-6120\" alt=\"\" srcset=\"https:\/\/sjalfsbjorg.is\/wp-content\/uploads\/2025\/10\/Vinningaskra_II2024.width-800-728x1024.png 728w, https:\/\/sjalfsbjorg.is\/wp-content\/uploads\/2025\/10\/Vinningaskra_II2024.width-800-600x844.png 600w, https:\/\/sjalfsbjorg.is\/wp-content\/uploads\/2025\/10\/Vinningaskra_II2024.width-800-64x90.png 64w, https:\/\/sjalfsbjorg.is\/wp-content\/uploads\/2025\/10\/Vinningaskra_II2024.width-800-213x300.png 213w, https:\/\/sjalfsbjorg.is\/wp-content\/uploads\/2025\/10\/Vinningaskra_II2024.width-800-768x1080.png 768w, https:\/\/sjalfsbjorg.is\/wp-content\/uploads\/2025\/10\/Vinningaskra_II2024.width-800.png 800w\" sizes=\"(max-width: 728px) 100vw, 728px\" \/>\t\t\t\t\t\t\t\t\t\t\t\t\t\t\t<\/div>\n\t\t\t\t<\/div>\n\t\t\t\t\t<\/div>\n\t\t\t\t<\/div>\n\t\t<div class=\"elementor-element elementor-element-49d9e07 e-flex e-con-boxed e-con e-parent\" data-id=\"49d9e07\" data-element_type=\"container\" data-e-type=\"container\">\n\t\t\t\t\t<div class=\"e-con-inner\">\n\t\t\t\t\t<\/div>\n\t\t\t\t<\/div>\n\t\t\t\t<\/div>","protected":false},"excerpt":{"rendered":"<p>Ein a\u00f0altekjulind Sj\u00e1lfsbjargar er happdr\u00e6tti okkar, en dregi\u00f0 er tvisvar \u00e1 \u00e1ri. Dregi\u00f0 var \u00ed \u00c1ram\u00f3tahappdr\u00e6tti Sj\u00e1lfsbjargar 2024 \u00feann 31. desember 2024. Dregi\u00f0 var \u00ed J\u00f3nsmessuhappdr\u00e6tti Sj\u00e1lfsbjargar 2025 \u00feann 24. j\u00fan\u00ed 2025. Vinningaskr\u00e1r fyrir J\u00f3nsmessuhappdr\u00e6tti og \u00c1ram\u00f3tahappdr\u00e6tti m\u00e1 sj\u00e1 ne\u00f0ar \u00e1 s\u00ed\u00f0unni. Kaupa mi\u00f0a Ein a\u00f0altekjulind Sj\u00e1lfsbjargar eru happdr\u00e6tti samtakanna. \u00c1rlega erum vi\u00f0 me\u00f0 tv\u00f6 [&hellip;]<\/p>\n","protected":false},"author":1,"featured_media":0,"parent":5868,"menu_order":0,"comment_status":"closed","ping_status":"closed","template":"elementor_theme","meta":{"footnotes":""},"class_list":["post-6003","page","type-page","status-publish","hentry"],"_links":{"self":[{"href":"https:\/\/sjalfsbjorg.is\/en\/wp-json\/wp\/v2\/pages\/6003","targetHints":{"allow":["GET"]}}],"collection":[{"href":"https:\/\/sjalfsbjorg.is\/en\/wp-json\/wp\/v2\/pages"}],"about":[{"href":"https:\/\/sjalfsbjorg.is\/en\/wp-json\/wp\/v2\/types\/page"}],"author":[{"embeddable":true,"href":"https:\/\/sjalfsbjorg.is\/en\/wp-json\/wp\/v2\/users\/1"}],"replies":[{"embeddable":true,"href":"https:\/\/sjalfsbjorg.is\/en\/wp-json\/wp\/v2\/comments?post=6003"}],"version-history":[{"count":0,"href":"https:\/\/sjalfsbjorg.is\/en\/wp-json\/wp\/v2\/pages\/6003\/revisions"}],"up":[{"embeddable":true,"href":"https:\/\/sjalfsbjorg.is\/en\/wp-json\/wp\/v2\/pages\/5868"}],"wp:attachment":[{"href":"https:\/\/sjalfsbjorg.is\/en\/wp-json\/wp\/v2\/media?parent=6003"}],"curies":[{"name":"wp","href":"https:\/\/api.w.org\/{rel}","templated":true}]}}