{"id":6005,"date":"2025-10-12T00:09:54","date_gmt":"2025-10-12T00:09:54","guid":{"rendered":"https:\/\/sjalfsbjorg.is\/?page_id=6005"},"modified":"2025-11-06T02:57:17","modified_gmt":"2025-11-06T02:57:17","slug":"senda-minningarkort","status":"publish","type":"page","link":"https:\/\/sjalfsbjorg.is\/en\/styrkja-starfid\/senda-minningarkort\/","title":{"rendered":"Send a memorial card"},"content":{"rendered":"\t\t<div data-elementor-type=\"wp-page\" data-elementor-id=\"6005\" class=\"elementor elementor-6005\" data-elementor-post-type=\"page\">\n\t\t\t\t<div class=\"elementor-element elementor-element-f273d86 elementor-hidden-mobile e-flex e-con-boxed e-con e-parent\" data-id=\"f273d86\" data-element_type=\"container\" data-e-type=\"container\">\n\t\t\t\t\t<div class=\"e-con-inner\">\n\t\t\t\t<div class=\"elementor-element elementor-element-bdb7140 elementor-widget elementor-widget-heading\" data-id=\"bdb7140\" data-element_type=\"widget\" data-e-type=\"widget\" data-widget_type=\"heading.default\">\n\t\t\t\t\t<h2 class=\"elementor-heading-title elementor-size-default\">Styrkja starfi\u00f0\n<\/h2>\t\t\t\t<\/div>\n\t\t\t\t<div class=\"elementor-element elementor-element-21fbc4d elementor-widget-divider--view-line elementor-widget elementor-widget-divider\" data-id=\"21fbc4d\" data-element_type=\"widget\" data-e-type=\"widget\" data-widget_type=\"divider.default\">\n\t\t\t\t\t\t\t<div class=\"elementor-divider\">\n\t\t\t<span class=\"elementor-divider-separator\">\n\t\t\t\t\t\t<\/span>\n\t\t<\/div>\n\t\t\t\t\t\t<\/div>\n\t\t\t\t\t<\/div>\n\t\t\t\t<\/div>\n\t\t<div class=\"elementor-element elementor-element-6b6daea e-flex e-con-boxed e-con e-parent\" data-id=\"6b6daea\" data-element_type=\"container\" data-e-type=\"container\">\n\t\t\t\t\t<div class=\"e-con-inner\">\n\t\t<div class=\"elementor-element elementor-element-982ffd2 e-con-full elementor-hidden-mobile e-flex e-con e-child\" data-id=\"982ffd2\" data-element_type=\"container\" data-e-type=\"container\">\n\t\t<div class=\"elementor-element elementor-element-a13690a e-con-full e-flex e-con e-child\" data-id=\"a13690a\" data-element_type=\"container\" data-e-type=\"container\" data-settings=\"{&quot;background_background&quot;:&quot;classic&quot;}\">\n\t\t\t\t<div class=\"elementor-element elementor-element-c5bc7ed elementor-widget elementor-widget-nav-menu\" data-id=\"c5bc7ed\" data-element_type=\"widget\" data-e-type=\"widget\" data-settings=\"{&quot;layout&quot;:&quot;dropdown&quot;,&quot;submenu_icon&quot;:{&quot;value&quot;:&quot;&lt;svg aria-hidden=\\&quot;true\\&quot; class=\\&quot;e-font-icon-svg e-fas-caret-down\\&quot; viewBox=\\&quot;0 0 320 512\\&quot; xmlns=\\&quot;http:\\\/\\\/www.w3.org\\\/2000\\\/svg\\&quot;&gt;&lt;path d=\\&quot;M31.3 192h257.3c17.8 0 26.7 21.5 14.1 34.1L174.1 354.8c-7.8 7.8-20.5 7.8-28.3 0L17.2 226.1C4.6 213.5 13.5 192 31.3 192z\\&quot;&gt;&lt;\\\/path&gt;&lt;\\\/svg&gt;&quot;,&quot;library&quot;:&quot;fa-solid&quot;}}\" data-widget_type=\"nav-menu.default\">\n\t\t\t\t\t\t\t\t<nav class=\"elementor-nav-menu--dropdown elementor-nav-menu__container\" aria-hidden=\"true\">\n\t\t\t\t<ul id=\"menu-2-c5bc7ed\" class=\"elementor-nav-menu\"><li class=\"menu-item menu-item-type-post_type menu-item-object-page menu-item-6019\"><a href=\"https:\/\/sjalfsbjorg.is\/en\/styrkja-starfid\/hollvinir\/\" class=\"elementor-item\" tabindex=\"-1\">Gerast Hollvinur Sj\u00e1lfsbjargar<\/a><\/li>\n<li class=\"menu-item menu-item-type-post_type menu-item-object-page menu-item-6018\"><a href=\"https:\/\/sjalfsbjorg.is\/en\/styrkja-starfid\/happdraetti-sjalfsbjargar\/\" class=\"elementor-item\" tabindex=\"-1\">Happdr\u00e6tti Sj\u00e1lfsbjargar<\/a><\/li>\n<li class=\"menu-item menu-item-type-post_type menu-item-object-page menu-item-6017\"><a href=\"https:\/\/sjalfsbjorg.is\/en\/styrkja-starfid\/senda-minningarkort\/\" class=\"elementor-item\" tabindex=\"-1\">Senda minningarkort<\/a><\/li>\n<li class=\"menu-item menu-item-type-post_type menu-item-object-page menu-item-6016\"><a href=\"https:\/\/sjalfsbjorg.is\/en\/styrkja-starfid\/erfdagjafir\/\" class=\"elementor-item\" tabindex=\"-1\">Erf\u00f0agjafir<\/a><\/li>\n<li class=\"menu-item menu-item-type-post_type menu-item-object-page menu-item-6015\"><a href=\"https:\/\/sjalfsbjorg.is\/en\/styrkja-starfid\/vefverslun-sjalfsbjargar\/\" class=\"elementor-item\" tabindex=\"-1\">Vefverslun Sj\u00e1lfsbjargar<\/a><\/li>\n<\/ul>\t\t\t<\/nav>\n\t\t\t\t\t\t<\/div>\n\t\t\t\t<\/div>\n\t\t\t\t<\/div>\n\t\t<div class=\"elementor-element elementor-element-ee17cb4 e-con-full e-flex e-con e-child\" data-id=\"ee17cb4\" data-element_type=\"container\" data-e-type=\"container\">\n\t\t\t\t<div class=\"elementor-element elementor-element-1a681e3 elementor-view-default elementor-position-block-start elementor-mobile-position-block-start elementor-widget elementor-widget-icon-box\" data-id=\"1a681e3\" data-element_type=\"widget\" data-e-type=\"widget\" data-widget_type=\"icon-box.default\">\n\t\t\t\t\t\t\t<div class=\"elementor-icon-box-wrapper\">\n\n\t\t\t\t\t\t<div class=\"elementor-icon-box-icon\">\n\t\t\t\t<span  class=\"elementor-icon\">\n\t\t\t\t<svg aria-hidden=\"true\" class=\"e-font-icon-svg e-fas-heart\" viewBox=\"0 0 512 512\" xmlns=\"http:\/\/www.w3.org\/2000\/svg\"><path d=\"M462.3 62.6C407.5 15.9 326 24.3 275.7 76.2L256 96.5l-19.7-20.3C186.1 24.3 104.5 15.9 49.7 62.6c-62.8 53.6-66.1 149.8-9.9 207.9l193.5 199.8c12.5 12.9 32.8 12.9 45.3 0l193.5-199.8c56.3-58.1 53-154.3-9.8-207.9z\"><\/path><\/svg>\t\t\t\t<\/span>\n\t\t\t<\/div>\n\t\t\t\n\t\t\t\n\t\t<\/div>\n\t\t\t\t\t\t<\/div>\n\t\t\t\t<div class=\"elementor-element elementor-element-cb0f967 elementor-widget__width-initial elementor-widget elementor-widget-text-editor\" data-id=\"cb0f967\" data-element_type=\"widget\" data-e-type=\"widget\" data-widget_type=\"text-editor.default\">\n\t\t\t\t\t\t\t\t\tH\u00e9r geta einstaklingar e\u00f0a fyrirt\u00e6ki styrkt Landsamband Sj\u00e1lfsbjargar me\u00f0 einst\u00f6ku framlagi.\n\n\t\t\t\t\t\t\t\t<\/div>\n\t\t\t\t<div class=\"elementor-element elementor-element-2c402d8 elementor-widget elementor-widget-text-editor\" data-id=\"2c402d8\" data-element_type=\"widget\" data-e-type=\"widget\" data-widget_type=\"text-editor.default\">\n\t\t\t\t\t\t\t\t\t<p>Byrja\u00f0u \u00e1 a\u00f0 velja upph\u00e6\u00f0. \u00dev\u00ed n\u00e6st smellir \u00fe\u00fa \u00e1 hnappinn og grei\u00f0ir fyrir minningarkorti\u00f0. \u00deegar grei\u00f0slu er loki\u00f0 f\u00e6rist \u00fe\u00fa \u00e1 a\u00f0ra s\u00ed\u00f0u \u00fear sem vi\u00f0 bi\u00f0jum \u00feig a\u00f0 fylla \u00fat n\u00e1nari uppl\u00fdsingar um minningarkorti\u00f0.<\/p>\t\t\t\t\t\t\t\t<\/div>\n\t\t\t\t<div class=\"elementor-element elementor-element-a29cfc0 elementor-widget elementor-widget-spacer\" data-id=\"a29cfc0\" data-element_type=\"widget\" data-e-type=\"widget\" data-widget_type=\"spacer.default\">\n\t\t\t\t\t\t\t<div class=\"elementor-spacer\">\n\t\t\t<div class=\"elementor-spacer-inner\"><\/div>\n\t\t<\/div>\n\t\t\t\t\t\t<\/div>\n\t\t<div class=\"elementor-element elementor-element-f283c7c e-con-full e-flex e-con e-child\" data-id=\"f283c7c\" data-element_type=\"container\" data-e-type=\"container\">\n\t\t\t\t<div class=\"elementor-element elementor-element-4551c8a elementor-widget elementor-widget-heading\" data-id=\"4551c8a\" data-element_type=\"widget\" data-e-type=\"widget\" data-widget_type=\"heading.default\">\n\t\t\t\t\t<h2 class=\"elementor-heading-title elementor-size-default\">Veldu upph\u00e6\u00f0 minningarkorts\n<\/h2>\t\t\t\t<\/div>\n\t\t\t\t<div class=\"elementor-element elementor-element-a03ef2b elementor-button-align-stretch elementor-widget elementor-widget-form\" data-id=\"a03ef2b\" data-element_type=\"widget\" data-e-type=\"widget\" data-settings=\"{&quot;button_width&quot;:&quot;30&quot;,&quot;button_width_mobile&quot;:&quot;40&quot;,&quot;step_next_label&quot;:&quot;Next&quot;,&quot;step_previous_label&quot;:&quot;Previous&quot;,&quot;step_type&quot;:&quot;number_text&quot;,&quot;step_icon_shape&quot;:&quot;circle&quot;}\" data-widget_type=\"form.default\">\n\t\t\t\t\t\t\t<form class=\"elementor-form\" method=\"post\" name=\"New Form\" aria-label=\"New Form\">\n\t\t\t<input type=\"hidden\" name=\"post_id\" value=\"6005\"\/>\n\t\t\t<input type=\"hidden\" name=\"form_id\" value=\"a03ef2b\"\/>\n\t\t\t<input type=\"hidden\" name=\"referer_title\" value=\"Senda minningarkort\" \/>\n\n\t\t\t\t\t\t\t<input type=\"hidden\" name=\"queried_id\" value=\"6005\"\/>\n\t\t\t\n\t\t\t<div class=\"elementor-form-fields-wrapper elementor-labels-\">\n\t\t\t\t\t\t\t\t<div class=\"elementor-field-type-number elementor-field-group elementor-column elementor-field-group-name elementor-col-70 elementor-sm-60\">\n\t\t\t\t\t\t\t\t\t\t\t\t<label for=\"form-field-name\" class=\"elementor-field-label elementor-screen-only\">\n\t\t\t\t\t\t\t\tVeldu upph\u00e6\u00f0\t\t\t\t\t\t\t<\/label>\n\t\t\t\t\t\t\t\t\t<input type=\"number\" name=\"form_fields[name]\" id=\"form-field-name\" class=\"elementor-field elementor-size-sm  elementor-field-textual\" placeholder=\" Veldu upph\u00e6\u00f0 \" min=\"\" max=\"\" >\n\t\t\t\t\t\t<\/div>\n\t\t\t\t\t\t\t\t<div class=\"elementor-field-group elementor-column elementor-field-type-submit elementor-col-30 e-form__buttons elementor-sm-40\">\n\t\t\t\t\t<button class=\"elementor-button elementor-size-sm\" type=\"submit\">\n\t\t\t\t\t\t<span class=\"elementor-button-content-wrapper\">\n\t\t\t\t\t\t\t\t\t\t\t\t\t\t\t\t\t\t\t\t\t\t<span class=\"elementor-button-text\">Grei\u00f0a<\/span>\n\t\t\t\t\t\t\t\t\t\t\t\t\t<\/span>\n\t\t\t\t\t<\/button>\n\t\t\t\t<\/div>\n\t\t\t<\/div>\n\t\t<\/form>\n\t\t\t\t\t\t<\/div>\n\t\t\t\t<\/div>\n\t\t\t\t<\/div>\n\t\t\t\t\t<\/div>\n\t\t\t\t<\/div>\n\t\t\t\t<\/div>\n\t\t","protected":false},"excerpt":{"rendered":"<p>Styrkja starfi\u00f0 H\u00e9r geta einstaklingar e\u00f0a fyrirt\u00e6ki styrkt Landsamband Sj\u00e1lfsbjargar me\u00f0 einst\u00f6ku framlagi. Byrja\u00f0u \u00e1 a\u00f0 velja upph\u00e6\u00f0. \u00dev\u00ed n\u00e6st smellir \u00fe\u00fa \u00e1 hnappinn og grei\u00f0ir fyrir minningarkorti\u00f0. \u00deegar grei\u00f0slu er loki\u00f0 f\u00e6rist \u00fe\u00fa \u00e1 a\u00f0ra s\u00ed\u00f0u \u00fear sem vi\u00f0 bi\u00f0jum \u00feig a\u00f0 fylla \u00fat n\u00e1nari uppl\u00fdsingar um minningarkorti\u00f0. Veldu upph\u00e6\u00f0 minningarkorts<\/p>","protected":false},"author":1,"featured_media":0,"parent":5868,"menu_order":0,"comment_status":"closed","ping_status":"closed","template":"elementor_theme","meta":{"footnotes":""},"class_list":["post-6005","page","type-page","status-publish","hentry"],"_links":{"self":[{"href":"https:\/\/sjalfsbjorg.is\/en\/wp-json\/wp\/v2\/pages\/6005","targetHints":{"allow":["GET"]}}],"collection":[{"href":"https:\/\/sjalfsbjorg.is\/en\/wp-json\/wp\/v2\/pages"}],"about":[{"href":"https:\/\/sjalfsbjorg.is\/en\/wp-json\/wp\/v2\/types\/page"}],"author":[{"embeddable":true,"href":"https:\/\/sjalfsbjorg.is\/en\/wp-json\/wp\/v2\/users\/1"}],"replies":[{"embeddable":true,"href":"https:\/\/sjalfsbjorg.is\/en\/wp-json\/wp\/v2\/comments?post=6005"}],"version-history":[{"count":0,"href":"https:\/\/sjalfsbjorg.is\/en\/wp-json\/wp\/v2\/pages\/6005\/revisions"}],"up":[{"embeddable":true,"href":"https:\/\/sjalfsbjorg.is\/en\/wp-json\/wp\/v2\/pages\/5868"}],"wp:attachment":[{"href":"https:\/\/sjalfsbjorg.is\/en\/wp-json\/wp\/v2\/media?parent=6005"}],"curies":[{"name":"wp","href":"https:\/\/api.w.org\/{rel}","templated":true}]}}