{"id":6007,"date":"2025-10-12T00:10:49","date_gmt":"2025-10-12T00:10:49","guid":{"rendered":"https:\/\/sjalfsbjorg.is\/?page_id=6007"},"modified":"2025-11-18T15:30:47","modified_gmt":"2025-11-18T15:30:47","slug":"erfdagjafir","status":"publish","type":"page","link":"https:\/\/sjalfsbjorg.is\/en\/styrkja-starfid\/erfdagjafir\/","title":{"rendered":"Inheritance"},"content":{"rendered":"<div data-elementor-type=\"wp-page\" data-elementor-id=\"6007\" class=\"elementor elementor-6007\" data-elementor-post-type=\"page\">\n\t\t\t\t<div class=\"elementor-element elementor-element-2f5c987 e-flex e-con-boxed e-con e-parent\" data-id=\"2f5c987\" data-element_type=\"container\" data-e-type=\"container\">\n\t\t\t\t\t<div class=\"e-con-inner\">\n\t\t<div class=\"elementor-element elementor-element-e4b2762 e-con-full elementor-hidden-mobile e-flex e-con e-child\" data-id=\"e4b2762\" data-element_type=\"container\" data-e-type=\"container\">\n\t\t\t\t<div class=\"elementor-element elementor-element-6e1662b elementor-invisible elementor-widget elementor-widget-nav-menu\" data-id=\"6e1662b\" data-element_type=\"widget\" data-e-type=\"widget\" data-settings=\"{&quot;layout&quot;:&quot;dropdown&quot;,&quot;_animation&quot;:&quot;fadeIn&quot;,&quot;submenu_icon&quot;:{&quot;value&quot;:&quot;&lt;svg aria-hidden=\\&quot;true\\&quot; class=\\&quot;e-font-icon-svg e-fas-caret-down\\&quot; viewBox=\\&quot;0 0 320 512\\&quot; xmlns=\\&quot;http:\\\/\\\/www.w3.org\\\/2000\\\/svg\\&quot;&gt;&lt;path d=\\&quot;M31.3 192h257.3c17.8 0 26.7 21.5 14.1 34.1L174.1 354.8c-7.8 7.8-20.5 7.8-28.3 0L17.2 226.1C4.6 213.5 13.5 192 31.3 192z\\&quot;&gt;&lt;\\\/path&gt;&lt;\\\/svg&gt;&quot;,&quot;library&quot;:&quot;fa-solid&quot;}}\" data-widget_type=\"nav-menu.default\">\n\t\t\t\t\t\t\t\t<nav class=\"elementor-nav-menu--dropdown elementor-nav-menu__container\" aria-hidden=\"true\">\n\t\t\t\t<ul id=\"menu-2-6e1662b\" class=\"elementor-nav-menu\"><li class=\"menu-item menu-item-type-post_type menu-item-object-page menu-item-6019\"><a href=\"https:\/\/sjalfsbjorg.is\/en\/styrkja-starfid\/hollvinir\/\" class=\"elementor-item\" tabindex=\"-1\">Gerast Hollvinur Sj\u00e1lfsbjargar<\/a><\/li>\n<li class=\"menu-item menu-item-type-post_type menu-item-object-page menu-item-6018\"><a href=\"https:\/\/sjalfsbjorg.is\/en\/styrkja-starfid\/happdraetti-sjalfsbjargar\/\" class=\"elementor-item\" tabindex=\"-1\">Lottery Self-help<\/a><\/li>\n<li class=\"menu-item menu-item-type-post_type menu-item-object-page menu-item-6017\"><a href=\"https:\/\/sjalfsbjorg.is\/en\/styrkja-starfid\/senda-minningarkort\/\" class=\"elementor-item\" tabindex=\"-1\">Send a memorial card<\/a><\/li>\n<li class=\"menu-item menu-item-type-post_type menu-item-object-page menu-item-6016\"><a href=\"https:\/\/sjalfsbjorg.is\/en\/styrkja-starfid\/erfdagjafir\/\" class=\"elementor-item\" tabindex=\"-1\">Inheritance<\/a><\/li>\n<li class=\"menu-item menu-item-type-post_type menu-item-object-page menu-item-6015\"><a href=\"https:\/\/sjalfsbjorg.is\/en\/styrkja-starfid\/vefverslun-sjalfsbjargar\/\" class=\"elementor-item\" tabindex=\"-1\">Vefverslun Sj\u00e1lfsbjargar<\/a><\/li>\n<\/ul>\t\t\t<\/nav>\n\t\t\t\t\t\t<\/div>\n\t\t\t\t<\/div>\n\t\t<div class=\"elementor-element elementor-element-ff1dba9 e-con-full e-flex elementor-invisible e-con e-child\" data-id=\"ff1dba9\" data-element_type=\"container\" data-e-type=\"container\" data-settings=\"{&quot;animation&quot;:&quot;fadeIn&quot;}\">\n\t\t\t\t<div class=\"elementor-element elementor-element-83b2df2 elementor-view-default elementor-position-block-start elementor-mobile-position-block-start elementor-widget elementor-widget-icon-box\" data-id=\"83b2df2\" data-element_type=\"widget\" data-e-type=\"widget\" data-widget_type=\"icon-box.default\">\n\t\t\t\t\t\t\t<div class=\"elementor-icon-box-wrapper\">\n\n\t\t\t\t\t\t<div class=\"elementor-icon-box-icon\">\n\t\t\t\t<span  class=\"elementor-icon\">\n\t\t\t\t<svg aria-hidden=\"true\" class=\"e-font-icon-svg e-fas-ticket-alt\" viewbox=\"0 0 576 512\" xmlns=\"http:\/\/www.w3.org\/2000\/svg\"><path d=\"M128 160h320v192H128V160zm400 96c0 26.51 21.49 48 48 48v96c0 26.51-21.49 48-48 48H48c-26.51 0-48-21.49-48-48v-96c26.51 0 48-21.49 48-48s-21.49-48-48-48v-96c0-26.51 21.49-48 48-48h480c26.51 0 48 21.49 48 48v96c-26.51 0-48 21.49-48 48zm-48-104c0-13.255-10.745-24-24-24H120c-13.255 0-24 10.745-24 24v208c0 13.255 10.745 24 24 24h336c13.255 0 24-10.745 24-24V152z\"><\/path><\/svg>\t\t\t\t<\/span>\n\t\t\t<\/div>\n\t\t\t\n\t\t\t\n\t\t<\/div>\n\t\t\t\t\t\t<\/div>\n\t\t\t\t<div class=\"elementor-element elementor-element-c4de0d2 elementor-widget elementor-widget-text-editor\" data-id=\"c4de0d2\" data-element_type=\"widget\" data-e-type=\"widget\" data-widget_type=\"text-editor.default\">\n\t\t\t\t\t\t\t\t\t<div class=\"intro text-center\"><div class=\"description\"><h4 data-block-key=\"aka4k\"><strong>Inheritance<\/strong><\/h4><p data-block-key=\"91snl\">\u00dea\u00f0 hefur f\u00e6rst \u00ed v\u00f6xt a\u00f0 f\u00f3lk arflei\u00f0ir hluta eigna sinna til einhverra f\u00e9lagasamtaka og hefur Sj\u00e1lfsbj\u00f6rg fengi\u00f0 sl\u00edkar gjafir. Til a\u00f0 koma til m\u00f3ts vi\u00f0 f\u00f3lk sem vildi tiltaka\u00a0<b>Sj\u00e1lfsbj\u00f6rg landssamband hreyfihamla\u00f0ra<\/b>\u00a0\u00ed sinni erf\u00f0askr\u00e1 eru h\u00e9r samanteknar nokkrar hagn\u00fdtar uppl\u00fdsingar um atri\u00f0i er m\u00e1lefninu tengjast. Einnig m\u00e1 hafa beint samband vi\u00f0 skrifstofuna \u00e1 skrifstofut\u00edma s. 550-0360 og mun starfsf\u00f3lk veita frekari uppl\u00fdsingar og li\u00f0sinni. Erf\u00f0af\u00e9 sem \u00f6nnur framl\u00f6g til samtakanna renna til m\u00e1lefnastarfs samtakanna.<\/p><h4 data-block-key=\"zp8bl\"><strong>Erf\u00f0askr\u00e1<\/strong><\/h4><p data-block-key=\"sh6hs\">Erf\u00f0askr\u00e1 er formlegt skjal og yfirl\u00fdsing einstaklings um \u00fea\u00f0 hvernig eigi a\u00f0 r\u00e1\u00f0stafa eignum hans a\u00f0 honum l\u00e1tnum. Til a\u00f0 tryggja l\u00f6gm\u00e6ti hennar er gott a\u00f0 leita til faga\u00f0ila. Erf\u00f0askr\u00e1in \u00fearf a\u00f0 uppfylla \u00e1kve\u00f0in formskilyr\u00f0i til a\u00f0 teljast gild:<\/p><ul><li data-block-key=\"t4xck\">H\u00fan \u00fearf a\u00f0 vera t.d.\u00a0<b>dagsett<\/b>\u00a0og\u00a0<b>sk\u00fdrt or\u00f0u\u00f0<\/b>\u00a0\u00feannig a\u00f0 \u00fea\u00f0 s\u00e9 \u00feeim lj\u00f3st sem les hver vilji einstaklingsins hafi veri\u00f0 vi\u00f0 ger\u00f0 hennar.<\/li><li data-block-key=\"awd1u\">Vera\u00a0<b>vottu\u00f0<\/b>\u00a0af tveimur vitundarvottum.<\/li><li data-block-key=\"4fmxg\">Erf\u00f0askr\u00e1 m\u00e1 gera hven\u00e6r sem er eftir 18 \u00e1ra aldur og fram \u00e1 d\u00e1nardag og m\u00e1 breyta henni hven\u00e6r sem er. \u00de\u00f3 erfingjar s\u00e9u til sta\u00f0ar ber engin skylda til a\u00f0 uppl\u00fdsa \u00fe\u00e1 um tilvist erf\u00f0askr\u00e1r. Erf\u00f0askr\u00e1na m\u00e1 skr\u00e1 hj\u00e1\u00a0<b>s\u00fdslumanni<\/b>, en \u00fea\u00f0 tryggir jafnframt a\u00f0 skjali\u00f0 s\u00e9 r\u00e9tt gert, og h\u00fan er \u00fe\u00e1 vel var\u00f0veitt og vi\u00f0 andl\u00e1t kemur h\u00fan fram.<\/li><li data-block-key=\"e80pj\">A\u00f0 \u00fdmsu er a\u00f0 huga \u00feegar erf\u00f0askr\u00e1 er ger\u00f0 og \u00fev\u00ed mikilv\u00e6gt a\u00f0 f\u00f3lk leiti s\u00e9r a\u00f0sto\u00f0ar vi\u00f0 ger\u00f0 hennar. \u00dea\u00f0 \u00fearf til d\u00e6mis a\u00f0 hafa \u00ed huga a\u00f0 h\u00e9rlendis getur f\u00f3lk sem \u00e1\u00a0<b>skylduerfingja<\/b>\u00a0\u00e1 l\u00edfi (maka e\u00f0a b\u00f6rn)\u00a0<b>ekki<\/b>\u00a0r\u00e1\u00f0stafa\u00f0 nema\u00a0<b>1\/3 eigna sinna<\/b>\u00a0til annarra en \u00feeirra. Einstaklingur sem \u00e1 enga skylduerfingja getur r\u00e1\u00f0stafa\u00f0\u00a0<b>\u00f6llum eignum<\/b>\u00a0s\u00ednum a\u00f0 s\u00e9r l\u00e1tnum me\u00f0 erf\u00f0askr\u00e1.<\/li><li data-block-key=\"ztv9j\">Ef einstaklingur hefur\u00a0<b>ekki gert erf\u00f0askr\u00e1<\/b>\u00a0renna eigur hans til\u00a0<b>l\u00f6gerfingja<\/b>\u00a0(b\u00f6rn og a\u00f0rir ni\u00f0jar, foreldrar og systkin hins l\u00e1tna, f\u00f6\u00f0ur- og m\u00f3\u00f0urforeldrar hins l\u00e1tna og b\u00f6rn \u00feeirra). Ef aftur\u00a0<b>engir l\u00f6gerfingjar<\/b>\u00a0eru til sta\u00f0ar vi\u00f0 andl\u00e1t einstaklings renna allar eigur hans til\u00a0<b>r\u00edkissj\u00f3\u00f0s<\/b>\u00a0hafi ekki veri\u00f0 ger\u00f0 erf\u00f0askr\u00e1. Erf\u00f0askr\u00e1in er \u00fev\u00ed lykilatri\u00f0i og mikilv\u00e6gt a\u00f0 huga\u00f0 s\u00e9 a\u00f0 ger\u00f0 hennar snemma.<\/li><li data-block-key=\"922y9\">\u00de\u00e1 er r\u00e9tt a\u00f0 geta \u00feess a\u00f0 samkv\u00e6mt l\u00f6gum \u00fe\u00e1 \u00feurfa f\u00e9l\u00f6g l\u00edkt og Sj\u00e1lfsbj\u00f6rg\u00a0<b>ekki<\/b>\u00a0a\u00f0 grei\u00f0a erf\u00f0askatt af arfi sem \u00feeim hlotnast.<\/li><\/ul><p data-block-key=\"pq2tg\">F\u00e9lagasamt\u00f6k l\u00edkt og Sj\u00e1lfsbj\u00f6rg taka \u00fev\u00ed fagnandi og af mikilli au\u00f0m\u00fdkt og \u00feakkl\u00e6ti ef f\u00f3lk vill veita starfseminni og bar\u00e1ttustarfi samtakanna stu\u00f0ning me\u00f0 \u00fev\u00ed a\u00f0 \u00e1nafna samt\u00f6kunum einhverju vi\u00f0 fr\u00e1fall \u00feess.<\/p><\/div><\/div>\t\t\t\t\t\t\t\t<\/div>\n\t\t\t\t<\/div>\n\t\t\t\t\t<\/div>\n\t\t\t\t<\/div>\n\t\t\t\t<\/div>","protected":false},"excerpt":{"rendered":"<p>Erf\u00f0agjafir \u00dea\u00f0 hefur f\u00e6rst \u00ed v\u00f6xt a\u00f0 f\u00f3lk arflei\u00f0ir hluta eigna sinna til einhverra f\u00e9lagasamtaka og hefur Sj\u00e1lfsbj\u00f6rg fengi\u00f0 sl\u00edkar gjafir. Til a\u00f0 koma til m\u00f3ts vi\u00f0 f\u00f3lk sem vildi tiltaka\u00a0Sj\u00e1lfsbj\u00f6rg landssamband hreyfihamla\u00f0ra\u00a0\u00ed sinni erf\u00f0askr\u00e1 eru h\u00e9r samanteknar nokkrar hagn\u00fdtar uppl\u00fdsingar um atri\u00f0i er m\u00e1lefninu tengjast. Einnig m\u00e1 hafa beint samband vi\u00f0 skrifstofuna \u00e1 skrifstofut\u00edma [&hellip;]<\/p>\n","protected":false},"author":1,"featured_media":0,"parent":5868,"menu_order":0,"comment_status":"closed","ping_status":"closed","template":"elementor_theme","meta":{"footnotes":""},"class_list":["post-6007","page","type-page","status-publish","hentry"],"_links":{"self":[{"href":"https:\/\/sjalfsbjorg.is\/en\/wp-json\/wp\/v2\/pages\/6007","targetHints":{"allow":["GET"]}}],"collection":[{"href":"https:\/\/sjalfsbjorg.is\/en\/wp-json\/wp\/v2\/pages"}],"about":[{"href":"https:\/\/sjalfsbjorg.is\/en\/wp-json\/wp\/v2\/types\/page"}],"author":[{"embeddable":true,"href":"https:\/\/sjalfsbjorg.is\/en\/wp-json\/wp\/v2\/users\/1"}],"replies":[{"embeddable":true,"href":"https:\/\/sjalfsbjorg.is\/en\/wp-json\/wp\/v2\/comments?post=6007"}],"version-history":[{"count":19,"href":"https:\/\/sjalfsbjorg.is\/en\/wp-json\/wp\/v2\/pages\/6007\/revisions"}],"predecessor-version":[{"id":10014,"href":"https:\/\/sjalfsbjorg.is\/en\/wp-json\/wp\/v2\/pages\/6007\/revisions\/10014"}],"up":[{"embeddable":true,"href":"https:\/\/sjalfsbjorg.is\/en\/wp-json\/wp\/v2\/pages\/5868"}],"wp:attachment":[{"href":"https:\/\/sjalfsbjorg.is\/en\/wp-json\/wp\/v2\/media?parent=6007"}],"curies":[{"name":"wp","href":"https:\/\/api.w.org\/{rel}","templated":true}]}}