{"id":6009,"date":"2025-10-12T00:11:52","date_gmt":"2025-10-12T00:11:52","guid":{"rendered":"https:\/\/sjalfsbjorg.is\/?page_id=6009"},"modified":"2025-11-18T15:36:48","modified_gmt":"2025-11-18T15:36:48","slug":"vefverslun-sjalfsbjargar","status":"publish","type":"page","link":"https:\/\/sjalfsbjorg.is\/en\/styrkja-starfid\/vefverslun-sjalfsbjargar\/","title":{"rendered":"Vefverslun Sj\u00e1lfsbjargar"},"content":{"rendered":"<div data-elementor-type=\"wp-page\" data-elementor-id=\"6009\" class=\"elementor elementor-6009\" data-elementor-post-type=\"page\">\n\t\t\t\t<div class=\"elementor-element elementor-element-00e127b e-flex e-con-boxed e-con e-parent\" data-id=\"00e127b\" data-element_type=\"container\" data-e-type=\"container\">\n\t\t\t\t\t<div class=\"e-con-inner\">\n\t\t<div class=\"elementor-element elementor-element-2276e64 e-con-full elementor-hidden-mobile e-flex e-con e-child\" data-id=\"2276e64\" data-element_type=\"container\" data-e-type=\"container\">\n\t\t\t\t<div class=\"elementor-element elementor-element-3361ee6 elementor-invisible elementor-widget elementor-widget-nav-menu\" data-id=\"3361ee6\" data-element_type=\"widget\" data-e-type=\"widget\" data-settings=\"{&quot;layout&quot;:&quot;dropdown&quot;,&quot;_animation&quot;:&quot;fadeIn&quot;,&quot;submenu_icon&quot;:{&quot;value&quot;:&quot;&lt;svg aria-hidden=\\&quot;true\\&quot; class=\\&quot;e-font-icon-svg e-fas-caret-down\\&quot; viewBox=\\&quot;0 0 320 512\\&quot; xmlns=\\&quot;http:\\\/\\\/www.w3.org\\\/2000\\\/svg\\&quot;&gt;&lt;path d=\\&quot;M31.3 192h257.3c17.8 0 26.7 21.5 14.1 34.1L174.1 354.8c-7.8 7.8-20.5 7.8-28.3 0L17.2 226.1C4.6 213.5 13.5 192 31.3 192z\\&quot;&gt;&lt;\\\/path&gt;&lt;\\\/svg&gt;&quot;,&quot;library&quot;:&quot;fa-solid&quot;}}\" data-widget_type=\"nav-menu.default\">\n\t\t\t\t\t\t\t\t<nav class=\"elementor-nav-menu--dropdown elementor-nav-menu__container\" aria-hidden=\"true\">\n\t\t\t\t<ul id=\"menu-2-3361ee6\" class=\"elementor-nav-menu\"><li class=\"menu-item menu-item-type-post_type menu-item-object-page menu-item-6019\"><a href=\"https:\/\/sjalfsbjorg.is\/en\/styrkja-starfid\/hollvinir\/\" class=\"elementor-item\" tabindex=\"-1\">Gerast Hollvinur Sj\u00e1lfsbjargar<\/a><\/li>\n<li class=\"menu-item menu-item-type-post_type menu-item-object-page menu-item-6018\"><a href=\"https:\/\/sjalfsbjorg.is\/en\/styrkja-starfid\/happdraetti-sjalfsbjargar\/\" class=\"elementor-item\" tabindex=\"-1\">Lottery Self-help<\/a><\/li>\n<li class=\"menu-item menu-item-type-post_type menu-item-object-page menu-item-6017\"><a href=\"https:\/\/sjalfsbjorg.is\/en\/styrkja-starfid\/senda-minningarkort\/\" class=\"elementor-item\" tabindex=\"-1\">Send a memorial card<\/a><\/li>\n<li class=\"menu-item menu-item-type-post_type menu-item-object-page menu-item-6016\"><a href=\"https:\/\/sjalfsbjorg.is\/en\/styrkja-starfid\/erfdagjafir\/\" class=\"elementor-item\" tabindex=\"-1\">Inheritance<\/a><\/li>\n<li class=\"menu-item menu-item-type-post_type menu-item-object-page menu-item-6015\"><a href=\"https:\/\/sjalfsbjorg.is\/en\/styrkja-starfid\/vefverslun-sjalfsbjargar\/\" class=\"elementor-item\" tabindex=\"-1\">Vefverslun Sj\u00e1lfsbjargar<\/a><\/li>\n<\/ul>\t\t\t<\/nav>\n\t\t\t\t\t\t<\/div>\n\t\t\t\t<\/div>\n\t\t<div class=\"elementor-element elementor-element-00499d0 e-con-full e-flex elementor-invisible e-con e-child\" data-id=\"00499d0\" data-element_type=\"container\" data-e-type=\"container\" data-settings=\"{&quot;animation&quot;:&quot;fadeIn&quot;}\">\n\t\t\t\t<div class=\"elementor-element elementor-element-85ce586 elementor-view-default elementor-position-block-start elementor-mobile-position-block-start elementor-widget elementor-widget-icon-box\" data-id=\"85ce586\" data-element_type=\"widget\" data-e-type=\"widget\" data-widget_type=\"icon-box.default\">\n\t\t\t\t\t\t\t<div class=\"elementor-icon-box-wrapper\">\n\n\t\t\t\t\t\t<div class=\"elementor-icon-box-icon\">\n\t\t\t\t<span  class=\"elementor-icon\">\n\t\t\t\t<svg aria-hidden=\"true\" class=\"e-font-icon-svg e-fas-heart\" viewbox=\"0 0 512 512\" xmlns=\"http:\/\/www.w3.org\/2000\/svg\"><path d=\"M462.3 62.6C407.5 15.9 326 24.3 275.7 76.2L256 96.5l-19.7-20.3C186.1 24.3 104.5 15.9 49.7 62.6c-62.8 53.6-66.1 149.8-9.9 207.9l193.5 199.8c12.5 12.9 32.8 12.9 45.3 0l193.5-199.8c56.3-58.1 53-154.3-9.8-207.9z\"><\/path><\/svg>\t\t\t\t<\/span>\n\t\t\t<\/div>\n\t\t\t\n\t\t\t\n\t\t<\/div>\n\t\t\t\t\t\t<\/div>\n\t\t\t\t<div class=\"elementor-element elementor-element-e239c0c elementor-widget elementor-widget-text-editor\" data-id=\"e239c0c\" data-element_type=\"widget\" data-e-type=\"widget\" data-widget_type=\"text-editor.default\">\n\t\t\t\t\t\t\t\t\t<div class=\"intro text-center\"><div class=\"description\"><p>Sj\u00e1lfsbj\u00f6rg hefur n\u00fa loksins opna\u00f0 vefverslun. H\u00fan er opin allan s\u00f3larhringinn. \u00deegar \u00fe\u00fa verslar \u00ed vefversluninni rennur allur \u00e1g\u00f3\u00f0i af s\u00f6lunni \u00f3skiptur til Sj\u00e1lfsbjargar.a<\/p><p><span style=\"text-decoration: underline; text-decoration-color: #1D7488; text-underline-offset: 4px;\"><a href=\"https:\/\/verslun.sjalfsbjorg.is\/\">Vefverslun Sj\u00e1lfsbjargar<\/a><\/span><\/p><\/div><\/div>\t\t\t\t\t\t\t\t<\/div>\n\t\t\t\t<\/div>\n\t\t\t\t\t<\/div>\n\t\t\t\t<\/div>\n\t\t\t\t<\/div>","protected":false},"excerpt":{"rendered":"<p>Sj\u00e1lfsbj\u00f6rg hefur n\u00fa loksins opna\u00f0 vefverslun. H\u00fan er opin allan s\u00f3larhringinn. \u00deegar \u00fe\u00fa verslar \u00ed vefversluninni rennur allur \u00e1g\u00f3\u00f0i af s\u00f6lunni \u00f3skiptur til Sj\u00e1lfsbjargar.a Vefverslun Sj\u00e1lfsbjargar<\/p>","protected":false},"author":1,"featured_media":0,"parent":5868,"menu_order":0,"comment_status":"closed","ping_status":"closed","template":"elementor_theme","meta":{"footnotes":""},"class_list":["post-6009","page","type-page","status-publish","hentry"],"_links":{"self":[{"href":"https:\/\/sjalfsbjorg.is\/en\/wp-json\/wp\/v2\/pages\/6009","targetHints":{"allow":["GET"]}}],"collection":[{"href":"https:\/\/sjalfsbjorg.is\/en\/wp-json\/wp\/v2\/pages"}],"about":[{"href":"https:\/\/sjalfsbjorg.is\/en\/wp-json\/wp\/v2\/types\/page"}],"author":[{"embeddable":true,"href":"https:\/\/sjalfsbjorg.is\/en\/wp-json\/wp\/v2\/users\/1"}],"replies":[{"embeddable":true,"href":"https:\/\/sjalfsbjorg.is\/en\/wp-json\/wp\/v2\/comments?post=6009"}],"version-history":[{"count":0,"href":"https:\/\/sjalfsbjorg.is\/en\/wp-json\/wp\/v2\/pages\/6009\/revisions"}],"up":[{"embeddable":true,"href":"https:\/\/sjalfsbjorg.is\/en\/wp-json\/wp\/v2\/pages\/5868"}],"wp:attachment":[{"href":"https:\/\/sjalfsbjorg.is\/en\/wp-json\/wp\/v2\/media?parent=6009"}],"curies":[{"name":"wp","href":"https:\/\/api.w.org\/{rel}","templated":true}]}}