{"id":7516,"date":"2025-10-13T12:46:02","date_gmt":"2025-10-13T12:46:02","guid":{"rendered":"https:\/\/sjalfsbjorg.is\/?page_id=7516"},"modified":"2026-02-04T11:37:41","modified_gmt":"2026-02-04T11:37:41","slug":"english","status":"publish","type":"page","link":"https:\/\/sjalfsbjorg.is\/en\/english\/","title":{"rendered":"English"},"content":{"rendered":"<div data-elementor-type=\"wp-page\" data-elementor-id=\"7516\" class=\"elementor elementor-7516\" data-elementor-post-type=\"page\">\n\t\t\t\t<div class=\"elementor-element elementor-element-1265849 e-flex e-con-boxed e-con e-parent\" data-id=\"1265849\" data-element_type=\"container\" data-e-type=\"container\">\n\t\t\t\t\t<div class=\"e-con-inner\">\n\t\t<div class=\"elementor-element elementor-element-074dd31 e-con-full e-flex e-con e-child\" data-id=\"074dd31\" data-element_type=\"container\" data-e-type=\"container\">\n\t\t\t\t<div class=\"elementor-element elementor-element-2b5f836 elementor-invisible elementor-widget elementor-widget-heading\" data-id=\"2b5f836\" data-element_type=\"widget\" data-e-type=\"widget\" data-settings=\"{&quot;_animation&quot;:&quot;fadeInUp&quot;,&quot;_animation_delay&quot;:400}\" data-widget_type=\"heading.default\">\n\t\t\t\t\t<h1 class=\"elementor-heading-title elementor-size-default\">Sj\u00e1lfsbj\u00f6rg, The National Confederation of Physically Disabled People<\/h1>\t\t\t\t<\/div>\n\t\t\t\t<div class=\"elementor-element elementor-element-3c92691 elementor-invisible elementor-widget elementor-widget-text-editor\" data-id=\"3c92691\" data-element_type=\"widget\" data-e-type=\"widget\" data-settings=\"{&quot;_animation&quot;:&quot;fadeInUp&quot;,&quot;_animation_delay&quot;:500}\" data-widget_type=\"text-editor.default\">\n\t\t\t\t\t\t\t\t\t<div class=\"header-block container-fluid clamped\"><div class=\"row justify-content-center header-block-row\"><div class=\"col-lg-6 col-15 text-col d-flex justify-content-xl-center justify-content-start flex-column order-2 order-lg-1\"><p data-block-key=\"jgnle\">The goal of Sj\u00e1lfsbj\u00f6rg Confederation is to fight for full equality of physically disabled people in Iceland and to inform the public about the circumstances of physically disabled people. To reach this goal, Sj\u00e1lfsbj\u00f6rg Confederation cooperates with the government, municipalities, various interest groups, and individuals in Iceland. Despite improvements for disabled people over the years, there is still a long way to go to reach full equality.<\/p><p data-block-key=\"2u1vj\"><b>Services<\/b><\/p><p data-block-key=\"5qb7i\">A rental service with mobility equipment for physically disabled people is one of the companies located in our building and is called\u00a0<a href=\"https:\/\/thl.is\/\">htl<\/a><i>.<\/i>\u00a0The rental offers a variety of equipment such as wheelchairs and walkers for short term rentals for residents of Iceland and visitors.<\/p><p data-block-key=\"8r6v0\">Htl rental is located in H\u00e1t\u00fan 12, 105 Reykjav\u00edk and is open Monday to Friday from 09:00 \u2013 15:00. You can visit their website\u00a0<a href=\"https:\/\/verslun.sjalfsbjorg.is\/collections\/hjalpartaekjaleiga\">htl.is<\/a>\u00a0or send them an email at\u00a0<a href=\"mailto:david@htl.is\">david@htl.is<\/a>\u00a0for information and rentals.<\/p><p data-block-key=\"6ibnn\">\u00a0<\/p><p data-block-key=\"6edbj\">Sj\u00e1lfsbj\u00f6rg Confederation is a partner and sponsor to\u00a0<a href=\"https:\/\/www.rampur.is\/\"><b>Ramp Up Iceland<\/b><\/a>. Ramp Up Iceland aims to build 1000 ramps in four years all over Iceland. You can follow the progress at\u00a0<a href=\"https:\/\/www.rampur.is\/\">https:\/\/www.rampur.is<\/a>\u00a0or follow their Instagram\u00a0<a href=\"https:\/\/www.instagram.com\/rompum_upp_island\/\">here<\/a>.<\/p><p data-block-key=\"f5nhm\"><i>Sj\u00e1lfsbjargarh\u00fasi\u00f0<\/i>\u00a0(e. House of Sj\u00e1lfsbj\u00f6rg) is an apartment and office building owned by Sj\u00e1lfsbj\u00f6rg Confederation. In the building the confederation offers accessible housing for rent to people with disabilities. A variety of operations can be found in the building, alongside accessible apartments and offices for rent. Noticeably\u00a0<a href=\"https:\/\/sbh.is\/\"><b><i>Sj\u00e1lfsbjargarheimili\u00f0<\/i><\/b><\/a>\u00a0(e. Home of Sj\u00e1lfsbj\u00f6rg), a rehabilitation center with a swimming pool. As well as the office of Sj\u00e1lfsbj\u00f6rg Confederation, office of Sj\u00e1lfsbjargarheimili\u00f0 and the office of the Reykjav\u00edk chapter of Sj\u00e1lfsbj\u00f6rg.<\/p><p data-block-key=\"6a0sp\">Sj\u00e1lfsbj\u00f6rg Confederation operates a knowledge center for disabled people in Iceland called\u00a0<a href=\"https:\/\/sjalfsbjorg.is\/en\/%C3%BEekkingarmi%C3%B0st%C3%B6%C3%B0\/\"><b><i>\u00deekkingarmi\u00f0st\u00f6\u00f0 Sj\u00e1lfsbjargar<\/i><\/b><\/a>\u00a0. On their website is information about support available from municipalities and government, as well as accessible recreational options. Unfortunately, all the information is in Icelandic, but everybody is welcome to send an email to\u00a0<a href=\"mailto:info@sjalfsbjorg.is\">info@sjalfsbjorg.is<\/a>\u00a0with any inquiries regarding disability in Iceland.<\/p><p data-block-key=\"cs10s\"><b>History<\/b><\/p><p data-block-key=\"8d01s\">Sj\u00e1lfsbj\u00f6rg Confederation has a long history in Iceland and was established in 1959. The first chapter was established in Siglufj\u00f6r\u00f0ur in 1958 and now Sj\u00e1lfsbj\u00f6rg has 12 chapters all over Iceland. Since 1963 Sj\u00e1lfsbj\u00f6rg Confederation has been a proud member of Nordisk Handikap F\u00f6rbund (NHF) a confederation of organizations for disabled people in the Nordic countries. In 1966 the building of Sj\u00e1lfsbjargarh\u00fas started and in 1973 the first inhabitants moved in. After a prosperous growth period the rehabilitation center with the pool was ready in 1988.<\/p><p data-block-key=\"714rj\">\u00a0<\/p><p data-block-key=\"9v70n\">The opening hours of Sj\u00e1lfsbj\u00f6rg Confederation are Monday through Friday, 10:00 \u2013 14:00 (GMT)<\/p><p data-block-key=\"cnvge\">Tel. +354 5500 360<\/p><p data-block-key=\"829gs\">Email:\u00a0info@sjalfsbjorg.is<\/p><\/div><div class=\"header-image col-lg-6 col-16 order-1 order-lg-2\"><div class=\"header-img-container\"><div class=\"img-wrapper\">\u00a0<\/div><\/div><\/div><\/div><\/div>\t\t\t\t\t\t\t\t<\/div>\n\t\t\t\t<\/div>\n\t\t<div class=\"elementor-element elementor-element-9481270 e-con-full e-flex e-con e-child\" data-id=\"9481270\" data-element_type=\"container\" data-e-type=\"container\">\n\t\t\t\t<div class=\"elementor-element elementor-element-5f49ebe elementor-invisible elementor-widget elementor-widget-image\" data-id=\"5f49ebe\" data-element_type=\"widget\" data-e-type=\"widget\" data-settings=\"{&quot;_animation&quot;:&quot;fadeInRight&quot;}\" data-widget_type=\"image.default\">\n\t\t\t\t\t\t\t\t\t\t\t\t\t\t\t<img fetchpriority=\"high\" decoding=\"async\" width=\"762\" height=\"572\" src=\"https:\/\/sjalfsbjorg.is\/wp-content\/uploads\/2025\/10\/Screenshot-2025-10-13-174718.jpg\" class=\"attachment-full size-full wp-image-7521\" alt=\"\" srcset=\"https:\/\/sjalfsbjorg.is\/wp-content\/uploads\/2025\/10\/Screenshot-2025-10-13-174718.jpg 762w, https:\/\/sjalfsbjorg.is\/wp-content\/uploads\/2025\/10\/Screenshot-2025-10-13-174718-300x225.jpg 300w\" sizes=\"(max-width: 762px) 100vw, 762px\" \/>\t\t\t\t\t\t\t\t\t\t\t\t\t\t\t<\/div>\n\t\t\t\t<\/div>\n\t\t\t\t\t<\/div>\n\t\t\t\t<\/div>\n\t\t\t\t<\/div>","protected":false},"excerpt":{"rendered":"<p>Sj\u00e1lfsbj\u00f6rg, The National Confederation of Physically Disabled People The goal of Sj\u00e1lfsbj\u00f6rg Confederation is to fight for full equality of physically disabled people in Iceland and to inform the public about the circumstances of physically disabled people. To reach this goal, Sj\u00e1lfsbj\u00f6rg Confederation cooperates with the government, municipalities, various interest groups, and individuals in Iceland. [&hellip;]<\/p>\n","protected":false},"author":1,"featured_media":0,"parent":0,"menu_order":0,"comment_status":"closed","ping_status":"closed","template":"elementor_theme","meta":{"footnotes":""},"class_list":["post-7516","page","type-page","status-publish","hentry"],"_links":{"self":[{"href":"https:\/\/sjalfsbjorg.is\/en\/wp-json\/wp\/v2\/pages\/7516","targetHints":{"allow":["GET"]}}],"collection":[{"href":"https:\/\/sjalfsbjorg.is\/en\/wp-json\/wp\/v2\/pages"}],"about":[{"href":"https:\/\/sjalfsbjorg.is\/en\/wp-json\/wp\/v2\/types\/page"}],"author":[{"embeddable":true,"href":"https:\/\/sjalfsbjorg.is\/en\/wp-json\/wp\/v2\/users\/1"}],"replies":[{"embeddable":true,"href":"https:\/\/sjalfsbjorg.is\/en\/wp-json\/wp\/v2\/comments?post=7516"}],"version-history":[{"count":16,"href":"https:\/\/sjalfsbjorg.is\/en\/wp-json\/wp\/v2\/pages\/7516\/revisions"}],"predecessor-version":[{"id":11846,"href":"https:\/\/sjalfsbjorg.is\/en\/wp-json\/wp\/v2\/pages\/7516\/revisions\/11846"}],"wp:attachment":[{"href":"https:\/\/sjalfsbjorg.is\/en\/wp-json\/wp\/v2\/media?parent=7516"}],"curies":[{"name":"wp","href":"https:\/\/api.w.org\/{rel}","templated":true}]}}