{"id":805,"date":"2025-10-01T00:27:59","date_gmt":"2025-10-01T00:27:59","guid":{"rendered":"https:\/\/sjalfsbjorg.is\/?page_id=805"},"modified":"2026-04-15T16:21:09","modified_gmt":"2026-04-15T16:21:09","slug":"sjalfsbjargarheimilid","status":"publish","type":"page","link":"https:\/\/sjalfsbjorg.is\/en\/starfsemin\/sjalfsbjargarheimilid\/","title":{"rendered":"Courageous rehabilitation"},"content":{"rendered":"<div data-elementor-type=\"wp-page\" data-elementor-id=\"805\" class=\"elementor elementor-805\" data-elementor-post-type=\"page\">\n\t\t\t\t<div class=\"elementor-element elementor-element-b803fb9 e-flex e-con-boxed e-con e-parent\" data-id=\"b803fb9\" data-element_type=\"container\" data-e-type=\"container\">\n\t\t\t\t\t<div class=\"e-con-inner\">\n\t\t<div class=\"elementor-element elementor-element-f624912 e-con-full elementor-hidden-mobile e-flex e-con e-child\" data-id=\"f624912\" data-element_type=\"container\" data-e-type=\"container\">\n\t\t\t\t<div class=\"elementor-element elementor-element-9b16dab elementor-invisible elementor-widget elementor-widget-nav-menu\" data-id=\"9b16dab\" data-element_type=\"widget\" data-e-type=\"widget\" data-settings=\"{&quot;layout&quot;:&quot;dropdown&quot;,&quot;_animation&quot;:&quot;fadeIn&quot;,&quot;submenu_icon&quot;:{&quot;value&quot;:&quot;&lt;svg aria-hidden=\\&quot;true\\&quot; class=\\&quot;e-font-icon-svg e-fas-caret-down\\&quot; viewBox=\\&quot;0 0 320 512\\&quot; xmlns=\\&quot;http:\\\/\\\/www.w3.org\\\/2000\\\/svg\\&quot;&gt;&lt;path d=\\&quot;M31.3 192h257.3c17.8 0 26.7 21.5 14.1 34.1L174.1 354.8c-7.8 7.8-20.5 7.8-28.3 0L17.2 226.1C4.6 213.5 13.5 192 31.3 192z\\&quot;&gt;&lt;\\\/path&gt;&lt;\\\/svg&gt;&quot;,&quot;library&quot;:&quot;fa-solid&quot;}}\" data-widget_type=\"nav-menu.default\">\n\t\t\t\t\t\t\t\t<nav class=\"elementor-nav-menu--dropdown elementor-nav-menu__container\" aria-hidden=\"true\">\n\t\t\t\t<ul id=\"menu-2-9b16dab\" class=\"elementor-nav-menu\"><li class=\"menu-item menu-item-type-post_type menu-item-object-page menu-item-841\"><a href=\"https:\/\/sjalfsbjorg.is\/en\/starfsemin\/landsfundir\/\" class=\"elementor-item\" tabindex=\"-1\">National meetings<\/a><\/li>\n<li class=\"menu-item menu-item-type-post_type menu-item-object-page menu-item-836\"><a href=\"https:\/\/sjalfsbjorg.is\/en\/starfsemin\/alyktanir\/\" class=\"elementor-item\" tabindex=\"-1\">Conclusions<\/a><\/li>\n<li class=\"menu-item menu-item-type-post_type menu-item-object-page menu-item-12638\"><a href=\"https:\/\/sjalfsbjorg.is\/en\/starfsemin\/happdraetti\/\" class=\"elementor-item\" tabindex=\"-1\">Lottery<\/a><\/li>\n<li class=\"menu-item menu-item-type-post_type menu-item-object-page menu-item-12895\"><a href=\"https:\/\/sjalfsbjorg.is\/en\/starfsemin\/klifur-timarit\/\" class=\"elementor-item\" tabindex=\"-1\">Climbing magazine<\/a><\/li>\n<li class=\"menu-item menu-item-type-post_type menu-item-object-page menu-item-12520\"><a href=\"https:\/\/sjalfsbjorg.is\/en\/starfsemin\/personuverndarstefna-sjalfsbjargar\/\" class=\"elementor-item\" tabindex=\"-1\">Privacy Policy<\/a><\/li>\n<li class=\"menu-item menu-item-type-post_type menu-item-object-page menu-item-12521\"><a href=\"https:\/\/sjalfsbjorg.is\/en\/starfsemin\/sidareglur-sjalfsbjargar\/\" class=\"elementor-item\" tabindex=\"-1\">Code of Conduct<\/a><\/li>\n<li class=\"menu-item menu-item-type-post_type menu-item-object-page menu-item-12522\"><a href=\"https:\/\/sjalfsbjorg.is\/en\/starfsemin\/starfsreglur-stjornar\/\" class=\"elementor-item\" tabindex=\"-1\">Starfsreglur<\/a><\/li>\n<li class=\"menu-item menu-item-type-post_type menu-item-object-page menu-item-12523\"><a href=\"https:\/\/sjalfsbjorg.is\/en\/starfsemin\/salfraedithjonusta\/\" class=\"elementor-item\" tabindex=\"-1\">Psychological services<\/a><\/li>\n<li class=\"menu-item menu-item-type-post_type menu-item-object-page menu-item-12524\"><a href=\"https:\/\/sjalfsbjorg.is\/en\/starfsemin\/adgengis-uttektir\/\" class=\"elementor-item\" tabindex=\"-1\">A\u00f0gengis\u00fattektir<\/a><\/li>\n<li class=\"menu-item menu-item-type-post_type menu-item-object-page menu-item-12613\"><a href=\"https:\/\/sjalfsbjorg.is\/en\/starfsemin\/styrkir\/\" class=\"elementor-item\" tabindex=\"-1\">Styrkir<\/a><\/li>\n<\/ul>\t\t\t<\/nav>\n\t\t\t\t\t\t<\/div>\n\t\t\t\t<\/div>\n\t\t<div class=\"elementor-element elementor-element-59b93d0 e-con-full e-flex elementor-invisible e-con e-child\" data-id=\"59b93d0\" data-element_type=\"container\" data-e-type=\"container\" data-settings=\"{&quot;animation&quot;:&quot;fadeIn&quot;}\">\n\t\t\t\t<div class=\"elementor-element elementor-element-ce415dd elementor-widget elementor-widget-text-editor\" data-id=\"ce415dd\" data-element_type=\"widget\" data-e-type=\"widget\" data-widget_type=\"text-editor.default\">\n\t\t\t\t\t\t\t\t\t<div class=\"paragraph-block -text\"><p data-block-key=\"s87vj\">St\u00e6rsta og vi\u00f0amesta rekstrareining Sj\u00e1lfsbjargar lsh. er Kjarkur endurh\u00e6fing, en \u00fea\u00f0 er reki\u00f0 \u00ed hluta Sj\u00e1lfsbjargarh\u00fassins. Kjarkur endurh\u00e6fing hefur veri\u00f0 starfandi \u00ed 50 \u00e1r og h\u00e9t \u00e1\u00f0ur Sj\u00e1lfsbjargarheimili\u00f0 en nafninu var breytt \u00ed j\u00fan\u00ed 2023. Var \u00fea\u00f0 gert til \u00feess a\u00f0 n\u00e1 a\u00f0 fanga betur \u00fe\u00e1 endurh\u00e6fingarstarfsemi sem er sinnt. Kjarkur endurh\u00e6fing veitir \u00feverfaglega einstaklingsmi\u00f0a\u00f0a endurh\u00e6fingu fyrir hreyfihamla\u00f0a einstaklinga sem gl\u00edma vi\u00f0 tauga- og heilaska\u00f0a.Takmark endurh\u00e6fingarinnar er a\u00f0 einstaklingar geti haldi\u00f0 aftur \u00fat \u00ed l\u00edfi\u00f0 a\u00f0 aflokinni endurh\u00e6fingu. B\u00e6\u00f0i er veitt endurh\u00e6fing \u00ed dag\u00fej\u00f3nustu og s\u00f3larhrings\u00fej\u00f3nustu og a\u00f0 auki er veitt vi\u00f0haldsendurh\u00e6fing.<\/p><p data-block-key=\"8g10\">Hj\u00e1 Kjarki endurh\u00e6fingu starfar fj\u00f6lbreyttur h\u00f3pur s\u00e9rfr\u00e6\u00f0inga. Starfsemin er \u00e1 fj\u00e1rl\u00f6gum og byggir reksturinn \u00e1 l\u00f6gum nr. 40\/2007 um heilbrig\u00f0is\u00fej\u00f3nustu. Finna m\u00e1 frekari uppl\u00fdsingar um starfsemina \u00e1\u00a0<span style=\"text-decoration: underline; color: #1d7488;\"><a style=\"color: #1d7488; text-decoration: underline;\" href=\"http:\/\/www.kjarkurendurhaefing.is\/\">www.kjarkurendurhaefing.is<\/a><\/span><\/p><\/div><div class=\"image-block small\"><div class=\"img-container\"><img decoding=\"async\" class=\"aligncenter\" src=\"https:\/\/sjalfsbjorg.overcastcdn.com\/images\/1_Kjarkur_endurhaefing_Merki_a_hvitum_bakgru.max-566x380.png\" srcset=\"\/\/sjalfsbjorg.overcastcdn.com\/images\/1_Kjarkur_endurhaefing_Merki_a_hvitum_bakgr.max-1132x760.png 2x\" alt=\"\" \/><\/div><\/div>\t\t\t\t\t\t\t\t<\/div>\n\t\t\t\t<\/div>\n\t\t\t\t\t<\/div>\n\t\t\t\t<\/div>\n\t\t\t\t<\/div>","protected":false},"excerpt":{"rendered":"<p>St\u00e6rsta og vi\u00f0amesta rekstrareining Sj\u00e1lfsbjargar lsh. er Kjarkur endurh\u00e6fing, en \u00fea\u00f0 er reki\u00f0 \u00ed hluta Sj\u00e1lfsbjargarh\u00fassins. Kjarkur endurh\u00e6fing hefur veri\u00f0 starfandi \u00ed 50 \u00e1r og h\u00e9t \u00e1\u00f0ur Sj\u00e1lfsbjargarheimili\u00f0 en nafninu var breytt \u00ed j\u00fan\u00ed 2023. Var \u00fea\u00f0 gert til \u00feess a\u00f0 n\u00e1 a\u00f0 fanga betur \u00fe\u00e1 endurh\u00e6fingarstarfsemi sem er sinnt. Kjarkur endurh\u00e6fing veitir \u00feverfaglega einstaklingsmi\u00f0a\u00f0a [&hellip;]<\/p>\n","protected":false},"author":1,"featured_media":0,"parent":766,"menu_order":0,"comment_status":"closed","ping_status":"closed","template":"elementor_theme","meta":{"footnotes":""},"class_list":["post-805","page","type-page","status-publish","hentry"],"_links":{"self":[{"href":"https:\/\/sjalfsbjorg.is\/en\/wp-json\/wp\/v2\/pages\/805","targetHints":{"allow":["GET"]}}],"collection":[{"href":"https:\/\/sjalfsbjorg.is\/en\/wp-json\/wp\/v2\/pages"}],"about":[{"href":"https:\/\/sjalfsbjorg.is\/en\/wp-json\/wp\/v2\/types\/page"}],"author":[{"embeddable":true,"href":"https:\/\/sjalfsbjorg.is\/en\/wp-json\/wp\/v2\/users\/1"}],"replies":[{"embeddable":true,"href":"https:\/\/sjalfsbjorg.is\/en\/wp-json\/wp\/v2\/comments?post=805"}],"version-history":[{"count":118,"href":"https:\/\/sjalfsbjorg.is\/en\/wp-json\/wp\/v2\/pages\/805\/revisions"}],"predecessor-version":[{"id":13025,"href":"https:\/\/sjalfsbjorg.is\/en\/wp-json\/wp\/v2\/pages\/805\/revisions\/13025"}],"up":[{"embeddable":true,"href":"https:\/\/sjalfsbjorg.is\/en\/wp-json\/wp\/v2\/pages\/766"}],"wp:attachment":[{"href":"https:\/\/sjalfsbjorg.is\/en\/wp-json\/wp\/v2\/media?parent=805"}],"curies":[{"name":"wp","href":"https:\/\/api.w.org\/{rel}","templated":true}]}}