{"id":807,"date":"2025-10-01T00:28:24","date_gmt":"2025-10-01T00:28:24","guid":{"rendered":"https:\/\/sjalfsbjorg.is\/?page_id=807"},"modified":"2026-03-30T13:36:02","modified_gmt":"2026-03-30T13:36:02","slug":"hjalparlidasjodur","status":"publish","type":"page","link":"https:\/\/sjalfsbjorg.is\/en\/starfsemin\/hjalparlidasjodur\/","title":{"rendered":"The Icelandic Association of the Disabled&#039;s Self-Help Fund"},"content":{"rendered":"<div data-elementor-type=\"wp-page\" data-elementor-id=\"807\" class=\"elementor elementor-807\" data-elementor-post-type=\"page\">\n\t\t\t\t<div class=\"elementor-element elementor-element-536f1dc e-flex e-con-boxed e-con e-parent\" data-id=\"536f1dc\" data-element_type=\"container\" data-e-type=\"container\">\n\t\t\t\t\t<div class=\"e-con-inner\">\n\t\t<div class=\"elementor-element elementor-element-a98918c e-con-full elementor-hidden-mobile e-flex e-con e-child\" data-id=\"a98918c\" data-element_type=\"container\" data-e-type=\"container\">\n\t\t\t\t<div class=\"elementor-element elementor-element-38aea60 elementor-invisible elementor-widget elementor-widget-nav-menu\" data-id=\"38aea60\" data-element_type=\"widget\" data-e-type=\"widget\" data-settings=\"{&quot;layout&quot;:&quot;dropdown&quot;,&quot;_animation&quot;:&quot;fadeIn&quot;,&quot;submenu_icon&quot;:{&quot;value&quot;:&quot;&lt;svg aria-hidden=\\&quot;true\\&quot; class=\\&quot;e-font-icon-svg e-fas-caret-down\\&quot; viewBox=\\&quot;0 0 320 512\\&quot; xmlns=\\&quot;http:\\\/\\\/www.w3.org\\\/2000\\\/svg\\&quot;&gt;&lt;path d=\\&quot;M31.3 192h257.3c17.8 0 26.7 21.5 14.1 34.1L174.1 354.8c-7.8 7.8-20.5 7.8-28.3 0L17.2 226.1C4.6 213.5 13.5 192 31.3 192z\\&quot;&gt;&lt;\\\/path&gt;&lt;\\\/svg&gt;&quot;,&quot;library&quot;:&quot;fa-solid&quot;}}\" data-widget_type=\"nav-menu.default\">\n\t\t\t\t\t\t\t\t<nav class=\"elementor-nav-menu--dropdown elementor-nav-menu__container\" aria-hidden=\"true\">\n\t\t\t\t<ul id=\"menu-2-38aea60\" class=\"elementor-nav-menu\"><li class=\"menu-item menu-item-type-post_type menu-item-object-page menu-item-841\"><a href=\"https:\/\/sjalfsbjorg.is\/en\/starfsemin\/landsfundir\/\" class=\"elementor-item\" tabindex=\"-1\">National meetings<\/a><\/li>\n<li class=\"menu-item menu-item-type-post_type menu-item-object-page menu-item-836\"><a href=\"https:\/\/sjalfsbjorg.is\/en\/starfsemin\/alyktanir\/\" class=\"elementor-item\" tabindex=\"-1\">Conclusions<\/a><\/li>\n<li class=\"menu-item menu-item-type-post_type menu-item-object-page menu-item-12638\"><a href=\"https:\/\/sjalfsbjorg.is\/en\/starfsemin\/happdraetti\/\" class=\"elementor-item\" tabindex=\"-1\">Lottery<\/a><\/li>\n<li class=\"menu-item menu-item-type-post_type menu-item-object-page menu-item-12895\"><a href=\"https:\/\/sjalfsbjorg.is\/en\/starfsemin\/klifur-timarit\/\" class=\"elementor-item\" tabindex=\"-1\">Climbing magazine<\/a><\/li>\n<li class=\"menu-item menu-item-type-post_type menu-item-object-page menu-item-12520\"><a href=\"https:\/\/sjalfsbjorg.is\/en\/starfsemin\/personuverndarstefna-sjalfsbjargar\/\" class=\"elementor-item\" tabindex=\"-1\">Privacy Policy<\/a><\/li>\n<li class=\"menu-item menu-item-type-post_type menu-item-object-page menu-item-12521\"><a href=\"https:\/\/sjalfsbjorg.is\/en\/starfsemin\/sidareglur-sjalfsbjargar\/\" class=\"elementor-item\" tabindex=\"-1\">Code of Conduct<\/a><\/li>\n<li class=\"menu-item menu-item-type-post_type menu-item-object-page menu-item-12522\"><a href=\"https:\/\/sjalfsbjorg.is\/en\/starfsemin\/starfsreglur-stjornar\/\" class=\"elementor-item\" tabindex=\"-1\">Starfsreglur<\/a><\/li>\n<li class=\"menu-item menu-item-type-post_type menu-item-object-page menu-item-12523\"><a href=\"https:\/\/sjalfsbjorg.is\/en\/starfsemin\/salfraedithjonusta\/\" class=\"elementor-item\" tabindex=\"-1\">Psychological services<\/a><\/li>\n<li class=\"menu-item menu-item-type-post_type menu-item-object-page menu-item-12524\"><a href=\"https:\/\/sjalfsbjorg.is\/en\/starfsemin\/adgengis-uttektir\/\" class=\"elementor-item\" tabindex=\"-1\">A\u00f0gengis\u00fattektir<\/a><\/li>\n<li class=\"menu-item menu-item-type-post_type menu-item-object-page menu-item-12613\"><a href=\"https:\/\/sjalfsbjorg.is\/en\/starfsemin\/styrkir\/\" class=\"elementor-item\" tabindex=\"-1\">Styrkir<\/a><\/li>\n<\/ul>\t\t\t<\/nav>\n\t\t\t\t\t\t<\/div>\n\t\t\t\t<\/div>\n\t\t<div class=\"elementor-element elementor-element-ec7f41f e-con-full e-flex elementor-invisible e-con e-child\" data-id=\"ec7f41f\" data-element_type=\"container\" data-e-type=\"container\" data-settings=\"{&quot;animation&quot;:&quot;fadeIn&quot;}\">\n\t\t\t\t<div class=\"elementor-element elementor-element-5fd9f53 elementor-widget elementor-widget-heading\" data-id=\"5fd9f53\" data-element_type=\"widget\" data-e-type=\"widget\" data-widget_type=\"heading.default\">\n\t\t\t\t\t<h2 class=\"elementor-heading-title elementor-size-default\">The Icelandic Association of the Disabled&#039;s Self-Help Fund\n<\/h2>\t\t\t\t<\/div>\n\t\t\t\t<div class=\"elementor-element elementor-element-9f61e85 elementor-widget elementor-widget-text-editor\" data-id=\"9f61e85\" data-element_type=\"widget\" data-e-type=\"widget\" data-widget_type=\"text-editor.default\">\n\t\t\t\t\t\t\t\t\t<div class=\"intro\"><p data-block-key=\"8pxin\"><b>Skilafrestur ums\u00f3kna er til 1. apr\u00edl \u00e1r hvert<\/b><\/p><p data-block-key=\"fb1gr\">Vinsamlegast skili\u00f0 ums\u00f3kninni\u00a0<a href=\"mailto:hjalparlidarsjodur@sjalfsbjorg.is\"><b>me\u00f0 t\u00f6lvup\u00f3sti<\/b><\/a> \u00e1 netfangi\u00f0:\u00a0<a href=\"mailto:hjalparlidasjodur@sjalfsbjorg.is\">hjalparlidasjodur@sjalfsbjorg.is<\/a><\/p><\/div>\t\t\t\t\t\t\t\t<\/div>\n\t\t\t\t<div class=\"elementor-element elementor-element-cb0b881 elementor-widget elementor-widget-text-editor\" data-id=\"cb0b881\" data-element_type=\"widget\" data-e-type=\"widget\" data-widget_type=\"text-editor.default\">\n\t\t\t\t\t\t\t\t\t<div class=\"paragraph-block -text\"><h4 data-block-key=\"6gmdo\"><span style=\"text-decoration: underline; text-decoration-color: #1D7488; text-underline-offset: 5px;\"><a href=\"https:\/\/sjalfsbjorg.is\/wp-content\/uploads\/2025\/10\/Hjalparlidasjodur_template_umsokn_mars2025.pdf\">Ums\u00f3kn til Hj\u00e1lparli\u00f0asj\u00f3\u00f0sins<\/a><\/span><\/h4><h4 data-block-key=\"2fok6\"><span style=\"text-decoration: underline; text-decoration-color: #1D7488; text-underline-offset: 5px;\"><a href=\"https:\/\/sjalfsbjorg.is\/wp-content\/uploads\/2025\/10\/2019-Reglur-Hjalparlidasjodur.docx.pdf\">Reglur um hj\u00e1lparli\u00f0asj\u00f3\u00f0 Sj\u00e1lfsbjargar finnur \u00fe\u00fa h\u00e9r<\/a><\/span><\/h4><\/div><div class=\"paragraph-block -text\"><p data-block-key=\"b3euk\">Hj\u00e1lparli\u00f0asj\u00f3\u00f0ur Sj\u00e1lfsbjargar landssambands hreyfihamla\u00f0ra, var stofna\u00f0ur \u00e1ri\u00f0 1997 me\u00f0 \u00fea\u00f0 a\u00f0 markmi\u00f0i a\u00f0 au\u00f0velda hreyfih\u00f6mlu\u00f0um a\u00f0 fer\u00f0ast. Markmi\u00f0 sj\u00f3\u00f0sins er a\u00f0 gera hreyfih\u00f6mlu\u00f0um Sj\u00e1lfsbjargarf\u00e9l\u00f6gum kleift a\u00f0 fer\u00f0ast innanlands og utan \u00e1 jafnr\u00e9ttisgrundvelli. Sj\u00f3\u00f0urinn veitir ums\u00e6kjendum styrk vegna <b>hj\u00e1lparli\u00f0a<\/b> (a\u00f0sto\u00f0arf\u00f3lks) \u00e1 fer\u00f0al\u00f6gum.<\/p><p data-block-key=\"fce49\">Skilafrestur ums\u00f3kna \u00ed sj\u00f3\u00f0inn er til 1. apr\u00edl \u00e1r hvert og veitt \u00far sj\u00f3\u00f0num\u00a0<b>einu sinni \u00e1 \u00e1ri<\/b>\u00a0ef fj\u00e1rmagn leyfir.<\/p><p data-block-key=\"900td\">Berist ums\u00f3kn \u00e1 \u00e1rinu b\u00ed\u00f0ur h\u00fan til fyrrnefnds t\u00edma. Ni\u00f0ursta\u00f0a stj\u00f3rnar sj\u00f3\u00f0sins um \u00fathlutun ver\u00f0ur tilkynnt styrk\u00feegum me\u00f0 <strong>t\u00f6lvu<\/strong><b>p\u00f3sti<\/b>\u00a0eigi s\u00ed\u00f0ar en 7 vikum eftir a\u00f0 ums\u00f3knarfrestur rennur \u00fat.<\/p><p data-block-key=\"80ble\">Vinsamlegast skili\u00f0 ums\u00f3kninni\u00a0<span style=\"text-decoration: underline;\"><a href=\"mailto:hjalparlidasjodur@sjalfsbjorg.is\"><b>me\u00f0 t\u00f6lvup\u00f3sti<\/b><\/a><\/span>\u00a0text-decoration-color: #1D7488;<br \/>text-underline-offset: 4px;(ef \u00feess er nokkur kostur) \u00e1 netfangi\u00f0:<span style=\"text-decoration: underline; text-decoration-color: #1D7488; text-underline-offset: 4px;\">\u00a0<a href=\"mailto:hjalparlidasjodur@sjalfsbjorg.is\">hjalparlidasjodur@sjalfsbjorg.is<\/a>\u00a0<\/span><\/p><p data-block-key=\"7dac\">Sumari\u00f0 2005 f\u00f3r\u00a0<span style=\"color: #d9196d;\"><b>Kjartan Jakob Hauksson<\/b>\u00a0<\/span>\u00ed hringfer\u00f0 \u00ed kringum landi\u00f0 \u00e1 \u00e1rab\u00e1t og safna\u00f0i hann \u00e1heitum sem s\u00ed\u00f0an runnu \u00ed Hj\u00e1lparli\u00f0asj\u00f3\u00f0 Sj\u00e1lfsbjargar. Sj\u00f3\u00f0urinn var \u00e1 \u00feessum t\u00edmapunkti or\u00f0inn ansi l\u00edtill og r\u00e9tti hann verulega vel \u00far k\u00fatnum vi\u00f0 \u00feetta.<\/p><p data-block-key=\"4js2\">\u00de\u00e1 hlj\u00f3p\u00a0<span style=\"color: #d9196d;\"><b>Bj\u00f6rgvin Ingi \u00d3lafsson<\/b><\/span>\u00a0\u00ed\u00a0<b>Reykjav\u00edkurmara\u00feoninu<\/b>\u00a02016 \u00ed nafni sj\u00f3\u00f0sins og skila\u00f0i \u00fea\u00f0 sj\u00f3\u00f0anum\u00a0<b>kr. 356.899.<\/b>\u2013 og hlj\u00f3p hann einnig 2017 og 2018.<\/p><\/div>\t\t\t\t\t\t\t\t<\/div>\n\t\t\t\t<\/div>\n\t\t\t\t\t<\/div>\n\t\t\t\t<\/div>\n\t\t\t\t<\/div>","protected":false},"excerpt":{"rendered":"<p>Hj\u00e1lparli\u00f0asj\u00f3\u00f0ur Sj\u00e1lfsbjargar landssambands hreyfihamla\u00f0ra Skilafrestur ums\u00f3kna er til 1. apr\u00edl \u00e1r hvert Vinsamlegast skili\u00f0 ums\u00f3kninni\u00a0me\u00f0 t\u00f6lvup\u00f3sti \u00e1 netfangi\u00f0:\u00a0hjalparlidasjodur@sjalfsbjorg.is Ums\u00f3kn til Hj\u00e1lparli\u00f0asj\u00f3\u00f0sins Reglur um hj\u00e1lparli\u00f0asj\u00f3\u00f0 Sj\u00e1lfsbjargar finnur \u00fe\u00fa h\u00e9r Hj\u00e1lparli\u00f0asj\u00f3\u00f0ur Sj\u00e1lfsbjargar landssambands hreyfihamla\u00f0ra, var stofna\u00f0ur \u00e1ri\u00f0 1997 me\u00f0 \u00fea\u00f0 a\u00f0 markmi\u00f0i a\u00f0 au\u00f0velda hreyfih\u00f6mlu\u00f0um a\u00f0 fer\u00f0ast. Markmi\u00f0 sj\u00f3\u00f0sins er a\u00f0 gera hreyfih\u00f6mlu\u00f0um Sj\u00e1lfsbjargarf\u00e9l\u00f6gum kleift a\u00f0 fer\u00f0ast [&hellip;]<\/p>\n","protected":false},"author":1,"featured_media":0,"parent":766,"menu_order":0,"comment_status":"closed","ping_status":"closed","template":"elementor_theme","meta":{"footnotes":""},"class_list":["post-807","page","type-page","status-publish","hentry"],"_links":{"self":[{"href":"https:\/\/sjalfsbjorg.is\/en\/wp-json\/wp\/v2\/pages\/807","targetHints":{"allow":["GET"]}}],"collection":[{"href":"https:\/\/sjalfsbjorg.is\/en\/wp-json\/wp\/v2\/pages"}],"about":[{"href":"https:\/\/sjalfsbjorg.is\/en\/wp-json\/wp\/v2\/types\/page"}],"author":[{"embeddable":true,"href":"https:\/\/sjalfsbjorg.is\/en\/wp-json\/wp\/v2\/users\/1"}],"replies":[{"embeddable":true,"href":"https:\/\/sjalfsbjorg.is\/en\/wp-json\/wp\/v2\/comments?post=807"}],"version-history":[{"count":58,"href":"https:\/\/sjalfsbjorg.is\/en\/wp-json\/wp\/v2\/pages\/807\/revisions"}],"predecessor-version":[{"id":12422,"href":"https:\/\/sjalfsbjorg.is\/en\/wp-json\/wp\/v2\/pages\/807\/revisions\/12422"}],"up":[{"embeddable":true,"href":"https:\/\/sjalfsbjorg.is\/en\/wp-json\/wp\/v2\/pages\/766"}],"wp:attachment":[{"href":"https:\/\/sjalfsbjorg.is\/en\/wp-json\/wp\/v2\/media?parent=807"}],"curies":[{"name":"wp","href":"https:\/\/api.w.org\/{rel}","templated":true}]}}