{"id":809,"date":"2025-10-01T00:28:46","date_gmt":"2025-10-01T00:28:46","guid":{"rendered":"https:\/\/sjalfsbjorg.is\/?page_id=809"},"modified":"2025-11-18T15:07:23","modified_gmt":"2025-11-18T15:07:23","slug":"afangar","status":"publish","type":"page","link":"https:\/\/sjalfsbjorg.is\/en\/starfsemin\/sagan\/afangar\/","title":{"rendered":"Phases"},"content":{"rendered":"<div data-elementor-type=\"wp-page\" data-elementor-id=\"809\" class=\"elementor elementor-809\" data-elementor-post-type=\"page\">\n\t\t\t\t<div class=\"elementor-element elementor-element-f69ca7d e-flex e-con-boxed e-con e-parent\" data-id=\"f69ca7d\" data-element_type=\"container\" data-e-type=\"container\">\n\t\t\t\t\t<div class=\"e-con-inner\">\n\t\t<div class=\"elementor-element elementor-element-c10611c e-con-full elementor-hidden-mobile e-flex e-con e-child\" data-id=\"c10611c\" data-element_type=\"container\" data-e-type=\"container\">\n\t\t\t\t<div class=\"elementor-element elementor-element-46329a2 elementor-invisible elementor-widget elementor-widget-nav-menu\" data-id=\"46329a2\" data-element_type=\"widget\" data-e-type=\"widget\" data-settings=\"{&quot;layout&quot;:&quot;dropdown&quot;,&quot;_animation&quot;:&quot;fadeIn&quot;,&quot;submenu_icon&quot;:{&quot;value&quot;:&quot;&lt;svg aria-hidden=\\&quot;true\\&quot; class=\\&quot;e-font-icon-svg e-fas-caret-down\\&quot; viewBox=\\&quot;0 0 320 512\\&quot; xmlns=\\&quot;http:\\\/\\\/www.w3.org\\\/2000\\\/svg\\&quot;&gt;&lt;path d=\\&quot;M31.3 192h257.3c17.8 0 26.7 21.5 14.1 34.1L174.1 354.8c-7.8 7.8-20.5 7.8-28.3 0L17.2 226.1C4.6 213.5 13.5 192 31.3 192z\\&quot;&gt;&lt;\\\/path&gt;&lt;\\\/svg&gt;&quot;,&quot;library&quot;:&quot;fa-solid&quot;}}\" data-widget_type=\"nav-menu.default\">\n\t\t\t\t\t\t\t\t<nav class=\"elementor-nav-menu--dropdown elementor-nav-menu__container\" aria-hidden=\"true\">\n\t\t\t\t<ul id=\"menu-2-46329a2\" class=\"elementor-nav-menu\"><li class=\"menu-item menu-item-type-post_type menu-item-object-page menu-item-841\"><a href=\"https:\/\/sjalfsbjorg.is\/en\/starfsemin\/landsfundir\/\" class=\"elementor-item\" tabindex=\"-1\">National meetings<\/a><\/li>\n<li class=\"menu-item menu-item-type-post_type menu-item-object-page menu-item-836\"><a href=\"https:\/\/sjalfsbjorg.is\/en\/starfsemin\/alyktanir\/\" class=\"elementor-item\" tabindex=\"-1\">Conclusions<\/a><\/li>\n<li class=\"menu-item menu-item-type-post_type menu-item-object-page menu-item-12638\"><a href=\"https:\/\/sjalfsbjorg.is\/en\/starfsemin\/happdraetti\/\" class=\"elementor-item\" tabindex=\"-1\">Lottery<\/a><\/li>\n<li class=\"menu-item menu-item-type-post_type menu-item-object-page menu-item-12895\"><a href=\"https:\/\/sjalfsbjorg.is\/en\/starfsemin\/klifur-timarit\/\" class=\"elementor-item\" tabindex=\"-1\">Climbing magazine<\/a><\/li>\n<li class=\"menu-item menu-item-type-post_type menu-item-object-page menu-item-12520\"><a href=\"https:\/\/sjalfsbjorg.is\/en\/starfsemin\/personuverndarstefna-sjalfsbjargar\/\" class=\"elementor-item\" tabindex=\"-1\">Privacy Policy<\/a><\/li>\n<li class=\"menu-item menu-item-type-post_type menu-item-object-page menu-item-12521\"><a href=\"https:\/\/sjalfsbjorg.is\/en\/starfsemin\/sidareglur-sjalfsbjargar\/\" class=\"elementor-item\" tabindex=\"-1\">Code of Conduct<\/a><\/li>\n<li class=\"menu-item menu-item-type-post_type menu-item-object-page menu-item-12522\"><a href=\"https:\/\/sjalfsbjorg.is\/en\/starfsemin\/starfsreglur-stjornar\/\" class=\"elementor-item\" tabindex=\"-1\">Starfsreglur<\/a><\/li>\n<li class=\"menu-item menu-item-type-post_type menu-item-object-page menu-item-12523\"><a href=\"https:\/\/sjalfsbjorg.is\/en\/starfsemin\/salfraedithjonusta\/\" class=\"elementor-item\" tabindex=\"-1\">Psychological services<\/a><\/li>\n<li class=\"menu-item menu-item-type-post_type menu-item-object-page menu-item-12524\"><a href=\"https:\/\/sjalfsbjorg.is\/en\/starfsemin\/adgengis-uttektir\/\" class=\"elementor-item\" tabindex=\"-1\">A\u00f0gengis\u00fattektir<\/a><\/li>\n<li class=\"menu-item menu-item-type-post_type menu-item-object-page menu-item-12613\"><a href=\"https:\/\/sjalfsbjorg.is\/en\/starfsemin\/styrkir\/\" class=\"elementor-item\" tabindex=\"-1\">Styrkir<\/a><\/li>\n<\/ul>\t\t\t<\/nav>\n\t\t\t\t\t\t<\/div>\n\t\t\t\t<\/div>\n\t\t<div class=\"elementor-element elementor-element-f6c1fed e-con-full e-flex elementor-invisible e-con e-child\" data-id=\"f6c1fed\" data-element_type=\"container\" data-e-type=\"container\" data-settings=\"{&quot;animation&quot;:&quot;fadeIn&quot;}\">\n\t\t\t\t<div class=\"elementor-element elementor-element-001a91c elementor-widget elementor-widget-text-editor\" data-id=\"001a91c\" data-element_type=\"widget\" data-e-type=\"widget\" data-widget_type=\"text-editor.default\">\n\t\t\t\t\t\t\t\t\t<section><div class=\"container-fluid clamped\"><div class=\"row justify-content-center justify-content-md-start\"><div class=\"col-xl-7 col-md-9 offset-xl-1 col-14\"><div class=\"intro\"><section><div class=\"container-fluid clamped\"><div class=\"row justify-content-center justify-content-md-start\"><div class=\"col-xl-7 col-md-9 offset-xl-1 col-14\"><div class=\"intro\"><h3 data-block-key=\"b42dd\">Nokkrir punktar \u00far s\u00f6gu Sj\u00e1lfsbjargar<\/h3><p data-block-key=\"lhgfn\">Fyrsta Sj\u00e1lfsbjargarf\u00e9lagi\u00f0 var stofna\u00f0 \u00e1 Siglufir\u00f0i 9. j\u00fan\u00ed 1958. S\u00ed\u00f0ar \u00e1 sama \u00e1ri eru stofnu\u00f0 Sj\u00e1lfsbjargarf\u00e9l\u00f6g \u00ed Reykjav\u00edk, \u00e1 \u00cdsafir\u00f0i, Akureyri og \u00ed \u00c1rness\u00fdslu.<\/p><p data-block-key=\"ywscu\">Fimm Sj\u00e1lfsbjargarf\u00e9l\u00f6g stofnu\u00f0u s\u00ed\u00f0an me\u00f0 s\u00e9r landssamband 4. j\u00fan\u00ed 1959 \u00ed Reykjav\u00edk og kalla \u00fea\u00f0\u00a0<b>Sj\u00e1lfsbj\u00f6rg, landssamband fatla\u00f0ra<\/b>\u00a0(nafninu var breytt 2016 \u00ed Sj\u00e1lfsbj\u00f6rg landssamband hreyfihamla\u00f0ra). Fyrsti forma\u00f0ur \u00feess var Emil Andersen og gegndi hann formennsku \u00ed eitt \u00e1r.<\/p><p data-block-key=\"p362x\">S\u00ed\u00f0ar \u00e1 \u00e1rinu 1959 eru stofnu\u00f0 Sj\u00e1lfsbjargarf\u00e9l\u00f6g \u00e1 Bolungarv\u00edk og \u00ed Vestmannaeyjum. \u00c1ri\u00f0 1960 er stofna\u00f0 Sj\u00e1lfsbjargarf\u00e9lag \u00e1 H\u00fasav\u00edk, \u00e1ri\u00f0 1961 \u00e1 Su\u00f0urnesjum og \u00e1ri\u00f0 1962 \u00e1 Sau\u00f0\u00e1rkr\u00f3ki.<\/p><p data-block-key=\"14ik5\">Fyrsta\u00a0<b>lands\u00feing Sj\u00e1lfsbjargar<\/b>\u00a0var haldi\u00f0 \u00e1 Akureyri \u00e1ri\u00f0 1960 \u00ed \u00fe\u00e1 n\u00fdju eigin h\u00fasn\u00e6\u00f0i f\u00e9lagsins, Bjargi. Sam\u00feykkt var \u00a0\u00e1lyktun um a\u00f0 Erf\u00f0afj\u00e1rsj\u00f3\u00f0ur styrki framvegis byggingu vinnu- og f\u00e9lagsheimila \u00f6ryrkja me\u00f0 l\u00e1nafyrirgrei\u00f0slu. Bygging Sj\u00e1lfsbjargarh\u00fassins \u00ed H\u00e1t\u00fani 12 Reykjav\u00edk var s\u00ed\u00f0ar fj\u00e1rm\u00f6gnu\u00f0 a\u00f0 nokkru me\u00f0 framlagi \u00far Erf\u00f0afj\u00e1rsj\u00f3\u00f0i. Theod\u00f3r A. J\u00f3nsson var kj\u00f6rinn annar forma\u00f0ur forma\u00f0ur landssambandsins 1960 og gengdi formennsku \u00ed 28 \u00e1r.<\/p><p data-block-key=\"1gqp2\"><b>\u00d6ryrkjabandalag \u00cdslands<\/b>\u00a0(\u00d6B\u00cd) var stofna\u00f0 \u00e1ri\u00f0 1961 a\u00f0 frumkv\u00e6\u00f0i \u00d3lafar R\u00edkar\u00f0sd\u00f3ttur, ritara Sj\u00e1lfsbjargar lsf. Stofnf\u00e9l\u00f6g auk Sj\u00e1lfsbjargar landssambands fatla\u00f0ra voru Blindraf\u00e9lagi\u00f0, Blindravinaf\u00e9lag \u00cdslands, S\u00cdBS, Styrktarf\u00e9lag lama\u00f0ra og fatla\u00f0ra og Styrktarf\u00e9lag vangefinna. Alla t\u00ed\u00f0 s\u00ed\u00f0an hefur Sj\u00e1lfsbj\u00f6rg teki\u00f0 virkan \u00fe\u00e1tt \u00ed starfsemi \u00d6B\u00cd og \u00e1tt stj\u00f3rnarmenn \u00fear n\u00e6r alla t\u00ed\u00f0. Tveir formenn \u00d6B\u00cd hafa veri\u00f0 fulltr\u00faar Sj\u00e1lfsbjargar. S\u00e1 fyrri \u00d3l\u00f6f R\u00edkar\u00f0sd\u00f3ttir var fyrsti fulltr\u00fai Sj\u00e1lfsbjargar til a\u00f0 ver\u00f0a kj\u00f6rin forma\u00f0ur \u00d6B\u00cd (1994-1998) og \u00deur\u00ed\u00f0ur Harpa Sigur\u00f0ard\u00f3ttir var s\u00ed\u00f0an kj\u00f6rin forma\u00f0ur \u00d6B\u00cd \u00e1ri\u00f0 2017 (var \u00fe\u00e1 varaforma\u00f0ur Sj\u00e1lfsbjargar). \u00de\u00e1 m\u00e1 nefna a\u00f0 Gu\u00f0mundur Magn\u00fasson \u2013 virkur f\u00e9lagi \u00ed Sj\u00e1lfsbj\u00f6rg til margra \u00e1ra var kj\u00f6rinn forma\u00f0ur \u00d6B\u00cd 2009-2013,\u00a0 \u00fe\u00e1 sem fulltr\u00fai SEM samtakanna. \u00c1ri\u00f0 2022 fengu samt\u00f6kin svo n\u00fdtt merki auk \u00feess sem nafni \u00feeirra var breytt \u00ed\u00a0<b>\u00d6B\u00cd &#8211; r\u00e9ttindasamt\u00f6k<\/b>. \u00c1ri\u00f0 2023 var Alma \u00ddr Ing\u00f3lfsd\u00f3ttir kj\u00f6rin forma\u00f0ur, sem fulltr\u00fai Sj\u00e1lfsbjargar.<\/p><p data-block-key=\"jeeqc\">Sj\u00e1lfsbj\u00f6rg, landssamband fatla\u00f0ra gerist fullgildur a\u00f0ili a\u00f0 norr\u00e6nu samstarfi fatla\u00f0ra,\u00a0<b>Nordisk Handikap F\u00f6rbund<\/b>\u00a0(NHF) \u00e1ri\u00f0 1963 og veri\u00f0 virk \u00fear s\u00ed\u00f0an. \u00c1 \u00fev\u00ed \u00e1ri var 5. \u00e1rs\u00feing landssambandsins haldi\u00f0 og vi\u00f0 \u00fea\u00f0 t\u00e6kif\u00e6ri g\u00e1fu a\u00f0ildarf\u00e9l\u00f6gin landssambandinu \u00fatskorinn fundarhamar \u00far f\u00edlabeini eftir R\u00edkar\u00f0 J\u00f3nsson, myndh\u00f6ggvara. \u00c1 hann var skori\u00f0 merki samtakanna sem R\u00edkar\u00f0ur teikna\u00f0i og v\u00edsupartur sem voru hvatningaror\u00f0 listamannsins til Sj\u00e1lfsbjargarf\u00e9laga: ,,<b><i>Alltaf beita upp \u00ed vindinn, eygja, kl\u00edfa h\u00e6sta tindinn<\/i><\/b>\u201d.<\/p><p data-block-key=\"05fes\">Framkv\u00e6mdir hefjast vi\u00f0 byggingu\u00a0<b>Sj\u00e1lfsbjargarh\u00fassins<\/b>\u00a0\u00e1ri\u00f0 1966 eftir a\u00f0 Reykjav\u00edkurborg haf\u00f0i \u00fathluta\u00f0 samt\u00f6kunum l\u00f3\u00f0inni H\u00e1t\u00fan 12. Uppsteypu var loki\u00f0 vi\u00f0 fyrsta \u00e1fanga h\u00fassins \u00e1ri\u00f0 1968. \u00c1ri\u00f0 1973 fluttu fyrstu \u00edb\u00faarnir inn \u00ed h\u00fasi\u00f0. H\u00fasi\u00f0 bygg\u00f0ist s\u00ed\u00f0an frekar upp. Sundlauga\u00e1lman var tekin \u00ed notkun 1981 og byggt var n\u00fdtt tveggja h\u00e6\u00f0a h\u00fas austast \u00e1 l\u00f3\u00f0inni sem teki\u00f0 var \u00ed notkun 1988 og var Hj\u00e1lpart\u00e6kjabankinn \u00fear fyrst til h\u00fasa.<\/p><p data-block-key=\"wq0i6\"><b>Sj\u00e1lfsbjargarheimili\u00f0 (SBH)<\/b>\u00a0h\u00f3f starfsemi s\u00edna um lei\u00f0 og Sj\u00e1lfsbjargarh\u00fasi\u00f0 var tilb\u00fai\u00f0, e\u00f0a 1973. Starfsemi \u00feess hefur s\u00ed\u00f0an vaxi\u00f0 og dafna\u00f0 og teki\u00f0 nokkrum breytingum \u00ed gegnum \u00e1rin. Fyrst bar \u00fea\u00f0 nafni\u00f0 Vinnu- og dvalarheimili Sj\u00e1lfsbjargar, en 1995 var nafninu breytt \u00ed Sj\u00e1lfsbjargarheimili\u00f0. V\u00edsa\u00f0 er \u00e1 s\u00e9rstakan\u00a0<b>kafla<\/b>\u00a0er segir n\u00e1nar fr\u00e1 s\u00f6gu SBH.<\/p><p data-block-key=\"hzgsj\">Sj\u00e1lfsbjargarf\u00e9l\u00f6g voru stofnu\u00f0 \u00ed Stykkish\u00f3lmi og \u00e1 Akranesi \u00e1ri\u00f0 1970 og \u00e1ri\u00f0 1974 \u00ed Neskaupsta\u00f0.<\/p><p data-block-key=\"hitl5\"><b>\u00cd\u00fer\u00f3ttaf\u00e9lag fatla\u00f0ra \u00ed Reykjav\u00edk<\/b>\u00a0(\u00cdFR) var stofna\u00f0 a\u00f0 frumkv\u00e6\u00f0i Sj\u00e1lfsbjargar lsf. og \u00cdS\u00cd \u00e1ri\u00f0 1974 og \u00e1ri\u00f0 1992 t\u00f3k f\u00e9lagi\u00f0 \u00ed notkun n\u00fdtt \u00ed\u00fer\u00f3ttah\u00fas sem var byggt nyrst \u00e1 l\u00f3\u00f0inni H\u00e1t\u00fani 10-12. S\u00e1 l\u00f3\u00f0arskiki sem var \u00ed sameign \u00d6B\u00cd og Sj\u00e1lfsbjargar f\u00e9kk l\u00f3\u00f0an\u00famer H\u00e1t\u00fan 14. Sj\u00e1lfsbj\u00f6rg og \u00cdFR hafa \u00e1tt gott samstarf s\u00ed\u00f0an.<\/p><p data-block-key=\"z1j1e\"><b>Hj\u00e1lpart\u00e6kjabankinn<\/b>\u00a0var stofna\u00f0ur af Sj\u00e1lfsbj\u00f6rg lsf. og Rau\u00f0a krossi \u00cdslands \u00e1ri\u00f0 1975. Fyrirt\u00e6ki\u00f0 var fyrst til h\u00fasa a\u00f0 N\u00f3at\u00fani 21 \u00ed Reykjav\u00edk, en fluttist s\u00ed\u00f0ar \u00ed eigi\u00f0 h\u00fasn\u00e6\u00f0i a\u00f0 H\u00e1t\u00fani 12 (ne\u00f0ri h\u00e6\u00f0in \u00ed n\u00fdbygg\u00f0u h\u00fasi austast \u00e1 l\u00f3\u00f0inni). \u00c1ri\u00f0 1995 var Hj\u00e1lpart\u00e6kjabankinn seldur \u00d6ssuri hf. \u00feegar r\u00edki\u00f0 setti \u00e1 stofn hj\u00e1lpart\u00e6kja\u00fej\u00f3nustu sem hluta af sj\u00fakratryggingum.<\/p><p data-block-key=\"k5rzi\">Sj\u00e1lfsbj\u00f6rg st\u00f3\u00f0 fyrir ,,<b>jafnr\u00e9ttisg\u00f6ngu\u201d fatla\u00f0ra<\/b>\u00a0\u00e1ri\u00f0 1978 \u00ed tilefni \u00e1rs fatla\u00f0ra. Um 10 \u00fe\u00fasund manns t\u00f3ku \u00fe\u00e1tt \u00ed g\u00f6ngunni og bar\u00e1ttufundi til a\u00f0 leggja \u00e1herslu \u00e1 hagsmuna- og r\u00e9ttindam\u00e1l fatla\u00f0ra.<\/p><p data-block-key=\"ovlsp\">Sj\u00e1lfsbjargarf\u00e9lag stofna\u00f0 \u00ed Austur-H\u00fanavatnss\u00fdslu \u00e1ri\u00f0 1981, \u00e1ri\u00f0 1984 \u00e1 H\u00f6fn \u00ed Hornafir\u00f0i og sext\u00e1nda Sj\u00e1lfsbjargarf\u00e9lagi\u00f0 var stofna\u00f0 \u00e1 Vopnafir\u00f0i \u00e1ri\u00f0 1991.<\/p><p data-block-key=\"3swsv\">,,<b>Hollvinir<\/b>\u201d Sj\u00e1lfsbjargar lsf. ver\u00f0a til \u00e1ri\u00f0 1993 eftir s\u00e9rstakt s\u00f6fnunar\u00e1tak. Um er a\u00f0 r\u00e6\u00f0a fj\u00f6lda einstaklinga v\u00ed\u00f0a um land sem sam\u00feykkja a\u00f0 leggja fram fasta upph\u00e6\u00f0 til styrktar samt\u00f6kunum, einu sinni e\u00f0a oftar \u00e1 \u00e1ri og ver\u00f0a vi\u00f0 \u00fea\u00f0 s\u00e9rstakir stu\u00f0ningsf\u00e9lagar samtakanna. Til a\u00f0 fr\u00edska skr\u00e1na vi\u00f0 var s\u00ed\u00f0an fari\u00f0 \u00ed anna\u00f0 \u00e1tak til a\u00f0 fj\u00f6lga Hollvinum 2016 og b\u00e6ta utan um hald f\u00e9laganna og t\u00f3kst vel til.<\/p><p data-block-key=\"mm4rl\"><b>F\u00e9lag heilabl\u00f3\u00f0fallsska\u00f0a\u00f0ra<\/b>\u00a0(s\u00ed\u00f0ar\u00a0<b>Heilaheill<\/b>) gerist a\u00f0ili a\u00f0 Sj\u00e1lfsbj\u00f6rg lsf. 1996. F\u00e9l\u00f6gin innan landssambandsins voru \u00fe\u00e1 or\u00f0in 17. Heilaheill sag\u00f0i sig \u00far samt\u00f6kunum \u00e1ri\u00f0 2011 og ger\u00f0ist \u00ed framhaldi beinn a\u00f0ili a\u00f0 \u00d6B\u00cd.<\/p><p data-block-key=\"frx9r\">\u00a0<\/p><p data-block-key=\"dntjx\"><b>Formenn Sj\u00e1lfsbjargar landssambands hreyfihamla\u00f0ra (-fatla\u00f0ra):<\/b><\/p><p data-block-key=\"byhv1\">Emil Andersen 1959 \u2013 1960<br \/>Theod\u00f3r A. J\u00f3nsson\u00a0\u00a0\u00a0\u00a0\u00a0\u00a0\u00a0\u00a0\u00a0\u00a0\u00a0\u00a0\u00a0\u00a0\u00a0\u00a0\u00a0\u00a0\u00a0\u00a0\u00a0\u00a0\u00a0\u00a0\u00a0\u00a0 1960 \u2013 1988.<br \/>J\u00f3hann P\u00e9tur Sveinsson\u00a0\u00a0\u00a0\u00a0\u00a0\u00a0\u00a0\u00a0\u00a0\u00a0\u00a0\u00a0\u00a0\u00a0\u00a0\u00a0\u00a0 \u00a0 1988 \u2013 1994.<br \/>Gu\u00f0r\u00ed\u00f0ur \u00d3lafsd\u00f3ttir\u00a0\u00a0\u00a0\u00a0\u00a0\u00a0\u00a0\u00a0\u00a0\u00a0\u00a0\u00a0\u00a0\u00a0\u00a0\u00a0\u00a0\u00a0\u00a0\u00a0\u00a0\u00a0\u00a0\u00a0 1994 \u2013 1998.<br \/>Arn\u00f3r P\u00e9tursson\u00a0\u00a0\u00a0\u00a0\u00a0\u00a0\u00a0\u00a0\u00a0\u00a0\u00a0\u00a0\u00a0\u00a0\u00a0\u00a0\u00a0\u00a0\u00a0\u00a0\u00a0\u00a0\u00a0\u00a0\u00a0\u00a0\u00a0\u00a0\u00a0\u00a0\u00a0 1998 \u2013 2004.<br \/>Ragnar Gunnar \u00de\u00f3rhallsson\u00a0\u00a0\u00a0\u00a0\u00a0\u00a0\u00a0\u00a0\u00a0\u00a0\u00a0\u00a0 2004 \u2013 2010.<br \/>Gr\u00e9tar P\u00e9tur Geirsson\u00a0\u00a0\u00a0\u00a0\u00a0\u00a0\u00a0\u00a0\u00a0\u00a0\u00a0\u00a0\u00a0\u00a0\u00a0\u00a0\u00a0\u00a0\u00a0\u00a0\u00a0\u00a0 2010 \u2013 2016.<br \/>Bergur \u00deorri Benjam\u00ednsson\u00a0\u00a0\u00a0\u00a0\u00a0\u00a0\u00a0\u00a0\u00a0\u00a0\u00a0\u00a0\u00a0 2016 \u2013 2022<br \/>Margr\u00e9t Lilja A\u00f0alsteinsd\u00f3ttir 2022 &#8211; 2024<\/p><p data-block-key=\"avnv4\">\u00deur\u00ed\u00f0ur Harpa Sigur\u00f0ard\u00f3ttir 2024 &#8211;<\/p><\/div><div class=\"paragraph-block -text\"><p data-block-key=\"yd52b\">&#8230;<\/p><\/div><\/div><\/div><\/div><\/section><\/div><\/div><\/div><\/div><\/section>\t\t\t\t\t\t\t\t<\/div>\n\t\t\t\t<\/div>\n\t\t\t\t\t<\/div>\n\t\t\t\t<\/div>\n\t\t\t\t<\/div>","protected":false},"excerpt":{"rendered":"<p>Nokkrir punktar \u00far s\u00f6gu Sj\u00e1lfsbjargar Fyrsta Sj\u00e1lfsbjargarf\u00e9lagi\u00f0 var stofna\u00f0 \u00e1 Siglufir\u00f0i 9. j\u00fan\u00ed 1958. S\u00ed\u00f0ar \u00e1 sama \u00e1ri eru stofnu\u00f0 Sj\u00e1lfsbjargarf\u00e9l\u00f6g \u00ed Reykjav\u00edk, \u00e1 \u00cdsafir\u00f0i, Akureyri og \u00ed \u00c1rness\u00fdslu. Fimm Sj\u00e1lfsbjargarf\u00e9l\u00f6g stofnu\u00f0u s\u00ed\u00f0an me\u00f0 s\u00e9r landssamband 4. j\u00fan\u00ed 1959 \u00ed Reykjav\u00edk og kalla \u00fea\u00f0\u00a0Sj\u00e1lfsbj\u00f6rg, landssamband fatla\u00f0ra\u00a0(nafninu var breytt 2016 \u00ed Sj\u00e1lfsbj\u00f6rg landssamband hreyfihamla\u00f0ra). Fyrsti forma\u00f0ur [&hellip;]<\/p>\n","protected":false},"author":1,"featured_media":0,"parent":808,"menu_order":0,"comment_status":"closed","ping_status":"closed","template":"elementor_theme","meta":{"footnotes":""},"class_list":["post-809","page","type-page","status-publish","hentry"],"_links":{"self":[{"href":"https:\/\/sjalfsbjorg.is\/en\/wp-json\/wp\/v2\/pages\/809","targetHints":{"allow":["GET"]}}],"collection":[{"href":"https:\/\/sjalfsbjorg.is\/en\/wp-json\/wp\/v2\/pages"}],"about":[{"href":"https:\/\/sjalfsbjorg.is\/en\/wp-json\/wp\/v2\/types\/page"}],"author":[{"embeddable":true,"href":"https:\/\/sjalfsbjorg.is\/en\/wp-json\/wp\/v2\/users\/1"}],"replies":[{"embeddable":true,"href":"https:\/\/sjalfsbjorg.is\/en\/wp-json\/wp\/v2\/comments?post=809"}],"version-history":[{"count":13,"href":"https:\/\/sjalfsbjorg.is\/en\/wp-json\/wp\/v2\/pages\/809\/revisions"}],"predecessor-version":[{"id":10003,"href":"https:\/\/sjalfsbjorg.is\/en\/wp-json\/wp\/v2\/pages\/809\/revisions\/10003"}],"up":[{"embeddable":true,"href":"https:\/\/sjalfsbjorg.is\/en\/wp-json\/wp\/v2\/pages\/808"}],"wp:attachment":[{"href":"https:\/\/sjalfsbjorg.is\/en\/wp-json\/wp\/v2\/media?parent=809"}],"curies":[{"name":"wp","href":"https:\/\/api.w.org\/{rel}","templated":true}]}}